{"id":300,"date":"2025-08-02T15:52:54","date_gmt":"2025-08-02T14:52:54","guid":{"rendered":"https:\/\/stjames.si\/de\/?page_id=300"},"modified":"2025-08-09T15:33:12","modified_gmt":"2025-08-09T14:33:12","slug":"geschichte","status":"publish","type":"page","link":"https:\/\/stjames.si\/de\/geschichte\/","title":{"rendered":"Geschichte"},"content":{"rendered":"<div class=\"wpb-content-wrapper\"><p>[vc_row type=&#8220;2&#8243; margin_top=&#8220;-70px&#8220; padding_top=&#8220;30px&#8220; css=&#8220;.vc_custom_1751206441488{margin-bottom: -30px !important;}&#8220;][vc_column][vc_single_image image=&#8220;151&#8243; img_size=&#8220;full&#8220; alignment=&#8220;center&#8220; css=&#8220;&#8220; image_hovers=&#8220;false&#8220;][\/vc_column][\/vc_row][vc_row type=&#8220;2&#8243; margin_top=&#8220;-30px&#8220; padding_top=&#8220;40px&#8220; padding_bottom=&#8220;30px&#8220;][vc_column width=&#8220;1\/3&#8243;]<div tabindex=\"0\" class=\"ult-new-ib ult-ib-effect-style13 roundcorners ult-ib-resp  \" data-min-width=\"768\" data-max-width=\"900\" style=\"background:#000000;\" data-opacity=\"0.7\" data-hover-opacity=\"0.5\" ><img decoding=\"async\" class=\"ult-new-ib-img\" style=\"opacity:0.7;\" alt=\"null\" src=\"https:\/\/stjames.si\/wp-content\/uploads\/2025\/07\/history_jesuits.jpg\"   \/><div id=\"interactive-banner-wrap-6961\" class=\"ult-new-ib-desc\" style=\"\"><h1 class=\"ult-new-ib-title ult-responsive\"  data-ultimate-target='#interactive-banner-wrap-6961 .ult-new-ib-title'  data-responsive-json-new='{\"font-size\":\"desktop:28px;\",\"line-height\":\"desktop:28px;\"}'  style=\"font-weight:bold;\">Kurze Geschichte der Gesellschaft Jesu \u2013 der Jesuiten<\/h1><div class=\"ult-new-ib-content ult-responsive\"  data-ultimate-target='#interactive-banner-wrap-6961 .ult-new-ib-content'  data-responsive-json-new='{\"font-size\":\"desktop:20px;\",\"line-height\":\"desktop:23px;\"}'  style=\"font-weight:normal;color:#FFFFFF;\"><p>Im Januar 1597 kamen die ersten drei Jesuiten aus Graz nach Ljubljana...<\/p><\/div><\/div><a class=\"ult-new-ib-link\" href=\"https:\/\/stjames.si\/de\/geschichte\/kurze-geschichte-der-gesellschaft-jesu-der-jesuiten\/\" title=\"Kurze Geschichte der Gesellschaft Jesu \u2013 der Jesuiten\"  ><\/a><\/div>[\/vc_column][vc_column width=&#8220;1\/3&#8243;]<div tabindex=\"0\" class=\"ult-new-ib ult-ib-effect-style13 roundcorners ult-ib-resp  \" data-min-width=\"768\" data-max-width=\"900\" style=\"background:#000000;\" data-opacity=\"0.7\" data-hover-opacity=\"0.5\" ><img decoding=\"async\" class=\"ult-new-ib-img\" style=\"opacity:0.7;\" alt=\"null\" src=\"https:\/\/stjames.si\/wp-content\/uploads\/2025\/07\/history_church.jpg\"   \/><div id=\"interactive-banner-wrap-1021\" class=\"ult-new-ib-desc\" style=\"\"><h1 class=\"ult-new-ib-title ult-responsive\"  data-ultimate-target='#interactive-banner-wrap-1021 .ult-new-ib-title'  data-responsive-json-new='{\"font-size\":\"desktop:28px;\",\"line-height\":\"desktop:28px;\"}'  style=\"font-weight:bold;\">Geschichte der Kirche<\/h1><div class=\"ult-new-ib-content ult-responsive\"  data-ultimate-target='#interactive-banner-wrap-1021 .ult-new-ib-content'  data-responsive-json-new='{\"font-size\":\"desktop:20px;\",\"line-height\":\"desktop:23px;\"}'  style=\"font-weight:normal;color:#FFFFFF;\"><p>Fr\u00fchgotische Urspr\u00fcnge (15. Jahrhundert): Die heutige barocke Kirche steht an der Stelle einer gotischen Kirche, die Anfang des 15. Jahrhunderts von Augustiner-Chorherren erbaut wurde.<\/p><\/div><\/div><a class=\"ult-new-ib-link\" href=\"https:\/\/stjames.si\/de\/geschichte\/geschichte-der-kirche\/\" title=\"Geschichte der Kirche\"  ><\/a><\/div>[\/vc_column][vc_column width=&#8220;1\/3&#8243;]<div tabindex=\"0\" class=\"ult-new-ib ult-ib-effect-style13 roundcorners ult-ib-resp  \" data-min-width=\"768\" data-max-width=\"900\" style=\"background:#000000;\" data-opacity=\"0.7\" data-hover-opacity=\"0.5\" ><img decoding=\"async\" class=\"ult-new-ib-img\" style=\"opacity:0.7;\" alt=\"null\" src=\"https:\/\/stjames.si\/wp-content\/uploads\/2025\/07\/organ2.jpg\"   \/><div id=\"interactive-banner-wrap-4081\" class=\"ult-new-ib-desc\" style=\"\"><h1 class=\"ult-new-ib-title ult-responsive\"  data-ultimate-target='#interactive-banner-wrap-4081 .ult-new-ib-title'  data-responsive-json-new='{\"font-size\":\"desktop:28px;\",\"line-height\":\"desktop:28px;\"}'  style=\"font-weight:bold;\">Geschichte der Orgeln<\/h1><div class=\"ult-new-ib-content ult-responsive\"  data-ultimate-target='#interactive-banner-wrap-4081 .ult-new-ib-content'  data-responsive-json-new='{\"font-size\":\"desktop:20px;\",\"line-height\":\"desktop:23px;\"}'  style=\"font-weight:normal;color:#FFFFFF;\"><p>Die erste Erw\u00e4hnung von Orgeln in der Jakobskirche stammt aus dem Jahr 1600.<\/p><\/div><\/div><a class=\"ult-new-ib-link\" href=\"https:\/\/stjames.si\/de\/geschichte\/orgel\/\" title=\"Geschichte der Orgeln\"  ><\/a><\/div>[\/vc_column][\/vc_row][vc_row type=&#8220;2&#8243; padding_top=&#8220;30px&#8220; css=&#8220;.vc_custom_1752690832069{margin-bottom: -30px !important;}&#8220;][vc_column][vc_column_text css=&#8220;&#8220; el_class=&#8220;bodyfont&#8220;]<span style=\"font-size: 14pt;\">Die Jakobskirche ist eine der \u00e4ltesten und bedeutendsten Kirchen in Ljubljana. Die erste Kirche an diesem Ort wurde um 1513 von Augustinerm\u00f6nchen erbaut und nach der \u00dcbernahme durch die Jesuiten im Jahr 1597 ersetzt. Sie rissen die alte gotische Struktur ab und errichteten zwischen 1613 und 1615 eine neue barocke Kirche \u2013 eines der fr\u00fchesten barocken Bauwerke der Stadt.<\/span><\/p>\n<p><span style=\"font-size: 14pt;\">Das Innere spiegelt ein reiches barockes Design wider, mit Seitenkapellen, Alt\u00e4ren und Kunstwerken von renommierten K\u00fcnstlern der damaligen Zeit. Im Laufe der Jahrhunderte wurde die Kirche mehrfach restauriert, insbesondere nach Erdbeben, hat jedoch ihren historischen Charakter und ihre spirituelle Bedeutung bewahrt.<\/span><\/p>\n<p><span style=\"font-size: 14pt;\">Am Ende des Mestni trg gelegen, zeichnet sich die Jakobskirche durch ihre elegante Fassade, ihr gro\u00dfz\u00fcgiges Inneres und wertvolle Kunstwerke aus und ist ein wichtiger Ort f\u00fcr alle, die das religi\u00f6se und kulturelle Erbe Ljubljanas erkunden m\u00f6chten.<\/span>[\/vc_column_text][\/vc_column][\/vc_row][vc_row type=&#8220;2&#8243; margin_bottom=&#8220;-70px&#8220; padding_top=&#8220;30px&#8220; css=&#8220;.vc_custom_1753723787353{margin-bottom: -30px !important;}&#8220;][vc_column][vc_single_image image=&#8220;246&#8243; img_size=&#8220;full&#8220; alignment=&#8220;center&#8220; css=&#8220;&#8220; image_hovers=&#8220;false&#8220;][\/vc_column][\/vc_row]<\/p>\n<\/div>","protected":false},"excerpt":{"rendered":"<p>[vc_row type=&#8220;2&#8243; margin_top=&#8220;-70px&#8220; padding_top=&#8220;30px&#8220; css=&#8220;.vc_custom_1751206441488{margin-bottom: -30px !important;}&#8220;][vc_column][vc_single_image image=&#8220;151&#8243; img_size=&#8220;full&#8220; alignment=&#8220;center&#8220; css=&#8220;&#8220; image_hovers=&#8220;false&#8220;][\/vc_column][\/vc_row][vc_row type=&#8220;2&#8243; margin_top=&#8220;-30px&#8220; padding_top=&#8220;40px&#8220; padding_bottom=&#8220;30px&#8220;][vc_column width=&#8220;1\/3&#8243;][\/vc_column][vc_column width=&#8220;1\/3&#8243;][\/vc_column][vc_column width=&#8220;1\/3&#8243;][\/vc_column][\/vc_row][vc_row type=&#8220;2&#8243; padding_top=&#8220;30px&#8220; css=&#8220;.vc_custom_1752690832069{margin-bottom: -30px !important;}&#8220;][vc_column][vc_column_text css=&#8220;&#8220; el_class=&#8220;bodyfont&#8220;]Die Jakobskirche ist eine der&hellip;<\/p>\n","protected":false},"author":1,"featured_media":0,"parent":0,"menu_order":0,"comment_status":"closed","ping_status":"closed","template":"","meta":{"give_campaign_id":0,"footnotes":""},"class_list":["post-300","page","type-page","status-publish","hentry","description-off"],"yoast_head":"<!-- This site is optimized with the Yoast SEO plugin v27.4 - https:\/\/yoast.com\/product\/yoast-seo-wordpress\/ -->\n<title>Geschichte - Kirche St. Jakob, Ljubljana \u2013 Wo barocke Sch\u00f6nheit auf lebendigen Glauben trifft<\/title>\n<meta name=\"robots\" content=\"index, follow, max-snippet:-1, max-image-preview:large, max-video-preview:-1\" \/>\n<link rel=\"canonical\" href=\"https:\/\/stjames.si\/de\/geschichte\/\" \/>\n<meta property=\"og:locale\" content=\"de_DE\" \/>\n<meta property=\"og:type\" content=\"article\" \/>\n<meta property=\"og:title\" content=\"Geschichte - Kirche St. Jakob, Ljubljana \u2013 Wo barocke Sch\u00f6nheit auf lebendigen Glauben trifft\" \/>\n<meta property=\"og:description\" content=\"[vc_row type=&#8220;2&#8243; margin_top=&#8220;-70px&#8220; padding_top=&#8220;30px&#8220; css=&#8220;.vc_custom_1751206441488{margin-bottom: -30px !important;}&#8220;][vc_column][vc_single_image image=&#8220;151&#8243; img_size=&#8220;full&#8220; alignment=&#8220;center&#8220; css=&#8220;&#8220; image_hovers=&#8220;false&#8220;][\/vc_column][\/vc_row][vc_row type=&#8220;2&#8243; margin_top=&#8220;-30px&#8220; padding_top=&#8220;40px&#8220; padding_bottom=&#8220;30px&#8220;][vc_column width=&#8220;1\/3&#8243;][\/vc_column][vc_column width=&#8220;1\/3&#8243;][\/vc_column][vc_column width=&#8220;1\/3&#8243;][\/vc_column][\/vc_row][vc_row type=&#8220;2&#8243; padding_top=&#8220;30px&#8220; css=&#8220;.vc_custom_1752690832069{margin-bottom: -30px !important;}&#8220;][vc_column][vc_column_text css=&#8220;&#8220; el_class=&#8220;bodyfont&#8220;]Die Jakobskirche ist eine der&hellip;\" \/>\n<meta property=\"og:url\" content=\"https:\/\/stjames.si\/de\/geschichte\/\" \/>\n<meta property=\"og:site_name\" content=\"Kirche St. Jakob, Ljubljana \u2013 Wo barocke Sch\u00f6nheit auf lebendigen Glauben trifft\" \/>\n<meta property=\"article:modified_time\" content=\"2025-08-09T14:33:12+00:00\" \/>\n<meta name=\"twitter:card\" content=\"summary_large_image\" \/>\n<meta name=\"twitter:label1\" content=\"Gesch\u00e4tzte Lesezeit\" \/>\n\t<meta name=\"twitter:data1\" content=\"2\u00a0Minuten\" \/>\n<script type=\"application\/ld+json\" class=\"yoast-schema-graph\">{\"@context\":\"https:\\\/\\\/schema.org\",\"@graph\":[{\"@type\":\"WebPage\",\"@id\":\"https:\\\/\\\/stjames.si\\\/de\\\/geschichte\\\/\",\"url\":\"https:\\\/\\\/stjames.si\\\/de\\\/geschichte\\\/\",\"name\":\"Geschichte - Kirche St. Jakob, Ljubljana \u2013 Wo barocke Sch\u00f6nheit auf lebendigen Glauben trifft\",\"isPartOf\":{\"@id\":\"https:\\\/\\\/stjames.si\\\/de\\\/#website\"},\"datePublished\":\"2025-08-02T14:52:54+00:00\",\"dateModified\":\"2025-08-09T14:33:12+00:00\",\"breadcrumb\":{\"@id\":\"https:\\\/\\\/stjames.si\\\/de\\\/geschichte\\\/#breadcrumb\"},\"inLanguage\":\"de\",\"potentialAction\":[{\"@type\":\"ReadAction\",\"target\":[\"https:\\\/\\\/stjames.si\\\/de\\\/geschichte\\\/\"]}]},{\"@type\":\"BreadcrumbList\",\"@id\":\"https:\\\/\\\/stjames.si\\\/de\\\/geschichte\\\/#breadcrumb\",\"itemListElement\":[{\"@type\":\"ListItem\",\"position\":1,\"name\":\"Home\",\"item\":\"https:\\\/\\\/stjames.si\\\/de\\\/\"},{\"@type\":\"ListItem\",\"position\":2,\"name\":\"Geschichte\"}]},{\"@type\":\"WebSite\",\"@id\":\"https:\\\/\\\/stjames.si\\\/de\\\/#website\",\"url\":\"https:\\\/\\\/stjames.si\\\/de\\\/\",\"name\":\"Kirche St. Jakob, Ljubljana \u2013 Wo barocke Sch\u00f6nheit auf lebendigen Glauben trifft\",\"description\":\"\",\"potentialAction\":[{\"@type\":\"SearchAction\",\"target\":{\"@type\":\"EntryPoint\",\"urlTemplate\":\"https:\\\/\\\/stjames.si\\\/de\\\/?s={search_term_string}\"},\"query-input\":{\"@type\":\"PropertyValueSpecification\",\"valueRequired\":true,\"valueName\":\"search_term_string\"}}],\"inLanguage\":\"de\"}]}<\/script>\n<!-- \/ Yoast SEO plugin. -->","yoast_head_json":{"title":"Geschichte - Kirche St. Jakob, Ljubljana \u2013 Wo barocke Sch\u00f6nheit auf lebendigen Glauben trifft","robots":{"index":"index","follow":"follow","max-snippet":"max-snippet:-1","max-image-preview":"max-image-preview:large","max-video-preview":"max-video-preview:-1"},"canonical":"https:\/\/stjames.si\/de\/geschichte\/","og_locale":"de_DE","og_type":"article","og_title":"Geschichte - Kirche St. Jakob, Ljubljana \u2013 Wo barocke Sch\u00f6nheit auf lebendigen Glauben trifft","og_description":"[vc_row type=&#8220;2&#8243; margin_top=&#8220;-70px&#8220; padding_top=&#8220;30px&#8220; css=&#8220;.vc_custom_1751206441488{margin-bottom: -30px !important;}&#8220;][vc_column][vc_single_image image=&#8220;151&#8243; img_size=&#8220;full&#8220; alignment=&#8220;center&#8220; css=&#8220;&#8220; image_hovers=&#8220;false&#8220;][\/vc_column][\/vc_row][vc_row type=&#8220;2&#8243; margin_top=&#8220;-30px&#8220; padding_top=&#8220;40px&#8220; padding_bottom=&#8220;30px&#8220;][vc_column width=&#8220;1\/3&#8243;][\/vc_column][vc_column width=&#8220;1\/3&#8243;][\/vc_column][vc_column width=&#8220;1\/3&#8243;][\/vc_column][\/vc_row][vc_row type=&#8220;2&#8243; padding_top=&#8220;30px&#8220; css=&#8220;.vc_custom_1752690832069{margin-bottom: -30px !important;}&#8220;][vc_column][vc_column_text css=&#8220;&#8220; el_class=&#8220;bodyfont&#8220;]Die Jakobskirche ist eine der&hellip;","og_url":"https:\/\/stjames.si\/de\/geschichte\/","og_site_name":"Kirche St. Jakob, Ljubljana \u2013 Wo barocke Sch\u00f6nheit auf lebendigen Glauben trifft","article_modified_time":"2025-08-09T14:33:12+00:00","twitter_card":"summary_large_image","twitter_misc":{"Gesch\u00e4tzte Lesezeit":"2\u00a0Minuten"},"schema":{"@context":"https:\/\/schema.org","@graph":[{"@type":"WebPage","@id":"https:\/\/stjames.si\/de\/geschichte\/","url":"https:\/\/stjames.si\/de\/geschichte\/","name":"Geschichte - Kirche St. Jakob, Ljubljana \u2013 Wo barocke Sch\u00f6nheit auf lebendigen Glauben trifft","isPartOf":{"@id":"https:\/\/stjames.si\/de\/#website"},"datePublished":"2025-08-02T14:52:54+00:00","dateModified":"2025-08-09T14:33:12+00:00","breadcrumb":{"@id":"https:\/\/stjames.si\/de\/geschichte\/#breadcrumb"},"inLanguage":"de","potentialAction":[{"@type":"ReadAction","target":["https:\/\/stjames.si\/de\/geschichte\/"]}]},{"@type":"BreadcrumbList","@id":"https:\/\/stjames.si\/de\/geschichte\/#breadcrumb","itemListElement":[{"@type":"ListItem","position":1,"name":"Home","item":"https:\/\/stjames.si\/de\/"},{"@type":"ListItem","position":2,"name":"Geschichte"}]},{"@type":"WebSite","@id":"https:\/\/stjames.si\/de\/#website","url":"https:\/\/stjames.si\/de\/","name":"Kirche St. Jakob, Ljubljana \u2013 Wo barocke Sch\u00f6nheit auf lebendigen Glauben trifft","description":"","potentialAction":[{"@type":"SearchAction","target":{"@type":"EntryPoint","urlTemplate":"https:\/\/stjames.si\/de\/?s={search_term_string}"},"query-input":{"@type":"PropertyValueSpecification","valueRequired":true,"valueName":"search_term_string"}}],"inLanguage":"de"}]}},"campaignId":"","_links":{"self":[{"href":"https:\/\/stjames.si\/de\/wp-json\/wp\/v2\/pages\/300","targetHints":{"allow":["GET"]}}],"collection":[{"href":"https:\/\/stjames.si\/de\/wp-json\/wp\/v2\/pages"}],"about":[{"href":"https:\/\/stjames.si\/de\/wp-json\/wp\/v2\/types\/page"}],"author":[{"embeddable":true,"href":"https:\/\/stjames.si\/de\/wp-json\/wp\/v2\/users\/1"}],"replies":[{"embeddable":true,"href":"https:\/\/stjames.si\/de\/wp-json\/wp\/v2\/comments?post=300"}],"version-history":[{"count":5,"href":"https:\/\/stjames.si\/de\/wp-json\/wp\/v2\/pages\/300\/revisions"}],"predecessor-version":[{"id":515,"href":"https:\/\/stjames.si\/de\/wp-json\/wp\/v2\/pages\/300\/revisions\/515"}],"wp:attachment":[{"href":"https:\/\/stjames.si\/de\/wp-json\/wp\/v2\/media?parent=300"}],"curies":[{"name":"wp","href":"https:\/\/api.w.org\/{rel}","templated":true}]}}