{"id":308,"date":"2025-08-02T16:02:05","date_gmt":"2025-08-02T15:02:05","guid":{"rendered":"https:\/\/stjames.si\/de\/?page_id=308"},"modified":"2026-04-21T17:14:40","modified_gmt":"2026-04-21T16:14:40","slug":"orgel","status":"publish","type":"page","link":"https:\/\/stjames.si\/de\/geschichte\/orgel\/","title":{"rendered":"Orgel"},"content":{"rendered":"<div class=\"wpb-content-wrapper\"><p>[vc_row][vc_column][vc_column_text css=&#8220;&#8220;]<strong>Die Orgel der Jakobskirche in Laibach besitzt eine lange und reiche Geschichte. Die erste urkundliche Erw\u00e4hnung stammt aus dem Jahr 1600. Das heutige Instrument wurde 1883 von Franc Gor\u0161i\u010d entworfen und verf\u00fcgt \u00fcber 22 Register. Im Jahr 1960 wurde es von Franc Jenko erweitert, der ein drittes Manual hinzuf\u00fcgte und die Zahl der Register auf 42 erh\u00f6hte. Die letzte Restaurierung erfolgte 2013\u20132014 unter der Leitung von Brane Ko\u0161ir. Dabei wurde die historische Intonation beibehalten, die B\u00e4lge restauriert sowie die Metallpfeifen gereinigt und neu intoniert. Heute gilt diese Orgel als eines der bedeutendsten sakralen Instrumente Laibachs und spielt sowohl in der Liturgie als auch im Konzertleben der Kirche eine zentrale Rolle.<\/strong>[\/vc_column_text][\/vc_column][\/vc_row][vc_row margin_top=&#8220;-30px&#8220;][vc_column][vc_single_image image=&#8220;148&#8243; img_size=&#8220;full&#8220; alignment=&#8220;center&#8220; css=&#8220;&#8220;][\/vc_column][\/vc_row][vc_row][vc_column width=&#8220;1\/2&#8243;][vc_single_image image=&#8220;142&#8243; img_size=&#8220;full&#8220; css=&#8220;&#8220; image_hovers=&#8220;false&#8220;][\/vc_column][vc_column width=&#8220;1\/2&#8243;][vc_column_text css=&#8220;&#8220;]<strong>Die ersten Erw\u00e4hnungen der Orgel in der Jakobskirche<\/strong> reichen bis ins Jahr <strong>1600<\/strong> zur\u00fcck, als noch die alte Kirche existierte, die vermutlich <strong>1513<\/strong> von den Augustinerm\u00f6nchen erbaut worden war. Nach der Ankunft der Jesuiten im Jahr <strong>1597<\/strong> wurde diese Kirche abgerissen, und <strong>1615<\/strong> entstand ein neuer Kirchenbau. Bereits ein Jahr sp\u00e4ter stiftete <strong>Baron Markvard Erberg<\/strong>, Komtur des Deutschen Ordens, eine neue Orgel im Wert von <strong>200 Gulden<\/strong>. Ein Chronist jener Zeit schrieb, das Instrument sei \u201ewie aus Gold\u201c. Im Jahr <strong>1674<\/strong> wurde eine weitere Orgel gebaut, die um <strong>1700<\/strong> zerst\u00f6rt wurde. Seither erhielt die Kirche im Laufe der Zeit verschiedene neue Instrumente.<\/p>\n<p>Um <strong>1728<\/strong> wurde wahrscheinlich eine besondere Orgel des Meisters <strong>Elsej<\/strong> errichtet, die bis <strong>1831<\/strong> in Gebrauch blieb und dann von <strong>Josef Ferdinand Malitschky<\/strong> umgebaut wurde. <strong>1837<\/strong> wurde sie erneut vom bekannten Laibacher Orgelbauer <strong>Franc Gor\u0161i\u010d<\/strong> (1836\u20131898) ver\u00e4ndert, der sie <strong>1857<\/strong> zur Restaurierung in die renommierte Werkstatt <strong>Walcker<\/strong> in Ludwigsburg schickte. Der Umbau sollte drei Manuale, 45 Register und ein Pedal umfassen; die Arbeiten waren auf einen Monat angesetzt.<\/p>\n<p>Im Jahr <strong>1883<\/strong> erhielt die Kirche eine neue Orgel, vollst\u00e4ndig gefertigt von <strong>Franc Gor\u0161i\u010d<\/strong> \u2013 ein Meilenstein in der Entwicklung des slowenischen Orgelbaus. Er installierte <strong>22 klingende Register<\/strong> mit zwei Manualen und Pedal und integrierte einige \u00e4ltere Register aus dem 19. Jahrhundert. Zudem perfektionierte er das Balg-System, verbesserte die technische Spielbarkeit und gestaltete das Geh\u00e4use \u00e4sthetisch neu, wodurch er eine gelungene Verbindung von Tradition und Innovation schuf. Das Instrument wurde w\u00e4hrend der umfassenden k\u00fcnstlerischen Erneuerung der Kirche unter Pfarrer <strong>Janez Rozman<\/strong> installiert.<\/p>\n<p>Aufgrund von Verschlei\u00df und einer unzureichenden Anpassung an die Akustik des Kirchenraums bedurfte die Orgel einer Erneuerung. <strong>1960<\/strong> wurde sie von <strong>Franc Jenko<\/strong> grundlegend restauriert, auf <strong>42 Register<\/strong> (davon 36 klingend) erweitert, um ein drittes Manual erg\u00e4nzt und in das historische Geh\u00e4use eingebaut. Das Instrument erhielt eine pneumatische Traktur, erf\u00fcllte jedoch die Erwartungen an die Klangqualit\u00e4t nicht vollst\u00e4ndig.<\/p>\n<p>Die letzte umfassende Restaurierung erfolgte <strong>2013\u20132014<\/strong> unter der Leitung des Orgelbauers <strong>Brane Ko\u0161ir<\/strong>. Dabei legte man besonderen Wert auf die Erhaltung der historischen Intonation, die Restaurierung der B\u00e4lge sowie die Reinigung und Stimmung der Metallpfeifen.<\/p>\n<p>Heute gilt die von Gor\u0161i\u010d erbaute und \u00fcber die Jahrhunderte erweiterte und restaurierte Orgel als eines der bedeutendsten liturgischen Instrumente in Laibach. Sie bereichert das liturgische, k\u00fcnstlerische und musikalische Leben der Jakobskirche und ist ein wertvolles Zeugnis der slowenischen Orgelbaukunst.[\/vc_column_text][vc_raw_html css=&#8220;&#8220;]JTNDZGl2JTIwY2xhc3MlM0QlMjJhdWRpby1jb250cm9scyUyMiUzRSUwRCUwQSUyMCUyMCUyMCUyMCUyMCUyMCUyMCUyMCUyMCUyMCUyMCUyMCUyMCUyMCUyMCUyMCUzQ2J1dHRvbiUyMGNsYXNzJTNEJTIycmV3aW5kLWJ0biUyMiUyMG9uY2xpY2slM0QlMjJyZXdpbmRBdWRpbyUyOCUyN2F1ZGlvLWdiJTI3JTI5JTIyJTNFJTIwJTNDc3BhbiUyMGNsYXNzJTNEJTIyaWNvbiUyMiUzRSUyMCUzQ3N2ZyUyMHZpZXdCb3glM0QlMjIwJTIwMCUyMDI0JTIwMjQlMjIlM0UlMjAlM0Nwb2x5Z29uJTIwcG9pbnRzJTNEJTIyMTElMkMxMiUyMDIwJTJDNCUyMDIwJTJDMjAlMjIlM0UlM0MlMkZwb2x5Z29uJTNFJTIwJTNDcG9seWdvbiUyMHBvaW50cyUzRCUyMjQlMkMxMiUyMDEzJTJDNCUyMDEzJTJDMjAlMjIlM0UlM0MlMkZwb2x5Z29uJTNFJTIwJTNDJTJGc3ZnJTNFJTIwJTNDJTJGc3BhbiUzRSUwRCUwQSUyMCUyMCUyMCUyMCUyMCUyMCUyMCUyMCUyMCUyMCUyMCUyMCUyMCUyMCUyMCUyMCUzQyUyRmJ1dHRvbiUzRSUwRCUwQSUyMCUyMCUyMCUyMCUyMCUyMCUyMCUyMCUyMCUyMCUyMCUyMCUyMCUyMCUyMCUyMCUzQ2J1dHRvbiUyMGNsYXNzJTNEJTIycGxheS1idG4lMjIlMjBvbmNsaWNrJTNEJTIydG9nZ2xlQXVkaW8lMjglMjdhdWRpby1nYiUyNyUyQyUyN1BsYXklMjclMkMlMjdQYXVzZSUyNyUyQyUyMHRoaXMlMjklMjIlM0UlMEQlMEElMjAlMjAlMjAlMjAlMjAlMjAlMjAlMjAlMjAlMjAlMjAlMjAlMjAlMjAlMjAlMjAlMjAlMjAlMjAlMjAlM0NzcGFuJTIwY2xhc3MlM0QlMjJpY29uJTIwcGxheS1pY29uJTIyJTNFJTBEJTBBJTIwJTIwJTIwJTIwJTIwJTIwJTIwJTIwJTIwJTIwJTIwJTIwJTIwJTIwJTIwJTIwJTIwJTIwJTIwJTIwJTIwJTIwJTIwJTIwJTNDc3ZnJTIwdmlld0JveCUzRCUyMjAlMjAwJTIwMjQlMjAyNCUyMiUzRSUwRCUwQSUyMCUyMCUyMCUyMCUyMCUyMCUyMCUyMCUyMCUyMCUyMCUyMCUyMCUyMCUyMCUyMCUyMCUyMCUyMCUyMCUyMCUyMCUyMCUyMCUyMCUyMCUyMCUyMCUzQ3BvbHlnb24lMjBwb2ludHMlM0QlMjI1JTJDMyUyMDE5JTJDMTIlMjA1JTJDMjElMjIlM0UlM0MlMkZwb2x5Z29uJTNFJTBEJTBBJTIwJTIwJTIwJTIwJTIwJTIwJTIwJTIwJTIwJTIwJTIwJTIwJTIwJTIwJTIwJTIwJTIwJTIwJTIwJTIwJTIwJTIwJTIwJTIwJTNDJTJGc3ZnJTNFJTBEJTBBJTIwJTIwJTIwJTIwJTIwJTIwJTIwJTIwJTIwJTIwJTIwJTIwJTIwJTIwJTIwJTIwJTIwJTIwJTIwJTIwJTNDJTJGc3BhbiUzRSUwRCUwQSUyMCUyMCUyMCUyMCUyMCUyMCUyMCUyMCUyMCUyMCUyMCUyMCUyMCUyMCUyMCUyMCUyMCUyMCUyMCUyMCUzQ3NwYW4lMjBjbGFzcyUzRCUyMmxhYmVsJTIyJTNFU3RhcnQlM0MlMkZzcGFuJTNFJTBEJTBBJTIwJTIwJTIwJTIwJTIwJTIwJTIwJTIwJTIwJTIwJTIwJTIwJTIwJTIwJTIwJTIwJTNDJTJGYnV0dG9uJTNFJTBEJTBBJTIwJTIwJTIwJTIwJTIwJTIwJTIwJTIwJTIwJTIwJTIwJTIwJTNDJTJGZGl2JTNFJTBEJTBBJTIwJTIwJTIwJTIwJTIwJTIwJTIwJTIwJTIwJTIwJTIwJTIwJTNDYXVkaW8lMjBpZCUzRCUyMmF1ZGlvLWdiJTIyJTIwc3JjJTNEJTIyaHR0cHMlM0ElMkYlMkZzdGphbWVzLnNpJTJGd3AtY29udGVudCUyRnVwbG9hZHMlMkYyMDI2JTJGMDQlMkZvcmdhbnNfRU4ubXAzJTIyJTNFJTNDJTJGYXVkaW8lM0U=[\/vc_raw_html][\/vc_column][\/vc_row][vc_row type=&#8220;2&#8243; margin_top=&#8220;50px&#8220; margin_bottom=&#8220;-70px&#8220; padding_top=&#8220;60px&#8220; padding_bottom=&#8220;30px&#8220; css=&#8220;.vc_custom_1753614473478{margin-bottom: -70px !important;}&#8220;][vc_column]<style type=\"text\/css\" data-type=\"the7_shortcodes-inline-css\">.gallery-carousel-shortcode.gallery-carousel-shortcode-id-7d93b721413a6ce6ee0ae2262c6e4186.owl-carousel .owl-nav div {\n  width: 36px;\n  height: 36px;\n  border-radius: 500px;\n}\n.dt-arrow-border-on.gallery-carousel-shortcode.gallery-carousel-shortcode-id-7d93b721413a6ce6ee0ae2262c6e4186.owl-carousel .owl-nav div:not(:hover):before {\n  border-width: 0px;\n}\n.dt-arrow-hover-border-on.gallery-carousel-shortcode.gallery-carousel-shortcode-id-7d93b721413a6ce6ee0ae2262c6e4186.owl-carousel .owl-nav div:hover:after {\n  border-width: 0px;\n}\n.gallery-carousel-shortcode.gallery-carousel-shortcode-id-7d93b721413a6ce6ee0ae2262c6e4186.owl-carousel .owl-nav div.owl-prev {\n  top: 50%;\n  transform: translateY(calc(-50% + 0px));\n  left: -43px;\n}\n@media all and (-ms-high-contrast: none) {\n  .gallery-carousel-shortcode.gallery-carousel-shortcode-id-7d93b721413a6ce6ee0ae2262c6e4186.owl-carousel .owl-nav div.owl-prev {\n    transform: translateY(-50%);\n    margin-top: 0px;\n  }\n}\n.gallery-carousel-shortcode.gallery-carousel-shortcode-id-7d93b721413a6ce6ee0ae2262c6e4186.owl-carousel .owl-nav div.owl-prev i {\n  padding: 0px 0px 0px 0px;\n}\n.gallery-carousel-shortcode.gallery-carousel-shortcode-id-7d93b721413a6ce6ee0ae2262c6e4186.owl-carousel .owl-nav div.owl-next {\n  top: 50%;\n  transform: translateY(calc(-50% + 0px));\n  right: -43px;\n}\n@media all and (-ms-high-contrast: none) {\n  .gallery-carousel-shortcode.gallery-carousel-shortcode-id-7d93b721413a6ce6ee0ae2262c6e4186.owl-carousel .owl-nav div.owl-next {\n    transform: translateY(-50%);\n    margin-top: 0px;\n  }\n}\n.gallery-carousel-shortcode.gallery-carousel-shortcode-id-7d93b721413a6ce6ee0ae2262c6e4186.owl-carousel .owl-nav div.owl-next i {\n  padding: 0px 0px 0px 0px;\n}\n.gallery-carousel-shortcode.gallery-carousel-shortcode-id-7d93b721413a6ce6ee0ae2262c6e4186.owl-carousel .owl-nav i {\n  font-size: 18px;\n}\n.gallery-carousel-shortcode.gallery-carousel-shortcode-id-7d93b721413a6ce6ee0ae2262c6e4186.owl-carousel .owl-nav div:not(:hover) i,\n.gallery-carousel-shortcode.gallery-carousel-shortcode-id-7d93b721413a6ce6ee0ae2262c6e4186.owl-carousel .owl-nav div:not(:hover) i:before {\n  color: #ffffff;\n  background: none;\n}\n.gallery-carousel-shortcode.gallery-carousel-shortcode-id-7d93b721413a6ce6ee0ae2262c6e4186.owl-carousel .owl-nav div:hover i,\n.gallery-carousel-shortcode.gallery-carousel-shortcode-id-7d93b721413a6ce6ee0ae2262c6e4186.owl-carousel .owl-nav div:hover i:before {\n  color: rgba(255,255,255,0.75);\n  background: none;\n}\n.gallery-carousel-shortcode.gallery-carousel-shortcode-id-7d93b721413a6ce6ee0ae2262c6e4186 .owl-dots {\n  top: calc(100% + 20px);\n  left: 50%;\n  transform: translateX(calc(-50% + 0px));\n}\n@media all and (-ms-high-contrast: none) {\n  .gallery-carousel-shortcode.gallery-carousel-shortcode-id-7d93b721413a6ce6ee0ae2262c6e4186 .owl-dots {\n    transform: translateX(-50%);\n    margin-left: 0px;\n  }\n}\n.gallery-carousel-shortcode.gallery-carousel-shortcode-id-7d93b721413a6ce6ee0ae2262c6e4186 .owl-dot {\n  width: 10px;\n  height: 10px;\n  margin: 0 8px;\n}\n@media screen and (max-width: 778px) {\n  .gallery-carousel-shortcode.gallery-carousel-shortcode-id-7d93b721413a6ce6ee0ae2262c6e4186.hide-arrows .owl-nav a {\n    display: none;\n  }\n}\n@media screen and (max-width: 778px) {\n  .gallery-carousel-shortcode.gallery-carousel-shortcode-id-7d93b721413a6ce6ee0ae2262c6e4186.reposition-arrows .owl-nav div.owl-prev {\n    top: 50%;\n    transform: translateY(calc(-50% + 0px));\n    left: 10px;\n  }\n  .gallery-carousel-shortcode.gallery-carousel-shortcode-id-7d93b721413a6ce6ee0ae2262c6e4186.reposition-arrows .owl-nav div.owl-next {\n    top: 50%;\n    transform: translateY(calc(-50% + 0px));\n    right: 10px;\n  }\n}\n@media screen and (max-width: 778px) and all and (-ms-high-contrast: none) {\n  .gallery-carousel-shortcode.gallery-carousel-shortcode-id-7d93b721413a6ce6ee0ae2262c6e4186.reposition-arrows .owl-nav div.owl-prev {\n    transform: translateY(-50%);\n    margin-top: 0px;\n  }\n}\n@media screen and (max-width: 778px) and all and (-ms-high-contrast: none) {\n  .gallery-carousel-shortcode.gallery-carousel-shortcode-id-7d93b721413a6ce6ee0ae2262c6e4186.reposition-arrows .owl-nav div.owl-next {\n    transform: translateY(-50%);\n    margin-top: 0px;\n  }\n}\n.gallery-carousel-shortcode.gallery-carousel-shortcode-id-7d93b721413a6ce6ee0ae2262c6e4186 figure,\n.gallery-carousel-shortcode.gallery-carousel-shortcode-id-7d93b721413a6ce6ee0ae2262c6e4186 .rollover,\n.gallery-carousel-shortcode.gallery-carousel-shortcode-id-7d93b721413a6ce6ee0ae2262c6e4186 img,\n.gallery-carousel-shortcode.gallery-carousel-shortcode-id-7d93b721413a6ce6ee0ae2262c6e4186 .gallery-rollover {\n  border-radius: 0px;\n}\n.gallery-carousel-shortcode.gallery-carousel-shortcode-id-7d93b721413a6ce6ee0ae2262c6e4186.enable-bg-rollover .gallery-rollover {\n  background: -webkit-linear-gradient();\n  background: linear-gradient();\n}\n.gallery-carousel-shortcode.gallery-carousel-shortcode-id-7d93b721413a6ce6ee0ae2262c6e4186.enable-img-shadow .owl-stage-outer {\n  padding: 14px 0;\n}\n.gallery-carousel-shortcode.gallery-carousel-shortcode-id-7d93b721413a6ce6ee0ae2262c6e4186.enable-bg-rollover.hover-scale figure .rollover:after {\n  background: -webkit-linear-gradient();\n  background: linear-gradient();\n}\n.gallery-carousel-shortcode.gallery-carousel-shortcode-id-7d93b721413a6ce6ee0ae2262c6e4186.gallery-shortcode .gallery-zoom-ico {\n  width: 44px;\n  height: 44px;\n  line-height: 44px;\n  border-radius: 100px;\n  margin: -22px 0 0 -22px;\n  border-width: 0px;\n}\n.dt-icon-bg-on.gallery-carousel-shortcode.gallery-carousel-shortcode-id-7d93b721413a6ce6ee0ae2262c6e4186.gallery-shortcode .gallery-zoom-ico {\n  background: rgba(255,255,255,0.3);\n  box-shadow: none;\n}\n.gallery-carousel-shortcode.gallery-carousel-shortcode-id-7d93b721413a6ce6ee0ae2262c6e4186.gallery-shortcode .gallery-zoom-ico:before,\n.gallery-carousel-shortcode.gallery-carousel-shortcode-id-7d93b721413a6ce6ee0ae2262c6e4186.gallery-shortcode .gallery-zoom-ico span {\n  font-size: 32px;\n  line-height: 44px;\n  color: #ffffff;\n  background: none;\n}<\/style><div class=\"owl-carousel gallery-carousel-shortcode gallery-shortcode  dt-gallery-container dt-owl-carousel-call gallery-carousel-shortcode-id-7d93b721413a6ce6ee0ae2262c6e4186 quick-scale-img enable-bg-rollover meta-info-off dt-arrow-border-on dt-arrow-hover-border-on bullets-small-dot-stroke reposition-arrows dt-icon-bg-off arrows-bg-on disable-arrows-hover-bg arrows-hover-bg-on  vc_custom_1754747993366 hover-fade \" data-scroll-mode=\"1\" data-col-num=\"5\" data-wide-col-num=\"5\" data-laptop-col=\"5\" data-h-tablet-columns-num=\"4\" data-v-tablet-columns-num=\"3\" data-phone-columns-num=\"1\" data-col-gap=\"10\" data-stage-padding=\"0\" data-speed=\"600\" data-autoplay=\"false\" data-autoplay_speed=\"6000\" data-arrows=\"true\" data-bullet=\"false\" data-next-icon=\"icon-ar-017-r\" data-prev-icon=\"icon-ar-017-l\" data-img-shadow-size=\"12px\" data-img-shadow-spread=\"3px\"><div data-post-id=\"143\" data-date=\"2025-08-01T19:30:51+01:00\" data-name=\"orgle_1\"><figure class=\"post\"><a href=\"https:\/\/stjames.si\/de\/wp-content\/uploads\/sites\/12\/2025\/08\/orgle_1.jpg\" class=\"rollover dt-pswp-item layzr-bg\" data-large_image_width=\"2000\" data-large_image_height=\"1333\" data-dt-img-description=\"\" title=\"orgle_1\"><img fetchpriority=\"high\" decoding=\"async\" class=\"preload-me owl-lazy-load aspect\" src=\"data:image\/svg+xml,%3Csvg%20xmlns%3D&#39;http%3A%2F%2Fwww.w3.org%2F2000%2Fsvg&#39;%20viewBox%3D&#39;0%200%202000%201333&#39;%2F%3E\" data-src=\"https:\/\/stjames.si\/de\/wp-content\/uploads\/sites\/12\/2025\/08\/orgle_1.jpg\" data-srcset=\"https:\/\/stjames.si\/de\/wp-content\/uploads\/sites\/12\/2025\/08\/orgle_1.jpg 2000w\" loading=\"eager\" style=\"--ratio: 2000 \/ 1333\" sizes=\"(max-width: 2000px) 100vw, 2000px\" alt=\"\" width=\"2000\" height=\"1333\"  \/><span class=\"gallery-rollover\"><span class=\"gallery-zoom-ico icomoon-the7-font-the7-zoom-06\"><span><\/span><\/span><\/span><\/a><\/figure><\/div><div data-post-id=\"144\" data-date=\"2025-08-01T19:30:54+01:00\" data-name=\"orgle_2\"><figure class=\"post\"><a href=\"https:\/\/stjames.si\/de\/wp-content\/uploads\/sites\/12\/2025\/08\/orgle_2.jpg\" class=\"rollover dt-pswp-item layzr-bg\" data-large_image_width=\"2000\" data-large_image_height=\"1333\" data-dt-img-description=\"\" title=\"orgle_2\"><img decoding=\"async\" class=\"preload-me owl-lazy-load aspect\" src=\"data:image\/svg+xml,%3Csvg%20xmlns%3D&#39;http%3A%2F%2Fwww.w3.org%2F2000%2Fsvg&#39;%20viewBox%3D&#39;0%200%202000%201333&#39;%2F%3E\" data-src=\"https:\/\/stjames.si\/de\/wp-content\/uploads\/sites\/12\/2025\/08\/orgle_2.jpg\" data-srcset=\"https:\/\/stjames.si\/de\/wp-content\/uploads\/sites\/12\/2025\/08\/orgle_2.jpg 2000w\" loading=\"eager\" style=\"--ratio: 2000 \/ 1333\" sizes=\"(max-width: 2000px) 100vw, 2000px\" alt=\"\" width=\"2000\" height=\"1333\"  \/><span class=\"gallery-rollover\"><span class=\"gallery-zoom-ico icomoon-the7-font-the7-zoom-06\"><span><\/span><\/span><\/span><\/a><\/figure><\/div><div data-post-id=\"145\" data-date=\"2025-08-01T19:30:58+01:00\" data-name=\"orgle_3\"><figure class=\"post\"><a href=\"https:\/\/stjames.si\/de\/wp-content\/uploads\/sites\/12\/2025\/08\/orgle_3.jpg\" class=\"rollover dt-pswp-item layzr-bg\" data-large_image_width=\"2000\" data-large_image_height=\"1333\" data-dt-img-description=\"\" title=\"orgle_3\"><img decoding=\"async\" class=\"preload-me owl-lazy-load aspect\" src=\"data:image\/svg+xml,%3Csvg%20xmlns%3D&#39;http%3A%2F%2Fwww.w3.org%2F2000%2Fsvg&#39;%20viewBox%3D&#39;0%200%202000%201333&#39;%2F%3E\" data-src=\"https:\/\/stjames.si\/de\/wp-content\/uploads\/sites\/12\/2025\/08\/orgle_3.jpg\" data-srcset=\"https:\/\/stjames.si\/de\/wp-content\/uploads\/sites\/12\/2025\/08\/orgle_3.jpg 2000w\" loading=\"eager\" style=\"--ratio: 2000 \/ 1333\" sizes=\"(max-width: 2000px) 100vw, 2000px\" alt=\"\" width=\"2000\" height=\"1333\"  \/><span class=\"gallery-rollover\"><span class=\"gallery-zoom-ico icomoon-the7-font-the7-zoom-06\"><span><\/span><\/span><\/span><\/a><\/figure><\/div><div data-post-id=\"147\" data-date=\"2025-08-01T19:31:05+01:00\" data-name=\"orgle_5\"><figure class=\"post\"><a href=\"https:\/\/stjames.si\/de\/wp-content\/uploads\/sites\/12\/2025\/08\/orgle_5.jpg\" class=\"rollover dt-pswp-item layzr-bg\" data-large_image_width=\"2000\" data-large_image_height=\"1333\" data-dt-img-description=\"\" title=\"orgle_5\"><img decoding=\"async\" class=\"preload-me owl-lazy-load aspect\" src=\"data:image\/svg+xml,%3Csvg%20xmlns%3D&#39;http%3A%2F%2Fwww.w3.org%2F2000%2Fsvg&#39;%20viewBox%3D&#39;0%200%202000%201333&#39;%2F%3E\" data-src=\"https:\/\/stjames.si\/de\/wp-content\/uploads\/sites\/12\/2025\/08\/orgle_5.jpg\" data-srcset=\"https:\/\/stjames.si\/de\/wp-content\/uploads\/sites\/12\/2025\/08\/orgle_5.jpg 2000w\" loading=\"eager\" style=\"--ratio: 2000 \/ 1333\" sizes=\"(max-width: 2000px) 100vw, 2000px\" alt=\"\" width=\"2000\" height=\"1333\"  \/><span class=\"gallery-rollover\"><span class=\"gallery-zoom-ico icomoon-the7-font-the7-zoom-06\"><span><\/span><\/span><\/span><\/a><\/figure><\/div><div data-post-id=\"146\" data-date=\"2025-08-01T19:31:01+01:00\" data-name=\"orgle_4\"><figure class=\"post\"><a href=\"https:\/\/stjames.si\/de\/wp-content\/uploads\/sites\/12\/2025\/08\/orgle_4.jpg\" class=\"rollover dt-pswp-item layzr-bg\" data-large_image_width=\"2000\" data-large_image_height=\"1333\" data-dt-img-description=\"\" title=\"orgle_4\"><img decoding=\"async\" class=\"preload-me owl-lazy-load aspect\" src=\"data:image\/svg+xml,%3Csvg%20xmlns%3D&#39;http%3A%2F%2Fwww.w3.org%2F2000%2Fsvg&#39;%20viewBox%3D&#39;0%200%202000%201333&#39;%2F%3E\" data-src=\"https:\/\/stjames.si\/de\/wp-content\/uploads\/sites\/12\/2025\/08\/orgle_4.jpg\" data-srcset=\"https:\/\/stjames.si\/de\/wp-content\/uploads\/sites\/12\/2025\/08\/orgle_4.jpg 2000w\" loading=\"eager\" style=\"--ratio: 2000 \/ 1333\" sizes=\"(max-width: 2000px) 100vw, 2000px\" alt=\"\" width=\"2000\" height=\"1333\"  \/><span class=\"gallery-rollover\"><span class=\"gallery-zoom-ico icomoon-the7-font-the7-zoom-06\"><span><\/span><\/span><\/span><\/a><\/figure><\/div><\/div>[vc_single_image image=&#8220;246&#8243; img_size=&#8220;full&#8220; alignment=&#8220;center&#8220; css=&#8220;&#8220; image_hovers=&#8220;false&#8220;][\/vc_column][\/vc_row]<\/p>\n<\/div>","protected":false},"excerpt":{"rendered":"<p>[vc_row][vc_column][vc_column_text css=&#8220;&#8220;]Die Orgel der Jakobskirche in Laibach besitzt eine lange und reiche Geschichte. Die erste urkundliche Erw\u00e4hnung stammt aus dem Jahr 1600. Das heutige Instrument wurde 1883 von Franc Gor\u0161i\u010d&hellip;<\/p>\n","protected":false},"author":1,"featured_media":0,"parent":300,"menu_order":0,"comment_status":"closed","ping_status":"closed","template":"","meta":{"give_campaign_id":0,"footnotes":""},"class_list":["post-308","page","type-page","status-publish","hentry","description-off"],"yoast_head":"<!-- This site is optimized with the Yoast SEO plugin v27.5 - https:\/\/yoast.com\/product\/yoast-seo-wordpress\/ -->\n<title>Orgel - Kirche St. Jakob, Ljubljana \u2013 Wo barocke Sch\u00f6nheit auf lebendigen Glauben trifft<\/title>\n<meta name=\"robots\" content=\"index, follow, max-snippet:-1, max-image-preview:large, max-video-preview:-1\" \/>\n<link rel=\"canonical\" href=\"https:\/\/stjames.si\/de\/geschichte\/orgel\/\" \/>\n<meta property=\"og:locale\" content=\"de_DE\" \/>\n<meta property=\"og:type\" content=\"article\" \/>\n<meta property=\"og:title\" content=\"Orgel - Kirche St. Jakob, Ljubljana \u2013 Wo barocke Sch\u00f6nheit auf lebendigen Glauben trifft\" \/>\n<meta property=\"og:description\" content=\"[vc_row][vc_column][vc_column_text css=&#8220;&#8220;]Die Orgel der Jakobskirche in Laibach besitzt eine lange und reiche Geschichte. Die erste urkundliche Erw\u00e4hnung stammt aus dem Jahr 1600. Das heutige Instrument wurde 1883 von Franc Gor\u0161i\u010d&hellip;\" \/>\n<meta property=\"og:url\" content=\"https:\/\/stjames.si\/de\/geschichte\/orgel\/\" \/>\n<meta property=\"og:site_name\" content=\"Kirche St. Jakob, Ljubljana \u2013 Wo barocke Sch\u00f6nheit auf lebendigen Glauben trifft\" \/>\n<meta property=\"article:modified_time\" content=\"2026-04-21T16:14:40+00:00\" \/>\n<meta name=\"twitter:card\" content=\"summary_large_image\" \/>\n<meta name=\"twitter:label1\" content=\"Gesch\u00e4tzte Lesezeit\" \/>\n\t<meta name=\"twitter:data1\" content=\"5\u00a0Minuten\" \/>\n<script type=\"application\/ld+json\" class=\"yoast-schema-graph\">{\"@context\":\"https:\\\/\\\/schema.org\",\"@graph\":[{\"@type\":\"WebPage\",\"@id\":\"https:\\\/\\\/stjames.si\\\/de\\\/geschichte\\\/orgel\\\/\",\"url\":\"https:\\\/\\\/stjames.si\\\/de\\\/geschichte\\\/orgel\\\/\",\"name\":\"Orgel - Kirche St. Jakob, Ljubljana \u2013 Wo barocke Sch\u00f6nheit auf lebendigen Glauben trifft\",\"isPartOf\":{\"@id\":\"https:\\\/\\\/stjames.si\\\/de\\\/#website\"},\"datePublished\":\"2025-08-02T15:02:05+00:00\",\"dateModified\":\"2026-04-21T16:14:40+00:00\",\"breadcrumb\":{\"@id\":\"https:\\\/\\\/stjames.si\\\/de\\\/geschichte\\\/orgel\\\/#breadcrumb\"},\"inLanguage\":\"de\",\"potentialAction\":[{\"@type\":\"ReadAction\",\"target\":[\"https:\\\/\\\/stjames.si\\\/de\\\/geschichte\\\/orgel\\\/\"]}]},{\"@type\":\"BreadcrumbList\",\"@id\":\"https:\\\/\\\/stjames.si\\\/de\\\/geschichte\\\/orgel\\\/#breadcrumb\",\"itemListElement\":[{\"@type\":\"ListItem\",\"position\":1,\"name\":\"Home\",\"item\":\"https:\\\/\\\/stjames.si\\\/de\\\/\"},{\"@type\":\"ListItem\",\"position\":2,\"name\":\"Geschichte\",\"item\":\"https:\\\/\\\/stjames.si\\\/de\\\/geschichte\\\/\"},{\"@type\":\"ListItem\",\"position\":3,\"name\":\"Orgel\"}]},{\"@type\":\"WebSite\",\"@id\":\"https:\\\/\\\/stjames.si\\\/de\\\/#website\",\"url\":\"https:\\\/\\\/stjames.si\\\/de\\\/\",\"name\":\"Kirche St. Jakob, Ljubljana \u2013 Wo barocke Sch\u00f6nheit auf lebendigen Glauben trifft\",\"description\":\"\",\"potentialAction\":[{\"@type\":\"SearchAction\",\"target\":{\"@type\":\"EntryPoint\",\"urlTemplate\":\"https:\\\/\\\/stjames.si\\\/de\\\/?s={search_term_string}\"},\"query-input\":{\"@type\":\"PropertyValueSpecification\",\"valueRequired\":true,\"valueName\":\"search_term_string\"}}],\"inLanguage\":\"de\"}]}<\/script>\n<!-- \/ Yoast SEO plugin. -->","yoast_head_json":{"title":"Orgel - Kirche St. Jakob, Ljubljana \u2013 Wo barocke Sch\u00f6nheit auf lebendigen Glauben trifft","robots":{"index":"index","follow":"follow","max-snippet":"max-snippet:-1","max-image-preview":"max-image-preview:large","max-video-preview":"max-video-preview:-1"},"canonical":"https:\/\/stjames.si\/de\/geschichte\/orgel\/","og_locale":"de_DE","og_type":"article","og_title":"Orgel - Kirche St. Jakob, Ljubljana \u2013 Wo barocke Sch\u00f6nheit auf lebendigen Glauben trifft","og_description":"[vc_row][vc_column][vc_column_text css=&#8220;&#8220;]Die Orgel der Jakobskirche in Laibach besitzt eine lange und reiche Geschichte. Die erste urkundliche Erw\u00e4hnung stammt aus dem Jahr 1600. Das heutige Instrument wurde 1883 von Franc Gor\u0161i\u010d&hellip;","og_url":"https:\/\/stjames.si\/de\/geschichte\/orgel\/","og_site_name":"Kirche St. Jakob, Ljubljana \u2013 Wo barocke Sch\u00f6nheit auf lebendigen Glauben trifft","article_modified_time":"2026-04-21T16:14:40+00:00","twitter_card":"summary_large_image","twitter_misc":{"Gesch\u00e4tzte Lesezeit":"5\u00a0Minuten"},"schema":{"@context":"https:\/\/schema.org","@graph":[{"@type":"WebPage","@id":"https:\/\/stjames.si\/de\/geschichte\/orgel\/","url":"https:\/\/stjames.si\/de\/geschichte\/orgel\/","name":"Orgel - Kirche St. Jakob, Ljubljana \u2013 Wo barocke Sch\u00f6nheit auf lebendigen Glauben trifft","isPartOf":{"@id":"https:\/\/stjames.si\/de\/#website"},"datePublished":"2025-08-02T15:02:05+00:00","dateModified":"2026-04-21T16:14:40+00:00","breadcrumb":{"@id":"https:\/\/stjames.si\/de\/geschichte\/orgel\/#breadcrumb"},"inLanguage":"de","potentialAction":[{"@type":"ReadAction","target":["https:\/\/stjames.si\/de\/geschichte\/orgel\/"]}]},{"@type":"BreadcrumbList","@id":"https:\/\/stjames.si\/de\/geschichte\/orgel\/#breadcrumb","itemListElement":[{"@type":"ListItem","position":1,"name":"Home","item":"https:\/\/stjames.si\/de\/"},{"@type":"ListItem","position":2,"name":"Geschichte","item":"https:\/\/stjames.si\/de\/geschichte\/"},{"@type":"ListItem","position":3,"name":"Orgel"}]},{"@type":"WebSite","@id":"https:\/\/stjames.si\/de\/#website","url":"https:\/\/stjames.si\/de\/","name":"Kirche St. Jakob, Ljubljana \u2013 Wo barocke Sch\u00f6nheit auf lebendigen Glauben trifft","description":"","potentialAction":[{"@type":"SearchAction","target":{"@type":"EntryPoint","urlTemplate":"https:\/\/stjames.si\/de\/?s={search_term_string}"},"query-input":{"@type":"PropertyValueSpecification","valueRequired":true,"valueName":"search_term_string"}}],"inLanguage":"de"}]}},"campaignId":"","_links":{"self":[{"href":"https:\/\/stjames.si\/de\/wp-json\/wp\/v2\/pages\/308","targetHints":{"allow":["GET"]}}],"collection":[{"href":"https:\/\/stjames.si\/de\/wp-json\/wp\/v2\/pages"}],"about":[{"href":"https:\/\/stjames.si\/de\/wp-json\/wp\/v2\/types\/page"}],"author":[{"embeddable":true,"href":"https:\/\/stjames.si\/de\/wp-json\/wp\/v2\/users\/1"}],"replies":[{"embeddable":true,"href":"https:\/\/stjames.si\/de\/wp-json\/wp\/v2\/comments?post=308"}],"version-history":[{"count":6,"href":"https:\/\/stjames.si\/de\/wp-json\/wp\/v2\/pages\/308\/revisions"}],"predecessor-version":[{"id":603,"href":"https:\/\/stjames.si\/de\/wp-json\/wp\/v2\/pages\/308\/revisions\/603"}],"up":[{"embeddable":true,"href":"https:\/\/stjames.si\/de\/wp-json\/wp\/v2\/pages\/300"}],"wp:attachment":[{"href":"https:\/\/stjames.si\/de\/wp-json\/wp\/v2\/media?parent=308"}],"curies":[{"name":"wp","href":"https:\/\/api.w.org\/{rel}","templated":true}]}}