{"id":313,"date":"2025-08-02T16:06:22","date_gmt":"2025-08-02T15:06:22","guid":{"rendered":"https:\/\/stjames.si\/de\/?page_id=313"},"modified":"2025-08-15T15:22:18","modified_gmt":"2025-08-15T14:22:18","slug":"kurze-geschichte-der-gesellschaft-jesu-der-jesuiten","status":"publish","type":"page","link":"https:\/\/stjames.si\/de\/geschichte\/kurze-geschichte-der-gesellschaft-jesu-der-jesuiten\/","title":{"rendered":"Kurze Geschichte der Gesellschaft Jesu \u2013 der Jesuiten"},"content":{"rendered":"<div class=\"wpb-content-wrapper\"><p>[vc_row][vc_column]<div class=\"smile-icon-timeline-wrap csstime   \"  data-time_sep_bg_color=&quot;#663333&quot;   style=\"\"><div class=\"timeline-line \" style=\"border-right-color:#663333;\"><span><\/span><\/div><div class=\"timeline-wrapper\"><\/div>\n\t\t\t\t<div id=\"timeline-seperator-7826\" class=\"timeline-separator-text \" data-sep-col=\"\" data-sep-bg-col=\"\"><span class=\"sep-text ult-responsive\"  data-ultimate-target='#timeline-seperator-7826 .sep-text'  data-responsive-json-new='{\"font-size\":\"desktop:26px;\",\"line-height\":\"desktop:30px;\"}'  style=\"border-width:1px;border-radius:5px;\">Die Gesellschaft Jesu \u2013 die Jesuiten<\/span><\/div><div class=\"timeline-wrapper \"><div class=\"timeline-block \"><div class=\"timeline-dot\"><\/div><div class=\"ult-timeline-arrow\"><s><\/s><l><\/l><\/div><div class=\"timeline-icon-block\"><div class=\"ult-timeline-icon tl-icon-no-bg\" style=\"   \"><\/div> <!-- icon --><\/div><div class=\"timeline-header-block\" >\n\t\t\t\t\t\t\t<div id=\"timeline-item-3926\" class=\"timeline-header\" style=\"\"><h3 class=\"ult-timeline-title ult-responsive\"  data-ultimate-target='#timeline-item-3926 .ult-timeline-title'  data-responsive-json-new='{\"font-size\":\"desktop:26px;\",\"line-height\":\"desktop:30px;\"}'  style=\"\">1534<\/h3><div class=\"ult-responsive timeline-item-spt\"  data-ultimate-target='#timeline-item-3926 .timeline-item-spt'  data-responsive-json-new='{\"font-size\":\"desktop:20px;\",\"line-height\":\"desktop:24px;\"}'  style=\"\"><img loading=\"lazy\" decoding=\"async\" class=\"alignnone size-medium wp-image-380\" src=\"https:\/\/stjames.si\/wp-content\/uploads\/2025\/06\/ignacij-231x300.jpg\" alt=\"\" width=\"231\" height=\"300\" \/><\/p>\n<p>Der heilige Ignatius von Loyola (1491\u20131556) gr\u00fcndete die Gesellschaft Jesu (<em>Societas Jesu<\/em>, abgek\u00fcrzt: SJ).<\/p>\n<p>Die Gr\u00fcndung der Gesellschaft erfolgte in einer Zeit, in der die Kirche von den reformatorischen Bewegungen Luthers, Calvins und Zwinglis ersch\u00fcttert wurde.<\/p>\n<p>W\u00e4hrend der Gegenreformation gewannen die Jesuiten gro\u00dfen Einfluss an F\u00fcrstenh\u00f6fen und unter den Eliten. Sie zeichneten sich durch ihr Bildungssystem aus, wirkten intensiv in der geistlichen Begleitung durch Predigt, Exerzitien sowie die Gr\u00fcndung von Bruderschaften und Kongregationen. In der Kunst f\u00f6rderten sie den neuen barocken Stil und entwickelten eine lebendige Theaterkultur, die im 17. Jahrhundert den H\u00f6hepunkt des europ\u00e4ischen Theaters erreichte. Zugleich machten sie sich als Missionare auf anderen Kontinenten einen Namen.<\/div><\/div> <!-- header --><\/div><\/div><div class=\"timeline-block \"><div class=\"timeline-dot\"><\/div><div class=\"ult-timeline-arrow\"><s><\/s><l><\/l><\/div><div class=\"timeline-icon-block\"><div class=\"ult-timeline-icon tl-icon-no-bg\" style=\"   \"><\/div> <!-- icon --><\/div><div class=\"timeline-header-block\" >\n\t\t\t\t\t\t\t<div id=\"timeline-item-4851\" class=\"timeline-header\" style=\"\"><h3 class=\"ult-timeline-title ult-responsive\"  data-ultimate-target='#timeline-item-4851 .ult-timeline-title'  data-responsive-json-new='{\"font-size\":\"desktop:26px;\",\"line-height\":\"desktop:30px;\"}'  style=\"\">1540<\/h3><div class=\"ult-responsive timeline-item-spt\"  data-ultimate-target='#timeline-item-4851 .timeline-item-spt'  data-responsive-json-new='{\"font-size\":\"desktop:20px;\",\"line-height\":\"desktop:24px;\"}'  style=\"\">Papst Paul III. genehmigte offiziell die Gr\u00fcndung der Gesellschaft Jesu.<\/p>\n<p><strong>Pr\u00e4senz der Jesuiten in Mitteleuropa:<\/strong><\/p>\n<ul>\n<li><strong>1551<\/strong> \u2013 Gr\u00fcndung des ersten Jesuitenkollegs in \u00d6sterreich, in Wien.<\/li>\n<li><strong>1573<\/strong> \u2013 Gr\u00fcndung der Jesuitenresidenz in Graz.<\/li>\n<li><strong>1596<\/strong> \u2013 Vom Kolleg in Graz aus wurde das Jesuitenkolleg in Laibach (Ljubljana) gegr\u00fcndet.<\/li>\n<\/ul>\n<p>Weitere Schulen entstanden in:<br \/>\n<strong>Klagenfurt (1605), G\u00f6rz (1615), Triest (1619), Fiume\/Rijeka (1627)<\/strong> und <strong>Marburg an der Drau (Maribor, 1757).<\/strong><\/div><\/div> <!-- header --><\/div><\/div><\/div>\n\t\t\t\t<div id=\"timeline-seperator-4513\" class=\"timeline-separator-text \" data-sep-col=\"\" data-sep-bg-col=\"\"><span class=\"sep-text ult-responsive\"  data-ultimate-target='#timeline-seperator-4513 .sep-text'  data-responsive-json-new='{\"font-size\":\"desktop:26px;\",\"line-height\":\"desktop:30px;\"}'  style=\"border-width:1px;border-radius:5px;\">P\u00e4pstliche Dekrete und die R\u00fcckkehr der Jesuiten<\/span><\/div><div class=\"timeline-wrapper \"><div class=\"timeline-block \"><div class=\"timeline-dot\"><\/div><div class=\"ult-timeline-arrow\"><s><\/s><l><\/l><\/div><div class=\"timeline-icon-block\"><div class=\"ult-timeline-icon tl-icon-no-bg\" style=\"   \"><\/div> <!-- icon --><\/div><div class=\"timeline-header-block\" >\n\t\t\t\t\t\t\t<div id=\"timeline-item-6509\" class=\"timeline-header\" style=\"\"><h3 class=\"ult-timeline-title ult-responsive\"  data-ultimate-target='#timeline-item-6509 .ult-timeline-title'  data-responsive-json-new='{\"font-size\":\"desktop:26px;\",\"line-height\":\"desktop:30px;\"}'  style=\"\">21. Juli 1773<\/h3><div class=\"ult-responsive timeline-item-spt\"  data-ultimate-target='#timeline-item-6509 .timeline-item-spt'  data-responsive-json-new='{\"font-size\":\"desktop:20px;\",\"line-height\":\"desktop:24px;\"}'  style=\"\">Papst Clemens XIV. hob mit dem Breve <em>Dominus ac Redemptor Noster<\/em> die Gesellschaft Jesu auf. In den habsburgischen L\u00e4ndern wurde die Aufhebung von Kaiserin Maria Theresia verk\u00fcndet. Dennoch unterst\u00fctzte die Kaiserin weiterhin die jesuitischen Schulen und Seminare und ernannte ehemalige Jesuiten zu Lehrern.<\/p>\n<p>Einige Ordensmitglieder verlie\u00dfen das Land \u2013 darunter auch der Laibacher Jesuit Gabriel Gruber (1740\u20131805), einer der bedeutendsten Ingenieure, Architekten und Mathematiker seiner Zeit in Slowenien. In Ljubljana leitete er unter anderem die Trockenlegung des Laibacher Moors und den Bau des nach ihm benannten Gruber-Kanals (Gruberjev prekop).<\/div><\/div> <!-- header --><\/div><\/div><div class=\"timeline-block \"><div class=\"timeline-dot\"><\/div><div class=\"ult-timeline-arrow\"><s><\/s><l><\/l><\/div><div class=\"timeline-icon-block\"><div class=\"ult-timeline-icon tl-icon-no-bg\" style=\"   \"><\/div> <!-- icon --><\/div><div class=\"timeline-header-block\" >\n\t\t\t\t\t\t\t<div id=\"timeline-item-8118\" class=\"timeline-header\" style=\"\"><h3 class=\"ult-timeline-title ult-responsive\"  data-ultimate-target='#timeline-item-8118 .ult-timeline-title'  data-responsive-json-new='{\"font-size\":\"desktop:26px;\",\"line-height\":\"desktop:30px;\"}'  style=\"\">7. August 1814<\/h3><div class=\"ult-responsive timeline-item-spt\"  data-ultimate-target='#timeline-item-8118 .timeline-item-spt'  data-responsive-json-new='{\"font-size\":\"desktop:20px;\",\"line-height\":\"desktop:24px;\"}'  style=\"\">Papst Pius VII. stellte die Gesellschaft Jesu mit der Bulle <em>Sollicitudo omnium Ecclesiarum<\/em> wieder her.<\/p>\n<p>Zur Wiederherstellung trug auch <strong>Pater Gabriel Gruber<\/strong> bei, der nach der Aufhebung des Ordens nach Russland ging, wo die Jesuiten nicht verboten waren. Dort wurde er zeitweise sogar zum <strong>Generaloberen der Gesellschaft Jesu<\/strong> ernannt.<\/div><\/div> <!-- header --><\/div><\/div><div class=\"timeline-block \"><div class=\"timeline-dot\"><\/div><div class=\"ult-timeline-arrow\"><s><\/s><l><\/l><\/div><div class=\"timeline-icon-block\"><div class=\"ult-timeline-icon tl-icon-no-bg\" style=\"   \"><\/div> <!-- icon --><\/div><div class=\"timeline-header-block\" >\n\t\t\t\t\t\t\t<div id=\"timeline-item-8880\" class=\"timeline-header\" style=\"\"><h3 class=\"ult-timeline-title ult-responsive\"  data-ultimate-target='#timeline-item-8880 .ult-timeline-title'  data-responsive-json-new='{\"font-size\":\"desktop:26px;\",\"line-height\":\"desktop:30px;\"}'  style=\"\">1870<\/h3><div class=\"ult-responsive timeline-item-spt\"  data-ultimate-target='#timeline-item-8880 .timeline-item-spt'  data-responsive-json-new='{\"font-size\":\"desktop:20px;\",\"line-height\":\"desktop:24px;\"}'  style=\"\">Die Jesuiten kehrten als <strong>Leiter von Volksmissionen<\/strong> nach Slowenien zur\u00fcck.<\/p>\n<p>Da sie jedoch keine staatliche Genehmigung erhielten, mussten sie das Land drei Jahre sp\u00e4ter wieder verlassen.<\/p>\n<p>Ab <strong>1884<\/strong> begannen sie als <strong>Hilfsprediger<\/strong> im Dom zu predigen.<\/p>\n<p><strong>1896<\/strong> begannen sie mit dem Bau eines Hauses im heutigen <strong>Stadtteil Poljane<\/strong>, sp\u00e4ter folgten die Kirche <strong>St. Josef (1912\u20131921)<\/strong> und das <strong>Exerzitienhaus (1925)<\/strong>.<\/p>\n<p><strong>1932<\/strong> kehrten sie auch nach <strong>Marburg (Maribor)<\/strong> zur\u00fcck, wurden dort jedoch zu Beginn des Zweiten Weltkriegs von den <strong>deutschen Besatzern vertrieben<\/strong>.<\/p>\n<p><strong>1949<\/strong> wurden ihre Besitzt\u00fcmer in Ljubljana <strong>enteignet<\/strong>, viele Jesuiten <strong>inhaftiert oder in die halbverfallene Burg Bogen\u0161perk<\/strong> bei Litija verbannt.<\/div><\/div> <!-- header --><\/div><\/div><\/div>\n\t\t\t\t<div id=\"timeline-seperator-1565\" class=\"timeline-separator-text \" data-sep-col=\"\" data-sep-bg-col=\"\"><span class=\"sep-text ult-responsive\"  data-ultimate-target='#timeline-seperator-1565 .sep-text'  data-responsive-json-new='{\"font-size\":\"desktop:26px;\",\"line-height\":\"desktop:30px;\"}'  style=\"border-width:1px;border-radius:5px;\">Die Jesuiten lie\u00dfen sich zuerst in Ljubljana nieder<\/span><\/div><div class=\"timeline-wrapper \"><div class=\"timeline-block \"><div class=\"timeline-dot\"><\/div><div class=\"ult-timeline-arrow\"><s><\/s><l><\/l><\/div><div class=\"timeline-icon-block\"><div class=\"ult-timeline-icon tl-icon-no-bg\" style=\"   \"><\/div> <!-- icon --><\/div><div class=\"timeline-header-block\" >\n\t\t\t\t\t\t\t<div id=\"timeline-item-9935\" class=\"timeline-header\" style=\"\"><h3 class=\"ult-timeline-title ult-responsive\"  data-ultimate-target='#timeline-item-9935 .ult-timeline-title'  data-responsive-json-new='{\"font-size\":\"desktop:26px;\",\"line-height\":\"desktop:30px;\"}'  style=\"\">1596<\/h3><div class=\"ult-responsive timeline-item-spt\"  data-ultimate-target='#timeline-item-9935 .timeline-item-spt'  data-responsive-json-new='{\"font-size\":\"desktop:20px;\",\"line-height\":\"desktop:24px;\"}'  style=\"\">Erzherzog Ferdinand gr\u00fcndete das Jesuitenkolleg in Laibach. Es wurde als Erweiterung des Jesuitenkollegs in Graz errichtet.<\/div><\/div> <!-- header --><\/div><\/div><div class=\"timeline-block \"><div class=\"timeline-dot\"><\/div><div class=\"ult-timeline-arrow\"><s><\/s><l><\/l><\/div><div class=\"timeline-icon-block\"><div class=\"ult-timeline-icon tl-icon-no-bg\" style=\"   \"><\/div> <!-- icon --><\/div><div class=\"timeline-header-block\" >\n\t\t\t\t\t\t\t<div id=\"timeline-item-7631\" class=\"timeline-header\" style=\"\"><h3 class=\"ult-timeline-title ult-responsive\"  data-ultimate-target='#timeline-item-7631 .ult-timeline-title'  data-responsive-json-new='{\"font-size\":\"desktop:26px;\",\"line-height\":\"desktop:30px;\"}'  style=\"\">1597<\/h3><div class=\"ult-responsive timeline-item-spt\"  data-ultimate-target='#timeline-item-7631 .timeline-item-spt'  data-responsive-json-new='{\"font-size\":\"desktop:20px;\",\"line-height\":\"desktop:24px;\"}'  style=\"\">Im Januar kamen die ersten drei Jesuiten aus Graz nach Laibach. Es hei\u00dft, dass bereits der Laibacher Bischof Urban Textor (1543\u20131558) versucht hatte, den Orden einzuladen, doch erst durch die Bem\u00fchungen des Bischofs Janez Tav\u010dar (1580\u20131597), der in seiner Jugend am Jesuitenkolleg in Wien studiert hatte, kam es zur endg\u00fcltigen Ansiedlung.<\/p>\n<p>F\u00fcr den Bau des Kollegs erhielten die Jesuiten ein Grundst\u00fcck neben der Jakobskirche, wo zuvor ein Augustinerkloster (1494\u20131555) bestanden hatte und sp\u00e4ter ein Hof- bzw. kaiserliches Spital (1555\u20131597) untergebracht war. Die alte Jakobskirche wurde teilweise instand gesetzt, die Geb\u00e4ude des Spitals jedoch abgerissen. Da weiterer Raum ben\u00f6tigt wurde, musste der Abt des Zisterzienserklosters Kostanjevica na Krki den Jesuiten ein Klosterhaus neben der Kirche \u00fcberlassen, und Bischof Janez Tav\u010dar kaufte f\u00fcr sie zwei benachbarte H\u00e4user. Dar\u00fcber hinaus sollen sie bis zu drei\u00dfig weitere H\u00e4user \u2013 meist aus Holz und bereits verlassen \u2013 selbst erworben haben.<\/p>\n<p>Der Jesuitenkomplex wurde als einheitlicher Raum mit Kirche und Kolleg erbaut. Die Geb\u00e4ude des Kollegs wurden in quadratischer Form angelegt. In der Mitte des Innenhofs befand sich eine Mauer, die den monastischen Kreuzgang auf der Ostseite vom Schulhof auf der Westseite trennte.<\/div><\/div> <!-- header --><\/div><\/div><div class=\"timeline-block \"><div class=\"timeline-dot\"><\/div><div class=\"ult-timeline-arrow\"><s><\/s><l><\/l><\/div><div class=\"timeline-icon-block\"><div class=\"ult-timeline-icon tl-icon-no-bg\" style=\"   \"><\/div> <!-- icon --><\/div><div class=\"timeline-header-block\" >\n\t\t\t\t\t\t\t<div id=\"timeline-item-1821\" class=\"timeline-header\" style=\"\"><h3 class=\"ult-timeline-title ult-responsive\"  data-ultimate-target='#timeline-item-1821 .ult-timeline-title'  data-responsive-json-new='{\"font-size\":\"\",\"line-height\":\"\"}'  style=\"\">Heute<\/h3><div class=\"ult-responsive timeline-item-spt\"  data-ultimate-target='#timeline-item-1821 .timeline-item-spt'  data-responsive-json-new='{\"font-size\":\"\",\"line-height\":\"\"}'  style=\"\">Heutige Pr\u00e4senz der Jesuiten in Slowenien:<\/p>\n<ul>\n<li>In <strong>Ljubljana\u2013Dravlje<\/strong>, wo sich der <strong>Provinzsitz<\/strong> der Gesellschaft Jesu befindet;<\/li>\n<li>\u00a0in der <strong>Jakobskirche (sv. Jakob)<\/strong> am Gornji trg, der <strong>ersten Jesuitenresidenz des Landes<\/strong>;<\/li>\n<li>\u00a0in der <strong>Kirche St. Josef<\/strong> im Stadtteil Poljane, heute Sitz des <strong>Exerzitienzentrums<\/strong>;<\/li>\n<li>\u00a0in <strong>Maribor<\/strong>, in der <strong>Kirche der heiligen Magdalena<\/strong>.<\/li>\n<\/ul>\n<p>Die Jesuiten betreuen auch die Pfarren <strong data-start=\"116\" data-end=\"135\">Radlje ob Dravi<\/strong>, <strong data-start=\"137\" data-end=\"148\">Radenci<\/strong>, <strong data-start=\"150\" data-end=\"158\">Muta<\/strong>, <strong data-start=\"160\" data-end=\"171\">Pernice<\/strong> und <strong data-start=\"176\" data-end=\"199\">Sv. Jernej nad Muto<\/strong>. Slowenische Jesuiten sind auch in <strong data-start=\"235\" data-end=\"249\">Frankreich<\/strong> und <strong data-start=\"254\" data-end=\"265\">Italien<\/strong> t\u00e4tig und wirken als Missionare in <strong data-start=\"301\" data-end=\"311\">Sambia<\/strong> und <strong data-start=\"316\" data-end=\"326\">Malawi<\/strong>. Zwei von ihnen sind Mitglieder der <strong data-start=\"363\" data-end=\"406\">Russischen Region der Gesellschaft Jesu<\/strong>, die der <strong data-start=\"416\" data-end=\"452\">Nordpolnischen Provinz (RUS\u2013PMA)<\/strong> angeschlossen ist.<\/div><\/div> <!-- header --><\/div><\/div><\/div><\/div>[\/vc_column][\/vc_row]<\/p>\n<\/div>","protected":false},"excerpt":{"rendered":"<p>[vc_row][vc_column][\/vc_column][\/vc_row]<\/p>\n","protected":false},"author":1,"featured_media":0,"parent":300,"menu_order":0,"comment_status":"closed","ping_status":"closed","template":"","meta":{"give_campaign_id":0,"footnotes":""},"class_list":["post-313","page","type-page","status-publish","hentry","description-off"],"yoast_head":"<!-- This site is optimized with the Yoast SEO plugin v27.4 - https:\/\/yoast.com\/product\/yoast-seo-wordpress\/ -->\n<title>Kurze Geschichte der Gesellschaft Jesu \u2013 der Jesuiten - Kirche St. Jakob, Ljubljana \u2013 Wo barocke Sch\u00f6nheit auf lebendigen Glauben trifft<\/title>\n<meta name=\"robots\" content=\"index, follow, max-snippet:-1, max-image-preview:large, max-video-preview:-1\" \/>\n<link rel=\"canonical\" href=\"https:\/\/stjames.si\/de\/geschichte\/kurze-geschichte-der-gesellschaft-jesu-der-jesuiten\/\" \/>\n<meta property=\"og:locale\" content=\"de_DE\" \/>\n<meta property=\"og:type\" content=\"article\" \/>\n<meta property=\"og:title\" content=\"Kurze Geschichte der Gesellschaft Jesu \u2013 der Jesuiten - Kirche St. Jakob, Ljubljana \u2013 Wo barocke Sch\u00f6nheit auf lebendigen Glauben trifft\" \/>\n<meta property=\"og:description\" content=\"[vc_row][vc_column][\/vc_column][\/vc_row]\" \/>\n<meta property=\"og:url\" content=\"https:\/\/stjames.si\/de\/geschichte\/kurze-geschichte-der-gesellschaft-jesu-der-jesuiten\/\" \/>\n<meta property=\"og:site_name\" content=\"Kirche St. Jakob, Ljubljana \u2013 Wo barocke Sch\u00f6nheit auf lebendigen Glauben trifft\" \/>\n<meta property=\"article:modified_time\" content=\"2025-08-15T14:22:18+00:00\" \/>\n<meta name=\"twitter:card\" content=\"summary_large_image\" \/>\n<meta name=\"twitter:label1\" content=\"Gesch\u00e4tzte Lesezeit\" \/>\n\t<meta name=\"twitter:data1\" content=\"5\u00a0Minuten\" \/>\n<script type=\"application\/ld+json\" class=\"yoast-schema-graph\">{\"@context\":\"https:\\\/\\\/schema.org\",\"@graph\":[{\"@type\":\"WebPage\",\"@id\":\"https:\\\/\\\/stjames.si\\\/de\\\/geschichte\\\/kurze-geschichte-der-gesellschaft-jesu-der-jesuiten\\\/\",\"url\":\"https:\\\/\\\/stjames.si\\\/de\\\/geschichte\\\/kurze-geschichte-der-gesellschaft-jesu-der-jesuiten\\\/\",\"name\":\"Kurze Geschichte der Gesellschaft Jesu \u2013 der Jesuiten - Kirche St. Jakob, Ljubljana \u2013 Wo barocke Sch\u00f6nheit auf lebendigen Glauben trifft\",\"isPartOf\":{\"@id\":\"https:\\\/\\\/stjames.si\\\/de\\\/#website\"},\"primaryImageOfPage\":{\"@id\":\"https:\\\/\\\/stjames.si\\\/de\\\/geschichte\\\/kurze-geschichte-der-gesellschaft-jesu-der-jesuiten\\\/#primaryimage\"},\"image\":{\"@id\":\"https:\\\/\\\/stjames.si\\\/de\\\/geschichte\\\/kurze-geschichte-der-gesellschaft-jesu-der-jesuiten\\\/#primaryimage\"},\"thumbnailUrl\":\"https:\\\/\\\/stjames.si\\\/wp-content\\\/uploads\\\/2025\\\/06\\\/ignacij-231x300.jpg\",\"datePublished\":\"2025-08-02T15:06:22+00:00\",\"dateModified\":\"2025-08-15T14:22:18+00:00\",\"breadcrumb\":{\"@id\":\"https:\\\/\\\/stjames.si\\\/de\\\/geschichte\\\/kurze-geschichte-der-gesellschaft-jesu-der-jesuiten\\\/#breadcrumb\"},\"inLanguage\":\"de\",\"potentialAction\":[{\"@type\":\"ReadAction\",\"target\":[\"https:\\\/\\\/stjames.si\\\/de\\\/geschichte\\\/kurze-geschichte-der-gesellschaft-jesu-der-jesuiten\\\/\"]}]},{\"@type\":\"ImageObject\",\"inLanguage\":\"de\",\"@id\":\"https:\\\/\\\/stjames.si\\\/de\\\/geschichte\\\/kurze-geschichte-der-gesellschaft-jesu-der-jesuiten\\\/#primaryimage\",\"url\":\"https:\\\/\\\/stjames.si\\\/wp-content\\\/uploads\\\/2025\\\/06\\\/ignacij-231x300.jpg\",\"contentUrl\":\"https:\\\/\\\/stjames.si\\\/wp-content\\\/uploads\\\/2025\\\/06\\\/ignacij-231x300.jpg\"},{\"@type\":\"BreadcrumbList\",\"@id\":\"https:\\\/\\\/stjames.si\\\/de\\\/geschichte\\\/kurze-geschichte-der-gesellschaft-jesu-der-jesuiten\\\/#breadcrumb\",\"itemListElement\":[{\"@type\":\"ListItem\",\"position\":1,\"name\":\"Home\",\"item\":\"https:\\\/\\\/stjames.si\\\/de\\\/\"},{\"@type\":\"ListItem\",\"position\":2,\"name\":\"Geschichte\",\"item\":\"https:\\\/\\\/stjames.si\\\/de\\\/geschichte\\\/\"},{\"@type\":\"ListItem\",\"position\":3,\"name\":\"Kurze Geschichte der Gesellschaft Jesu \u2013 der Jesuiten\"}]},{\"@type\":\"WebSite\",\"@id\":\"https:\\\/\\\/stjames.si\\\/de\\\/#website\",\"url\":\"https:\\\/\\\/stjames.si\\\/de\\\/\",\"name\":\"Kirche St. Jakob, Ljubljana \u2013 Wo barocke Sch\u00f6nheit auf lebendigen Glauben trifft\",\"description\":\"\",\"potentialAction\":[{\"@type\":\"SearchAction\",\"target\":{\"@type\":\"EntryPoint\",\"urlTemplate\":\"https:\\\/\\\/stjames.si\\\/de\\\/?s={search_term_string}\"},\"query-input\":{\"@type\":\"PropertyValueSpecification\",\"valueRequired\":true,\"valueName\":\"search_term_string\"}}],\"inLanguage\":\"de\"}]}<\/script>\n<!-- \/ Yoast SEO plugin. -->","yoast_head_json":{"title":"Kurze Geschichte der Gesellschaft Jesu \u2013 der Jesuiten - Kirche St. Jakob, Ljubljana \u2013 Wo barocke Sch\u00f6nheit auf lebendigen Glauben trifft","robots":{"index":"index","follow":"follow","max-snippet":"max-snippet:-1","max-image-preview":"max-image-preview:large","max-video-preview":"max-video-preview:-1"},"canonical":"https:\/\/stjames.si\/de\/geschichte\/kurze-geschichte-der-gesellschaft-jesu-der-jesuiten\/","og_locale":"de_DE","og_type":"article","og_title":"Kurze Geschichte der Gesellschaft Jesu \u2013 der Jesuiten - Kirche St. Jakob, Ljubljana \u2013 Wo barocke Sch\u00f6nheit auf lebendigen Glauben trifft","og_description":"[vc_row][vc_column][\/vc_column][\/vc_row]","og_url":"https:\/\/stjames.si\/de\/geschichte\/kurze-geschichte-der-gesellschaft-jesu-der-jesuiten\/","og_site_name":"Kirche St. Jakob, Ljubljana \u2013 Wo barocke Sch\u00f6nheit auf lebendigen Glauben trifft","article_modified_time":"2025-08-15T14:22:18+00:00","twitter_card":"summary_large_image","twitter_misc":{"Gesch\u00e4tzte Lesezeit":"5\u00a0Minuten"},"schema":{"@context":"https:\/\/schema.org","@graph":[{"@type":"WebPage","@id":"https:\/\/stjames.si\/de\/geschichte\/kurze-geschichte-der-gesellschaft-jesu-der-jesuiten\/","url":"https:\/\/stjames.si\/de\/geschichte\/kurze-geschichte-der-gesellschaft-jesu-der-jesuiten\/","name":"Kurze Geschichte der Gesellschaft Jesu \u2013 der Jesuiten - Kirche St. Jakob, Ljubljana \u2013 Wo barocke Sch\u00f6nheit auf lebendigen Glauben trifft","isPartOf":{"@id":"https:\/\/stjames.si\/de\/#website"},"primaryImageOfPage":{"@id":"https:\/\/stjames.si\/de\/geschichte\/kurze-geschichte-der-gesellschaft-jesu-der-jesuiten\/#primaryimage"},"image":{"@id":"https:\/\/stjames.si\/de\/geschichte\/kurze-geschichte-der-gesellschaft-jesu-der-jesuiten\/#primaryimage"},"thumbnailUrl":"https:\/\/stjames.si\/wp-content\/uploads\/2025\/06\/ignacij-231x300.jpg","datePublished":"2025-08-02T15:06:22+00:00","dateModified":"2025-08-15T14:22:18+00:00","breadcrumb":{"@id":"https:\/\/stjames.si\/de\/geschichte\/kurze-geschichte-der-gesellschaft-jesu-der-jesuiten\/#breadcrumb"},"inLanguage":"de","potentialAction":[{"@type":"ReadAction","target":["https:\/\/stjames.si\/de\/geschichte\/kurze-geschichte-der-gesellschaft-jesu-der-jesuiten\/"]}]},{"@type":"ImageObject","inLanguage":"de","@id":"https:\/\/stjames.si\/de\/geschichte\/kurze-geschichte-der-gesellschaft-jesu-der-jesuiten\/#primaryimage","url":"https:\/\/stjames.si\/wp-content\/uploads\/2025\/06\/ignacij-231x300.jpg","contentUrl":"https:\/\/stjames.si\/wp-content\/uploads\/2025\/06\/ignacij-231x300.jpg"},{"@type":"BreadcrumbList","@id":"https:\/\/stjames.si\/de\/geschichte\/kurze-geschichte-der-gesellschaft-jesu-der-jesuiten\/#breadcrumb","itemListElement":[{"@type":"ListItem","position":1,"name":"Home","item":"https:\/\/stjames.si\/de\/"},{"@type":"ListItem","position":2,"name":"Geschichte","item":"https:\/\/stjames.si\/de\/geschichte\/"},{"@type":"ListItem","position":3,"name":"Kurze Geschichte der Gesellschaft Jesu \u2013 der Jesuiten"}]},{"@type":"WebSite","@id":"https:\/\/stjames.si\/de\/#website","url":"https:\/\/stjames.si\/de\/","name":"Kirche St. Jakob, Ljubljana \u2013 Wo barocke Sch\u00f6nheit auf lebendigen Glauben trifft","description":"","potentialAction":[{"@type":"SearchAction","target":{"@type":"EntryPoint","urlTemplate":"https:\/\/stjames.si\/de\/?s={search_term_string}"},"query-input":{"@type":"PropertyValueSpecification","valueRequired":true,"valueName":"search_term_string"}}],"inLanguage":"de"}]}},"campaignId":"","_links":{"self":[{"href":"https:\/\/stjames.si\/de\/wp-json\/wp\/v2\/pages\/313","targetHints":{"allow":["GET"]}}],"collection":[{"href":"https:\/\/stjames.si\/de\/wp-json\/wp\/v2\/pages"}],"about":[{"href":"https:\/\/stjames.si\/de\/wp-json\/wp\/v2\/types\/page"}],"author":[{"embeddable":true,"href":"https:\/\/stjames.si\/de\/wp-json\/wp\/v2\/users\/1"}],"replies":[{"embeddable":true,"href":"https:\/\/stjames.si\/de\/wp-json\/wp\/v2\/comments?post=313"}],"version-history":[{"count":8,"href":"https:\/\/stjames.si\/de\/wp-json\/wp\/v2\/pages\/313\/revisions"}],"predecessor-version":[{"id":579,"href":"https:\/\/stjames.si\/de\/wp-json\/wp\/v2\/pages\/313\/revisions\/579"}],"up":[{"embeddable":true,"href":"https:\/\/stjames.si\/de\/wp-json\/wp\/v2\/pages\/300"}],"wp:attachment":[{"href":"https:\/\/stjames.si\/de\/wp-json\/wp\/v2\/media?parent=313"}],"curies":[{"name":"wp","href":"https:\/\/api.w.org\/{rel}","templated":true}]}}