{"id":367,"date":"2025-08-02T18:21:58","date_gmt":"2025-08-02T17:21:58","guid":{"rendered":"https:\/\/stjames.si\/de\/?page_id=367"},"modified":"2026-04-21T20:22:51","modified_gmt":"2026-04-21T19:22:51","slug":"altar-des-heiligen-kreuzes","status":"publish","type":"page","link":"https:\/\/stjames.si\/de\/besuchen-sie-die-kirche\/die-altaere\/altar-des-heiligen-kreuzes\/","title":{"rendered":"Altar des Heiligen Kreuzes"},"content":{"rendered":"<div class=\"wpb-content-wrapper\"><p>[vc_row margin_top=&#8220;-30px&#8220;][vc_column][vc_single_image image=&#8220;148&#8243; img_size=&#8220;full&#8220; alignment=&#8220;center&#8220; css=&#8220;&#8220;][\/vc_column][\/vc_row][vc_row][vc_column width=&#8220;1\/2&#8243;][vc_single_image image=&#8220;89&#8243; img_size=&#8220;full&#8220; onclick=&#8220;link_image&#8220; css=&#8220;&#8220;][\/vc_column][vc_column width=&#8220;1\/2&#8243;][vc_column_text css=&#8220;&#8220;]<strong>Der Altar des Heiligen Kruzifixes, datiert auf das Jahr 1678, ist einer der \u00e4ltesten barocken Alt\u00e4re aus schwarzem Marmor in der Region Krain. In der zentralen Nische h\u00e4ngt ein Kruzifixus aus dem 19. Jahrhundert. Unter der Altarmensa befindet sich ein Relief aus Marmor, das den toten Christus mit Engeln darstellt \u2013 ein Werk des Bildhauers Matthias Hendrichx, geschaffen im Jahr 1701.<\/strong><\/p>\n<p><strong>Das Ensemble wird zus\u00e4tzlich bereichert durch drei barocke Engelsfiguren aus dem 18. Jahrhundert sowie ein Gem\u00e4lde der Schmerzensmutter (Mater Dolorosa), das 1860 vom K\u00fcnstler Josef Plank geschaffen wurde. Die Architektur des Altars zeigt einen klaren venezianischen Einfluss und strahlt eine zur\u00fcckhaltende, w\u00fcrdevolle barocke Sch\u00f6nheit aus.<\/strong>[\/vc_column_text]<div class=\"ult_exp_section_layer ult-adjust-bottom-margin altartextalignleft\" >\n\t\t<div id=\"uvc-exp-wrap-6555\" role=\"button\" tabindex=\"0\" aria-pressed=\"false\"  data-ultimate-target='#uvc-exp-wrap-6555'  data-responsive-json-new='{\"font-size\":\"desktop:20px;\",\"line-height\":\"desktop:20px;\"}'  class=\"ult_exp_section  ult-responsive \" style=\"color:#333333;background-color:#dbdbdb; font-weight:normal;  text-align:left;\" data-textcolor=\"#333333\"data-texthover=\"#333333\"data-icncolor=\"#333333\"data-ihover=\"#333333\"data-height=\"0\"data-cntbg=\"#dbdbdb\"data-cnthvrbg=\"#e5e5e5\"data-headerbg=\"#dbdbdb\"data-headerhover=\"#e5e5e5\"data-title=\"Mehr \u00fcber den Altar ...\"data-newtitle=\"Verbergen\"data-icon=\"icomoon-the7-font-the7-expand-05\"data-newicon=\"icomoon-the7-font-the7-expand-09\"data-activeicon=\"#333333\"data-effect=\"slideToggle\"data-override=\"0\"data-activetitle=\"#333333\"data-activebg=\"#dbdbdb\"data-img=\"\"data-newimg=\"\"><div class=\"ult_exp_section-main ult_expleft_icon\">\t<div class=\"ult-just-icon-wrapper ult_exp_icon\">\n\t\t\t\t\t<div class=\"align-icon \">\n\t\t\t\t\t\t\n<span class=\"aio-icon  none  ult_expsection_icon \"  style=\"color:#333333;font-size:16px;\">\n\t<i class=\"icomoon-the7-font-the7-expand-05 ult_ex_icon\"  ><\/i>\n<\/span>\n\t\t\t\t\t<\/div>\n\t\t\t\t<\/div>\n\t\t\t\t<div class=\"ult_expheader\" >Mehr \u00fcber den Altar ...\n\t\t\t\t<\/div>\n\t\t\t<\/div>\n\t\t<\/div><div class=\"ult_exp_content \" style=\"background-color:#dbdbdb;  \"><div class=\"ult_ecpsub_cont\" style=\" \" >[vc_column_text css=&#8220;&#8220;]<strong>Der Altar des Heiligen Kruzifixes<\/strong> geh\u00f6rt zu den <strong>\u00e4ltesten barocken Alt\u00e4ren aus schwarzem Marmor<\/strong> in der Region <strong>Krain<\/strong>. Er wurde <strong>im Jahr 1678<\/strong> im Auftrag der <strong>Bruderschaft von der Agonie Christi<\/strong> errichtet. Aus architektonischer und stilistischer Sicht folgt er dem <strong>italienischen Einfluss<\/strong>, insbesondere dem <strong>venezianischen Stil<\/strong>, der die sakrale Kunst in <strong>Laibach (Ljubljana)<\/strong> in der <strong>zweiten H\u00e4lfte des 17. Jahrhunderts<\/strong> ma\u00dfgeblich pr\u00e4gte. Das Design des Altars weist \u00c4hnlichkeiten mit den Werken der ber\u00fchmten Steinmetzwerkstatt von <strong>Mihael Ku\u0161a<\/strong> auf, die zu jener Zeit in Laibach t\u00e4tig war und eine bedeutende Rolle bei der Entwicklung des barocken Altars in der Region spielte.<\/p>\n<p>Der Altar ist aus <strong>schwarzem Stein<\/strong> gefertigt, und seine <strong>strenge, flache Form<\/strong> vermittelt <strong>Schlichtheit und Festigkeit<\/strong>. Die Struktur basiert auf <strong>zwei Paaren glatter S\u00e4ulen<\/strong>, die eine <strong>Nische mit trapezf\u00f6rmigem Abschluss<\/strong> rahmen. Dar\u00fcber erhebt sich ein <strong>segmentiertes Gesims (Attika)<\/strong>, das dem Aufbau eine <strong>vertikal gegliederte und reiche Silhouette<\/strong> verleiht. Trotz der dunklen Farbgebung des Materials wird der Altar durch <strong>farbige Steindetails<\/strong> belebt, die die <strong>Mensa<\/strong>, die <strong>Basen der S\u00e4ulen<\/strong> und das <strong>Innere der Nische<\/strong> schm\u00fccken. Die Architektur ist <strong>strikt<\/strong>, jedoch <strong>zur\u00fcckhaltend dekoriert<\/strong> \u2013 ein typisches Merkmal des <strong>fr\u00fchen Barock<\/strong>.<\/p>\n<p>Im Zentrum der Nische befindet sich ein <strong>Kruzifix<\/strong> \u2013 die heutige Darstellung des gekreuzigten Christus stammt aus dem <strong>19. Jahrhundert<\/strong> und ist <strong>nicht das Original<\/strong>. Ihre <strong>sp\u00e4tgotisch inspirierten Formen<\/strong> werfen jedoch Fragen bez\u00fcglich der genauen Datierung auf. Der obere Teil des Altars ist mit <strong>Engelsfiguren aus Holz aus dem 18. Jahrhundert<\/strong> geschm\u00fcckt: einer steht auf dem Gesims, w\u00e4hrend die anderen beiden <strong>knieend<\/strong> an den Seiten ein kleines <strong>Baldachin<\/strong> tragen. Diese Zusatzelemente mit ihrem <strong>weichen Modell<\/strong> und <strong>emotionalem Ausdruck<\/strong> f\u00fcgen sich harmonisch in das architektonische Gesamtbild ein.<\/p>\n<p>Unterhalb der Mensa befindet sich ein <strong>wertvolles Marmorrelief<\/strong>, das den <strong>toten Christus<\/strong>, umgeben von <strong>trauernden Engeln<\/strong>, zeigt. Dieses Werk wurde <strong>im Jahr 1701<\/strong> hinzugef\u00fcgt und wird dem Bildhauer <strong>Matthias Hendrichx<\/strong> zugeschrieben, der auch an weiteren Alt\u00e4ren in dieser Kirche beteiligt war. Sein Stil zeichnet sich durch <strong>feine Ausdruckskraft<\/strong> und <strong>realistische Darstellung<\/strong> der Figuren aus.<\/p>\n<p>Die <strong>Altarmensa<\/strong> wird au\u00dferdem durch ein <strong>Gem\u00e4lde der Schmerzensmutter (Mater Dolorosa)<\/strong> erg\u00e4nzt \u2013 ein Werk des <strong>Wiener Malers Josef Plank<\/strong>, geschaffen <strong>im Jahr 1860<\/strong>. Diese sp\u00e4tere Erg\u00e4nzung <strong>vertieft die spirituelle und emotionale Botschaft<\/strong> des Altars, der bis heute ein Ort der <strong>Betrachtung des Leidens Christi<\/strong>, der <strong>Mitgef\u00fchl<\/strong> und des <strong>Glaubens<\/strong> ist.[\/vc_column_text]<\/div><\/div>\n\n\t\t\t<\/div>[vc_raw_html css=&#8220;&#8220;]JTNDZGl2JTIwY2xhc3MlM0QlMjJhdWRpby1jb250cm9scyUyMiUzRSUwRCUwQSUyMCUyMCUyMCUyMCUyMCUyMCUyMCUyMCUyMCUyMCUyMCUyMCUyMCUyMCUyMCUyMCUzQ2J1dHRvbiUyMGNsYXNzJTNEJTIycmV3aW5kLWJ0biUyMiUyMG9uY2xpY2slM0QlMjJyZXdpbmRBdWRpbyUyOCUyN2F1ZGlvLWdiJTI3JTI5JTIyJTNFJTIwJTNDc3BhbiUyMGNsYXNzJTNEJTIyaWNvbiUyMiUzRSUyMCUzQ3N2ZyUyMHZpZXdCb3glM0QlMjIwJTIwMCUyMDI0JTIwMjQlMjIlM0UlMjAlM0Nwb2x5Z29uJTIwcG9pbnRzJTNEJTIyMTElMkMxMiUyMDIwJTJDNCUyMDIwJTJDMjAlMjIlM0UlM0MlMkZwb2x5Z29uJTNFJTIwJTNDcG9seWdvbiUyMHBvaW50cyUzRCUyMjQlMkMxMiUyMDEzJTJDNCUyMDEzJTJDMjAlMjIlM0UlM0MlMkZwb2x5Z29uJTNFJTIwJTNDJTJGc3ZnJTNFJTIwJTNDJTJGc3BhbiUzRSUwRCUwQSUyMCUyMCUyMCUyMCUyMCUyMCUyMCUyMCUyMCUyMCUyMCUyMCUyMCUyMCUyMCUyMCUzQyUyRmJ1dHRvbiUzRSUwRCUwQSUyMCUyMCUyMCUyMCUyMCUyMCUyMCUyMCUyMCUyMCUyMCUyMCUyMCUyMCUyMCUyMCUzQ2J1dHRvbiUyMGNsYXNzJTNEJTIycGxheS1idG4lMjIlMjBvbmNsaWNrJTNEJTIydG9nZ2xlQXVkaW8lMjglMjdhdWRpby1nYiUyNyUyQyUyN1BsYXklMjclMkMlMjdQYXVzZSUyNyUyQyUyMHRoaXMlMjklMjIlM0UlMEQlMEElMjAlMjAlMjAlMjAlMjAlMjAlMjAlMjAlMjAlMjAlMjAlMjAlMjAlMjAlMjAlMjAlMjAlMjAlMjAlMjAlM0NzcGFuJTIwY2xhc3MlM0QlMjJpY29uJTIwcGxheS1pY29uJTIyJTNFJTBEJTBBJTIwJTIwJTIwJTIwJTIwJTIwJTIwJTIwJTIwJTIwJTIwJTIwJTIwJTIwJTIwJTIwJTIwJTIwJTIwJTIwJTIwJTIwJTIwJTIwJTNDc3ZnJTIwdmlld0JveCUzRCUyMjAlMjAwJTIwMjQlMjAyNCUyMiUzRSUwRCUwQSUyMCUyMCUyMCUyMCUyMCUyMCUyMCUyMCUyMCUyMCUyMCUyMCUyMCUyMCUyMCUyMCUyMCUyMCUyMCUyMCUyMCUyMCUyMCUyMCUyMCUyMCUyMCUyMCUzQ3BvbHlnb24lMjBwb2ludHMlM0QlMjI1JTJDMyUyMDE5JTJDMTIlMjA1JTJDMjElMjIlM0UlM0MlMkZwb2x5Z29uJTNFJTBEJTBBJTIwJTIwJTIwJTIwJTIwJTIwJTIwJTIwJTIwJTIwJTIwJTIwJTIwJTIwJTIwJTIwJTIwJTIwJTIwJTIwJTIwJTIwJTIwJTIwJTNDJTJGc3ZnJTNFJTBEJTBBJTIwJTIwJTIwJTIwJTIwJTIwJTIwJTIwJTIwJTIwJTIwJTIwJTIwJTIwJTIwJTIwJTIwJTIwJTIwJTIwJTNDJTJGc3BhbiUzRSUwRCUwQSUyMCUyMCUyMCUyMCUyMCUyMCUyMCUyMCUyMCUyMCUyMCUyMCUyMCUyMCUyMCUyMCUyMCUyMCUyMCUyMCUzQ3NwYW4lMjBjbGFzcyUzRCUyMmxhYmVsJTIyJTNFU3RhcnQlM0MlMkZzcGFuJTNFJTBEJTBBJTIwJTIwJTIwJTIwJTIwJTIwJTIwJTIwJTIwJTIwJTIwJTIwJTIwJTIwJTIwJTIwJTNDJTJGYnV0dG9uJTNFJTBEJTBBJTIwJTIwJTIwJTIwJTIwJTIwJTIwJTIwJTIwJTIwJTIwJTIwJTNDJTJGZGl2JTNFJTBEJTBBJTIwJTIwJTIwJTIwJTIwJTIwJTIwJTIwJTIwJTIwJTIwJTIwJTNDYXVkaW8lMjBpZCUzRCUyMmF1ZGlvLWdiJTIyJTIwc3JjJTNEJTIyaHR0cHMlM0ElMkYlMkZzdGphbWVzLnNpJTJGd3AtY29udGVudCUyRnVwbG9hZHMlMkYyMDI2JTJGMDQlMkZBbHRhck9mVGhlSG9seUNyb3NzX0RFLm1wMyUyMiUzRSUzQyUyRmF1ZGlvJTNF[\/vc_raw_html][vc_column_text css=&#8220;&#8220;]<\/p>\n<h3><strong>Weitere Alt\u00e4re:<\/strong><\/h3>\n<ul>\n<li style=\"list-style-type: none;\">\n<ul>\n<li><a href=\"https:\/\/stjames.si\/de\/besuchen-sie-die-kirche\/die-altaere\/hochaltar-des-hl-jakobus\/\"><span style=\"font-size: 14pt;\">Der Hochaltar von St. Jakob<\/span><\/a><\/li>\n<li><a href=\"https:\/\/stjames.si\/de\/besuchen-sie-die-kirche\/die-altaere\/altar-des-heiligen-franz-xaver\/\"><span style=\"font-size: 14pt;\">Der Altar des Heiligen Franz Xaver<\/span><\/a><\/li>\n<li><a href=\"https:\/\/stjames.si\/de\/besuchen-sie-die-kirche\/die-altaere\/altar-der-aufnahme-der-jungfrau-maria-in-den-himmel\/\"><span style=\"font-size: 14pt;\">Der Altar der Aufnahme der Jungfrau Maria in den Himmel<\/span><\/a><\/li>\n<li><a href=\"https:\/\/stjames.si\/de\/besuchen-sie-die-kirche\/die-altaere\/altar-des-heiligen-ignatius-von-loyola\/\"><span style=\"font-size: 14pt;\">Der Altar des Heiligen Ignatius von Loyola<\/span><\/a><\/li>\n<li><a href=\"https:\/\/stjames.si\/de\/besuchen-sie-die-kirche\/die-altaere\/altar-der-heiligen-anna\/\"><span style=\"font-size: 14pt;\">Der Altar der Heiligen Anna<\/span><\/a><\/li>\n<li><a href=\"https:\/\/stjames.si\/de\/besuchen-sie-die-kirche\/die-altaere\/altar-des-heiligen-johannes-von-nepomuk\/\"><span style=\"font-size: 14pt;\">Der Altar des Heiligen Johannes Nepomuk<\/span><\/a><\/li>\n<li><a href=\"https:\/\/stjames.si\/de\/besuchen-sie-die-kirche\/die-altaere\/altar-der-schutzengel\/\"><span style=\"font-size: 14pt;\">Der Altar der Schutzengel<\/span><\/a><\/li>\n<li><a href=\"https:\/\/stjames.si\/de\/besuchen-sie-die-kirche\/die-altaere\/altar-des-heiligen-josef\/\"><span style=\"font-size: 14pt;\">Der Altar des Heiligen Josef<\/span><\/a><\/li>\n<li><a href=\"https:\/\/stjames.si\/de\/besuchen-sie-die-kirche\/die-altaere\/altar-der-schmerzhaften-muttergottes\/\"><span style=\"font-size: 14pt;\">Der Altar Unserer Lieben Frau der Schmerzen<\/span><\/a><\/li>\n<\/ul>\n<\/li>\n<\/ul>\n<p>&nbsp;<\/p>\n<p>[\/vc_column_text][\/vc_column][\/vc_row][vc_row type=&#8220;2&#8243; margin_top=&#8220;50px&#8220; margin_bottom=&#8220;-70px&#8220; padding_top=&#8220;60px&#8220; padding_bottom=&#8220;30px&#8220; css=&#8220;.vc_custom_1753614473478{margin-bottom: -70px !important;}&#8220;][vc_column][vc_single_image image=&#8220;246&#8243; img_size=&#8220;full&#8220; alignment=&#8220;center&#8220; css=&#8220;&#8220; image_hovers=&#8220;false&#8220;][\/vc_column][\/vc_row]<\/p>\n<\/div>","protected":false},"excerpt":{"rendered":"<p>[vc_row margin_top=&#8220;-30px&#8220;][vc_column][vc_single_image image=&#8220;148&#8243; img_size=&#8220;full&#8220; alignment=&#8220;center&#8220; css=&#8220;&#8220;][\/vc_column][\/vc_row][vc_row][vc_column width=&#8220;1\/2&#8243;][vc_single_image image=&#8220;89&#8243; img_size=&#8220;full&#8220; onclick=&#8220;link_image&#8220; css=&#8220;&#8220;][\/vc_column][vc_column width=&#8220;1\/2&#8243;][vc_column_text css=&#8220;&#8220;]Der Altar des Heiligen Kruzifixes, datiert auf das Jahr 1678, ist einer der \u00e4ltesten barocken Alt\u00e4re aus schwarzem&hellip;<\/p>\n","protected":false},"author":1,"featured_media":0,"parent":325,"menu_order":0,"comment_status":"closed","ping_status":"closed","template":"","meta":{"give_campaign_id":0,"footnotes":""},"class_list":["post-367","page","type-page","status-publish","hentry","description-off"],"yoast_head":"<!-- This site is optimized with the Yoast SEO plugin v27.4 - https:\/\/yoast.com\/product\/yoast-seo-wordpress\/ -->\n<title>Altar des Heiligen Kreuzes - Kirche St. Jakob, Ljubljana \u2013 Wo barocke Sch\u00f6nheit auf lebendigen Glauben trifft<\/title>\n<meta name=\"robots\" content=\"index, follow, max-snippet:-1, max-image-preview:large, max-video-preview:-1\" \/>\n<link rel=\"canonical\" href=\"https:\/\/stjames.si\/de\/besuchen-sie-die-kirche\/die-altaere\/altar-des-heiligen-kreuzes\/\" \/>\n<meta property=\"og:locale\" content=\"de_DE\" \/>\n<meta property=\"og:type\" content=\"article\" \/>\n<meta property=\"og:title\" content=\"Altar des Heiligen Kreuzes - Kirche St. Jakob, Ljubljana \u2013 Wo barocke Sch\u00f6nheit auf lebendigen Glauben trifft\" \/>\n<meta property=\"og:description\" content=\"[vc_row margin_top=&#8220;-30px&#8220;][vc_column][vc_single_image image=&#8220;148&#8243; img_size=&#8220;full&#8220; alignment=&#8220;center&#8220; css=&#8220;&#8220;][\/vc_column][\/vc_row][vc_row][vc_column width=&#8220;1\/2&#8243;][vc_single_image image=&#8220;89&#8243; img_size=&#8220;full&#8220; onclick=&#8220;link_image&#8220; css=&#8220;&#8220;][\/vc_column][vc_column width=&#8220;1\/2&#8243;][vc_column_text css=&#8220;&#8220;]Der Altar des Heiligen Kruzifixes, datiert auf das Jahr 1678, ist einer der \u00e4ltesten barocken Alt\u00e4re aus schwarzem&hellip;\" \/>\n<meta property=\"og:url\" content=\"https:\/\/stjames.si\/de\/besuchen-sie-die-kirche\/die-altaere\/altar-des-heiligen-kreuzes\/\" \/>\n<meta property=\"og:site_name\" content=\"Kirche St. Jakob, Ljubljana \u2013 Wo barocke Sch\u00f6nheit auf lebendigen Glauben trifft\" \/>\n<meta property=\"article:modified_time\" content=\"2026-04-21T19:22:51+00:00\" \/>\n<meta name=\"twitter:card\" content=\"summary_large_image\" \/>\n<meta name=\"twitter:label1\" content=\"Gesch\u00e4tzte Lesezeit\" \/>\n\t<meta name=\"twitter:data1\" content=\"4\u00a0Minuten\" \/>\n<script type=\"application\/ld+json\" class=\"yoast-schema-graph\">{\"@context\":\"https:\\\/\\\/schema.org\",\"@graph\":[{\"@type\":\"WebPage\",\"@id\":\"https:\\\/\\\/stjames.si\\\/de\\\/besuchen-sie-die-kirche\\\/die-altaere\\\/altar-des-heiligen-kreuzes\\\/\",\"url\":\"https:\\\/\\\/stjames.si\\\/de\\\/besuchen-sie-die-kirche\\\/die-altaere\\\/altar-des-heiligen-kreuzes\\\/\",\"name\":\"Altar des Heiligen Kreuzes - Kirche St. Jakob, Ljubljana \u2013 Wo barocke Sch\u00f6nheit auf lebendigen Glauben trifft\",\"isPartOf\":{\"@id\":\"https:\\\/\\\/stjames.si\\\/de\\\/#website\"},\"datePublished\":\"2025-08-02T17:21:58+00:00\",\"dateModified\":\"2026-04-21T19:22:51+00:00\",\"breadcrumb\":{\"@id\":\"https:\\\/\\\/stjames.si\\\/de\\\/besuchen-sie-die-kirche\\\/die-altaere\\\/altar-des-heiligen-kreuzes\\\/#breadcrumb\"},\"inLanguage\":\"de\",\"potentialAction\":[{\"@type\":\"ReadAction\",\"target\":[\"https:\\\/\\\/stjames.si\\\/de\\\/besuchen-sie-die-kirche\\\/die-altaere\\\/altar-des-heiligen-kreuzes\\\/\"]}]},{\"@type\":\"BreadcrumbList\",\"@id\":\"https:\\\/\\\/stjames.si\\\/de\\\/besuchen-sie-die-kirche\\\/die-altaere\\\/altar-des-heiligen-kreuzes\\\/#breadcrumb\",\"itemListElement\":[{\"@type\":\"ListItem\",\"position\":1,\"name\":\"Home\",\"item\":\"https:\\\/\\\/stjames.si\\\/de\\\/\"},{\"@type\":\"ListItem\",\"position\":2,\"name\":\"Besuchen Sie die Kirche\",\"item\":\"https:\\\/\\\/stjames.si\\\/de\\\/besuchen-sie-die-kirche\\\/\"},{\"@type\":\"ListItem\",\"position\":3,\"name\":\"Die Alt\u00e4re\",\"item\":\"https:\\\/\\\/stjames.si\\\/de\\\/besuchen-sie-die-kirche\\\/die-altaere\\\/\"},{\"@type\":\"ListItem\",\"position\":4,\"name\":\"Altar des Heiligen Kreuzes\"}]},{\"@type\":\"WebSite\",\"@id\":\"https:\\\/\\\/stjames.si\\\/de\\\/#website\",\"url\":\"https:\\\/\\\/stjames.si\\\/de\\\/\",\"name\":\"Kirche St. Jakob, Ljubljana \u2013 Wo barocke Sch\u00f6nheit auf lebendigen Glauben trifft\",\"description\":\"\",\"potentialAction\":[{\"@type\":\"SearchAction\",\"target\":{\"@type\":\"EntryPoint\",\"urlTemplate\":\"https:\\\/\\\/stjames.si\\\/de\\\/?s={search_term_string}\"},\"query-input\":{\"@type\":\"PropertyValueSpecification\",\"valueRequired\":true,\"valueName\":\"search_term_string\"}}],\"inLanguage\":\"de\"}]}<\/script>\n<!-- \/ Yoast SEO plugin. -->","yoast_head_json":{"title":"Altar des Heiligen Kreuzes - Kirche St. Jakob, Ljubljana \u2013 Wo barocke Sch\u00f6nheit auf lebendigen Glauben trifft","robots":{"index":"index","follow":"follow","max-snippet":"max-snippet:-1","max-image-preview":"max-image-preview:large","max-video-preview":"max-video-preview:-1"},"canonical":"https:\/\/stjames.si\/de\/besuchen-sie-die-kirche\/die-altaere\/altar-des-heiligen-kreuzes\/","og_locale":"de_DE","og_type":"article","og_title":"Altar des Heiligen Kreuzes - Kirche St. Jakob, Ljubljana \u2013 Wo barocke Sch\u00f6nheit auf lebendigen Glauben trifft","og_description":"[vc_row margin_top=&#8220;-30px&#8220;][vc_column][vc_single_image image=&#8220;148&#8243; img_size=&#8220;full&#8220; alignment=&#8220;center&#8220; css=&#8220;&#8220;][\/vc_column][\/vc_row][vc_row][vc_column width=&#8220;1\/2&#8243;][vc_single_image image=&#8220;89&#8243; img_size=&#8220;full&#8220; onclick=&#8220;link_image&#8220; css=&#8220;&#8220;][\/vc_column][vc_column width=&#8220;1\/2&#8243;][vc_column_text css=&#8220;&#8220;]Der Altar des Heiligen Kruzifixes, datiert auf das Jahr 1678, ist einer der \u00e4ltesten barocken Alt\u00e4re aus schwarzem&hellip;","og_url":"https:\/\/stjames.si\/de\/besuchen-sie-die-kirche\/die-altaere\/altar-des-heiligen-kreuzes\/","og_site_name":"Kirche St. Jakob, Ljubljana \u2013 Wo barocke Sch\u00f6nheit auf lebendigen Glauben trifft","article_modified_time":"2026-04-21T19:22:51+00:00","twitter_card":"summary_large_image","twitter_misc":{"Gesch\u00e4tzte Lesezeit":"4\u00a0Minuten"},"schema":{"@context":"https:\/\/schema.org","@graph":[{"@type":"WebPage","@id":"https:\/\/stjames.si\/de\/besuchen-sie-die-kirche\/die-altaere\/altar-des-heiligen-kreuzes\/","url":"https:\/\/stjames.si\/de\/besuchen-sie-die-kirche\/die-altaere\/altar-des-heiligen-kreuzes\/","name":"Altar des Heiligen Kreuzes - Kirche St. Jakob, Ljubljana \u2013 Wo barocke Sch\u00f6nheit auf lebendigen Glauben trifft","isPartOf":{"@id":"https:\/\/stjames.si\/de\/#website"},"datePublished":"2025-08-02T17:21:58+00:00","dateModified":"2026-04-21T19:22:51+00:00","breadcrumb":{"@id":"https:\/\/stjames.si\/de\/besuchen-sie-die-kirche\/die-altaere\/altar-des-heiligen-kreuzes\/#breadcrumb"},"inLanguage":"de","potentialAction":[{"@type":"ReadAction","target":["https:\/\/stjames.si\/de\/besuchen-sie-die-kirche\/die-altaere\/altar-des-heiligen-kreuzes\/"]}]},{"@type":"BreadcrumbList","@id":"https:\/\/stjames.si\/de\/besuchen-sie-die-kirche\/die-altaere\/altar-des-heiligen-kreuzes\/#breadcrumb","itemListElement":[{"@type":"ListItem","position":1,"name":"Home","item":"https:\/\/stjames.si\/de\/"},{"@type":"ListItem","position":2,"name":"Besuchen Sie die Kirche","item":"https:\/\/stjames.si\/de\/besuchen-sie-die-kirche\/"},{"@type":"ListItem","position":3,"name":"Die Alt\u00e4re","item":"https:\/\/stjames.si\/de\/besuchen-sie-die-kirche\/die-altaere\/"},{"@type":"ListItem","position":4,"name":"Altar des Heiligen Kreuzes"}]},{"@type":"WebSite","@id":"https:\/\/stjames.si\/de\/#website","url":"https:\/\/stjames.si\/de\/","name":"Kirche St. Jakob, Ljubljana \u2013 Wo barocke Sch\u00f6nheit auf lebendigen Glauben trifft","description":"","potentialAction":[{"@type":"SearchAction","target":{"@type":"EntryPoint","urlTemplate":"https:\/\/stjames.si\/de\/?s={search_term_string}"},"query-input":{"@type":"PropertyValueSpecification","valueRequired":true,"valueName":"search_term_string"}}],"inLanguage":"de"}]}},"campaignId":"","_links":{"self":[{"href":"https:\/\/stjames.si\/de\/wp-json\/wp\/v2\/pages\/367","targetHints":{"allow":["GET"]}}],"collection":[{"href":"https:\/\/stjames.si\/de\/wp-json\/wp\/v2\/pages"}],"about":[{"href":"https:\/\/stjames.si\/de\/wp-json\/wp\/v2\/types\/page"}],"author":[{"embeddable":true,"href":"https:\/\/stjames.si\/de\/wp-json\/wp\/v2\/users\/1"}],"replies":[{"embeddable":true,"href":"https:\/\/stjames.si\/de\/wp-json\/wp\/v2\/comments?post=367"}],"version-history":[{"count":6,"href":"https:\/\/stjames.si\/de\/wp-json\/wp\/v2\/pages\/367\/revisions"}],"predecessor-version":[{"id":614,"href":"https:\/\/stjames.si\/de\/wp-json\/wp\/v2\/pages\/367\/revisions\/614"}],"up":[{"embeddable":true,"href":"https:\/\/stjames.si\/de\/wp-json\/wp\/v2\/pages\/325"}],"wp:attachment":[{"href":"https:\/\/stjames.si\/de\/wp-json\/wp\/v2\/media?parent=367"}],"curies":[{"name":"wp","href":"https:\/\/api.w.org\/{rel}","templated":true}]}}