{"id":301,"date":"2025-08-02T15:53:05","date_gmt":"2025-08-02T14:53:05","guid":{"rendered":"https:\/\/stjames.si\/es\/?page_id=301"},"modified":"2025-08-09T15:31:49","modified_gmt":"2025-08-09T14:31:49","slug":"historia","status":"publish","type":"page","link":"https:\/\/stjames.si\/es\/historia\/","title":{"rendered":"Historia"},"content":{"rendered":"<div class=\"wpb-content-wrapper\"><p>[vc_row type=\u00bb2&#8243; margin_top=\u00bb-70px\u00bb padding_top=\u00bb30px\u00bb css=\u00bb.vc_custom_1751206441488{margin-bottom: -30px !important;}\u00bb][vc_column][vc_single_image image=\u00bb203&#8243; img_size=\u00bbfull\u00bb alignment=\u00bbcenter\u00bb css=\u00bb\u00bb image_hovers=\u00bbfalse\u00bb][\/vc_column][\/vc_row][vc_row type=\u00bb2&#8243; margin_top=\u00bb-30px\u00bb padding_top=\u00bb40px\u00bb padding_bottom=\u00bb30px\u00bb][vc_column width=\u00bb1\/3&#8243;]<div tabindex=\"0\" class=\"ult-new-ib ult-ib-effect-style13 roundcorners ult-ib-resp  \" data-min-width=\"768\" data-max-width=\"900\" style=\"background:#000000;\" data-opacity=\"0.7\" data-hover-opacity=\"0.5\" ><img decoding=\"async\" class=\"ult-new-ib-img\" style=\"opacity:0.7;\" alt=\"null\" src=\"https:\/\/stjames.si\/wp-content\/uploads\/2025\/07\/history_jesuits.jpg\"   \/><div id=\"interactive-banner-wrap-5396\" class=\"ult-new-ib-desc\" style=\"\"><h1 class=\"ult-new-ib-title ult-responsive\"  data-ultimate-target='#interactive-banner-wrap-5396 .ult-new-ib-title'  data-responsive-json-new='{\"font-size\":\"desktop:28px;\",\"line-height\":\"desktop:28px;\"}'  style=\"font-weight:bold;\">Breve historia de la Compa\u00f1\u00eda de Jes\u00fas \u2013 los Jesuitas<\/h1><div class=\"ult-new-ib-content ult-responsive\"  data-ultimate-target='#interactive-banner-wrap-5396 .ult-new-ib-content'  data-responsive-json-new='{\"font-size\":\"desktop:20px;\",\"line-height\":\"desktop:23px;\"}'  style=\"font-weight:normal;color:#FFFFFF;\"><p>En enero de 1597, los primeros tres jesuitas llegaron a Liubliana desde Graz...<\/p><\/div><\/div><a class=\"ult-new-ib-link\" href=\"https:\/\/stjames.si\/es\/historia\/breve-historia-de-la-compania-de-jesus-los-jesuitas\/\" title=\"Breve historia de la Compa\u00f1\u00eda de Jes\u00fas \u2013 los Jesuitas\"  ><\/a><\/div>[\/vc_column][vc_column width=\u00bb1\/3&#8243;]<div tabindex=\"0\" class=\"ult-new-ib ult-ib-effect-style13 roundcorners ult-ib-resp  \" data-min-width=\"768\" data-max-width=\"900\" style=\"background:#000000;\" data-opacity=\"0.7\" data-hover-opacity=\"0.5\" ><img decoding=\"async\" class=\"ult-new-ib-img\" style=\"opacity:0.7;\" alt=\"null\" src=\"https:\/\/stjames.si\/wp-content\/uploads\/2025\/07\/history_church.jpg\"   \/><div id=\"interactive-banner-wrap-2069\" class=\"ult-new-ib-desc\" style=\"\"><h1 class=\"ult-new-ib-title ult-responsive\"  data-ultimate-target='#interactive-banner-wrap-2069 .ult-new-ib-title'  data-responsive-json-new='{\"font-size\":\"desktop:28px;\",\"line-height\":\"desktop:28px;\"}'  style=\"font-weight:bold;\">Historia de la iglesia<\/h1><div class=\"ult-new-ib-content ult-responsive\"  data-ultimate-target='#interactive-banner-wrap-2069 .ult-new-ib-content'  data-responsive-json-new='{\"font-size\":\"desktop:20px;\",\"line-height\":\"desktop:23px;\"}'  style=\"font-weight:normal;color:#FFFFFF;\"><p>Or\u00edgenes g\u00f3ticos tempranos (siglo XV): La actual iglesia barroca se encuentra en el lugar de una iglesia g\u00f3tica construida por los can\u00f3nigos agustinos a principios del siglo XV.<\/p><\/div><\/div><a class=\"ult-new-ib-link\" href=\"https:\/\/stjames.si\/es\/historia\/historia-de-la-iglesia\/\" title=\"Historia de la iglesia\"  ><\/a><\/div>[\/vc_column][vc_column width=\u00bb1\/3&#8243;]<div tabindex=\"0\" class=\"ult-new-ib ult-ib-effect-style13 roundcorners ult-ib-resp  \" data-min-width=\"768\" data-max-width=\"900\" style=\"background:#000000;\" data-opacity=\"0.7\" data-hover-opacity=\"0.5\" ><img decoding=\"async\" class=\"ult-new-ib-img\" style=\"opacity:0.7;\" alt=\"null\" src=\"https:\/\/stjames.si\/wp-content\/uploads\/2025\/07\/organ2.jpg\"   \/><div id=\"interactive-banner-wrap-1979\" class=\"ult-new-ib-desc\" style=\"\"><h1 class=\"ult-new-ib-title ult-responsive\"  data-ultimate-target='#interactive-banner-wrap-1979 .ult-new-ib-title'  data-responsive-json-new='{\"font-size\":\"desktop:28px;\",\"line-height\":\"desktop:28px;\"}'  style=\"font-weight:bold;\">Historia de los \u00f3rganos<\/h1><div class=\"ult-new-ib-content ult-responsive\"  data-ultimate-target='#interactive-banner-wrap-1979 .ult-new-ib-content'  data-responsive-json-new='{\"font-size\":\"desktop:20px;\",\"line-height\":\"desktop:23px;\"}'  style=\"font-weight:normal;color:#FFFFFF;\"><p>La primera menci\u00f3n de \u00f3rganos en la Iglesia de Santiago data de 1600.<\/p><\/div><\/div><a class=\"ult-new-ib-link\" href=\"https:\/\/stjames.si\/es\/historia\/organo\/\" title=\"Historia de los \u00f3rganos\"  ><\/a><\/div>[\/vc_column][\/vc_row][vc_row type=\u00bb2&#8243; padding_top=\u00bb30px\u00bb css=\u00bb.vc_custom_1752690832069{margin-bottom: -30px !important;}\u00bb][vc_column][vc_column_text css=\u00bb\u00bb el_class=\u00bbbodyfont\u00bb]<span style=\"font-size: 14pt;\">La Iglesia de Santiago es una de las m\u00e1s antiguas y significativas de Liubliana. La primera iglesia en este lugar, construida alrededor de 1513 por monjes agustinos, fue reemplazada cuando los jesuitas llegaron en 1597. Derribaron la antigua estructura g\u00f3tica y construyeron una nueva iglesia barroca entre 1613 y 1615, convirti\u00e9ndola en uno de los primeros edificios barrocos de la ciudad.<\/span><\/p>\n<p><span style=\"font-size: 14pt;\">El interior refleja un rico dise\u00f1o barroco con capillas laterales, altares y obras de arte creadas por artistas reconocidos de la \u00e9poca. A lo largo de los siglos, la iglesia ha sido restaurada varias veces, especialmente despu\u00e9s de terremotos, pero ha conservado su car\u00e1cter hist\u00f3rico y su significado espiritual.<\/span><\/p>\n<p><span style=\"font-size: 14pt;\">Ubicada al final de Mestni trg, la Iglesia de Santiago destaca por su elegante fachada, amplio interior y valiosas obras de arte, siendo una parada clave para quienes exploran el patrimonio religioso y cultural de Liubliana.<\/span>[\/vc_column_text][\/vc_column][\/vc_row][vc_row type=\u00bb2&#8243; margin_bottom=\u00bb-70px\u00bb padding_top=\u00bb30px\u00bb css=\u00bb.vc_custom_1753723787353{margin-bottom: -30px !important;}\u00bb][vc_column][vc_single_image image=\u00bb246&#8243; img_size=\u00bbfull\u00bb alignment=\u00bbcenter\u00bb css=\u00bb\u00bb image_hovers=\u00bbfalse\u00bb][\/vc_column][\/vc_row]<\/p>\n<\/div>","protected":false},"excerpt":{"rendered":"<p>[vc_row type=\u00bb2&#8243; margin_top=\u00bb-70px\u00bb padding_top=\u00bb30px\u00bb css=\u00bb.vc_custom_1751206441488{margin-bottom: -30px !important;}\u00bb][vc_column][vc_single_image image=\u00bb203&#8243; img_size=\u00bbfull\u00bb alignment=\u00bbcenter\u00bb css=\u00bb\u00bb image_hovers=\u00bbfalse\u00bb][\/vc_column][\/vc_row][vc_row type=\u00bb2&#8243; margin_top=\u00bb-30px\u00bb padding_top=\u00bb40px\u00bb padding_bottom=\u00bb30px\u00bb][vc_column width=\u00bb1\/3&#8243;][\/vc_column][vc_column width=\u00bb1\/3&#8243;][\/vc_column][vc_column width=\u00bb1\/3&#8243;][\/vc_column][\/vc_row][vc_row type=\u00bb2&#8243; padding_top=\u00bb30px\u00bb css=\u00bb.vc_custom_1752690832069{margin-bottom: -30px !important;}\u00bb][vc_column][vc_column_text css=\u00bb\u00bb el_class=\u00bbbodyfont\u00bb]La Iglesia de Santiago es&hellip;<\/p>\n","protected":false},"author":1,"featured_media":0,"parent":0,"menu_order":0,"comment_status":"closed","ping_status":"closed","template":"","meta":{"give_campaign_id":0,"footnotes":""},"class_list":["post-301","page","type-page","status-publish","hentry","description-off"],"yoast_head":"<!-- This site is optimized with the Yoast SEO plugin v27.4 - https:\/\/yoast.com\/product\/yoast-seo-wordpress\/ -->\n<title>Historia - Iglesia de Santiago, Liubliana \u2013 Donde la belleza barroca se encuentra con la fe viva<\/title>\n<meta name=\"robots\" content=\"index, follow, max-snippet:-1, max-image-preview:large, max-video-preview:-1\" \/>\n<link rel=\"canonical\" href=\"https:\/\/stjames.si\/es\/historia\/\" \/>\n<meta property=\"og:locale\" content=\"es_ES\" \/>\n<meta property=\"og:type\" content=\"article\" \/>\n<meta property=\"og:title\" content=\"Historia - Iglesia de Santiago, Liubliana \u2013 Donde la belleza barroca se encuentra con la fe viva\" \/>\n<meta property=\"og:description\" content=\"[vc_row type=\u00bb2&#8243; margin_top=\u00bb-70px\u00bb padding_top=\u00bb30px\u00bb css=\u00bb.vc_custom_1751206441488{margin-bottom: -30px !important;}\u00bb][vc_column][vc_single_image image=\u00bb203&#8243; img_size=\u00bbfull\u00bb alignment=\u00bbcenter\u00bb css=\u00bb\u00bb image_hovers=\u00bbfalse\u00bb][\/vc_column][\/vc_row][vc_row type=\u00bb2&#8243; margin_top=\u00bb-30px\u00bb padding_top=\u00bb40px\u00bb padding_bottom=\u00bb30px\u00bb][vc_column width=\u00bb1\/3&#8243;][\/vc_column][vc_column width=\u00bb1\/3&#8243;][\/vc_column][vc_column width=\u00bb1\/3&#8243;][\/vc_column][\/vc_row][vc_row type=\u00bb2&#8243; padding_top=\u00bb30px\u00bb css=\u00bb.vc_custom_1752690832069{margin-bottom: -30px !important;}\u00bb][vc_column][vc_column_text css=\u00bb\u00bb el_class=\u00bbbodyfont\u00bb]La Iglesia de Santiago es&hellip;\" \/>\n<meta property=\"og:url\" content=\"https:\/\/stjames.si\/es\/historia\/\" \/>\n<meta property=\"og:site_name\" content=\"Iglesia de Santiago, Liubliana \u2013 Donde la belleza barroca se encuentra con la fe viva\" \/>\n<meta property=\"article:modified_time\" content=\"2025-08-09T14:31:49+00:00\" \/>\n<meta name=\"twitter:card\" content=\"summary_large_image\" \/>\n<meta name=\"twitter:label1\" content=\"Tiempo de lectura\" \/>\n\t<meta name=\"twitter:data1\" content=\"2 minutos\" \/>\n<script type=\"application\/ld+json\" class=\"yoast-schema-graph\">{\"@context\":\"https:\\\/\\\/schema.org\",\"@graph\":[{\"@type\":\"WebPage\",\"@id\":\"https:\\\/\\\/stjames.si\\\/es\\\/historia\\\/\",\"url\":\"https:\\\/\\\/stjames.si\\\/es\\\/historia\\\/\",\"name\":\"Historia - Iglesia de Santiago, Liubliana \u2013 Donde la belleza barroca se encuentra con la fe viva\",\"isPartOf\":{\"@id\":\"https:\\\/\\\/stjames.si\\\/es\\\/#website\"},\"datePublished\":\"2025-08-02T14:53:05+00:00\",\"dateModified\":\"2025-08-09T14:31:49+00:00\",\"breadcrumb\":{\"@id\":\"https:\\\/\\\/stjames.si\\\/es\\\/historia\\\/#breadcrumb\"},\"inLanguage\":\"es\",\"potentialAction\":[{\"@type\":\"ReadAction\",\"target\":[\"https:\\\/\\\/stjames.si\\\/es\\\/historia\\\/\"]}]},{\"@type\":\"BreadcrumbList\",\"@id\":\"https:\\\/\\\/stjames.si\\\/es\\\/historia\\\/#breadcrumb\",\"itemListElement\":[{\"@type\":\"ListItem\",\"position\":1,\"name\":\"Home\",\"item\":\"https:\\\/\\\/stjames.si\\\/es\\\/\"},{\"@type\":\"ListItem\",\"position\":2,\"name\":\"Historia\"}]},{\"@type\":\"WebSite\",\"@id\":\"https:\\\/\\\/stjames.si\\\/es\\\/#website\",\"url\":\"https:\\\/\\\/stjames.si\\\/es\\\/\",\"name\":\"Iglesia de Santiago, Liubliana \u2013 Donde la belleza barroca se encuentra con la fe viva\",\"description\":\"\",\"potentialAction\":[{\"@type\":\"SearchAction\",\"target\":{\"@type\":\"EntryPoint\",\"urlTemplate\":\"https:\\\/\\\/stjames.si\\\/es\\\/?s={search_term_string}\"},\"query-input\":{\"@type\":\"PropertyValueSpecification\",\"valueRequired\":true,\"valueName\":\"search_term_string\"}}],\"inLanguage\":\"es\"}]}<\/script>\n<!-- \/ Yoast SEO plugin. -->","yoast_head_json":{"title":"Historia - Iglesia de Santiago, Liubliana \u2013 Donde la belleza barroca se encuentra con la fe viva","robots":{"index":"index","follow":"follow","max-snippet":"max-snippet:-1","max-image-preview":"max-image-preview:large","max-video-preview":"max-video-preview:-1"},"canonical":"https:\/\/stjames.si\/es\/historia\/","og_locale":"es_ES","og_type":"article","og_title":"Historia - Iglesia de Santiago, Liubliana \u2013 Donde la belleza barroca se encuentra con la fe viva","og_description":"[vc_row type=\u00bb2&#8243; margin_top=\u00bb-70px\u00bb padding_top=\u00bb30px\u00bb css=\u00bb.vc_custom_1751206441488{margin-bottom: -30px !important;}\u00bb][vc_column][vc_single_image image=\u00bb203&#8243; img_size=\u00bbfull\u00bb alignment=\u00bbcenter\u00bb css=\u00bb\u00bb image_hovers=\u00bbfalse\u00bb][\/vc_column][\/vc_row][vc_row type=\u00bb2&#8243; margin_top=\u00bb-30px\u00bb padding_top=\u00bb40px\u00bb padding_bottom=\u00bb30px\u00bb][vc_column width=\u00bb1\/3&#8243;][\/vc_column][vc_column width=\u00bb1\/3&#8243;][\/vc_column][vc_column width=\u00bb1\/3&#8243;][\/vc_column][\/vc_row][vc_row type=\u00bb2&#8243; padding_top=\u00bb30px\u00bb css=\u00bb.vc_custom_1752690832069{margin-bottom: -30px !important;}\u00bb][vc_column][vc_column_text css=\u00bb\u00bb el_class=\u00bbbodyfont\u00bb]La Iglesia de Santiago es&hellip;","og_url":"https:\/\/stjames.si\/es\/historia\/","og_site_name":"Iglesia de Santiago, Liubliana \u2013 Donde la belleza barroca se encuentra con la fe viva","article_modified_time":"2025-08-09T14:31:49+00:00","twitter_card":"summary_large_image","twitter_misc":{"Tiempo de lectura":"2 minutos"},"schema":{"@context":"https:\/\/schema.org","@graph":[{"@type":"WebPage","@id":"https:\/\/stjames.si\/es\/historia\/","url":"https:\/\/stjames.si\/es\/historia\/","name":"Historia - Iglesia de Santiago, Liubliana \u2013 Donde la belleza barroca se encuentra con la fe viva","isPartOf":{"@id":"https:\/\/stjames.si\/es\/#website"},"datePublished":"2025-08-02T14:53:05+00:00","dateModified":"2025-08-09T14:31:49+00:00","breadcrumb":{"@id":"https:\/\/stjames.si\/es\/historia\/#breadcrumb"},"inLanguage":"es","potentialAction":[{"@type":"ReadAction","target":["https:\/\/stjames.si\/es\/historia\/"]}]},{"@type":"BreadcrumbList","@id":"https:\/\/stjames.si\/es\/historia\/#breadcrumb","itemListElement":[{"@type":"ListItem","position":1,"name":"Home","item":"https:\/\/stjames.si\/es\/"},{"@type":"ListItem","position":2,"name":"Historia"}]},{"@type":"WebSite","@id":"https:\/\/stjames.si\/es\/#website","url":"https:\/\/stjames.si\/es\/","name":"Iglesia de Santiago, Liubliana \u2013 Donde la belleza barroca se encuentra con la fe viva","description":"","potentialAction":[{"@type":"SearchAction","target":{"@type":"EntryPoint","urlTemplate":"https:\/\/stjames.si\/es\/?s={search_term_string}"},"query-input":{"@type":"PropertyValueSpecification","valueRequired":true,"valueName":"search_term_string"}}],"inLanguage":"es"}]}},"campaignId":"","_links":{"self":[{"href":"https:\/\/stjames.si\/es\/wp-json\/wp\/v2\/pages\/301","targetHints":{"allow":["GET"]}}],"collection":[{"href":"https:\/\/stjames.si\/es\/wp-json\/wp\/v2\/pages"}],"about":[{"href":"https:\/\/stjames.si\/es\/wp-json\/wp\/v2\/types\/page"}],"author":[{"embeddable":true,"href":"https:\/\/stjames.si\/es\/wp-json\/wp\/v2\/users\/1"}],"replies":[{"embeddable":true,"href":"https:\/\/stjames.si\/es\/wp-json\/wp\/v2\/comments?post=301"}],"version-history":[{"count":5,"href":"https:\/\/stjames.si\/es\/wp-json\/wp\/v2\/pages\/301\/revisions"}],"predecessor-version":[{"id":510,"href":"https:\/\/stjames.si\/es\/wp-json\/wp\/v2\/pages\/301\/revisions\/510"}],"wp:attachment":[{"href":"https:\/\/stjames.si\/es\/wp-json\/wp\/v2\/media?parent=301"}],"curies":[{"name":"wp","href":"https:\/\/api.w.org\/{rel}","templated":true}]}}