{"id":367,"date":"2025-08-02T18:22:10","date_gmt":"2025-08-02T17:22:10","guid":{"rendered":"https:\/\/stjames.si\/es\/?page_id=367"},"modified":"2026-04-21T20:23:09","modified_gmt":"2026-04-21T19:23:09","slug":"altar-de-la-santa-cruz","status":"publish","type":"page","link":"https:\/\/stjames.si\/es\/visita-la-iglesia\/los-altares\/altar-de-la-santa-cruz\/","title":{"rendered":"Altar de la Santa Cruz"},"content":{"rendered":"<div class=\"wpb-content-wrapper\"><p>[vc_row margin_top=\u00bb-30px\u00bb][vc_column][vc_single_image image=\u00bb200&#8243; img_size=\u00bbfull\u00bb alignment=\u00bbcenter\u00bb css=\u00bb\u00bb][\/vc_column][\/vc_row][vc_row][vc_column width=\u00bb1\/2&#8243;][vc_single_image image=\u00bb141&#8243; img_size=\u00bbfull\u00bb onclick=\u00bblink_image\u00bb css=\u00bb\u00bb][\/vc_column][vc_column width=\u00bb1\/2&#8243;][vc_column_text css=\u00bb\u00bb]<strong>El Altar del Santo Crucifijo, datado en 1678, es uno de los altares barrocos de m\u00e1rmol negro m\u00e1s antiguos de la regi\u00f3n de Carniola. En la hornacina central cuelga una imagen del Cristo crucificado del siglo XIX. Debajo de la mesa del altar (mensa) se encuentra un relieve en m\u00e1rmol del Cristo muerto acompa\u00f1ado por \u00e1ngeles, obra del escultor Matthias Hendrichx, realizada en 1701.<\/strong><\/p>\n<p><strong>El conjunto se enriquece adem\u00e1s con tres figuras barrocas de \u00e1ngeles del siglo XVIII y con una pintura de la Virgen de los Dolores, creada en 1860 por el artista Josef Plank. La arquitectura del altar refleja una clara influencia veneciana y emana una belleza barroca contenida y sobria.<\/strong>[\/vc_column_text]<div class=\"ult_exp_section_layer ult-adjust-bottom-margin altartextalignleft\" >\n\t\t<div id=\"uvc-exp-wrap-1966\" role=\"button\" tabindex=\"0\" aria-pressed=\"false\"  data-ultimate-target='#uvc-exp-wrap-1966'  data-responsive-json-new='{\"font-size\":\"desktop:20px;\",\"line-height\":\"desktop:20px;\"}'  class=\"ult_exp_section  ult-responsive \" style=\"color:#333333;background-color:#dbdbdb; font-weight:normal;  text-align:left;\" data-textcolor=\"#333333\"data-texthover=\"#333333\"data-icncolor=\"#333333\"data-ihover=\"#333333\"data-height=\"0\"data-cntbg=\"#dbdbdb\"data-cnthvrbg=\"#e5e5e5\"data-headerbg=\"#dbdbdb\"data-headerhover=\"#e5e5e5\"data-title=\"M\u00e1s sobre el altar ...\"data-newtitle=\"Ocultar\"data-icon=\"icomoon-the7-font-the7-expand-05\"data-newicon=\"icomoon-the7-font-the7-expand-09\"data-activeicon=\"#333333\"data-effect=\"slideToggle\"data-override=\"0\"data-activetitle=\"#333333\"data-activebg=\"#dbdbdb\"data-img=\"\"data-newimg=\"\"><div class=\"ult_exp_section-main ult_expleft_icon\">\t<div class=\"ult-just-icon-wrapper ult_exp_icon\">\n\t\t\t\t\t<div class=\"align-icon \">\n\t\t\t\t\t\t\n<span class=\"aio-icon  none  ult_expsection_icon \"  style=\"color:#333333;font-size:16px;\">\n\t<i class=\"icomoon-the7-font-the7-expand-05 ult_ex_icon\"  ><\/i>\n<\/span>\n\t\t\t\t\t<\/div>\n\t\t\t\t<\/div>\n\t\t\t\t<div class=\"ult_expheader\" >M\u00e1s sobre el altar ...\n\t\t\t\t<\/div>\n\t\t\t<\/div>\n\t\t<\/div><div class=\"ult_exp_content \" style=\"background-color:#dbdbdb;  \"><div class=\"ult_ecpsub_cont\" style=\" \" >[vc_column_text css=\u00bb\u00bb]El <strong>Altar del Santo Crucifijo<\/strong> se cuenta entre los <strong>altares barrocos de m\u00e1rmol negro m\u00e1s antiguos<\/strong> de la regi\u00f3n de <strong>Carniola<\/strong>. Fue creado en el a\u00f1o <strong>1678<\/strong> por encargo de la <strong>cofrad\u00eda de la Agon\u00eda de Cristo<\/strong>. Desde el punto de vista <strong>arquitect\u00f3nico y estil\u00edstico<\/strong>, sigue la influencia italiana, en especial <strong>veneciana<\/strong>, que marc\u00f3 profundamente el arte sacro en Liubliana durante la segunda mitad del siglo XVII. El dise\u00f1o del altar presenta similitudes con las obras del c\u00e9lebre taller de canter\u00eda de <strong>Mihael Ku\u0161a<\/strong>, activo en aquella \u00e9poca en Liubliana y de gran importancia en el desarrollo del altar barroco en esta regi\u00f3n.<\/p>\n<p>El altar est\u00e1 hecho de <strong>piedra negra<\/strong> y su forma estricta y plana transmite <strong>sobriedad y solidez<\/strong>. Su estructura se basa en <strong>dos pares de columnas lisas<\/strong> que enmarcan una hornacina con remate trapezoidal. Sobre ella se eleva un <strong>\u00e1tico de remate segmentado<\/strong>, que da lugar a una silueta verticalmente articulada y rica. A pesar del tono oscuro del material, el altar cobra vida mediante <strong>detalles de piedra en colores<\/strong> que adornan la mesa (mensa), las bases de las columnas y el interior de la hornacina. La arquitectura es severa, aunque <strong>decorativamente contenida<\/strong>, una caracter\u00edstica propia del <strong>barroco temprano<\/strong>.<\/p>\n<p>En el centro de la hornacina se encuentra un <strong>crucifijo<\/strong> \u2013 la actual imagen del <strong>Cristo crucificado<\/strong>, de fecha <strong>siglo XIX<\/strong>, ya no es la original, pero sus rasgos formales de inspiraci\u00f3n <strong>g\u00f3tico tard\u00edo<\/strong> plantean dudas sobre su dataci\u00f3n. La parte superior del altar est\u00e1 adornada con <strong>figuras de \u00e1ngeles de madera del siglo XVIII<\/strong>: uno de ellos de pie sobre el \u00e1tico, y los otros dos <strong>arrodillados a los lados<\/strong>, sosteniendo un peque\u00f1o baldaquino. Estos elementos adicionales, de modelado suave y expresividad emotiva, <strong>completan armoniosamente la estructura arquitect\u00f3nica<\/strong>.<\/p>\n<p>Bajo la mesa del altar se encuentra un <strong>valioso relieve en m\u00e1rmol<\/strong> que representa al <strong>Cristo muerto rodeado por \u00e1ngeles en actitud de lamento<\/strong>. Esta obra fue a\u00f1adida en <strong>1701<\/strong> y se atribuye al escultor <strong>Matthias Hendrichx<\/strong>, quien tambi\u00e9n particip\u00f3 en otros altares de esta misma iglesia. Su estilo se distingue por la <strong>expresi\u00f3n delicada<\/strong> y por el <strong>realismo en la representaci\u00f3n de las figuras<\/strong>.<\/p>\n<p>La mensa del altar se complementa adem\u00e1s con una <strong>pintura de la Virgen de los Dolores<\/strong>, obra del pintor vien\u00e9s <strong>Josef Plank<\/strong>, realizada en <strong>1860<\/strong>. Esta incorporaci\u00f3n posterior <strong>profundiza el mensaje espiritual y emocional<\/strong> del altar, que sigue siendo un <strong>espacio de contemplaci\u00f3n del sufrimiento de Cristo<\/strong>, de <strong>compasi\u00f3n<\/strong> y <strong>fe<\/strong>.[\/vc_column_text]<\/div><\/div>\n\n\t\t\t<\/div>[vc_raw_html css=\u00bb\u00bb]JTNDZGl2JTIwY2xhc3MlM0QlMjJhdWRpby1jb250cm9scyUyMiUzRSUwRCUwQSUyMCUyMCUyMCUyMCUyMCUyMCUyMCUyMCUyMCUyMCUyMCUyMCUyMCUyMCUyMCUyMCUzQ2J1dHRvbiUyMGNsYXNzJTNEJTIycmV3aW5kLWJ0biUyMiUyMG9uY2xpY2slM0QlMjJyZXdpbmRBdWRpbyUyOCUyN2F1ZGlvLWdiJTI3JTI5JTIyJTNFJTIwJTNDc3BhbiUyMGNsYXNzJTNEJTIyaWNvbiUyMiUzRSUyMCUzQ3N2ZyUyMHZpZXdCb3glM0QlMjIwJTIwMCUyMDI0JTIwMjQlMjIlM0UlMjAlM0Nwb2x5Z29uJTIwcG9pbnRzJTNEJTIyMTElMkMxMiUyMDIwJTJDNCUyMDIwJTJDMjAlMjIlM0UlM0MlMkZwb2x5Z29uJTNFJTIwJTNDcG9seWdvbiUyMHBvaW50cyUzRCUyMjQlMkMxMiUyMDEzJTJDNCUyMDEzJTJDMjAlMjIlM0UlM0MlMkZwb2x5Z29uJTNFJTIwJTNDJTJGc3ZnJTNFJTIwJTNDJTJGc3BhbiUzRSUwRCUwQSUyMCUyMCUyMCUyMCUyMCUyMCUyMCUyMCUyMCUyMCUyMCUyMCUyMCUyMCUyMCUyMCUzQyUyRmJ1dHRvbiUzRSUwRCUwQSUyMCUyMCUyMCUyMCUyMCUyMCUyMCUyMCUyMCUyMCUyMCUyMCUyMCUyMCUyMCUyMCUzQ2J1dHRvbiUyMGNsYXNzJTNEJTIycGxheS1idG4lMjIlMjBvbmNsaWNrJTNEJTIydG9nZ2xlQXVkaW8lMjglMjdhdWRpby1nYiUyNyUyQyUyN1BsYXklMjclMkMlMjdQYXVzZSUyNyUyQyUyMHRoaXMlMjklMjIlM0UlMEQlMEElMjAlMjAlMjAlMjAlMjAlMjAlMjAlMjAlMjAlMjAlMjAlMjAlMjAlMjAlMjAlMjAlMjAlMjAlMjAlMjAlM0NzcGFuJTIwY2xhc3MlM0QlMjJpY29uJTIwcGxheS1pY29uJTIyJTNFJTBEJTBBJTIwJTIwJTIwJTIwJTIwJTIwJTIwJTIwJTIwJTIwJTIwJTIwJTIwJTIwJTIwJTIwJTIwJTIwJTIwJTIwJTIwJTIwJTIwJTIwJTNDc3ZnJTIwdmlld0JveCUzRCUyMjAlMjAwJTIwMjQlMjAyNCUyMiUzRSUwRCUwQSUyMCUyMCUyMCUyMCUyMCUyMCUyMCUyMCUyMCUyMCUyMCUyMCUyMCUyMCUyMCUyMCUyMCUyMCUyMCUyMCUyMCUyMCUyMCUyMCUyMCUyMCUyMCUyMCUzQ3BvbHlnb24lMjBwb2ludHMlM0QlMjI1JTJDMyUyMDE5JTJDMTIlMjA1JTJDMjElMjIlM0UlM0MlMkZwb2x5Z29uJTNFJTBEJTBBJTIwJTIwJTIwJTIwJTIwJTIwJTIwJTIwJTIwJTIwJTIwJTIwJTIwJTIwJTIwJTIwJTIwJTIwJTIwJTIwJTIwJTIwJTIwJTIwJTNDJTJGc3ZnJTNFJTBEJTBBJTIwJTIwJTIwJTIwJTIwJTIwJTIwJTIwJTIwJTIwJTIwJTIwJTIwJTIwJTIwJTIwJTIwJTIwJTIwJTIwJTNDJTJGc3BhbiUzRSUwRCUwQSUyMCUyMCUyMCUyMCUyMCUyMCUyMCUyMCUyMCUyMCUyMCUyMCUyMCUyMCUyMCUyMCUyMCUyMCUyMCUyMCUzQ3NwYW4lMjBjbGFzcyUzRCUyMmxhYmVsJTIyJTNFUGxheSUzQyUyRnNwYW4lM0UlMEQlMEElMjAlMjAlMjAlMjAlMjAlMjAlMjAlMjAlMjAlMjAlMjAlMjAlMjAlMjAlMjAlMjAlM0MlMkZidXR0b24lM0UlMEQlMEElMjAlMjAlMjAlMjAlMjAlMjAlMjAlMjAlMjAlMjAlMjAlMjAlM0MlMkZkaXYlM0UlMEQlMEElMjAlMjAlMjAlMjAlMjAlMjAlMjAlMjAlMjAlMjAlMjAlMjAlM0NhdWRpbyUyMGlkJTNEJTIyYXVkaW8tZ2IlMjIlMjBzcmMlM0QlMjJodHRwcyUzQSUyRiUyRnN0amFtZXMuc2klMkZ3cC1jb250ZW50JTJGdXBsb2FkcyUyRjIwMjYlMkYwNCUyRkFsdGFyT2ZUaGVIb2x5Q3Jvc3NfRVMubXAzJTIyJTNFJTNDJTJGYXVkaW8lM0U=[\/vc_raw_html][vc_column_text css=\u00bb\u00bb]<\/p>\n<h3><strong>Otros altares:<\/strong><\/h3>\n<ul>\n<li style=\"list-style-type: none;\">\n<ul>\n<li><a href=\"https:\/\/stjames.si\/es\/visita-la-iglesia\/los-altares\/altar-mayor-de-santiago\/\"><span style=\"font-size: 14pt;\">El altar mayor de Santiago<\/span><\/a><\/li>\n<li><a href=\"https:\/\/stjames.si\/es\/visita-la-iglesia\/los-altares\/altar-de-san-francisco-javier\/\"><span style=\"font-size: 14pt;\">El altar de San Francisco Javier<\/span><\/a><\/li>\n<li><a href=\"https:\/\/stjames.si\/es\/visita-la-iglesia\/los-altares\/altar-de-la-asuncion-de-la-virgen-maria\/\"><span style=\"font-size: 14pt;\">El altar de la Asunci\u00f3n de la Virgen Mar\u00eda<\/span><\/a><\/li>\n<li><a href=\"https:\/\/stjames.si\/es\/visita-la-iglesia\/los-altares\/altar-de-san-ignacio-de-loyola\/\"><span style=\"font-size: 14pt;\">El altar de San Ignacio de Loyola<\/span><\/a><\/li>\n<li><a href=\"https:\/\/stjames.si\/es\/visita-la-iglesia\/los-altares\/altar-de-santa-ana\/\"><span style=\"font-size: 14pt;\">El altar de Santa Ana<\/span><\/a><\/li>\n<li><a href=\"https:\/\/stjames.si\/es\/visita-la-iglesia\/los-altares\/altar-de-san-juan-nepomuceno\/\"><span style=\"font-size: 14pt;\">El altar de San Juan Nepomuceno<\/span><\/a><\/li>\n<li><a href=\"https:\/\/stjames.si\/es\/visita-la-iglesia\/los-altares\/altar-de-los-angeles-guardianes\/\"><span style=\"font-size: 14pt;\">El altar de los \u00c1ngeles Custodios<\/span><\/a><\/li>\n<li><a href=\"https:\/\/stjames.si\/es\/visita-la-iglesia\/los-altares\/altar-de-san-jose\/\"><span style=\"font-size: 14pt;\">El altar de San Jos\u00e9<\/span><\/a><\/li>\n<li><a href=\"https:\/\/stjames.si\/es\/visita-la-iglesia\/los-altares\/altar-de-nuestra-senora-de-los-dolores\/\"><span style=\"font-size: 14pt;\">El altar de Nuestra Se\u00f1ora de los Dolores<\/span><\/a><\/li>\n<\/ul>\n<\/li>\n<\/ul>\n<p>[\/vc_column_text][\/vc_column][\/vc_row][vc_row type=\u00bb2&#8243; margin_top=\u00bb50px\u00bb margin_bottom=\u00bb-70px\u00bb padding_top=\u00bb60px\u00bb padding_bottom=\u00bb30px\u00bb css=\u00bb.vc_custom_1753614473478{margin-bottom: -70px !important;}\u00bb][vc_column][vc_single_image image=\u00bb246&#8243; img_size=\u00bbfull\u00bb alignment=\u00bbcenter\u00bb css=\u00bb\u00bb image_hovers=\u00bbfalse\u00bb][\/vc_column][\/vc_row]<\/p>\n<\/div>","protected":false},"excerpt":{"rendered":"<p>[vc_row margin_top=\u00bb-30px\u00bb][vc_column][vc_single_image image=\u00bb200&#8243; img_size=\u00bbfull\u00bb alignment=\u00bbcenter\u00bb css=\u00bb\u00bb][\/vc_column][\/vc_row][vc_row][vc_column width=\u00bb1\/2&#8243;][vc_single_image image=\u00bb141&#8243; img_size=\u00bbfull\u00bb onclick=\u00bblink_image\u00bb css=\u00bb\u00bb][\/vc_column][vc_column width=\u00bb1\/2&#8243;][vc_column_text css=\u00bb\u00bb]El Altar del Santo Crucifijo, datado en 1678, es uno de los altares barrocos de m\u00e1rmol negro m\u00e1s&hellip;<\/p>\n","protected":false},"author":1,"featured_media":0,"parent":326,"menu_order":0,"comment_status":"closed","ping_status":"closed","template":"","meta":{"give_campaign_id":0,"footnotes":""},"class_list":["post-367","page","type-page","status-publish","hentry","description-off"],"yoast_head":"<!-- This site is optimized with the Yoast SEO plugin v27.4 - https:\/\/yoast.com\/product\/yoast-seo-wordpress\/ -->\n<title>Altar de la Santa Cruz - Iglesia de Santiago, Liubliana \u2013 Donde la belleza barroca se encuentra con la fe viva<\/title>\n<meta name=\"robots\" content=\"index, follow, max-snippet:-1, max-image-preview:large, max-video-preview:-1\" \/>\n<link rel=\"canonical\" href=\"https:\/\/stjames.si\/es\/visita-la-iglesia\/los-altares\/altar-de-la-santa-cruz\/\" \/>\n<meta property=\"og:locale\" content=\"es_ES\" \/>\n<meta property=\"og:type\" content=\"article\" \/>\n<meta property=\"og:title\" content=\"Altar de la Santa Cruz - Iglesia de Santiago, Liubliana \u2013 Donde la belleza barroca se encuentra con la fe viva\" \/>\n<meta property=\"og:description\" content=\"[vc_row margin_top=\u00bb-30px\u00bb][vc_column][vc_single_image image=\u00bb200&#8243; img_size=\u00bbfull\u00bb alignment=\u00bbcenter\u00bb css=\u00bb\u00bb][\/vc_column][\/vc_row][vc_row][vc_column width=\u00bb1\/2&#8243;][vc_single_image image=\u00bb141&#8243; img_size=\u00bbfull\u00bb onclick=\u00bblink_image\u00bb css=\u00bb\u00bb][\/vc_column][vc_column width=\u00bb1\/2&#8243;][vc_column_text css=\u00bb\u00bb]El Altar del Santo Crucifijo, datado en 1678, es uno de los altares barrocos de m\u00e1rmol negro m\u00e1s&hellip;\" \/>\n<meta property=\"og:url\" content=\"https:\/\/stjames.si\/es\/visita-la-iglesia\/los-altares\/altar-de-la-santa-cruz\/\" \/>\n<meta property=\"og:site_name\" content=\"Iglesia de Santiago, Liubliana \u2013 Donde la belleza barroca se encuentra con la fe viva\" \/>\n<meta property=\"article:modified_time\" content=\"2026-04-21T19:23:09+00:00\" \/>\n<meta name=\"twitter:card\" content=\"summary_large_image\" \/>\n<meta name=\"twitter:label1\" content=\"Tiempo de lectura\" \/>\n\t<meta name=\"twitter:data1\" content=\"4 minutos\" \/>\n<script type=\"application\/ld+json\" class=\"yoast-schema-graph\">{\"@context\":\"https:\\\/\\\/schema.org\",\"@graph\":[{\"@type\":\"WebPage\",\"@id\":\"https:\\\/\\\/stjames.si\\\/es\\\/visita-la-iglesia\\\/los-altares\\\/altar-de-la-santa-cruz\\\/\",\"url\":\"https:\\\/\\\/stjames.si\\\/es\\\/visita-la-iglesia\\\/los-altares\\\/altar-de-la-santa-cruz\\\/\",\"name\":\"Altar de la Santa Cruz - Iglesia de Santiago, Liubliana \u2013 Donde la belleza barroca se encuentra con la fe viva\",\"isPartOf\":{\"@id\":\"https:\\\/\\\/stjames.si\\\/es\\\/#website\"},\"datePublished\":\"2025-08-02T17:22:10+00:00\",\"dateModified\":\"2026-04-21T19:23:09+00:00\",\"breadcrumb\":{\"@id\":\"https:\\\/\\\/stjames.si\\\/es\\\/visita-la-iglesia\\\/los-altares\\\/altar-de-la-santa-cruz\\\/#breadcrumb\"},\"inLanguage\":\"es\",\"potentialAction\":[{\"@type\":\"ReadAction\",\"target\":[\"https:\\\/\\\/stjames.si\\\/es\\\/visita-la-iglesia\\\/los-altares\\\/altar-de-la-santa-cruz\\\/\"]}]},{\"@type\":\"BreadcrumbList\",\"@id\":\"https:\\\/\\\/stjames.si\\\/es\\\/visita-la-iglesia\\\/los-altares\\\/altar-de-la-santa-cruz\\\/#breadcrumb\",\"itemListElement\":[{\"@type\":\"ListItem\",\"position\":1,\"name\":\"Home\",\"item\":\"https:\\\/\\\/stjames.si\\\/es\\\/\"},{\"@type\":\"ListItem\",\"position\":2,\"name\":\"Visita la iglesia\",\"item\":\"https:\\\/\\\/stjames.si\\\/es\\\/visita-la-iglesia\\\/\"},{\"@type\":\"ListItem\",\"position\":3,\"name\":\"Los Altares\",\"item\":\"https:\\\/\\\/stjames.si\\\/es\\\/visita-la-iglesia\\\/los-altares\\\/\"},{\"@type\":\"ListItem\",\"position\":4,\"name\":\"Altar de la Santa Cruz\"}]},{\"@type\":\"WebSite\",\"@id\":\"https:\\\/\\\/stjames.si\\\/es\\\/#website\",\"url\":\"https:\\\/\\\/stjames.si\\\/es\\\/\",\"name\":\"Iglesia de Santiago, Liubliana \u2013 Donde la belleza barroca se encuentra con la fe viva\",\"description\":\"\",\"potentialAction\":[{\"@type\":\"SearchAction\",\"target\":{\"@type\":\"EntryPoint\",\"urlTemplate\":\"https:\\\/\\\/stjames.si\\\/es\\\/?s={search_term_string}\"},\"query-input\":{\"@type\":\"PropertyValueSpecification\",\"valueRequired\":true,\"valueName\":\"search_term_string\"}}],\"inLanguage\":\"es\"}]}<\/script>\n<!-- \/ Yoast SEO plugin. -->","yoast_head_json":{"title":"Altar de la Santa Cruz - Iglesia de Santiago, Liubliana \u2013 Donde la belleza barroca se encuentra con la fe viva","robots":{"index":"index","follow":"follow","max-snippet":"max-snippet:-1","max-image-preview":"max-image-preview:large","max-video-preview":"max-video-preview:-1"},"canonical":"https:\/\/stjames.si\/es\/visita-la-iglesia\/los-altares\/altar-de-la-santa-cruz\/","og_locale":"es_ES","og_type":"article","og_title":"Altar de la Santa Cruz - Iglesia de Santiago, Liubliana \u2013 Donde la belleza barroca se encuentra con la fe viva","og_description":"[vc_row margin_top=\u00bb-30px\u00bb][vc_column][vc_single_image image=\u00bb200&#8243; img_size=\u00bbfull\u00bb alignment=\u00bbcenter\u00bb css=\u00bb\u00bb][\/vc_column][\/vc_row][vc_row][vc_column width=\u00bb1\/2&#8243;][vc_single_image image=\u00bb141&#8243; img_size=\u00bbfull\u00bb onclick=\u00bblink_image\u00bb css=\u00bb\u00bb][\/vc_column][vc_column width=\u00bb1\/2&#8243;][vc_column_text css=\u00bb\u00bb]El Altar del Santo Crucifijo, datado en 1678, es uno de los altares barrocos de m\u00e1rmol negro m\u00e1s&hellip;","og_url":"https:\/\/stjames.si\/es\/visita-la-iglesia\/los-altares\/altar-de-la-santa-cruz\/","og_site_name":"Iglesia de Santiago, Liubliana \u2013 Donde la belleza barroca se encuentra con la fe viva","article_modified_time":"2026-04-21T19:23:09+00:00","twitter_card":"summary_large_image","twitter_misc":{"Tiempo de lectura":"4 minutos"},"schema":{"@context":"https:\/\/schema.org","@graph":[{"@type":"WebPage","@id":"https:\/\/stjames.si\/es\/visita-la-iglesia\/los-altares\/altar-de-la-santa-cruz\/","url":"https:\/\/stjames.si\/es\/visita-la-iglesia\/los-altares\/altar-de-la-santa-cruz\/","name":"Altar de la Santa Cruz - Iglesia de Santiago, Liubliana \u2013 Donde la belleza barroca se encuentra con la fe viva","isPartOf":{"@id":"https:\/\/stjames.si\/es\/#website"},"datePublished":"2025-08-02T17:22:10+00:00","dateModified":"2026-04-21T19:23:09+00:00","breadcrumb":{"@id":"https:\/\/stjames.si\/es\/visita-la-iglesia\/los-altares\/altar-de-la-santa-cruz\/#breadcrumb"},"inLanguage":"es","potentialAction":[{"@type":"ReadAction","target":["https:\/\/stjames.si\/es\/visita-la-iglesia\/los-altares\/altar-de-la-santa-cruz\/"]}]},{"@type":"BreadcrumbList","@id":"https:\/\/stjames.si\/es\/visita-la-iglesia\/los-altares\/altar-de-la-santa-cruz\/#breadcrumb","itemListElement":[{"@type":"ListItem","position":1,"name":"Home","item":"https:\/\/stjames.si\/es\/"},{"@type":"ListItem","position":2,"name":"Visita la iglesia","item":"https:\/\/stjames.si\/es\/visita-la-iglesia\/"},{"@type":"ListItem","position":3,"name":"Los Altares","item":"https:\/\/stjames.si\/es\/visita-la-iglesia\/los-altares\/"},{"@type":"ListItem","position":4,"name":"Altar de la Santa Cruz"}]},{"@type":"WebSite","@id":"https:\/\/stjames.si\/es\/#website","url":"https:\/\/stjames.si\/es\/","name":"Iglesia de Santiago, Liubliana \u2013 Donde la belleza barroca se encuentra con la fe viva","description":"","potentialAction":[{"@type":"SearchAction","target":{"@type":"EntryPoint","urlTemplate":"https:\/\/stjames.si\/es\/?s={search_term_string}"},"query-input":{"@type":"PropertyValueSpecification","valueRequired":true,"valueName":"search_term_string"}}],"inLanguage":"es"}]}},"campaignId":"","_links":{"self":[{"href":"https:\/\/stjames.si\/es\/wp-json\/wp\/v2\/pages\/367","targetHints":{"allow":["GET"]}}],"collection":[{"href":"https:\/\/stjames.si\/es\/wp-json\/wp\/v2\/pages"}],"about":[{"href":"https:\/\/stjames.si\/es\/wp-json\/wp\/v2\/types\/page"}],"author":[{"embeddable":true,"href":"https:\/\/stjames.si\/es\/wp-json\/wp\/v2\/users\/1"}],"replies":[{"embeddable":true,"href":"https:\/\/stjames.si\/es\/wp-json\/wp\/v2\/comments?post=367"}],"version-history":[{"count":6,"href":"https:\/\/stjames.si\/es\/wp-json\/wp\/v2\/pages\/367\/revisions"}],"predecessor-version":[{"id":594,"href":"https:\/\/stjames.si\/es\/wp-json\/wp\/v2\/pages\/367\/revisions\/594"}],"up":[{"embeddable":true,"href":"https:\/\/stjames.si\/es\/wp-json\/wp\/v2\/pages\/326"}],"wp:attachment":[{"href":"https:\/\/stjames.si\/es\/wp-json\/wp\/v2\/media?parent=367"}],"curies":[{"name":"wp","href":"https:\/\/api.w.org\/{rel}","templated":true}]}}