{"id":379,"date":"2025-08-02T18:39:00","date_gmt":"2025-08-02T17:39:00","guid":{"rendered":"https:\/\/stjames.si\/es\/?page_id=379"},"modified":"2025-08-15T06:35:57","modified_gmt":"2025-08-15T05:35:57","slug":"zivi-kamni-piedras-vivas-pietre-vive-en-liubliana","status":"publish","type":"page","link":"https:\/\/stjames.si\/es\/zivi-kamni-piedras-vivas-pietre-vive-en-liubliana\/","title":{"rendered":"\u017divi kamni &#8211; Piedras Vivas (Pietre Vive) en Liubliana"},"content":{"rendered":"<div class=\"wpb-content-wrapper\"><p>[vc_row][vc_column width=\u00bb2\/3&#8243;][vc_column_text css=\u00bb\u00bb]<strong>Live Stones<\/strong>, conocido internacionalmente como\u00a0<strong>Pietre Vive<\/strong>, es una red ignaciana global de j\u00f3venes que combinan fe, arte y cultura. Su misi\u00f3n es ayudar a los visitantes a descubrir los tesoros espirituales y art\u00edsticos ocultos en iglesias hist\u00f3ricas mediante visitas guiadas, reflexi\u00f3n y narraci\u00f3n.<\/p>\n<p>Los voluntarios \u2013principalmente estudiantes y j\u00f3venes profesionales\u2013 reciben formaci\u00f3n para ofrecer visitas inspiradoras sobre arte y arquitectura sagrada, dando vida a las iglesias al explicar su simbolismo espiritual, historia y detalles art\u00edsticos.<\/p>\n<p>Una de las iglesias donde Live Stones ofrece visitas guiadas es la\u00a0<strong>Iglesia de Santiago (Cerkev sv. Jakoba)<\/strong>, una joya barroca de Liubliana. Su enfoque no es solo proporcionar hechos hist\u00f3ricos, sino invitar a los visitantes a una experiencia m\u00e1s profunda, viendo la iglesia como una \u201cpiedra viva\u201d de fe y cultura.[\/vc_column_text][\/vc_column][vc_column width=\u00bb1\/3&#8243;][vc_single_image image=\u00bb154&#8243; img_size=\u00bbfull\u00bb onclick=\u00bbcustom_link\u00bb img_link_target=\u00bb_blank\u00bb css=\u00bb\u00bb link=\u00bbhttps:\/\/www.facebook.com\/profile.php?id=100086993143116&#8243;][\/vc_column][\/vc_row][vc_row type=\u00bb2&#8243; padding_top=\u00bb60px\u00bb padding_bottom=\u00bb30px\u00bb][vc_column width=\u00bb1\/3&#8243;][vc_single_image image=\u00bb156&#8243; img_size=\u00bbfull\u00bb css=\u00bb\u00bb][\/vc_column][vc_column width=\u00bb1\/3&#8243;][vc_single_image image=\u00bb157&#8243; img_size=\u00bbfull\u00bb css=\u00bb\u00bb][\/vc_column][vc_column width=\u00bb1\/3&#8243;][vc_single_image image=\u00bb155&#8243; img_size=\u00bbfull\u00bb css=\u00bb\u00bb][\/vc_column][\/vc_row][vc_row margin_top=\u00bb60px\u00bb][vc_column width=\u00bb2\/3&#8243;][vc_column_text css=\u00bb\u00bb]<\/p>\n<h3 data-start=\"1091\" data-end=\"1120\"><strong>Red Internacional<\/strong><\/h3>\n<p data-start=\"1091\" data-end=\"1120\">El movimiento comenz\u00f3 en Italia y ahora est\u00e1 presente en m\u00e1s de 40 ciudades de Europa y m\u00e1s all\u00e1. Cada grupo local comparte la misma visi\u00f3n: unir arte, espiritualidad y cultura contempor\u00e1nea, haciendo que los espacios sagrados sean m\u00e1s accesibles y significativos tanto para locales como para turistas.<\/p>\n<p>[\/vc_column_text][\/vc_column][vc_column width=\u00bb1\/3&#8243;][vc_single_image image=\u00bb138&#8243; img_size=\u00bbfull\u00bb onclick=\u00bbcustom_link\u00bb img_link_target=\u00bb_blank\u00bb css=\u00bb\u00bb link=\u00bbhttps:\/\/www.pietre-vive.org\/\u00bb][\/vc_column][\/vc_row]<\/p>\n<\/div>","protected":false},"excerpt":{"rendered":"<p>[vc_row][vc_column width=\u00bb2\/3&#8243;][vc_column_text css=\u00bb\u00bb]Live Stones, conocido internacionalmente como\u00a0Pietre Vive, es una red ignaciana global de j\u00f3venes que combinan fe, arte y cultura. Su misi\u00f3n es ayudar a los visitantes a descubrir&hellip;<\/p>\n","protected":false},"author":1,"featured_media":0,"parent":0,"menu_order":0,"comment_status":"closed","ping_status":"closed","template":"","meta":{"give_campaign_id":0,"footnotes":""},"class_list":["post-379","page","type-page","status-publish","hentry","description-off"],"yoast_head":"<!-- This site is optimized with the Yoast SEO plugin v27.4 - https:\/\/yoast.com\/product\/yoast-seo-wordpress\/ -->\n<title>\u017divi kamni - Piedras Vivas (Pietre Vive) en Liubliana - Iglesia de Santiago, Liubliana \u2013 Donde la belleza barroca se encuentra con la fe viva<\/title>\n<meta name=\"robots\" content=\"index, follow, max-snippet:-1, max-image-preview:large, max-video-preview:-1\" \/>\n<link rel=\"canonical\" href=\"https:\/\/stjames.si\/es\/zivi-kamni-piedras-vivas-pietre-vive-en-liubliana\/\" \/>\n<meta property=\"og:locale\" content=\"es_ES\" \/>\n<meta property=\"og:type\" content=\"article\" \/>\n<meta property=\"og:title\" content=\"\u017divi kamni - Piedras Vivas (Pietre Vive) en Liubliana - Iglesia de Santiago, Liubliana \u2013 Donde la belleza barroca se encuentra con la fe viva\" \/>\n<meta property=\"og:description\" content=\"[vc_row][vc_column width=\u00bb2\/3&#8243;][vc_column_text css=\u00bb\u00bb]Live Stones, conocido internacionalmente como\u00a0Pietre Vive, es una red ignaciana global de j\u00f3venes que combinan fe, arte y cultura. Su misi\u00f3n es ayudar a los visitantes a descubrir&hellip;\" \/>\n<meta property=\"og:url\" content=\"https:\/\/stjames.si\/es\/zivi-kamni-piedras-vivas-pietre-vive-en-liubliana\/\" \/>\n<meta property=\"og:site_name\" content=\"Iglesia de Santiago, Liubliana \u2013 Donde la belleza barroca se encuentra con la fe viva\" \/>\n<meta property=\"article:modified_time\" content=\"2025-08-15T05:35:57+00:00\" \/>\n<meta name=\"twitter:card\" content=\"summary_large_image\" \/>\n<meta name=\"twitter:label1\" content=\"Tiempo de lectura\" \/>\n\t<meta name=\"twitter:data1\" content=\"2 minutos\" \/>\n<script type=\"application\/ld+json\" class=\"yoast-schema-graph\">{\"@context\":\"https:\\\/\\\/schema.org\",\"@graph\":[{\"@type\":\"WebPage\",\"@id\":\"https:\\\/\\\/stjames.si\\\/es\\\/zivi-kamni-piedras-vivas-pietre-vive-en-liubliana\\\/\",\"url\":\"https:\\\/\\\/stjames.si\\\/es\\\/zivi-kamni-piedras-vivas-pietre-vive-en-liubliana\\\/\",\"name\":\"\u017divi kamni - Piedras Vivas (Pietre Vive) en Liubliana - Iglesia de Santiago, Liubliana \u2013 Donde la belleza barroca se encuentra con la fe viva\",\"isPartOf\":{\"@id\":\"https:\\\/\\\/stjames.si\\\/es\\\/#website\"},\"datePublished\":\"2025-08-02T17:39:00+00:00\",\"dateModified\":\"2025-08-15T05:35:57+00:00\",\"breadcrumb\":{\"@id\":\"https:\\\/\\\/stjames.si\\\/es\\\/zivi-kamni-piedras-vivas-pietre-vive-en-liubliana\\\/#breadcrumb\"},\"inLanguage\":\"es\",\"potentialAction\":[{\"@type\":\"ReadAction\",\"target\":[\"https:\\\/\\\/stjames.si\\\/es\\\/zivi-kamni-piedras-vivas-pietre-vive-en-liubliana\\\/\"]}]},{\"@type\":\"BreadcrumbList\",\"@id\":\"https:\\\/\\\/stjames.si\\\/es\\\/zivi-kamni-piedras-vivas-pietre-vive-en-liubliana\\\/#breadcrumb\",\"itemListElement\":[{\"@type\":\"ListItem\",\"position\":1,\"name\":\"Home\",\"item\":\"https:\\\/\\\/stjames.si\\\/es\\\/\"},{\"@type\":\"ListItem\",\"position\":2,\"name\":\"\u017divi kamni &#8211; Piedras Vivas (Pietre Vive) en Liubliana\"}]},{\"@type\":\"WebSite\",\"@id\":\"https:\\\/\\\/stjames.si\\\/es\\\/#website\",\"url\":\"https:\\\/\\\/stjames.si\\\/es\\\/\",\"name\":\"Iglesia de Santiago, Liubliana \u2013 Donde la belleza barroca se encuentra con la fe viva\",\"description\":\"\",\"potentialAction\":[{\"@type\":\"SearchAction\",\"target\":{\"@type\":\"EntryPoint\",\"urlTemplate\":\"https:\\\/\\\/stjames.si\\\/es\\\/?s={search_term_string}\"},\"query-input\":{\"@type\":\"PropertyValueSpecification\",\"valueRequired\":true,\"valueName\":\"search_term_string\"}}],\"inLanguage\":\"es\"}]}<\/script>\n<!-- \/ Yoast SEO plugin. -->","yoast_head_json":{"title":"\u017divi kamni - Piedras Vivas (Pietre Vive) en Liubliana - Iglesia de Santiago, Liubliana \u2013 Donde la belleza barroca se encuentra con la fe viva","robots":{"index":"index","follow":"follow","max-snippet":"max-snippet:-1","max-image-preview":"max-image-preview:large","max-video-preview":"max-video-preview:-1"},"canonical":"https:\/\/stjames.si\/es\/zivi-kamni-piedras-vivas-pietre-vive-en-liubliana\/","og_locale":"es_ES","og_type":"article","og_title":"\u017divi kamni - Piedras Vivas (Pietre Vive) en Liubliana - Iglesia de Santiago, Liubliana \u2013 Donde la belleza barroca se encuentra con la fe viva","og_description":"[vc_row][vc_column width=\u00bb2\/3&#8243;][vc_column_text css=\u00bb\u00bb]Live Stones, conocido internacionalmente como\u00a0Pietre Vive, es una red ignaciana global de j\u00f3venes que combinan fe, arte y cultura. Su misi\u00f3n es ayudar a los visitantes a descubrir&hellip;","og_url":"https:\/\/stjames.si\/es\/zivi-kamni-piedras-vivas-pietre-vive-en-liubliana\/","og_site_name":"Iglesia de Santiago, Liubliana \u2013 Donde la belleza barroca se encuentra con la fe viva","article_modified_time":"2025-08-15T05:35:57+00:00","twitter_card":"summary_large_image","twitter_misc":{"Tiempo de lectura":"2 minutos"},"schema":{"@context":"https:\/\/schema.org","@graph":[{"@type":"WebPage","@id":"https:\/\/stjames.si\/es\/zivi-kamni-piedras-vivas-pietre-vive-en-liubliana\/","url":"https:\/\/stjames.si\/es\/zivi-kamni-piedras-vivas-pietre-vive-en-liubliana\/","name":"\u017divi kamni - Piedras Vivas (Pietre Vive) en Liubliana - Iglesia de Santiago, Liubliana \u2013 Donde la belleza barroca se encuentra con la fe viva","isPartOf":{"@id":"https:\/\/stjames.si\/es\/#website"},"datePublished":"2025-08-02T17:39:00+00:00","dateModified":"2025-08-15T05:35:57+00:00","breadcrumb":{"@id":"https:\/\/stjames.si\/es\/zivi-kamni-piedras-vivas-pietre-vive-en-liubliana\/#breadcrumb"},"inLanguage":"es","potentialAction":[{"@type":"ReadAction","target":["https:\/\/stjames.si\/es\/zivi-kamni-piedras-vivas-pietre-vive-en-liubliana\/"]}]},{"@type":"BreadcrumbList","@id":"https:\/\/stjames.si\/es\/zivi-kamni-piedras-vivas-pietre-vive-en-liubliana\/#breadcrumb","itemListElement":[{"@type":"ListItem","position":1,"name":"Home","item":"https:\/\/stjames.si\/es\/"},{"@type":"ListItem","position":2,"name":"\u017divi kamni &#8211; Piedras Vivas (Pietre Vive) en Liubliana"}]},{"@type":"WebSite","@id":"https:\/\/stjames.si\/es\/#website","url":"https:\/\/stjames.si\/es\/","name":"Iglesia de Santiago, Liubliana \u2013 Donde la belleza barroca se encuentra con la fe viva","description":"","potentialAction":[{"@type":"SearchAction","target":{"@type":"EntryPoint","urlTemplate":"https:\/\/stjames.si\/es\/?s={search_term_string}"},"query-input":{"@type":"PropertyValueSpecification","valueRequired":true,"valueName":"search_term_string"}}],"inLanguage":"es"}]}},"campaignId":"","_links":{"self":[{"href":"https:\/\/stjames.si\/es\/wp-json\/wp\/v2\/pages\/379","targetHints":{"allow":["GET"]}}],"collection":[{"href":"https:\/\/stjames.si\/es\/wp-json\/wp\/v2\/pages"}],"about":[{"href":"https:\/\/stjames.si\/es\/wp-json\/wp\/v2\/types\/page"}],"author":[{"embeddable":true,"href":"https:\/\/stjames.si\/es\/wp-json\/wp\/v2\/users\/1"}],"replies":[{"embeddable":true,"href":"https:\/\/stjames.si\/es\/wp-json\/wp\/v2\/comments?post=379"}],"version-history":[{"count":5,"href":"https:\/\/stjames.si\/es\/wp-json\/wp\/v2\/pages\/379\/revisions"}],"predecessor-version":[{"id":567,"href":"https:\/\/stjames.si\/es\/wp-json\/wp\/v2\/pages\/379\/revisions\/567"}],"wp:attachment":[{"href":"https:\/\/stjames.si\/es\/wp-json\/wp\/v2\/media?parent=379"}],"curies":[{"name":"wp","href":"https:\/\/api.w.org\/{rel}","templated":true}]}}