{"id":287,"date":"2025-08-02T15:41:01","date_gmt":"2025-08-02T14:41:01","guid":{"rendered":"https:\/\/stjames.si\/fr\/?page_id=287"},"modified":"2025-08-09T14:23:32","modified_gmt":"2025-08-09T13:23:32","slug":"offices-religieux","status":"publish","type":"page","link":"https:\/\/stjames.si\/fr\/offices-religieux\/","title":{"rendered":"Offices religieux"},"content":{"rendered":"<div class=\"wpb-content-wrapper\"><p>[vc_row][vc_column width=\u00a0\u00bb1\/3&Prime;][vc_column_text css=\u00a0\u00bb\u00a0\u00bb]<\/p>\n<h3>Entrez. Trouvez la paix.<\/h3>\n<p>Vous \u00eates chaleureusement invit\u00e9 \u00e0 entrer. Laissez derri\u00e8re vous le bruit du monde. Asseyez-vous dans le silence. Respirez. Laissez votre c\u0153ur se reposer.<\/p>\n<p>Que vous veniez avec des questions, des fardeaux, de la gratitude ou de l\u2019espoir \u2013 cet espace est pour vous.<\/p>\n<p>Allumez une bougie. Dites une pri\u00e8re. Ou soyez simplement pr\u00e9sent.<\/p>\n<p>Vous n\u2019\u00eates pas seul. Dieu est proche. Bienvenue.<\/p>\n<p>[\/vc_column_text][\/vc_column][vc_column width=\u00a0\u00bb1\/3&Prime;][vc_single_image image=\u00a0\u00bb201&Prime; img_size=\u00a0\u00bbfull\u00a0\u00bb onclick=\u00a0\u00bblink_image\u00a0\u00bb css=\u00a0\u00bb\u00a0\u00bb][\/vc_column][vc_column width=\u00a0\u00bb1\/3&Prime;][vc_column_text css=\u00a0\u00bb.vc_custom_1754745783815{padding-top: 30px !important;padding-right: 30px !important;padding-bottom: 30px !important;padding-left: 30px !important;background-color: #A79469 !important;}\u00a0\u00bb]<\/p>\n<h3><span style=\"color: #ffffff;\">Messes<\/span><\/h3>\n<p><span style=\"color: #ffffff;\">En semaine : 18h30<\/span><br \/><span style=\"color: #ffffff;\">Dimanches et jours de f\u00eate :<\/span><br \/><span style=\"color: #ffffff;\">08h00 \u2013 Messe chant\u00e9e par la chorale paroissiale<\/span><br \/><span style=\"color: #ffffff;\">09h30 \u2013 Messe familiale<\/span><br \/><span style=\"color: #ffffff;\">18h30 \u2013 Messe du soir<\/span><br \/><span style=\"color: #ffffff;\">11h30 \u2013 Messe en espagnol (chaque troisi\u00e8me dimanche du mois)<\/span><\/p>\n<p>[\/vc_column_text][\/vc_column][\/vc_row][vc_row type=\u00a0\u00bb1&Prime; margin_bottom=\u00a0\u00bb-70px\u00a0\u00bb][vc_column][vc_column_text css=\u00a0\u00bb.vc_custom_1754745707598{padding-top: 30px !important;}\u00a0\u00bb]<\/p>\n<h3><strong>M\u00e9ditations pr\u00e8s des autels dans l\u2019\u00e9glise Saint-Jacques<\/strong><\/h3>\n<p>[\/vc_column_text][vc_basic_grid post_type=\u00a0\u00bbpost\u00a0\u00bb max_items=\u00a0\u00bb10&Prime; style=\u00a0\u00bbpagination\u00a0\u00bb items_per_page=\u00a0\u00bb3&Prime; order=\u00a0\u00bbASC\u00a0\u00bb arrows_design=\u00a0\u00bbvc_arrow-icon-arrow_01_left\u00a0\u00bb arrows_color=\u00a0\u00bbchino\u00a0\u00bb item=\u00a0\u00bbmasonryGrid_GoTop\u00a0\u00bb css=\u00a0\u00bb\u00a0\u00bb grid_id=\u00a0\u00bbvc_gid:1754745065458-21efa921-4d60-8&Prime; taxonomies=\u00a0\u00bb3&Prime;][vc_single_image image=\u00a0\u00bb213&Prime; img_size=\u00a0\u00bbfull\u00a0\u00bb alignment=\u00a0\u00bbcenter\u00a0\u00bb css=\u00a0\u00bb.vc_custom_1754745743927{margin-top: -30px !important;}\u00a0\u00bb image_hovers=\u00a0\u00bbfalse\u00a0\u00bb][\/vc_column][\/vc_row]<\/p>\n<\/div>","protected":false},"excerpt":{"rendered":"<p>[vc_row][vc_column width=\u00a0\u00bb1\/3&Prime;][vc_column_text css=\u00a0\u00bb\u00a0\u00bb] Entrez. Trouvez la paix. Vous \u00eates chaleureusement invit\u00e9 \u00e0 entrer. Laissez derri\u00e8re vous le bruit du monde. Asseyez-vous dans le silence. Respirez. Laissez votre c\u0153ur se reposer.&hellip;<\/p>\n","protected":false},"author":1,"featured_media":0,"parent":0,"menu_order":0,"comment_status":"closed","ping_status":"closed","template":"","meta":{"give_campaign_id":0,"footnotes":""},"class_list":["post-287","page","type-page","status-publish","hentry","description-off"],"yoast_head":"<!-- This site is optimized with the Yoast SEO plugin v27.5 - https:\/\/yoast.com\/product\/yoast-seo-wordpress\/ -->\n<title>Offices religieux - \u00c9glise Saint-Jacques, Ljubljana \u2013 O\u00f9 la beaut\u00e9 baroque rencontre la foi vivante<\/title>\n<meta name=\"robots\" content=\"index, follow, max-snippet:-1, max-image-preview:large, max-video-preview:-1\" \/>\n<link rel=\"canonical\" href=\"https:\/\/stjames.si\/fr\/offices-religieux\/\" \/>\n<meta property=\"og:locale\" content=\"fr_FR\" \/>\n<meta property=\"og:type\" content=\"article\" \/>\n<meta property=\"og:title\" content=\"Offices religieux - \u00c9glise Saint-Jacques, Ljubljana \u2013 O\u00f9 la beaut\u00e9 baroque rencontre la foi vivante\" \/>\n<meta property=\"og:description\" content=\"[vc_row][vc_column width=\u00a0\u00bb1\/3&Prime;][vc_column_text css=\u00a0\u00bb\u00a0\u00bb] Entrez. Trouvez la paix. Vous \u00eates chaleureusement invit\u00e9 \u00e0 entrer. Laissez derri\u00e8re vous le bruit du monde. Asseyez-vous dans le silence. Respirez. Laissez votre c\u0153ur se reposer.&hellip;\" \/>\n<meta property=\"og:url\" content=\"https:\/\/stjames.si\/fr\/offices-religieux\/\" \/>\n<meta property=\"og:site_name\" content=\"\u00c9glise Saint-Jacques, Ljubljana \u2013 O\u00f9 la beaut\u00e9 baroque rencontre la foi vivante\" \/>\n<meta property=\"article:modified_time\" content=\"2025-08-09T13:23:32+00:00\" \/>\n<meta name=\"twitter:card\" content=\"summary_large_image\" \/>\n<meta name=\"twitter:label1\" content=\"Dur\u00e9e de lecture estim\u00e9e\" \/>\n\t<meta name=\"twitter:data1\" content=\"2 minutes\" \/>\n<script type=\"application\/ld+json\" class=\"yoast-schema-graph\">{\"@context\":\"https:\\\/\\\/schema.org\",\"@graph\":[{\"@type\":\"WebPage\",\"@id\":\"https:\\\/\\\/stjames.si\\\/fr\\\/offices-religieux\\\/\",\"url\":\"https:\\\/\\\/stjames.si\\\/fr\\\/offices-religieux\\\/\",\"name\":\"Offices religieux - \u00c9glise Saint-Jacques, Ljubljana \u2013 O\u00f9 la beaut\u00e9 baroque rencontre la foi vivante\",\"isPartOf\":{\"@id\":\"https:\\\/\\\/stjames.si\\\/fr\\\/#website\"},\"datePublished\":\"2025-08-02T14:41:01+00:00\",\"dateModified\":\"2025-08-09T13:23:32+00:00\",\"breadcrumb\":{\"@id\":\"https:\\\/\\\/stjames.si\\\/fr\\\/offices-religieux\\\/#breadcrumb\"},\"inLanguage\":\"fr-FR\",\"potentialAction\":[{\"@type\":\"ReadAction\",\"target\":[\"https:\\\/\\\/stjames.si\\\/fr\\\/offices-religieux\\\/\"]}]},{\"@type\":\"BreadcrumbList\",\"@id\":\"https:\\\/\\\/stjames.si\\\/fr\\\/offices-religieux\\\/#breadcrumb\",\"itemListElement\":[{\"@type\":\"ListItem\",\"position\":1,\"name\":\"Home\",\"item\":\"https:\\\/\\\/stjames.si\\\/fr\\\/\"},{\"@type\":\"ListItem\",\"position\":2,\"name\":\"Offices religieux\"}]},{\"@type\":\"WebSite\",\"@id\":\"https:\\\/\\\/stjames.si\\\/fr\\\/#website\",\"url\":\"https:\\\/\\\/stjames.si\\\/fr\\\/\",\"name\":\"\u00c9glise Saint-Jacques, Ljubljana \u2013 O\u00f9 la beaut\u00e9 baroque rencontre la foi vivante\",\"description\":\"\",\"potentialAction\":[{\"@type\":\"SearchAction\",\"target\":{\"@type\":\"EntryPoint\",\"urlTemplate\":\"https:\\\/\\\/stjames.si\\\/fr\\\/?s={search_term_string}\"},\"query-input\":{\"@type\":\"PropertyValueSpecification\",\"valueRequired\":true,\"valueName\":\"search_term_string\"}}],\"inLanguage\":\"fr-FR\"}]}<\/script>\n<!-- \/ Yoast SEO plugin. -->","yoast_head_json":{"title":"Offices religieux - \u00c9glise Saint-Jacques, Ljubljana \u2013 O\u00f9 la beaut\u00e9 baroque rencontre la foi vivante","robots":{"index":"index","follow":"follow","max-snippet":"max-snippet:-1","max-image-preview":"max-image-preview:large","max-video-preview":"max-video-preview:-1"},"canonical":"https:\/\/stjames.si\/fr\/offices-religieux\/","og_locale":"fr_FR","og_type":"article","og_title":"Offices religieux - \u00c9glise Saint-Jacques, Ljubljana \u2013 O\u00f9 la beaut\u00e9 baroque rencontre la foi vivante","og_description":"[vc_row][vc_column width=\u00a0\u00bb1\/3&Prime;][vc_column_text css=\u00a0\u00bb\u00a0\u00bb] Entrez. Trouvez la paix. Vous \u00eates chaleureusement invit\u00e9 \u00e0 entrer. Laissez derri\u00e8re vous le bruit du monde. Asseyez-vous dans le silence. Respirez. Laissez votre c\u0153ur se reposer.&hellip;","og_url":"https:\/\/stjames.si\/fr\/offices-religieux\/","og_site_name":"\u00c9glise Saint-Jacques, Ljubljana \u2013 O\u00f9 la beaut\u00e9 baroque rencontre la foi vivante","article_modified_time":"2025-08-09T13:23:32+00:00","twitter_card":"summary_large_image","twitter_misc":{"Dur\u00e9e de lecture estim\u00e9e":"2 minutes"},"schema":{"@context":"https:\/\/schema.org","@graph":[{"@type":"WebPage","@id":"https:\/\/stjames.si\/fr\/offices-religieux\/","url":"https:\/\/stjames.si\/fr\/offices-religieux\/","name":"Offices religieux - \u00c9glise Saint-Jacques, Ljubljana \u2013 O\u00f9 la beaut\u00e9 baroque rencontre la foi vivante","isPartOf":{"@id":"https:\/\/stjames.si\/fr\/#website"},"datePublished":"2025-08-02T14:41:01+00:00","dateModified":"2025-08-09T13:23:32+00:00","breadcrumb":{"@id":"https:\/\/stjames.si\/fr\/offices-religieux\/#breadcrumb"},"inLanguage":"fr-FR","potentialAction":[{"@type":"ReadAction","target":["https:\/\/stjames.si\/fr\/offices-religieux\/"]}]},{"@type":"BreadcrumbList","@id":"https:\/\/stjames.si\/fr\/offices-religieux\/#breadcrumb","itemListElement":[{"@type":"ListItem","position":1,"name":"Home","item":"https:\/\/stjames.si\/fr\/"},{"@type":"ListItem","position":2,"name":"Offices religieux"}]},{"@type":"WebSite","@id":"https:\/\/stjames.si\/fr\/#website","url":"https:\/\/stjames.si\/fr\/","name":"\u00c9glise Saint-Jacques, Ljubljana \u2013 O\u00f9 la beaut\u00e9 baroque rencontre la foi vivante","description":"","potentialAction":[{"@type":"SearchAction","target":{"@type":"EntryPoint","urlTemplate":"https:\/\/stjames.si\/fr\/?s={search_term_string}"},"query-input":{"@type":"PropertyValueSpecification","valueRequired":true,"valueName":"search_term_string"}}],"inLanguage":"fr-FR"}]}},"campaignId":"","_links":{"self":[{"href":"https:\/\/stjames.si\/fr\/wp-json\/wp\/v2\/pages\/287","targetHints":{"allow":["GET"]}}],"collection":[{"href":"https:\/\/stjames.si\/fr\/wp-json\/wp\/v2\/pages"}],"about":[{"href":"https:\/\/stjames.si\/fr\/wp-json\/wp\/v2\/types\/page"}],"author":[{"embeddable":true,"href":"https:\/\/stjames.si\/fr\/wp-json\/wp\/v2\/users\/1"}],"replies":[{"embeddable":true,"href":"https:\/\/stjames.si\/fr\/wp-json\/wp\/v2\/comments?post=287"}],"version-history":[{"count":5,"href":"https:\/\/stjames.si\/fr\/wp-json\/wp\/v2\/pages\/287\/revisions"}],"predecessor-version":[{"id":497,"href":"https:\/\/stjames.si\/fr\/wp-json\/wp\/v2\/pages\/287\/revisions\/497"}],"wp:attachment":[{"href":"https:\/\/stjames.si\/fr\/wp-json\/wp\/v2\/media?parent=287"}],"curies":[{"name":"wp","href":"https:\/\/api.w.org\/{rel}","templated":true}]}}