{"id":292,"date":"2025-08-02T15:49:03","date_gmt":"2025-08-02T14:49:03","guid":{"rendered":"https:\/\/stjames.si\/fr\/?page_id=292"},"modified":"2025-08-16T12:02:25","modified_gmt":"2025-08-16T11:02:25","slug":"contacts-2","status":"publish","type":"page","link":"https:\/\/stjames.si\/fr\/contacts-2\/","title":{"rendered":"Contacts"},"content":{"rendered":"<div class=\"wpb-content-wrapper\"><p>[vc_row][vc_column][vc_single_image image=\u00a0\u00bb212&Prime; img_size=\u00a0\u00bbfull\u00a0\u00bb alignment=\u00a0\u00bbcenter\u00a0\u00bb css=\u00a0\u00bb\u00a0\u00bb][\/vc_column][\/vc_row][vc_row][vc_column width=\u00a0\u00bb1\/3&Prime;][vc_column_text css=\u00a0\u00bb.vc_custom_1754747104081{padding-top: 30px !important;padding-right: 30px !important;padding-bottom: 30px !important;padding-left: 30px !important;background-color: #A79469 !important;}\u00a0\u00bb]<span style=\"color: #ffffff;\"><strong>Paroisse Saint-Jacques \u2013 Ljubljana<\/strong><\/span><br \/>\n<span style=\"color: #ffffff;\">Gornji trg 18 \/ Ro\u017ena ulica 2<\/span><br \/>\n<span style=\"color: #ffffff;\">1000 Ljubljana<\/span><\/p>\n<p><span style=\"color: #ffffff;\">Courriel :\u00a0<a class=\"fui-Link ___w5et180 f2hkw1w f3rmtva f1ewtqcl fyind8e f1k6fduh f1w7gpdv f1mo0ibp fjoy568 ff5ikls f1s184ao f1mk8lai fnbmjn9 f1o700av f13mvf36 f1cmlufx f9n3di6 f1ids18y f1tx3yz7 f1deo86v f1eh06m1 f1iescvh fhgqx19 f1olyrje f1p93eir f1nev41a\" style=\"color: #ffffff;\" tabindex=\"0\" href=\"mailto:sv.jakob.lj@gmail.com\" target=\"_blank\" rel=\"noopener\" data-tabster=\"{&quot;restorer&quot;:{&quot;type&quot;:1}}\">sv.jakob.lj@gmail.com<\/a><\/span><br \/>\n<span style=\"color: #ffffff;\">Num\u00e9ro fiscal : 91814987<\/span><br \/>\n<span style=\"color: #ffffff;\">Num\u00e9ro d\u2019enregistrement : 1431226000<\/span><br \/>\n<span style=\"color: #ffffff;\">Num\u00e9ro de compte : SI56 0205 1025 4641 775, NLB<\/span>[\/vc_column_text][\/vc_column][vc_column width=\u00a0\u00bb1\/3&Prime;][vc_column_text css=\u00a0\u00bb.vc_custom_1754747122417{padding-top: 30px !important;padding-right: 30px !important;padding-bottom: 30px !important;padding-left: 30px !important;background-color: #A79469 !important;}\u00a0\u00bb]<span style=\"color: #ffffff;\"><strong>Bienvenue au presbyt\u00e8re :<\/strong><\/span><\/p>\n<p><span style=\"color: #ffffff;\">Le moyen le plus simple de contacter l\u2019administrateur paroissial<\/span><br \/>\n<span style=\"color: #ffffff;\">est par t\u00e9l\u00e9phone ou SMS : +386 64 178 014.<\/span><\/p>\n<p><span style=\"color: #ffffff;\">Je suis au bureau : sur rendez-vous.<\/span>[\/vc_column_text][\/vc_column][vc_column width=\u00a0\u00bb1\/3&Prime;][vc_column_text css=\u00a0\u00bb.vc_custom_1755342141205{padding-top: 30px !important;padding-right: 30px !important;padding-bottom: 30px !important;padding-left: 30px !important;background-color: #A79469 !important;}\u00a0\u00bb el_id=\u00a0\u00bbwhitetext\u00a0\u00bb]<span style=\"color: #ffffff;\"><strong>Pr\u00eatres :<\/strong><\/span><\/p>\n<p><span style=\"color: #ffffff;\">Administrateur paroissial :<\/span><br \/>\n<span style=\"color: #ffffff;\">P. Toma\u017e Miku\u0161, +386 64 178 014<\/span><br \/>\n<span style=\"color: #ffffff;\"><a class=\"fui-Link ___w5et180 f2hkw1w f3rmtva f1ewtqcl fyind8e f1k6fduh f1w7gpdv f1mo0ibp fjoy568 ff5ikls f1s184ao f1mk8lai fnbmjn9 f1o700av f13mvf36 f1cmlufx f9n3di6 f1ids18y f1tx3yz7 f1deo86v f1eh06m1 f1iescvh fhgqx19 f1olyrje f1p93eir f1nev41a\" style=\"color: #ffffff;\" tabindex=\"0\" href=\"mailto:tomaz.mikus@gmail.com\" target=\"_blank\" rel=\"noopener\" data-tabster=\"{&quot;restorer&quot;:{&quot;type&quot;:1}}\">tomaz.mikus@gmail.com<\/a><\/span><\/p>\n<p><span style=\"color: #ffffff;\">Les personnes suivantes vivent \u00e9galement dans la communaut\u00e9 j\u00e9suite du presbyt\u00e8re :<\/span><\/p>\n<ul>\n<li><span style=\"color: #ffffff;\">P. Beno Lavrih, +386 41 264 800<\/span><br \/>\n<span style=\"color: #ffffff;\"><a class=\"fui-Link ___w5et180 f2hkw1w f3rmtva f1ewtqcl fyind8e f1k6fduh f1w7gpdv f1mo0ibp fjoy568 ff5ikls f1s184ao f1mk8lai fnbmjn9 f1o700av f13mvf36 f1cmlufx f9n3di6 f1ids18y f1tx3yz7 f1deo86v f1eh06m1 f1iescvh fhgqx19 f1olyrje f1p93eir f1nev41a\" style=\"color: #ffffff;\" tabindex=\"0\" href=\"mailto:beno.lavrih@rkc.si\" target=\"_blank\" rel=\"noopener\" data-tabster=\"{&quot;restorer&quot;:{&quot;type&quot;:1}}\">beno.lavrih@rkc.si<\/a><\/span><\/li>\n<li><span style=\"color: #ffffff;\">P. Jo\u017ee Kokalj, cur\u00e9 \u00e9m\u00e9rite, +386 41 603 810<\/span><\/li>\n<li><span style=\"color: #ffffff;\">P. Miran \u017dvanut, provincial de la province slov\u00e8ne de la Compagnie de J\u00e9sus<\/span><\/li>\n<\/ul>\n<p>[\/vc_column_text][\/vc_column][\/vc_row][vc_row type=\u00a0\u00bb2&Prime; margin_top=\u00a0\u00bb50px\u00a0\u00bb margin_bottom=\u00a0\u00bb-70px\u00a0\u00bb padding_top=\u00a0\u00bb60px\u00a0\u00bb padding_bottom=\u00a0\u00bb30px\u00a0\u00bb css=\u00a0\u00bb.vc_custom_1753614473478{margin-bottom: -70px !important;}\u00a0\u00bb][vc_column]<style type=\"text\/css\" data-type=\"the7_shortcodes-inline-css\">.gallery-carousel-shortcode.gallery-carousel-shortcode-id-356e318da860a19ccd3bfe36a7f564ab.owl-carousel .owl-nav div {\n  width: 36px;\n  height: 36px;\n  border-radius: 500px;\n}\n.dt-arrow-border-on.gallery-carousel-shortcode.gallery-carousel-shortcode-id-356e318da860a19ccd3bfe36a7f564ab.owl-carousel .owl-nav div:not(:hover):before {\n  border-width: 0px;\n}\n.dt-arrow-hover-border-on.gallery-carousel-shortcode.gallery-carousel-shortcode-id-356e318da860a19ccd3bfe36a7f564ab.owl-carousel .owl-nav div:hover:after {\n  border-width: 0px;\n}\n.gallery-carousel-shortcode.gallery-carousel-shortcode-id-356e318da860a19ccd3bfe36a7f564ab.owl-carousel .owl-nav div.owl-prev {\n  top: 50%;\n  transform: translateY(calc(-50% + 0px));\n  left: -43px;\n}\n@media all and (-ms-high-contrast: none) {\n  .gallery-carousel-shortcode.gallery-carousel-shortcode-id-356e318da860a19ccd3bfe36a7f564ab.owl-carousel .owl-nav div.owl-prev {\n    transform: translateY(-50%);\n    margin-top: 0px;\n  }\n}\n.gallery-carousel-shortcode.gallery-carousel-shortcode-id-356e318da860a19ccd3bfe36a7f564ab.owl-carousel .owl-nav div.owl-prev i {\n  padding: 0px 0px 0px 0px;\n}\n.gallery-carousel-shortcode.gallery-carousel-shortcode-id-356e318da860a19ccd3bfe36a7f564ab.owl-carousel .owl-nav div.owl-next {\n  top: 50%;\n  transform: translateY(calc(-50% + 0px));\n  right: -43px;\n}\n@media all and (-ms-high-contrast: none) {\n  .gallery-carousel-shortcode.gallery-carousel-shortcode-id-356e318da860a19ccd3bfe36a7f564ab.owl-carousel .owl-nav div.owl-next {\n    transform: translateY(-50%);\n    margin-top: 0px;\n  }\n}\n.gallery-carousel-shortcode.gallery-carousel-shortcode-id-356e318da860a19ccd3bfe36a7f564ab.owl-carousel .owl-nav div.owl-next i {\n  padding: 0px 0px 0px 0px;\n}\n.gallery-carousel-shortcode.gallery-carousel-shortcode-id-356e318da860a19ccd3bfe36a7f564ab.owl-carousel .owl-nav i {\n  font-size: 18px;\n}\n.gallery-carousel-shortcode.gallery-carousel-shortcode-id-356e318da860a19ccd3bfe36a7f564ab.owl-carousel .owl-nav div:not(:hover) i,\n.gallery-carousel-shortcode.gallery-carousel-shortcode-id-356e318da860a19ccd3bfe36a7f564ab.owl-carousel .owl-nav div:not(:hover) i:before {\n  color: #ffffff;\n  background: none;\n}\n.gallery-carousel-shortcode.gallery-carousel-shortcode-id-356e318da860a19ccd3bfe36a7f564ab.owl-carousel .owl-nav div:hover i,\n.gallery-carousel-shortcode.gallery-carousel-shortcode-id-356e318da860a19ccd3bfe36a7f564ab.owl-carousel .owl-nav div:hover i:before {\n  color: rgba(255,255,255,0.75);\n  background: none;\n}\n.gallery-carousel-shortcode.gallery-carousel-shortcode-id-356e318da860a19ccd3bfe36a7f564ab .owl-dots {\n  top: calc(100% + 20px);\n  left: 50%;\n  transform: translateX(calc(-50% + 0px));\n}\n@media all and (-ms-high-contrast: none) {\n  .gallery-carousel-shortcode.gallery-carousel-shortcode-id-356e318da860a19ccd3bfe36a7f564ab .owl-dots {\n    transform: translateX(-50%);\n    margin-left: 0px;\n  }\n}\n.gallery-carousel-shortcode.gallery-carousel-shortcode-id-356e318da860a19ccd3bfe36a7f564ab .owl-dot {\n  width: 10px;\n  height: 10px;\n  margin: 0 8px;\n}\n@media screen and (max-width: 778px) {\n  .gallery-carousel-shortcode.gallery-carousel-shortcode-id-356e318da860a19ccd3bfe36a7f564ab.hide-arrows .owl-nav a {\n    display: none;\n  }\n}\n@media screen and (max-width: 778px) {\n  .gallery-carousel-shortcode.gallery-carousel-shortcode-id-356e318da860a19ccd3bfe36a7f564ab.reposition-arrows .owl-nav .owl-prev {\n    top: 50%;\n    transform: translateY(calc(-50% + 0px));\n    left: 10px;\n  }\n  .gallery-carousel-shortcode.gallery-carousel-shortcode-id-356e318da860a19ccd3bfe36a7f564ab.reposition-arrows .owl-nav .owl-next {\n    top: 50%;\n    transform: translateY(calc(-50% + 0px));\n    right: 10px;\n  }\n}\n@media screen and (max-width: 778px) and all and (-ms-high-contrast: none) {\n  .gallery-carousel-shortcode.gallery-carousel-shortcode-id-356e318da860a19ccd3bfe36a7f564ab.reposition-arrows .owl-nav .owl-prev {\n    transform: translateY(-50%);\n    margin-top: 0px;\n  }\n}\n@media screen and (max-width: 778px) and all and (-ms-high-contrast: none) {\n  .gallery-carousel-shortcode.gallery-carousel-shortcode-id-356e318da860a19ccd3bfe36a7f564ab.reposition-arrows .owl-nav .owl-next {\n    transform: translateY(-50%);\n    margin-top: 0px;\n  }\n}\n.gallery-carousel-shortcode.gallery-carousel-shortcode-id-356e318da860a19ccd3bfe36a7f564ab figure,\n.gallery-carousel-shortcode.gallery-carousel-shortcode-id-356e318da860a19ccd3bfe36a7f564ab .rollover,\n.gallery-carousel-shortcode.gallery-carousel-shortcode-id-356e318da860a19ccd3bfe36a7f564ab img,\n.gallery-carousel-shortcode.gallery-carousel-shortcode-id-356e318da860a19ccd3bfe36a7f564ab .gallery-rollover {\n  border-radius: 0px;\n}\n.gallery-carousel-shortcode.gallery-carousel-shortcode-id-356e318da860a19ccd3bfe36a7f564ab.enable-bg-rollover .gallery-rollover {\n  background: -webkit-linear-gradient();\n  background: linear-gradient();\n}\n.gallery-carousel-shortcode.gallery-carousel-shortcode-id-356e318da860a19ccd3bfe36a7f564ab.enable-img-shadow .owl-stage-outer {\n  padding: 14px 0;\n}\n.gallery-carousel-shortcode.gallery-carousel-shortcode-id-356e318da860a19ccd3bfe36a7f564ab.enable-bg-rollover.hover-scale figure .rollover:after {\n  background: -webkit-linear-gradient();\n  background: linear-gradient();\n}\n.gallery-carousel-shortcode.gallery-carousel-shortcode-id-356e318da860a19ccd3bfe36a7f564ab.gallery-shortcode .gallery-zoom-ico {\n  width: 44px;\n  height: 44px;\n  line-height: 44px;\n  border-radius: 100px;\n  margin: -22px 0 0 -22px;\n  border-width: 0px;\n}\n.dt-icon-bg-on.gallery-carousel-shortcode.gallery-carousel-shortcode-id-356e318da860a19ccd3bfe36a7f564ab.gallery-shortcode .gallery-zoom-ico {\n  background: rgba(255,255,255,0.3);\n  box-shadow: none;\n}\n.gallery-carousel-shortcode.gallery-carousel-shortcode-id-356e318da860a19ccd3bfe36a7f564ab.gallery-shortcode .gallery-zoom-ico:before,\n.gallery-carousel-shortcode.gallery-carousel-shortcode-id-356e318da860a19ccd3bfe36a7f564ab.gallery-shortcode .gallery-zoom-ico span {\n  font-size: 32px;\n  line-height: 44px;\n  color: #ffffff;\n  background: none;\n}<\/style><div class=\"owl-carousel gallery-carousel-shortcode gallery-shortcode  dt-gallery-container dt-owl-carousel-call gallery-carousel-shortcode-id-356e318da860a19ccd3bfe36a7f564ab quick-scale-img enable-bg-rollover meta-info-off dt-arrow-border-on dt-arrow-hover-border-on bullets-small-dot-stroke reposition-arrows dt-icon-bg-off arrows-bg-on disable-arrows-hover-bg arrows-hover-bg-on  vc_custom_1754747068236 hover-fade \" data-scroll-mode=\"1\" data-col-num=\"5\" data-wide-col-num=\"5\" data-laptop-col=\"5\" data-h-tablet-columns-num=\"4\" data-v-tablet-columns-num=\"3\" data-phone-columns-num=\"1\" data-col-gap=\"10\" data-stage-padding=\"0\" data-speed=\"600\" data-autoplay=\"false\" data-autoplay_speed=\"6000\" data-arrows=\"true\" data-bullet=\"false\" data-next-icon=\"icon-ar-017-r\" data-prev-icon=\"icon-ar-017-l\" data-img-shadow-size=\"12px\" data-img-shadow-spread=\"3px\"><div data-post-id=\"120\" data-date=\"2025-08-01T19:43:01+01:00\" data-name=\"AND_6878\"><figure class=\"post\"><a href=\"https:\/\/stjames.si\/fr\/wp-content\/uploads\/sites\/15\/2025\/08\/AND_6878.jpg\" class=\"rollover dt-pswp-item layzr-bg\" data-large_image_width=\"1000\" data-large_image_height=\"1500\" data-dt-img-description=\"\" title=\"AND_6878\"><img fetchpriority=\"high\" decoding=\"async\" class=\"preload-me owl-lazy-load aspect\" src=\"data:image\/svg+xml,%3Csvg%20xmlns%3D&#39;http%3A%2F%2Fwww.w3.org%2F2000%2Fsvg&#39;%20viewBox%3D&#39;0%200%201000%201500&#39;%2F%3E\" data-src=\"https:\/\/stjames.si\/fr\/wp-content\/uploads\/sites\/15\/2025\/08\/AND_6878.jpg\" data-srcset=\"https:\/\/stjames.si\/fr\/wp-content\/uploads\/sites\/15\/2025\/08\/AND_6878.jpg 1000w\" loading=\"eager\" style=\"--ratio: 1000 \/ 1500\" sizes=\"(max-width: 1000px) 100vw, 1000px\" alt=\"\" width=\"1000\" height=\"1500\"  \/><span class=\"gallery-rollover\"><span class=\"gallery-zoom-ico icomoon-the7-font-the7-zoom-06\"><span><\/span><\/span><\/span><\/a><\/figure><\/div><div data-post-id=\"124\" data-date=\"2025-08-01T19:43:16+01:00\" data-name=\"AND_6916\"><figure class=\"post\"><a href=\"https:\/\/stjames.si\/fr\/wp-content\/uploads\/sites\/15\/2025\/08\/AND_6916.jpg\" class=\"rollover dt-pswp-item layzr-bg\" data-large_image_width=\"1000\" data-large_image_height=\"1500\" data-dt-img-description=\"\" title=\"AND_6916\"><img decoding=\"async\" class=\"preload-me owl-lazy-load aspect\" src=\"data:image\/svg+xml,%3Csvg%20xmlns%3D&#39;http%3A%2F%2Fwww.w3.org%2F2000%2Fsvg&#39;%20viewBox%3D&#39;0%200%201000%201500&#39;%2F%3E\" data-src=\"https:\/\/stjames.si\/fr\/wp-content\/uploads\/sites\/15\/2025\/08\/AND_6916.jpg\" data-srcset=\"https:\/\/stjames.si\/fr\/wp-content\/uploads\/sites\/15\/2025\/08\/AND_6916.jpg 1000w\" loading=\"eager\" style=\"--ratio: 1000 \/ 1500\" sizes=\"(max-width: 1000px) 100vw, 1000px\" alt=\"\" width=\"1000\" height=\"1500\"  \/><span class=\"gallery-rollover\"><span class=\"gallery-zoom-ico icomoon-the7-font-the7-zoom-06\"><span><\/span><\/span><\/span><\/a><\/figure><\/div><div data-post-id=\"123\" data-date=\"2025-08-01T19:43:13+01:00\" data-name=\"AND_6905\"><figure class=\"post\"><a href=\"https:\/\/stjames.si\/fr\/wp-content\/uploads\/sites\/15\/2025\/08\/AND_6905.jpg\" class=\"rollover dt-pswp-item layzr-bg\" data-large_image_width=\"1000\" data-large_image_height=\"1500\" data-dt-img-description=\"\" title=\"AND_6905\"><img decoding=\"async\" class=\"preload-me owl-lazy-load aspect\" src=\"data:image\/svg+xml,%3Csvg%20xmlns%3D&#39;http%3A%2F%2Fwww.w3.org%2F2000%2Fsvg&#39;%20viewBox%3D&#39;0%200%201000%201500&#39;%2F%3E\" data-src=\"https:\/\/stjames.si\/fr\/wp-content\/uploads\/sites\/15\/2025\/08\/AND_6905.jpg\" data-srcset=\"https:\/\/stjames.si\/fr\/wp-content\/uploads\/sites\/15\/2025\/08\/AND_6905.jpg 1000w\" loading=\"eager\" style=\"--ratio: 1000 \/ 1500\" sizes=\"(max-width: 1000px) 100vw, 1000px\" alt=\"\" width=\"1000\" height=\"1500\"  \/><span class=\"gallery-rollover\"><span class=\"gallery-zoom-ico icomoon-the7-font-the7-zoom-06\"><span><\/span><\/span><\/span><\/a><\/figure><\/div><div data-post-id=\"121\" data-date=\"2025-08-01T19:43:06+01:00\" data-name=\"AND_6893\"><figure class=\"post\"><a href=\"https:\/\/stjames.si\/fr\/wp-content\/uploads\/sites\/15\/2025\/08\/AND_6893.jpg\" class=\"rollover dt-pswp-item layzr-bg\" data-large_image_width=\"1333\" data-large_image_height=\"2000\" data-dt-img-description=\"\" title=\"AND_6893\"><img decoding=\"async\" class=\"preload-me owl-lazy-load aspect\" src=\"data:image\/svg+xml,%3Csvg%20xmlns%3D&#39;http%3A%2F%2Fwww.w3.org%2F2000%2Fsvg&#39;%20viewBox%3D&#39;0%200%201333%202000&#39;%2F%3E\" data-src=\"https:\/\/stjames.si\/fr\/wp-content\/uploads\/sites\/15\/2025\/08\/AND_6893.jpg\" data-srcset=\"https:\/\/stjames.si\/fr\/wp-content\/uploads\/sites\/15\/2025\/08\/AND_6893.jpg 1333w\" loading=\"eager\" style=\"--ratio: 1333 \/ 2000\" sizes=\"(max-width: 1333px) 100vw, 1333px\" alt=\"\" width=\"1333\" height=\"2000\"  \/><span class=\"gallery-rollover\"><span class=\"gallery-zoom-ico icomoon-the7-font-the7-zoom-06\"><span><\/span><\/span><\/span><\/a><\/figure><\/div><div data-post-id=\"122\" data-date=\"2025-08-01T19:43:10+01:00\" data-name=\"AND_6895\"><figure class=\"post\"><a href=\"https:\/\/stjames.si\/fr\/wp-content\/uploads\/sites\/15\/2025\/08\/AND_6895.jpg\" class=\"rollover dt-pswp-item layzr-bg\" data-large_image_width=\"1000\" data-large_image_height=\"1500\" data-dt-img-description=\"\" title=\"AND_6895\"><img decoding=\"async\" class=\"preload-me owl-lazy-load aspect\" src=\"data:image\/svg+xml,%3Csvg%20xmlns%3D&#39;http%3A%2F%2Fwww.w3.org%2F2000%2Fsvg&#39;%20viewBox%3D&#39;0%200%201000%201500&#39;%2F%3E\" data-src=\"https:\/\/stjames.si\/fr\/wp-content\/uploads\/sites\/15\/2025\/08\/AND_6895.jpg\" data-srcset=\"https:\/\/stjames.si\/fr\/wp-content\/uploads\/sites\/15\/2025\/08\/AND_6895.jpg 1000w\" loading=\"eager\" style=\"--ratio: 1000 \/ 1500\" sizes=\"(max-width: 1000px) 100vw, 1000px\" alt=\"\" width=\"1000\" height=\"1500\"  \/><span class=\"gallery-rollover\"><span class=\"gallery-zoom-ico icomoon-the7-font-the7-zoom-06\"><span><\/span><\/span><\/span><\/a><\/figure><\/div><div data-post-id=\"125\" data-date=\"2025-08-01T19:43:19+01:00\" data-name=\"AND_6925\"><figure class=\"post\"><a href=\"https:\/\/stjames.si\/fr\/wp-content\/uploads\/sites\/15\/2025\/08\/AND_6925.jpg\" class=\"rollover dt-pswp-item layzr-bg\" data-large_image_width=\"1000\" data-large_image_height=\"1500\" data-dt-img-description=\"\" title=\"AND_6925\"><img decoding=\"async\" class=\"preload-me owl-lazy-load aspect\" src=\"data:image\/svg+xml,%3Csvg%20xmlns%3D&#39;http%3A%2F%2Fwww.w3.org%2F2000%2Fsvg&#39;%20viewBox%3D&#39;0%200%201000%201500&#39;%2F%3E\" data-src=\"https:\/\/stjames.si\/fr\/wp-content\/uploads\/sites\/15\/2025\/08\/AND_6925.jpg\" data-srcset=\"https:\/\/stjames.si\/fr\/wp-content\/uploads\/sites\/15\/2025\/08\/AND_6925.jpg 1000w\" loading=\"eager\" style=\"--ratio: 1000 \/ 1500\" sizes=\"(max-width: 1000px) 100vw, 1000px\" alt=\"\" width=\"1000\" height=\"1500\"  \/><span class=\"gallery-rollover\"><span class=\"gallery-zoom-ico icomoon-the7-font-the7-zoom-06\"><span><\/span><\/span><\/span><\/a><\/figure><\/div><div data-post-id=\"119\" data-date=\"2025-08-01T19:42:58+01:00\" data-name=\"AND_6874\"><figure class=\"post\"><a href=\"https:\/\/stjames.si\/fr\/wp-content\/uploads\/sites\/15\/2025\/08\/AND_6874.jpg\" class=\"rollover dt-pswp-item layzr-bg\" data-large_image_width=\"1000\" data-large_image_height=\"1500\" data-dt-img-description=\"\" title=\"AND_6874\"><img decoding=\"async\" class=\"preload-me owl-lazy-load aspect\" src=\"data:image\/svg+xml,%3Csvg%20xmlns%3D&#39;http%3A%2F%2Fwww.w3.org%2F2000%2Fsvg&#39;%20viewBox%3D&#39;0%200%201000%201500&#39;%2F%3E\" data-src=\"https:\/\/stjames.si\/fr\/wp-content\/uploads\/sites\/15\/2025\/08\/AND_6874.jpg\" data-srcset=\"https:\/\/stjames.si\/fr\/wp-content\/uploads\/sites\/15\/2025\/08\/AND_6874.jpg 1000w\" loading=\"eager\" style=\"--ratio: 1000 \/ 1500\" sizes=\"(max-width: 1000px) 100vw, 1000px\" alt=\"\" width=\"1000\" height=\"1500\"  \/><span class=\"gallery-rollover\"><span class=\"gallery-zoom-ico icomoon-the7-font-the7-zoom-06\"><span><\/span><\/span><\/span><\/a><\/figure><\/div><\/div>[vc_single_image image=\u00a0\u00bb244&Prime; img_size=\u00a0\u00bbfull\u00a0\u00bb alignment=\u00a0\u00bbcenter\u00a0\u00bb css=\u00a0\u00bb\u00a0\u00bb image_hovers=\u00a0\u00bbfalse\u00a0\u00bb][\/vc_column][\/vc_row]<\/p>\n<\/div>","protected":false},"excerpt":{"rendered":"<p>[vc_row][vc_column][vc_single_image image=\u00a0\u00bb212&Prime; img_size=\u00a0\u00bbfull\u00a0\u00bb alignment=\u00a0\u00bbcenter\u00a0\u00bb css=\u00a0\u00bb\u00a0\u00bb][\/vc_column][\/vc_row][vc_row][vc_column width=\u00a0\u00bb1\/3&Prime;][vc_column_text css=\u00a0\u00bb.vc_custom_1754747104081{padding-top: 30px !important;padding-right: 30px !important;padding-bottom: 30px !important;padding-left: 30px !important;background-color: #A79469 !important;}\u00a0\u00bb]Paroisse Saint-Jacques \u2013 Ljubljana Gornji trg 18 \/ Ro\u017ena ulica 2 1000 Ljubljana Courriel&hellip;<\/p>\n","protected":false},"author":1,"featured_media":0,"parent":0,"menu_order":0,"comment_status":"closed","ping_status":"closed","template":"","meta":{"give_campaign_id":0,"footnotes":""},"class_list":["post-292","page","type-page","status-publish","hentry","description-off"],"yoast_head":"<!-- This site is optimized with the Yoast SEO plugin v27.4 - https:\/\/yoast.com\/product\/yoast-seo-wordpress\/ -->\n<title>Contacts - \u00c9glise Saint-Jacques, Ljubljana \u2013 O\u00f9 la beaut\u00e9 baroque rencontre la foi vivante<\/title>\n<meta name=\"robots\" content=\"index, follow, max-snippet:-1, max-image-preview:large, max-video-preview:-1\" \/>\n<link rel=\"canonical\" href=\"https:\/\/stjames.si\/fr\/contacts-2\/\" \/>\n<meta property=\"og:locale\" content=\"fr_FR\" \/>\n<meta property=\"og:type\" content=\"article\" \/>\n<meta property=\"og:title\" content=\"Contacts - \u00c9glise Saint-Jacques, Ljubljana \u2013 O\u00f9 la beaut\u00e9 baroque rencontre la foi vivante\" \/>\n<meta property=\"og:description\" content=\"[vc_row][vc_column][vc_single_image image=\u00a0\u00bb212&Prime; img_size=\u00a0\u00bbfull\u00a0\u00bb alignment=\u00a0\u00bbcenter\u00a0\u00bb css=\u00a0\u00bb\u00a0\u00bb][\/vc_column][\/vc_row][vc_row][vc_column width=\u00a0\u00bb1\/3&Prime;][vc_column_text css=\u00a0\u00bb.vc_custom_1754747104081{padding-top: 30px !important;padding-right: 30px !important;padding-bottom: 30px !important;padding-left: 30px !important;background-color: #A79469 !important;}\u00a0\u00bb]Paroisse Saint-Jacques \u2013 Ljubljana Gornji trg 18 \/ Ro\u017ena ulica 2 1000 Ljubljana Courriel&hellip;\" \/>\n<meta property=\"og:url\" content=\"https:\/\/stjames.si\/fr\/contacts-2\/\" \/>\n<meta property=\"og:site_name\" content=\"\u00c9glise Saint-Jacques, Ljubljana \u2013 O\u00f9 la beaut\u00e9 baroque rencontre la foi vivante\" \/>\n<meta property=\"article:modified_time\" content=\"2025-08-16T11:02:25+00:00\" \/>\n<meta name=\"twitter:card\" content=\"summary_large_image\" \/>\n<meta name=\"twitter:label1\" content=\"Dur\u00e9e de lecture estim\u00e9e\" \/>\n\t<meta name=\"twitter:data1\" content=\"1 minute\" \/>\n<script type=\"application\/ld+json\" class=\"yoast-schema-graph\">{\"@context\":\"https:\\\/\\\/schema.org\",\"@graph\":[{\"@type\":\"WebPage\",\"@id\":\"https:\\\/\\\/stjames.si\\\/fr\\\/contacts-2\\\/\",\"url\":\"https:\\\/\\\/stjames.si\\\/fr\\\/contacts-2\\\/\",\"name\":\"Contacts - \u00c9glise Saint-Jacques, Ljubljana \u2013 O\u00f9 la beaut\u00e9 baroque rencontre la foi vivante\",\"isPartOf\":{\"@id\":\"https:\\\/\\\/stjames.si\\\/fr\\\/#website\"},\"datePublished\":\"2025-08-02T14:49:03+00:00\",\"dateModified\":\"2025-08-16T11:02:25+00:00\",\"breadcrumb\":{\"@id\":\"https:\\\/\\\/stjames.si\\\/fr\\\/contacts-2\\\/#breadcrumb\"},\"inLanguage\":\"fr-FR\",\"potentialAction\":[{\"@type\":\"ReadAction\",\"target\":[\"https:\\\/\\\/stjames.si\\\/fr\\\/contacts-2\\\/\"]}]},{\"@type\":\"BreadcrumbList\",\"@id\":\"https:\\\/\\\/stjames.si\\\/fr\\\/contacts-2\\\/#breadcrumb\",\"itemListElement\":[{\"@type\":\"ListItem\",\"position\":1,\"name\":\"Home\",\"item\":\"https:\\\/\\\/stjames.si\\\/fr\\\/\"},{\"@type\":\"ListItem\",\"position\":2,\"name\":\"Contacts\"}]},{\"@type\":\"WebSite\",\"@id\":\"https:\\\/\\\/stjames.si\\\/fr\\\/#website\",\"url\":\"https:\\\/\\\/stjames.si\\\/fr\\\/\",\"name\":\"\u00c9glise Saint-Jacques, Ljubljana \u2013 O\u00f9 la beaut\u00e9 baroque rencontre la foi vivante\",\"description\":\"\",\"potentialAction\":[{\"@type\":\"SearchAction\",\"target\":{\"@type\":\"EntryPoint\",\"urlTemplate\":\"https:\\\/\\\/stjames.si\\\/fr\\\/?s={search_term_string}\"},\"query-input\":{\"@type\":\"PropertyValueSpecification\",\"valueRequired\":true,\"valueName\":\"search_term_string\"}}],\"inLanguage\":\"fr-FR\"}]}<\/script>\n<!-- \/ Yoast SEO plugin. -->","yoast_head_json":{"title":"Contacts - \u00c9glise Saint-Jacques, Ljubljana \u2013 O\u00f9 la beaut\u00e9 baroque rencontre la foi vivante","robots":{"index":"index","follow":"follow","max-snippet":"max-snippet:-1","max-image-preview":"max-image-preview:large","max-video-preview":"max-video-preview:-1"},"canonical":"https:\/\/stjames.si\/fr\/contacts-2\/","og_locale":"fr_FR","og_type":"article","og_title":"Contacts - \u00c9glise Saint-Jacques, Ljubljana \u2013 O\u00f9 la beaut\u00e9 baroque rencontre la foi vivante","og_description":"[vc_row][vc_column][vc_single_image image=\u00a0\u00bb212&Prime; img_size=\u00a0\u00bbfull\u00a0\u00bb alignment=\u00a0\u00bbcenter\u00a0\u00bb css=\u00a0\u00bb\u00a0\u00bb][\/vc_column][\/vc_row][vc_row][vc_column width=\u00a0\u00bb1\/3&Prime;][vc_column_text css=\u00a0\u00bb.vc_custom_1754747104081{padding-top: 30px !important;padding-right: 30px !important;padding-bottom: 30px !important;padding-left: 30px !important;background-color: #A79469 !important;}\u00a0\u00bb]Paroisse Saint-Jacques \u2013 Ljubljana Gornji trg 18 \/ Ro\u017ena ulica 2 1000 Ljubljana Courriel&hellip;","og_url":"https:\/\/stjames.si\/fr\/contacts-2\/","og_site_name":"\u00c9glise Saint-Jacques, Ljubljana \u2013 O\u00f9 la beaut\u00e9 baroque rencontre la foi vivante","article_modified_time":"2025-08-16T11:02:25+00:00","twitter_card":"summary_large_image","twitter_misc":{"Dur\u00e9e de lecture estim\u00e9e":"1 minute"},"schema":{"@context":"https:\/\/schema.org","@graph":[{"@type":"WebPage","@id":"https:\/\/stjames.si\/fr\/contacts-2\/","url":"https:\/\/stjames.si\/fr\/contacts-2\/","name":"Contacts - \u00c9glise Saint-Jacques, Ljubljana \u2013 O\u00f9 la beaut\u00e9 baroque rencontre la foi vivante","isPartOf":{"@id":"https:\/\/stjames.si\/fr\/#website"},"datePublished":"2025-08-02T14:49:03+00:00","dateModified":"2025-08-16T11:02:25+00:00","breadcrumb":{"@id":"https:\/\/stjames.si\/fr\/contacts-2\/#breadcrumb"},"inLanguage":"fr-FR","potentialAction":[{"@type":"ReadAction","target":["https:\/\/stjames.si\/fr\/contacts-2\/"]}]},{"@type":"BreadcrumbList","@id":"https:\/\/stjames.si\/fr\/contacts-2\/#breadcrumb","itemListElement":[{"@type":"ListItem","position":1,"name":"Home","item":"https:\/\/stjames.si\/fr\/"},{"@type":"ListItem","position":2,"name":"Contacts"}]},{"@type":"WebSite","@id":"https:\/\/stjames.si\/fr\/#website","url":"https:\/\/stjames.si\/fr\/","name":"\u00c9glise Saint-Jacques, Ljubljana \u2013 O\u00f9 la beaut\u00e9 baroque rencontre la foi vivante","description":"","potentialAction":[{"@type":"SearchAction","target":{"@type":"EntryPoint","urlTemplate":"https:\/\/stjames.si\/fr\/?s={search_term_string}"},"query-input":{"@type":"PropertyValueSpecification","valueRequired":true,"valueName":"search_term_string"}}],"inLanguage":"fr-FR"}]}},"campaignId":"","_links":{"self":[{"href":"https:\/\/stjames.si\/fr\/wp-json\/wp\/v2\/pages\/292","targetHints":{"allow":["GET"]}}],"collection":[{"href":"https:\/\/stjames.si\/fr\/wp-json\/wp\/v2\/pages"}],"about":[{"href":"https:\/\/stjames.si\/fr\/wp-json\/wp\/v2\/types\/page"}],"author":[{"embeddable":true,"href":"https:\/\/stjames.si\/fr\/wp-json\/wp\/v2\/users\/1"}],"replies":[{"embeddable":true,"href":"https:\/\/stjames.si\/fr\/wp-json\/wp\/v2\/comments?post=292"}],"version-history":[{"count":4,"href":"https:\/\/stjames.si\/fr\/wp-json\/wp\/v2\/pages\/292\/revisions"}],"predecessor-version":[{"id":557,"href":"https:\/\/stjames.si\/fr\/wp-json\/wp\/v2\/pages\/292\/revisions\/557"}],"wp:attachment":[{"href":"https:\/\/stjames.si\/fr\/wp-json\/wp\/v2\/media?parent=292"}],"curies":[{"name":"wp","href":"https:\/\/api.w.org\/{rel}","templated":true}]}}