{"id":295,"date":"2025-08-02T15:53:15","date_gmt":"2025-08-02T14:53:15","guid":{"rendered":"https:\/\/stjames.si\/fr\/?page_id=295"},"modified":"2025-08-09T15:30:28","modified_gmt":"2025-08-09T14:30:28","slug":"histoire","status":"publish","type":"page","link":"https:\/\/stjames.si\/fr\/histoire\/","title":{"rendered":"Histoire"},"content":{"rendered":"<div class=\"wpb-content-wrapper\"><p>[vc_row type=\u00a0\u00bb2&Prime; margin_top=\u00a0\u00bb-70px\u00a0\u00bb padding_top=\u00a0\u00bb30px\u00a0\u00bb css=\u00a0\u00bb.vc_custom_1751206441488{margin-bottom: -30px !important;}\u00a0\u00bb][vc_column][vc_single_image image=\u00a0\u00bb215&Prime; img_size=\u00a0\u00bbfull\u00a0\u00bb alignment=\u00a0\u00bbcenter\u00a0\u00bb css=\u00a0\u00bb\u00a0\u00bb image_hovers=\u00a0\u00bbfalse\u00a0\u00bb][\/vc_column][\/vc_row][vc_row type=\u00a0\u00bb2&Prime; margin_top=\u00a0\u00bb-30px\u00a0\u00bb padding_top=\u00a0\u00bb40px\u00a0\u00bb padding_bottom=\u00a0\u00bb30px\u00a0\u00bb][vc_column width=\u00a0\u00bb1\/3&Prime;]<div tabindex=\"0\" class=\"ult-new-ib ult-ib-effect-style13 roundcorners ult-ib-resp  \" data-min-width=\"768\" data-max-width=\"900\" style=\"background:#000000;\" data-opacity=\"0.7\" data-hover-opacity=\"0.5\" ><img decoding=\"async\" class=\"ult-new-ib-img\" style=\"opacity:0.7;\" alt=\"null\" src=\"https:\/\/stjames.si\/wp-content\/uploads\/2025\/07\/history_jesuits.jpg\"   \/><div id=\"interactive-banner-wrap-1382\" class=\"ult-new-ib-desc\" style=\"\"><h1 class=\"ult-new-ib-title ult-responsive\"  data-ultimate-target='#interactive-banner-wrap-1382 .ult-new-ib-title'  data-responsive-json-new='{\"font-size\":\"desktop:28px;\",\"line-height\":\"desktop:28px;\"}'  style=\"font-weight:bold;\">Br\u00e8ve histoire de la Compagnie de J\u00e9sus \u2013 les J\u00e9suites<\/h1><div class=\"ult-new-ib-content ult-responsive\"  data-ultimate-target='#interactive-banner-wrap-1382 .ult-new-ib-content'  data-responsive-json-new='{\"font-size\":\"desktop:20px;\",\"line-height\":\"desktop:23px;\"}'  style=\"font-weight:normal;color:#FFFFFF;\"><p>En janvier 1597, les trois premiers j\u00e9suites arriv\u00e8rent \u00e0 Ljubljana depuis Graz...<\/p><\/div><\/div><a class=\"ult-new-ib-link\" href=\"https:\/\/stjames.si\/fr\/histoire\/breve-histoire-de-la-compagnie-de-jesus-les-jesuites\/\" title=\"Br\u00e8ve histoire de la Compagnie de J\u00e9sus \u2013 les J\u00e9suites\"  ><\/a><\/div>[\/vc_column][vc_column width=\u00a0\u00bb1\/3&Prime;]<div tabindex=\"0\" class=\"ult-new-ib ult-ib-effect-style13 roundcorners ult-ib-resp  \" data-min-width=\"768\" data-max-width=\"900\" style=\"background:#000000;\" data-opacity=\"0.7\" data-hover-opacity=\"0.5\" ><img decoding=\"async\" class=\"ult-new-ib-img\" style=\"opacity:0.7;\" alt=\"null\" src=\"https:\/\/stjames.si\/wp-content\/uploads\/2025\/07\/history_church.jpg\"   \/><div id=\"interactive-banner-wrap-5980\" class=\"ult-new-ib-desc\" style=\"\"><h1 class=\"ult-new-ib-title ult-responsive\"  data-ultimate-target='#interactive-banner-wrap-5980 .ult-new-ib-title'  data-responsive-json-new='{\"font-size\":\"desktop:28px;\",\"line-height\":\"desktop:28px;\"}'  style=\"font-weight:bold;\">Histoire de l\u2019\u00e9glise<\/h1><div class=\"ult-new-ib-content ult-responsive\"  data-ultimate-target='#interactive-banner-wrap-5980 .ult-new-ib-content'  data-responsive-json-new='{\"font-size\":\"desktop:20px;\",\"line-height\":\"desktop:23px;\"}'  style=\"font-weight:normal;color:#FFFFFF;\"><p>Origines gothiques primitives (XVe si\u00e8cle) : L\u2019\u00e9glise baroque actuelle se trouve sur le site d\u2019une ancienne \u00e9glise gothique construite par les chanoines augustins au d\u00e9but des ann\u00e9es 1400.<\/p><\/div><\/div><a class=\"ult-new-ib-link\" href=\"https:\/\/stjames.si\/fr\/histoire\/histoire-de-leglise\/\" title=\"Histoire de l\u2019\u00e9glise\"  ><\/a><\/div>[\/vc_column][vc_column width=\u00a0\u00bb1\/3&Prime;]<div tabindex=\"0\" class=\"ult-new-ib ult-ib-effect-style13 roundcorners ult-ib-resp  \" data-min-width=\"768\" data-max-width=\"900\" style=\"background:#000000;\" data-opacity=\"0.7\" data-hover-opacity=\"0.5\" ><img decoding=\"async\" class=\"ult-new-ib-img\" style=\"opacity:0.7;\" alt=\"null\" src=\"https:\/\/stjames.si\/wp-content\/uploads\/2025\/07\/organ2.jpg\"   \/><div id=\"interactive-banner-wrap-2737\" class=\"ult-new-ib-desc\" style=\"\"><h1 class=\"ult-new-ib-title ult-responsive\"  data-ultimate-target='#interactive-banner-wrap-2737 .ult-new-ib-title'  data-responsive-json-new='{\"font-size\":\"desktop:28px;\",\"line-height\":\"desktop:28px;\"}'  style=\"font-weight:bold;\">Histoire des orgues<\/h1><div class=\"ult-new-ib-content ult-responsive\"  data-ultimate-target='#interactive-banner-wrap-2737 .ult-new-ib-content'  data-responsive-json-new='{\"font-size\":\"desktop:20px;\",\"line-height\":\"desktop:23px;\"}'  style=\"font-weight:normal;color:#FFFFFF;\"><p>La premi\u00e8re mention d\u2019orgues dans l\u2019\u00e9glise Saint-Jacques remonte \u00e0 1600.<\/p><\/div><\/div><a class=\"ult-new-ib-link\" href=\"https:\/\/stjames.si\/fr\/histoire\/orgue\/\" title=\"Histoire des orgues\"  ><\/a><\/div>[\/vc_column][\/vc_row][vc_row type=\u00a0\u00bb2&Prime; padding_top=\u00a0\u00bb30px\u00a0\u00bb css=\u00a0\u00bb.vc_custom_1752690832069{margin-bottom: -30px !important;}\u00a0\u00bb][vc_column][vc_column_text css=\u00a0\u00bb\u00a0\u00bb el_class=\u00a0\u00bbbodyfont\u00a0\u00bb]<span style=\"font-size: 14pt;\">L\u2019\u00e9glise Saint-Jacques est l\u2019une des plus anciennes et des plus importantes de Ljubljana. La premi\u00e8re \u00e9glise sur ce site, construite vers 1513 par des moines augustins, fut remplac\u00e9e lorsque les j\u00e9suites arriv\u00e8rent en 1597. Ils d\u00e9molirent la structure gothique et construisirent une nouvelle \u00e9glise baroque entre 1613 et 1615, l\u2019un des premiers b\u00e2timents baroques de la ville.<\/span><\/p>\n<p><span style=\"font-size: 14pt;\">L\u2019int\u00e9rieur refl\u00e8te un riche style baroque avec des chapelles lat\u00e9rales, des autels et des \u0153uvres d\u2019art r\u00e9alis\u00e9es par des artistes renomm\u00e9s de l\u2019\u00e9poque. Au fil des si\u00e8cles, l\u2019\u00e9glise a subi plusieurs restaurations, notamment apr\u00e8s des tremblements de terre, tout en conservant son caract\u00e8re historique et sa signification spirituelle.<\/span><\/p>\n<p><span style=\"font-size: 14pt;\">Situ\u00e9e \u00e0 l\u2019extr\u00e9mit\u00e9 de Mestni trg, l\u2019\u00e9glise Saint-Jacques se distingue par sa fa\u00e7ade \u00e9l\u00e9gante, son int\u00e9rieur spacieux et ses \u0153uvres d\u2019art pr\u00e9cieuses, en faisant une \u00e9tape incontournable pour ceux qui explorent le patrimoine religieux et culturel de Ljubljana.<\/span>[\/vc_column_text][\/vc_column][\/vc_row][vc_row type=\u00a0\u00bb2&Prime; margin_bottom=\u00a0\u00bb-70px\u00a0\u00bb padding_top=\u00a0\u00bb30px\u00a0\u00bb css=\u00a0\u00bb.vc_custom_1753723787353{margin-bottom: -30px !important;}\u00a0\u00bb][vc_column][vc_single_image image=\u00a0\u00bb244&Prime; img_size=\u00a0\u00bbfull\u00a0\u00bb alignment=\u00a0\u00bbcenter\u00a0\u00bb css=\u00a0\u00bb\u00a0\u00bb image_hovers=\u00a0\u00bbfalse\u00a0\u00bb][\/vc_column][\/vc_row]<\/p>\n<\/div>","protected":false},"excerpt":{"rendered":"<p>[vc_row type=\u00a0\u00bb2&Prime; margin_top=\u00a0\u00bb-70px\u00a0\u00bb padding_top=\u00a0\u00bb30px\u00a0\u00bb css=\u00a0\u00bb.vc_custom_1751206441488{margin-bottom: -30px !important;}\u00a0\u00bb][vc_column][vc_single_image image=\u00a0\u00bb215&Prime; img_size=\u00a0\u00bbfull\u00a0\u00bb alignment=\u00a0\u00bbcenter\u00a0\u00bb css=\u00a0\u00bb\u00a0\u00bb image_hovers=\u00a0\u00bbfalse\u00a0\u00bb][\/vc_column][\/vc_row][vc_row type=\u00a0\u00bb2&Prime; margin_top=\u00a0\u00bb-30px\u00a0\u00bb padding_top=\u00a0\u00bb40px\u00a0\u00bb padding_bottom=\u00a0\u00bb30px\u00a0\u00bb][vc_column width=\u00a0\u00bb1\/3&Prime;][\/vc_column][vc_column width=\u00a0\u00bb1\/3&Prime;][\/vc_column][vc_column width=\u00a0\u00bb1\/3&Prime;][\/vc_column][\/vc_row][vc_row type=\u00a0\u00bb2&Prime; padding_top=\u00a0\u00bb30px\u00a0\u00bb css=\u00a0\u00bb.vc_custom_1752690832069{margin-bottom: -30px !important;}\u00a0\u00bb][vc_column][vc_column_text css=\u00a0\u00bb\u00a0\u00bb el_class=\u00a0\u00bbbodyfont\u00a0\u00bb]L\u2019\u00e9glise Saint-Jacques est l\u2019une des&hellip;<\/p>\n","protected":false},"author":1,"featured_media":0,"parent":0,"menu_order":0,"comment_status":"closed","ping_status":"closed","template":"","meta":{"give_campaign_id":0,"footnotes":""},"class_list":["post-295","page","type-page","status-publish","hentry","description-off"],"yoast_head":"<!-- This site is optimized with the Yoast SEO plugin v27.4 - https:\/\/yoast.com\/product\/yoast-seo-wordpress\/ -->\n<title>Histoire - \u00c9glise Saint-Jacques, Ljubljana \u2013 O\u00f9 la beaut\u00e9 baroque rencontre la foi vivante<\/title>\n<meta name=\"robots\" content=\"index, follow, max-snippet:-1, max-image-preview:large, max-video-preview:-1\" \/>\n<link rel=\"canonical\" href=\"https:\/\/stjames.si\/fr\/histoire\/\" \/>\n<meta property=\"og:locale\" content=\"fr_FR\" \/>\n<meta property=\"og:type\" content=\"article\" \/>\n<meta property=\"og:title\" content=\"Histoire - \u00c9glise Saint-Jacques, Ljubljana \u2013 O\u00f9 la beaut\u00e9 baroque rencontre la foi vivante\" \/>\n<meta property=\"og:description\" content=\"[vc_row type=\u00a0\u00bb2&Prime; margin_top=\u00a0\u00bb-70px\u00a0\u00bb padding_top=\u00a0\u00bb30px\u00a0\u00bb css=\u00a0\u00bb.vc_custom_1751206441488{margin-bottom: -30px !important;}\u00a0\u00bb][vc_column][vc_single_image image=\u00a0\u00bb215&Prime; img_size=\u00a0\u00bbfull\u00a0\u00bb alignment=\u00a0\u00bbcenter\u00a0\u00bb css=\u00a0\u00bb\u00a0\u00bb image_hovers=\u00a0\u00bbfalse\u00a0\u00bb][\/vc_column][\/vc_row][vc_row type=\u00a0\u00bb2&Prime; margin_top=\u00a0\u00bb-30px\u00a0\u00bb padding_top=\u00a0\u00bb40px\u00a0\u00bb padding_bottom=\u00a0\u00bb30px\u00a0\u00bb][vc_column width=\u00a0\u00bb1\/3&Prime;][\/vc_column][vc_column width=\u00a0\u00bb1\/3&Prime;][\/vc_column][vc_column width=\u00a0\u00bb1\/3&Prime;][\/vc_column][\/vc_row][vc_row type=\u00a0\u00bb2&Prime; padding_top=\u00a0\u00bb30px\u00a0\u00bb css=\u00a0\u00bb.vc_custom_1752690832069{margin-bottom: -30px !important;}\u00a0\u00bb][vc_column][vc_column_text css=\u00a0\u00bb\u00a0\u00bb el_class=\u00a0\u00bbbodyfont\u00a0\u00bb]L\u2019\u00e9glise Saint-Jacques est l\u2019une des&hellip;\" \/>\n<meta property=\"og:url\" content=\"https:\/\/stjames.si\/fr\/histoire\/\" \/>\n<meta property=\"og:site_name\" content=\"\u00c9glise Saint-Jacques, Ljubljana \u2013 O\u00f9 la beaut\u00e9 baroque rencontre la foi vivante\" \/>\n<meta property=\"article:modified_time\" content=\"2025-08-09T14:30:28+00:00\" \/>\n<meta name=\"twitter:card\" content=\"summary_large_image\" \/>\n<meta name=\"twitter:label1\" content=\"Dur\u00e9e de lecture estim\u00e9e\" \/>\n\t<meta name=\"twitter:data1\" content=\"2 minutes\" \/>\n<script type=\"application\/ld+json\" class=\"yoast-schema-graph\">{\"@context\":\"https:\\\/\\\/schema.org\",\"@graph\":[{\"@type\":\"WebPage\",\"@id\":\"https:\\\/\\\/stjames.si\\\/fr\\\/histoire\\\/\",\"url\":\"https:\\\/\\\/stjames.si\\\/fr\\\/histoire\\\/\",\"name\":\"Histoire - \u00c9glise Saint-Jacques, Ljubljana \u2013 O\u00f9 la beaut\u00e9 baroque rencontre la foi vivante\",\"isPartOf\":{\"@id\":\"https:\\\/\\\/stjames.si\\\/fr\\\/#website\"},\"datePublished\":\"2025-08-02T14:53:15+00:00\",\"dateModified\":\"2025-08-09T14:30:28+00:00\",\"breadcrumb\":{\"@id\":\"https:\\\/\\\/stjames.si\\\/fr\\\/histoire\\\/#breadcrumb\"},\"inLanguage\":\"fr-FR\",\"potentialAction\":[{\"@type\":\"ReadAction\",\"target\":[\"https:\\\/\\\/stjames.si\\\/fr\\\/histoire\\\/\"]}]},{\"@type\":\"BreadcrumbList\",\"@id\":\"https:\\\/\\\/stjames.si\\\/fr\\\/histoire\\\/#breadcrumb\",\"itemListElement\":[{\"@type\":\"ListItem\",\"position\":1,\"name\":\"Home\",\"item\":\"https:\\\/\\\/stjames.si\\\/fr\\\/\"},{\"@type\":\"ListItem\",\"position\":2,\"name\":\"Histoire\"}]},{\"@type\":\"WebSite\",\"@id\":\"https:\\\/\\\/stjames.si\\\/fr\\\/#website\",\"url\":\"https:\\\/\\\/stjames.si\\\/fr\\\/\",\"name\":\"\u00c9glise Saint-Jacques, Ljubljana \u2013 O\u00f9 la beaut\u00e9 baroque rencontre la foi vivante\",\"description\":\"\",\"potentialAction\":[{\"@type\":\"SearchAction\",\"target\":{\"@type\":\"EntryPoint\",\"urlTemplate\":\"https:\\\/\\\/stjames.si\\\/fr\\\/?s={search_term_string}\"},\"query-input\":{\"@type\":\"PropertyValueSpecification\",\"valueRequired\":true,\"valueName\":\"search_term_string\"}}],\"inLanguage\":\"fr-FR\"}]}<\/script>\n<!-- \/ Yoast SEO plugin. -->","yoast_head_json":{"title":"Histoire - \u00c9glise Saint-Jacques, Ljubljana \u2013 O\u00f9 la beaut\u00e9 baroque rencontre la foi vivante","robots":{"index":"index","follow":"follow","max-snippet":"max-snippet:-1","max-image-preview":"max-image-preview:large","max-video-preview":"max-video-preview:-1"},"canonical":"https:\/\/stjames.si\/fr\/histoire\/","og_locale":"fr_FR","og_type":"article","og_title":"Histoire - \u00c9glise Saint-Jacques, Ljubljana \u2013 O\u00f9 la beaut\u00e9 baroque rencontre la foi vivante","og_description":"[vc_row type=\u00a0\u00bb2&Prime; margin_top=\u00a0\u00bb-70px\u00a0\u00bb padding_top=\u00a0\u00bb30px\u00a0\u00bb css=\u00a0\u00bb.vc_custom_1751206441488{margin-bottom: -30px !important;}\u00a0\u00bb][vc_column][vc_single_image image=\u00a0\u00bb215&Prime; img_size=\u00a0\u00bbfull\u00a0\u00bb alignment=\u00a0\u00bbcenter\u00a0\u00bb css=\u00a0\u00bb\u00a0\u00bb image_hovers=\u00a0\u00bbfalse\u00a0\u00bb][\/vc_column][\/vc_row][vc_row type=\u00a0\u00bb2&Prime; margin_top=\u00a0\u00bb-30px\u00a0\u00bb padding_top=\u00a0\u00bb40px\u00a0\u00bb padding_bottom=\u00a0\u00bb30px\u00a0\u00bb][vc_column width=\u00a0\u00bb1\/3&Prime;][\/vc_column][vc_column width=\u00a0\u00bb1\/3&Prime;][\/vc_column][vc_column width=\u00a0\u00bb1\/3&Prime;][\/vc_column][\/vc_row][vc_row type=\u00a0\u00bb2&Prime; padding_top=\u00a0\u00bb30px\u00a0\u00bb css=\u00a0\u00bb.vc_custom_1752690832069{margin-bottom: -30px !important;}\u00a0\u00bb][vc_column][vc_column_text css=\u00a0\u00bb\u00a0\u00bb el_class=\u00a0\u00bbbodyfont\u00a0\u00bb]L\u2019\u00e9glise Saint-Jacques est l\u2019une des&hellip;","og_url":"https:\/\/stjames.si\/fr\/histoire\/","og_site_name":"\u00c9glise Saint-Jacques, Ljubljana \u2013 O\u00f9 la beaut\u00e9 baroque rencontre la foi vivante","article_modified_time":"2025-08-09T14:30:28+00:00","twitter_card":"summary_large_image","twitter_misc":{"Dur\u00e9e de lecture estim\u00e9e":"2 minutes"},"schema":{"@context":"https:\/\/schema.org","@graph":[{"@type":"WebPage","@id":"https:\/\/stjames.si\/fr\/histoire\/","url":"https:\/\/stjames.si\/fr\/histoire\/","name":"Histoire - \u00c9glise Saint-Jacques, Ljubljana \u2013 O\u00f9 la beaut\u00e9 baroque rencontre la foi vivante","isPartOf":{"@id":"https:\/\/stjames.si\/fr\/#website"},"datePublished":"2025-08-02T14:53:15+00:00","dateModified":"2025-08-09T14:30:28+00:00","breadcrumb":{"@id":"https:\/\/stjames.si\/fr\/histoire\/#breadcrumb"},"inLanguage":"fr-FR","potentialAction":[{"@type":"ReadAction","target":["https:\/\/stjames.si\/fr\/histoire\/"]}]},{"@type":"BreadcrumbList","@id":"https:\/\/stjames.si\/fr\/histoire\/#breadcrumb","itemListElement":[{"@type":"ListItem","position":1,"name":"Home","item":"https:\/\/stjames.si\/fr\/"},{"@type":"ListItem","position":2,"name":"Histoire"}]},{"@type":"WebSite","@id":"https:\/\/stjames.si\/fr\/#website","url":"https:\/\/stjames.si\/fr\/","name":"\u00c9glise Saint-Jacques, Ljubljana \u2013 O\u00f9 la beaut\u00e9 baroque rencontre la foi vivante","description":"","potentialAction":[{"@type":"SearchAction","target":{"@type":"EntryPoint","urlTemplate":"https:\/\/stjames.si\/fr\/?s={search_term_string}"},"query-input":{"@type":"PropertyValueSpecification","valueRequired":true,"valueName":"search_term_string"}}],"inLanguage":"fr-FR"}]}},"campaignId":"","_links":{"self":[{"href":"https:\/\/stjames.si\/fr\/wp-json\/wp\/v2\/pages\/295","targetHints":{"allow":["GET"]}}],"collection":[{"href":"https:\/\/stjames.si\/fr\/wp-json\/wp\/v2\/pages"}],"about":[{"href":"https:\/\/stjames.si\/fr\/wp-json\/wp\/v2\/types\/page"}],"author":[{"embeddable":true,"href":"https:\/\/stjames.si\/fr\/wp-json\/wp\/v2\/users\/1"}],"replies":[{"embeddable":true,"href":"https:\/\/stjames.si\/fr\/wp-json\/wp\/v2\/comments?post=295"}],"version-history":[{"count":5,"href":"https:\/\/stjames.si\/fr\/wp-json\/wp\/v2\/pages\/295\/revisions"}],"predecessor-version":[{"id":504,"href":"https:\/\/stjames.si\/fr\/wp-json\/wp\/v2\/pages\/295\/revisions\/504"}],"wp:attachment":[{"href":"https:\/\/stjames.si\/fr\/wp-json\/wp\/v2\/media?parent=295"}],"curies":[{"name":"wp","href":"https:\/\/api.w.org\/{rel}","templated":true}]}}