{"id":367,"date":"2025-08-02T18:33:17","date_gmt":"2025-08-02T17:33:17","guid":{"rendered":"https:\/\/stjames.si\/fr\/?page_id=367"},"modified":"2026-04-21T20:38:00","modified_gmt":"2026-04-21T19:38:00","slug":"chapelle-de-saint-francois-xavier","status":"publish","type":"page","link":"https:\/\/stjames.si\/fr\/visitez-leglise\/chapelle-de-saint-francois-xavier\/","title":{"rendered":"Chapelle de Saint Fran\u00e7ois Xavier"},"content":{"rendered":"<div class=\"wpb-content-wrapper\"><p>[vc_row][vc_column][vc_column_text css=\u00a0\u00bb\u00a0\u00bb]<strong>La chapelle de saint Fran\u00e7ois-Xavier, ajout\u00e9e entre 1667 et 1670, est le seul exemple conserv\u00e9 \u00e0 Ljubljana du style baroque en stuc (Stuckbarock). De plan octogonal, elle est orn\u00e9e d\u2019un stuc dynamique, de huit cariatides, d\u2019une riche ornementation v\u00e9g\u00e9tale et d\u2019un d\u00f4me avec lanterne qui illumine l\u2019espace. La chapelle est compl\u00e9t\u00e9e par six grandes toiles \u00e0 l\u2019huile, r\u00e9alis\u00e9es en 1726, repr\u00e9sentant des sc\u00e8nes de la vie du saint, encadr\u00e9es dans des structures en stuc. Bien que l\u2019auteur en soit inconnu, ces peintures sont probablement l\u2019\u0153uvre de Daniel Savoy. Le tableau du retable principal, Apoth\u00e9ose de saint Fran\u00e7ois-Xavier, est une \u0153uvre de Paul K\u00fchn datant du milieu du XIX\u1d49 si\u00e8cle.<\/strong>[\/vc_column_text][\/vc_column][\/vc_row][vc_row margin_top=\u00a0\u00bb-30px\u00a0\u00bb][vc_column][vc_single_image image=\u00a0\u00bb212&Prime; img_size=\u00a0\u00bbfull\u00a0\u00bb alignment=\u00a0\u00bbcenter\u00a0\u00bb css=\u00a0\u00bb\u00a0\u00bb][\/vc_column][\/vc_row][vc_row][vc_column width=\u00a0\u00bb2\/3&Prime;][vc_single_image image=\u00a0\u00bb141&Prime; img_size=\u00a0\u00bbfull\u00a0\u00bb alignment=\u00a0\u00bbcenter\u00a0\u00bb onclick=\u00a0\u00bblink_image\u00a0\u00bb css=\u00a0\u00bb\u00a0\u00bb image_hovers=\u00a0\u00bbfalse\u00a0\u00bb][\/vc_column][vc_column width=\u00a0\u00bb1\/3&Prime;][vc_raw_html css=\u00a0\u00bb\u00a0\u00bb]JTNDZGl2JTIwY2xhc3MlM0QlMjJhdWRpby1jb250cm9scyUyMiUzRSUwRCUwQSUyMCUyMCUyMCUyMCUyMCUyMCUyMCUyMCUyMCUyMCUyMCUyMCUyMCUyMCUyMCUyMCUzQ2J1dHRvbiUyMGNsYXNzJTNEJTIycmV3aW5kLWJ0biUyMiUyMG9uY2xpY2slM0QlMjJyZXdpbmRBdWRpbyUyOCUyN2F1ZGlvLWdiJTI3JTI5JTIyJTNFJTIwJTNDc3BhbiUyMGNsYXNzJTNEJTIyaWNvbiUyMiUzRSUyMCUzQ3N2ZyUyMHZpZXdCb3glM0QlMjIwJTIwMCUyMDI0JTIwMjQlMjIlM0UlMjAlM0Nwb2x5Z29uJTIwcG9pbnRzJTNEJTIyMTElMkMxMiUyMDIwJTJDNCUyMDIwJTJDMjAlMjIlM0UlM0MlMkZwb2x5Z29uJTNFJTIwJTNDcG9seWdvbiUyMHBvaW50cyUzRCUyMjQlMkMxMiUyMDEzJTJDNCUyMDEzJTJDMjAlMjIlM0UlM0MlMkZwb2x5Z29uJTNFJTIwJTNDJTJGc3ZnJTNFJTIwJTNDJTJGc3BhbiUzRSUwRCUwQSUyMCUyMCUyMCUyMCUyMCUyMCUyMCUyMCUyMCUyMCUyMCUyMCUyMCUyMCUyMCUyMCUzQyUyRmJ1dHRvbiUzRSUwRCUwQSUyMCUyMCUyMCUyMCUyMCUyMCUyMCUyMCUyMCUyMCUyMCUyMCUyMCUyMCUyMCUyMCUzQ2J1dHRvbiUyMGNsYXNzJTNEJTIycGxheS1idG4lMjIlMjBvbmNsaWNrJTNEJTIydG9nZ2xlQXVkaW8lMjglMjdhdWRpby1nYiUyNyUyQyUyN1BsYXklMjclMkMlMjdQYXVzZSUyNyUyQyUyMHRoaXMlMjklMjIlM0UlMEQlMEElMjAlMjAlMjAlMjAlMjAlMjAlMjAlMjAlMjAlMjAlMjAlMjAlMjAlMjAlMjAlMjAlMjAlMjAlMjAlMjAlM0NzcGFuJTIwY2xhc3MlM0QlMjJpY29uJTIwcGxheS1pY29uJTIyJTNFJTBEJTBBJTIwJTIwJTIwJTIwJTIwJTIwJTIwJTIwJTIwJTIwJTIwJTIwJTIwJTIwJTIwJTIwJTIwJTIwJTIwJTIwJTIwJTIwJTIwJTIwJTNDc3ZnJTIwdmlld0JveCUzRCUyMjAlMjAwJTIwMjQlMjAyNCUyMiUzRSUwRCUwQSUyMCUyMCUyMCUyMCUyMCUyMCUyMCUyMCUyMCUyMCUyMCUyMCUyMCUyMCUyMCUyMCUyMCUyMCUyMCUyMCUyMCUyMCUyMCUyMCUyMCUyMCUyMCUyMCUzQ3BvbHlnb24lMjBwb2ludHMlM0QlMjI1JTJDMyUyMDE5JTJDMTIlMjA1JTJDMjElMjIlM0UlM0MlMkZwb2x5Z29uJTNFJTBEJTBBJTIwJTIwJTIwJTIwJTIwJTIwJTIwJTIwJTIwJTIwJTIwJTIwJTIwJTIwJTIwJTIwJTIwJTIwJTIwJTIwJTIwJTIwJTIwJTIwJTNDJTJGc3ZnJTNFJTBEJTBBJTIwJTIwJTIwJTIwJTIwJTIwJTIwJTIwJTIwJTIwJTIwJTIwJTIwJTIwJTIwJTIwJTIwJTIwJTIwJTIwJTNDJTJGc3BhbiUzRSUwRCUwQSUyMCUyMCUyMCUyMCUyMCUyMCUyMCUyMCUyMCUyMCUyMCUyMCUyMCUyMCUyMCUyMCUyMCUyMCUyMCUyMCUzQ3NwYW4lMjBjbGFzcyUzRCUyMmxhYmVsJTIyJTNFTGVjdHVyZSUzQyUyRnNwYW4lM0UlMEQlMEElMjAlMjAlMjAlMjAlMjAlMjAlMjAlMjAlMjAlMjAlMjAlMjAlMjAlMjAlMjAlMjAlM0MlMkZidXR0b24lM0UlMEQlMEElMjAlMjAlMjAlMjAlMjAlMjAlMjAlMjAlMjAlMjAlMjAlMjAlM0MlMkZkaXYlM0UlMEQlMEElMjAlMjAlMjAlMjAlMjAlMjAlMjAlMjAlMjAlMjAlMjAlMjAlM0NhdWRpbyUyMGlkJTNEJTIyYXVkaW8tZ2IlMjIlMjBzcmMlM0QlMjJodHRwcyUzQSUyRiUyRnN0amFtZXMuc2klMkZ3cC1jb250ZW50JTJGdXBsb2FkcyUyRjIwMjYlMkYwNCUyRlN0RnJhbmNpc19GUi5tcDMlMjIlM0UlM0MlMkZhdWRpbyUzRQ==[\/vc_raw_html][vc_column_text css=\u00a0\u00bb\u00a0\u00bb]La chapelle fut adoss\u00e9e au c\u00f4t\u00e9 nord de l\u2019\u00e9glise Saint-Jacques entre 1667 et 1670. On y acc\u00e8de par un grand arc depuis la premi\u00e8re chapelle nord, avant le ch\u0153ur. Son plan octogonal et sa composition centrale sur\u00e9lev\u00e9e en font le seul exemple conserv\u00e9 du baroque en stuc \u00e0 Ljubljana. Son architecture suit les mod\u00e8les lombards et v\u00e9nitiens, comparables aux \u0153uvres de Diego Carlone et de son atelier.<\/p>\n<p>La forme octogonale a permis une d\u00e9coration en stuc riche et vari\u00e9e, rarement possible dans des espaces rectangulaires. La chapelle est couronn\u00e9e par un d\u00f4me en forme de tente \u00e0 huit lobes, surmont\u00e9 d\u2019une lanterne. L\u2019espace est divis\u00e9 en deux niveaux : le niveau inf\u00e9rieur est orn\u00e9 d\u2019encadrements en stuc pour les peintures, tandis qu\u2019au niveau sup\u00e9rieur se trouvent des fen\u00eatres d\u00e9cor\u00e9es de stuc, surmont\u00e9es de couples d\u2019anges (<em>putti<\/em>) tenant des cartouches et des blasons des \u00c9tats provinciaux. Le cartouche au-dessus de l\u2019autel porte une d\u00e9dicace de Carniole avec la date de 1669.<\/p>\n<p>Les coins de l\u2019espace sont marqu\u00e9s par des pilastres, qui se transforment au niveau sup\u00e9rieur en cariatides presque sculpturales \u2014 huit au total \u2014 dispos\u00e9es dans la partie haute baign\u00e9e de lumi\u00e8re naturelle. Les vo\u00fbtes sont d\u00e9cor\u00e9es de motifs vari\u00e9s : coquilles, feuilles d\u2019acanthe, ornements en forme d\u2019oreilles et formes cartilagineuses. Les cadres inf\u00e9rieurs furent couverts de toiles peintes, tandis que les cartouches en forme de poire \u00e0 l\u2019int\u00e9rieur du d\u00f4me rest\u00e8rent sans d\u00e9cor peint.<\/p>\n<p>L\u2019int\u00e9rieur de la chapelle est enrichi par un ensemble artistique d\u2019une valeur exceptionnelle. Le monumental autel en pierre, \u0153uvre de l\u2019atelier de Franc Grumnik \u00e0 Ljubljana, fut r\u00e9alis\u00e9 entre 1709 et 1720. Il est orn\u00e9 de plus de dix statues de marbre grandeur nature, r\u00e9alis\u00e9es par des sculpteurs baroques italiens.<\/p>\n<p>La <em>mensa<\/em> centrale, soutenue par quatre figures de jeunes africains, accueille une statue du saint en habit sacerdotal, \u00e9voquant son corps incorrompu conserv\u00e9 \u00e0 Goa. \u00c0 ses c\u00f4t\u00e9s se trouvent un s\u00e9raphin et un ch\u00e9rubin, sculptures de Paolo Gropelli. En 1719, deux anges en marbre furent ajout\u00e9s dans des niches, et en 1720, les figures all\u00e9goriques de l\u2019Europe et de l\u2019Afrique, \u0153uvres de Jacopo Contieri. Au sommet de l\u2019autel se dresse un ange \u00e0 la trompette, sculpt\u00e9 par Angelo Putti.<\/p>\n<p>La chapelle est enrichie par six grandes toiles \u00e0 l\u2019huile repr\u00e9sentant les miracles de saint Fran\u00e7ois-Xavier, dat\u00e9es de 1726. Bien que leur auteur soit inconnu, elles sont probablement l\u2019\u0153uvre de Daniel Savoy, un peintre originaire de Dresde, converti au catholicisme pr\u00e9cis\u00e9ment dans cette \u00e9glise.<\/p>\n<p>Le tableau du ma\u00eetre-autel, intitul\u00e9 <em>Apoth\u00e9ose de saint Fran\u00e7ois-Xavier<\/em>, fut peint par Paul K\u00fchn au milieu du XIX\u1d49 si\u00e8cle.[\/vc_column_text][\/vc_column][\/vc_row][vc_row type=\u00a0\u00bb2&Prime; margin_top=\u00a0\u00bb50px\u00a0\u00bb margin_bottom=\u00a0\u00bb-70px\u00a0\u00bb padding_top=\u00a0\u00bb60px\u00a0\u00bb padding_bottom=\u00a0\u00bb30px\u00a0\u00bb css=\u00a0\u00bb.vc_custom_1753614473478{margin-bottom: -70px !important;}\u00a0\u00bb][vc_column]<style type=\"text\/css\" data-type=\"the7_shortcodes-inline-css\">.gallery-carousel-shortcode.gallery-carousel-shortcode-id-6f8b70da63bca860392f570c1c54d331.owl-carousel .owl-nav div {\n  width: 36px;\n  height: 36px;\n  border-radius: 500px;\n}\n.dt-arrow-border-on.gallery-carousel-shortcode.gallery-carousel-shortcode-id-6f8b70da63bca860392f570c1c54d331.owl-carousel .owl-nav div:not(:hover):before {\n  border-width: 0px;\n}\n.dt-arrow-hover-border-on.gallery-carousel-shortcode.gallery-carousel-shortcode-id-6f8b70da63bca860392f570c1c54d331.owl-carousel .owl-nav div:hover:after {\n  border-width: 0px;\n}\n.gallery-carousel-shortcode.gallery-carousel-shortcode-id-6f8b70da63bca860392f570c1c54d331.owl-carousel .owl-nav div.owl-prev {\n  top: 50%;\n  transform: translateY(calc(-50% + 0px));\n  left: -43px;\n}\n@media all and (-ms-high-contrast: none) {\n  .gallery-carousel-shortcode.gallery-carousel-shortcode-id-6f8b70da63bca860392f570c1c54d331.owl-carousel .owl-nav div.owl-prev {\n    transform: translateY(-50%);\n    margin-top: 0px;\n  }\n}\n.gallery-carousel-shortcode.gallery-carousel-shortcode-id-6f8b70da63bca860392f570c1c54d331.owl-carousel .owl-nav div.owl-prev i {\n  padding: 0px 0px 0px 0px;\n}\n.gallery-carousel-shortcode.gallery-carousel-shortcode-id-6f8b70da63bca860392f570c1c54d331.owl-carousel .owl-nav div.owl-next {\n  top: 50%;\n  transform: translateY(calc(-50% + 0px));\n  right: -43px;\n}\n@media all and (-ms-high-contrast: none) {\n  .gallery-carousel-shortcode.gallery-carousel-shortcode-id-6f8b70da63bca860392f570c1c54d331.owl-carousel .owl-nav div.owl-next {\n    transform: translateY(-50%);\n    margin-top: 0px;\n  }\n}\n.gallery-carousel-shortcode.gallery-carousel-shortcode-id-6f8b70da63bca860392f570c1c54d331.owl-carousel .owl-nav div.owl-next i {\n  padding: 0px 0px 0px 0px;\n}\n.gallery-carousel-shortcode.gallery-carousel-shortcode-id-6f8b70da63bca860392f570c1c54d331.owl-carousel .owl-nav i {\n  font-size: 18px;\n}\n.gallery-carousel-shortcode.gallery-carousel-shortcode-id-6f8b70da63bca860392f570c1c54d331.owl-carousel .owl-nav div:not(:hover) i,\n.gallery-carousel-shortcode.gallery-carousel-shortcode-id-6f8b70da63bca860392f570c1c54d331.owl-carousel .owl-nav div:not(:hover) i:before {\n  color: #ffffff;\n  background: none;\n}\n.gallery-carousel-shortcode.gallery-carousel-shortcode-id-6f8b70da63bca860392f570c1c54d331.owl-carousel .owl-nav div:hover i,\n.gallery-carousel-shortcode.gallery-carousel-shortcode-id-6f8b70da63bca860392f570c1c54d331.owl-carousel .owl-nav div:hover i:before {\n  color: rgba(255,255,255,0.75);\n  background: none;\n}\n.gallery-carousel-shortcode.gallery-carousel-shortcode-id-6f8b70da63bca860392f570c1c54d331 .owl-dots {\n  top: calc(100% + 20px);\n  left: 50%;\n  transform: translateX(calc(-50% + 0px));\n}\n@media all and (-ms-high-contrast: none) {\n  .gallery-carousel-shortcode.gallery-carousel-shortcode-id-6f8b70da63bca860392f570c1c54d331 .owl-dots {\n    transform: translateX(-50%);\n    margin-left: 0px;\n  }\n}\n.gallery-carousel-shortcode.gallery-carousel-shortcode-id-6f8b70da63bca860392f570c1c54d331 .owl-dot {\n  width: 10px;\n  height: 10px;\n  margin: 0 8px;\n}\n@media screen and (max-width: 778px) {\n  .gallery-carousel-shortcode.gallery-carousel-shortcode-id-6f8b70da63bca860392f570c1c54d331.hide-arrows .owl-nav a {\n    display: none;\n  }\n}\n@media screen and (max-width: 778px) {\n  .gallery-carousel-shortcode.gallery-carousel-shortcode-id-6f8b70da63bca860392f570c1c54d331.reposition-arrows .owl-nav div.owl-prev {\n    top: 50%;\n    transform: translateY(calc(-50% + 0px));\n    left: 10px;\n  }\n  .gallery-carousel-shortcode.gallery-carousel-shortcode-id-6f8b70da63bca860392f570c1c54d331.reposition-arrows .owl-nav div.owl-next {\n    top: 50%;\n    transform: translateY(calc(-50% + 0px));\n    right: 10px;\n  }\n}\n@media screen and (max-width: 778px) and all and (-ms-high-contrast: none) {\n  .gallery-carousel-shortcode.gallery-carousel-shortcode-id-6f8b70da63bca860392f570c1c54d331.reposition-arrows .owl-nav div.owl-prev {\n    transform: translateY(-50%);\n    margin-top: 0px;\n  }\n}\n@media screen and (max-width: 778px) and all and (-ms-high-contrast: none) {\n  .gallery-carousel-shortcode.gallery-carousel-shortcode-id-6f8b70da63bca860392f570c1c54d331.reposition-arrows .owl-nav div.owl-next {\n    transform: translateY(-50%);\n    margin-top: 0px;\n  }\n}\n.gallery-carousel-shortcode.gallery-carousel-shortcode-id-6f8b70da63bca860392f570c1c54d331 figure,\n.gallery-carousel-shortcode.gallery-carousel-shortcode-id-6f8b70da63bca860392f570c1c54d331 .rollover,\n.gallery-carousel-shortcode.gallery-carousel-shortcode-id-6f8b70da63bca860392f570c1c54d331 img,\n.gallery-carousel-shortcode.gallery-carousel-shortcode-id-6f8b70da63bca860392f570c1c54d331 .gallery-rollover {\n  border-radius: 0px;\n}\n.gallery-carousel-shortcode.gallery-carousel-shortcode-id-6f8b70da63bca860392f570c1c54d331.enable-bg-rollover .gallery-rollover {\n  background: -webkit-linear-gradient();\n  background: linear-gradient();\n}\n.gallery-carousel-shortcode.gallery-carousel-shortcode-id-6f8b70da63bca860392f570c1c54d331.enable-img-shadow .owl-stage-outer {\n  padding: 14px 0;\n}\n.gallery-carousel-shortcode.gallery-carousel-shortcode-id-6f8b70da63bca860392f570c1c54d331.enable-bg-rollover.hover-scale figure .rollover:after {\n  background: -webkit-linear-gradient();\n  background: linear-gradient();\n}\n.gallery-carousel-shortcode.gallery-carousel-shortcode-id-6f8b70da63bca860392f570c1c54d331.gallery-shortcode .gallery-zoom-ico {\n  width: 44px;\n  height: 44px;\n  line-height: 44px;\n  border-radius: 100px;\n  margin: -22px 0 0 -22px;\n  border-width: 0px;\n}\n.dt-icon-bg-on.gallery-carousel-shortcode.gallery-carousel-shortcode-id-6f8b70da63bca860392f570c1c54d331.gallery-shortcode .gallery-zoom-ico {\n  background: rgba(255,255,255,0.3);\n  box-shadow: none;\n}\n.gallery-carousel-shortcode.gallery-carousel-shortcode-id-6f8b70da63bca860392f570c1c54d331.gallery-shortcode .gallery-zoom-ico:before,\n.gallery-carousel-shortcode.gallery-carousel-shortcode-id-6f8b70da63bca860392f570c1c54d331.gallery-shortcode .gallery-zoom-ico span {\n  font-size: 32px;\n  line-height: 44px;\n  color: #ffffff;\n  background: none;\n}<\/style><div class=\"owl-carousel gallery-carousel-shortcode gallery-shortcode  dt-gallery-container dt-owl-carousel-call gallery-carousel-shortcode-id-6f8b70da63bca860392f570c1c54d331 quick-scale-img enable-bg-rollover meta-info-off dt-arrow-border-on dt-arrow-hover-border-on bullets-small-dot-stroke reposition-arrows dt-icon-bg-off arrows-bg-on disable-arrows-hover-bg arrows-hover-bg-on  vc_custom_1754678789529 hover-fade \" data-scroll-mode=\"1\" data-col-num=\"4\" data-wide-col-num=\"4\" data-laptop-col=\"4\" data-h-tablet-columns-num=\"4\" data-v-tablet-columns-num=\"2\" data-phone-columns-num=\"1\" data-col-gap=\"10\" data-stage-padding=\"0\" data-speed=\"600\" data-autoplay=\"false\" data-autoplay_speed=\"6000\" data-arrows=\"true\" data-bullet=\"false\" data-next-icon=\"icon-ar-017-r\" data-prev-icon=\"icon-ar-017-l\" data-img-shadow-size=\"12px\" data-img-shadow-spread=\"3px\"><div data-post-id=\"142\" data-date=\"2025-08-01T19:44:12+01:00\" data-name=\"Chapel1\"><figure class=\"post\"><a href=\"https:\/\/stjames.si\/fr\/wp-content\/uploads\/sites\/15\/2025\/08\/Chapel1.jpg\" class=\"rollover dt-pswp-item layzr-bg\" data-large_image_width=\"2000\" data-large_image_height=\"1500\" data-dt-img-description=\"\" title=\"Chapel1\"><img fetchpriority=\"high\" decoding=\"async\" class=\"preload-me owl-lazy-load aspect\" src=\"data:image\/svg+xml,%3Csvg%20xmlns%3D&#39;http%3A%2F%2Fwww.w3.org%2F2000%2Fsvg&#39;%20viewBox%3D&#39;0%200%202000%201500&#39;%2F%3E\" data-src=\"https:\/\/stjames.si\/fr\/wp-content\/uploads\/sites\/15\/2025\/08\/Chapel1.jpg\" data-srcset=\"https:\/\/stjames.si\/fr\/wp-content\/uploads\/sites\/15\/2025\/08\/Chapel1.jpg 2000w\" loading=\"eager\" style=\"--ratio: 2000 \/ 1500\" sizes=\"(max-width: 2000px) 100vw, 2000px\" alt=\"\" width=\"2000\" height=\"1500\"  \/><span class=\"gallery-rollover\"><span class=\"gallery-zoom-ico icomoon-the7-font-the7-zoom-06\"><span><\/span><\/span><\/span><\/a><\/figure><\/div><div data-post-id=\"143\" data-date=\"2025-08-01T19:44:16+01:00\" data-name=\"Chapel2\"><figure class=\"post\"><a href=\"https:\/\/stjames.si\/fr\/wp-content\/uploads\/sites\/15\/2025\/08\/Chapel2.jpg\" class=\"rollover dt-pswp-item layzr-bg\" data-large_image_width=\"2000\" data-large_image_height=\"1500\" data-dt-img-description=\"\" title=\"Chapel2\"><img decoding=\"async\" class=\"preload-me owl-lazy-load aspect\" src=\"data:image\/svg+xml,%3Csvg%20xmlns%3D&#39;http%3A%2F%2Fwww.w3.org%2F2000%2Fsvg&#39;%20viewBox%3D&#39;0%200%202000%201500&#39;%2F%3E\" data-src=\"https:\/\/stjames.si\/fr\/wp-content\/uploads\/sites\/15\/2025\/08\/Chapel2.jpg\" data-srcset=\"https:\/\/stjames.si\/fr\/wp-content\/uploads\/sites\/15\/2025\/08\/Chapel2.jpg 2000w\" loading=\"eager\" style=\"--ratio: 2000 \/ 1500\" sizes=\"(max-width: 2000px) 100vw, 2000px\" alt=\"\" width=\"2000\" height=\"1500\"  \/><span class=\"gallery-rollover\"><span class=\"gallery-zoom-ico icomoon-the7-font-the7-zoom-06\"><span><\/span><\/span><\/span><\/a><\/figure><\/div><div data-post-id=\"144\" data-date=\"2025-08-01T19:44:20+01:00\" data-name=\"Chapel3\"><figure class=\"post\"><a href=\"https:\/\/stjames.si\/fr\/wp-content\/uploads\/sites\/15\/2025\/08\/Chapel3.jpg\" class=\"rollover dt-pswp-item layzr-bg\" data-large_image_width=\"2000\" data-large_image_height=\"1500\" data-dt-img-description=\"\" title=\"Chapel3\"><img decoding=\"async\" class=\"preload-me owl-lazy-load aspect\" src=\"data:image\/svg+xml,%3Csvg%20xmlns%3D&#39;http%3A%2F%2Fwww.w3.org%2F2000%2Fsvg&#39;%20viewBox%3D&#39;0%200%202000%201500&#39;%2F%3E\" data-src=\"https:\/\/stjames.si\/fr\/wp-content\/uploads\/sites\/15\/2025\/08\/Chapel3.jpg\" data-srcset=\"https:\/\/stjames.si\/fr\/wp-content\/uploads\/sites\/15\/2025\/08\/Chapel3.jpg 2000w\" loading=\"eager\" style=\"--ratio: 2000 \/ 1500\" sizes=\"(max-width: 2000px) 100vw, 2000px\" alt=\"\" width=\"2000\" height=\"1500\"  \/><span class=\"gallery-rollover\"><span class=\"gallery-zoom-ico icomoon-the7-font-the7-zoom-06\"><span><\/span><\/span><\/span><\/a><\/figure><\/div><div data-post-id=\"145\" data-date=\"2025-08-01T19:44:26+01:00\" data-name=\"Chapel4\"><figure class=\"post\"><a href=\"https:\/\/stjames.si\/fr\/wp-content\/uploads\/sites\/15\/2025\/08\/Chapel4.jpg\" class=\"rollover dt-pswp-item layzr-bg\" data-large_image_width=\"2000\" data-large_image_height=\"1500\" data-dt-img-description=\"\" title=\"Chapel4\"><img decoding=\"async\" class=\"preload-me owl-lazy-load aspect\" src=\"data:image\/svg+xml,%3Csvg%20xmlns%3D&#39;http%3A%2F%2Fwww.w3.org%2F2000%2Fsvg&#39;%20viewBox%3D&#39;0%200%202000%201500&#39;%2F%3E\" data-src=\"https:\/\/stjames.si\/fr\/wp-content\/uploads\/sites\/15\/2025\/08\/Chapel4.jpg\" data-srcset=\"https:\/\/stjames.si\/fr\/wp-content\/uploads\/sites\/15\/2025\/08\/Chapel4.jpg 2000w\" loading=\"eager\" style=\"--ratio: 2000 \/ 1500\" sizes=\"(max-width: 2000px) 100vw, 2000px\" alt=\"\" width=\"2000\" height=\"1500\"  \/><span class=\"gallery-rollover\"><span class=\"gallery-zoom-ico icomoon-the7-font-the7-zoom-06\"><span><\/span><\/span><\/span><\/a><\/figure><\/div><\/div>[vc_single_image image=\u00a0\u00bb244&Prime; img_size=\u00a0\u00bbfull\u00a0\u00bb alignment=\u00a0\u00bbcenter\u00a0\u00bb css=\u00a0\u00bb\u00a0\u00bb image_hovers=\u00a0\u00bbfalse\u00a0\u00bb][\/vc_column][\/vc_row]<\/p>\n<\/div>","protected":false},"excerpt":{"rendered":"<p>[vc_row][vc_column][vc_column_text css=\u00a0\u00bb\u00a0\u00bb]La chapelle de saint Fran\u00e7ois-Xavier, ajout\u00e9e entre 1667 et 1670, est le seul exemple conserv\u00e9 \u00e0 Ljubljana du style baroque en stuc (Stuckbarock). De plan octogonal, elle est orn\u00e9e&hellip;<\/p>\n","protected":false},"author":1,"featured_media":0,"parent":312,"menu_order":0,"comment_status":"closed","ping_status":"closed","template":"","meta":{"give_campaign_id":0,"footnotes":""},"class_list":["post-367","page","type-page","status-publish","hentry","description-off"],"yoast_head":"<!-- This site is optimized with the Yoast SEO plugin v27.4 - https:\/\/yoast.com\/product\/yoast-seo-wordpress\/ -->\n<title>Chapelle de Saint Fran\u00e7ois Xavier - \u00c9glise Saint-Jacques, Ljubljana \u2013 O\u00f9 la beaut\u00e9 baroque rencontre la foi vivante<\/title>\n<meta name=\"robots\" content=\"index, follow, max-snippet:-1, max-image-preview:large, max-video-preview:-1\" \/>\n<link rel=\"canonical\" href=\"https:\/\/stjames.si\/fr\/visitez-leglise\/chapelle-de-saint-francois-xavier\/\" \/>\n<meta property=\"og:locale\" content=\"fr_FR\" \/>\n<meta property=\"og:type\" content=\"article\" \/>\n<meta property=\"og:title\" content=\"Chapelle de Saint Fran\u00e7ois Xavier - \u00c9glise Saint-Jacques, Ljubljana \u2013 O\u00f9 la beaut\u00e9 baroque rencontre la foi vivante\" \/>\n<meta property=\"og:description\" content=\"[vc_row][vc_column][vc_column_text css=\u00a0\u00bb\u00a0\u00bb]La chapelle de saint Fran\u00e7ois-Xavier, ajout\u00e9e entre 1667 et 1670, est le seul exemple conserv\u00e9 \u00e0 Ljubljana du style baroque en stuc (Stuckbarock). De plan octogonal, elle est orn\u00e9e&hellip;\" \/>\n<meta property=\"og:url\" content=\"https:\/\/stjames.si\/fr\/visitez-leglise\/chapelle-de-saint-francois-xavier\/\" \/>\n<meta property=\"og:site_name\" content=\"\u00c9glise Saint-Jacques, Ljubljana \u2013 O\u00f9 la beaut\u00e9 baroque rencontre la foi vivante\" \/>\n<meta property=\"article:modified_time\" content=\"2026-04-21T19:38:00+00:00\" \/>\n<meta name=\"twitter:card\" content=\"summary_large_image\" \/>\n<meta name=\"twitter:label1\" content=\"Dur\u00e9e de lecture estim\u00e9e\" \/>\n\t<meta name=\"twitter:data1\" content=\"5 minutes\" \/>\n<script type=\"application\/ld+json\" class=\"yoast-schema-graph\">{\"@context\":\"https:\\\/\\\/schema.org\",\"@graph\":[{\"@type\":\"WebPage\",\"@id\":\"https:\\\/\\\/stjames.si\\\/fr\\\/visitez-leglise\\\/chapelle-de-saint-francois-xavier\\\/\",\"url\":\"https:\\\/\\\/stjames.si\\\/fr\\\/visitez-leglise\\\/chapelle-de-saint-francois-xavier\\\/\",\"name\":\"Chapelle de Saint Fran\u00e7ois Xavier - \u00c9glise Saint-Jacques, Ljubljana \u2013 O\u00f9 la beaut\u00e9 baroque rencontre la foi vivante\",\"isPartOf\":{\"@id\":\"https:\\\/\\\/stjames.si\\\/fr\\\/#website\"},\"datePublished\":\"2025-08-02T17:33:17+00:00\",\"dateModified\":\"2026-04-21T19:38:00+00:00\",\"breadcrumb\":{\"@id\":\"https:\\\/\\\/stjames.si\\\/fr\\\/visitez-leglise\\\/chapelle-de-saint-francois-xavier\\\/#breadcrumb\"},\"inLanguage\":\"fr-FR\",\"potentialAction\":[{\"@type\":\"ReadAction\",\"target\":[\"https:\\\/\\\/stjames.si\\\/fr\\\/visitez-leglise\\\/chapelle-de-saint-francois-xavier\\\/\"]}]},{\"@type\":\"BreadcrumbList\",\"@id\":\"https:\\\/\\\/stjames.si\\\/fr\\\/visitez-leglise\\\/chapelle-de-saint-francois-xavier\\\/#breadcrumb\",\"itemListElement\":[{\"@type\":\"ListItem\",\"position\":1,\"name\":\"Home\",\"item\":\"https:\\\/\\\/stjames.si\\\/fr\\\/\"},{\"@type\":\"ListItem\",\"position\":2,\"name\":\"Visitez l\u2019\u00e9glise\",\"item\":\"https:\\\/\\\/stjames.si\\\/fr\\\/visitez-leglise\\\/\"},{\"@type\":\"ListItem\",\"position\":3,\"name\":\"Chapelle de Saint Fran\u00e7ois Xavier\"}]},{\"@type\":\"WebSite\",\"@id\":\"https:\\\/\\\/stjames.si\\\/fr\\\/#website\",\"url\":\"https:\\\/\\\/stjames.si\\\/fr\\\/\",\"name\":\"\u00c9glise Saint-Jacques, Ljubljana \u2013 O\u00f9 la beaut\u00e9 baroque rencontre la foi vivante\",\"description\":\"\",\"potentialAction\":[{\"@type\":\"SearchAction\",\"target\":{\"@type\":\"EntryPoint\",\"urlTemplate\":\"https:\\\/\\\/stjames.si\\\/fr\\\/?s={search_term_string}\"},\"query-input\":{\"@type\":\"PropertyValueSpecification\",\"valueRequired\":true,\"valueName\":\"search_term_string\"}}],\"inLanguage\":\"fr-FR\"}]}<\/script>\n<!-- \/ Yoast SEO plugin. -->","yoast_head_json":{"title":"Chapelle de Saint Fran\u00e7ois Xavier - \u00c9glise Saint-Jacques, Ljubljana \u2013 O\u00f9 la beaut\u00e9 baroque rencontre la foi vivante","robots":{"index":"index","follow":"follow","max-snippet":"max-snippet:-1","max-image-preview":"max-image-preview:large","max-video-preview":"max-video-preview:-1"},"canonical":"https:\/\/stjames.si\/fr\/visitez-leglise\/chapelle-de-saint-francois-xavier\/","og_locale":"fr_FR","og_type":"article","og_title":"Chapelle de Saint Fran\u00e7ois Xavier - \u00c9glise Saint-Jacques, Ljubljana \u2013 O\u00f9 la beaut\u00e9 baroque rencontre la foi vivante","og_description":"[vc_row][vc_column][vc_column_text css=\u00a0\u00bb\u00a0\u00bb]La chapelle de saint Fran\u00e7ois-Xavier, ajout\u00e9e entre 1667 et 1670, est le seul exemple conserv\u00e9 \u00e0 Ljubljana du style baroque en stuc (Stuckbarock). De plan octogonal, elle est orn\u00e9e&hellip;","og_url":"https:\/\/stjames.si\/fr\/visitez-leglise\/chapelle-de-saint-francois-xavier\/","og_site_name":"\u00c9glise Saint-Jacques, Ljubljana \u2013 O\u00f9 la beaut\u00e9 baroque rencontre la foi vivante","article_modified_time":"2026-04-21T19:38:00+00:00","twitter_card":"summary_large_image","twitter_misc":{"Dur\u00e9e de lecture estim\u00e9e":"5 minutes"},"schema":{"@context":"https:\/\/schema.org","@graph":[{"@type":"WebPage","@id":"https:\/\/stjames.si\/fr\/visitez-leglise\/chapelle-de-saint-francois-xavier\/","url":"https:\/\/stjames.si\/fr\/visitez-leglise\/chapelle-de-saint-francois-xavier\/","name":"Chapelle de Saint Fran\u00e7ois Xavier - \u00c9glise Saint-Jacques, Ljubljana \u2013 O\u00f9 la beaut\u00e9 baroque rencontre la foi vivante","isPartOf":{"@id":"https:\/\/stjames.si\/fr\/#website"},"datePublished":"2025-08-02T17:33:17+00:00","dateModified":"2026-04-21T19:38:00+00:00","breadcrumb":{"@id":"https:\/\/stjames.si\/fr\/visitez-leglise\/chapelle-de-saint-francois-xavier\/#breadcrumb"},"inLanguage":"fr-FR","potentialAction":[{"@type":"ReadAction","target":["https:\/\/stjames.si\/fr\/visitez-leglise\/chapelle-de-saint-francois-xavier\/"]}]},{"@type":"BreadcrumbList","@id":"https:\/\/stjames.si\/fr\/visitez-leglise\/chapelle-de-saint-francois-xavier\/#breadcrumb","itemListElement":[{"@type":"ListItem","position":1,"name":"Home","item":"https:\/\/stjames.si\/fr\/"},{"@type":"ListItem","position":2,"name":"Visitez l\u2019\u00e9glise","item":"https:\/\/stjames.si\/fr\/visitez-leglise\/"},{"@type":"ListItem","position":3,"name":"Chapelle de Saint Fran\u00e7ois Xavier"}]},{"@type":"WebSite","@id":"https:\/\/stjames.si\/fr\/#website","url":"https:\/\/stjames.si\/fr\/","name":"\u00c9glise Saint-Jacques, Ljubljana \u2013 O\u00f9 la beaut\u00e9 baroque rencontre la foi vivante","description":"","potentialAction":[{"@type":"SearchAction","target":{"@type":"EntryPoint","urlTemplate":"https:\/\/stjames.si\/fr\/?s={search_term_string}"},"query-input":{"@type":"PropertyValueSpecification","valueRequired":true,"valueName":"search_term_string"}}],"inLanguage":"fr-FR"}]}},"campaignId":"","_links":{"self":[{"href":"https:\/\/stjames.si\/fr\/wp-json\/wp\/v2\/pages\/367","targetHints":{"allow":["GET"]}}],"collection":[{"href":"https:\/\/stjames.si\/fr\/wp-json\/wp\/v2\/pages"}],"about":[{"href":"https:\/\/stjames.si\/fr\/wp-json\/wp\/v2\/types\/page"}],"author":[{"embeddable":true,"href":"https:\/\/stjames.si\/fr\/wp-json\/wp\/v2\/users\/1"}],"replies":[{"embeddable":true,"href":"https:\/\/stjames.si\/fr\/wp-json\/wp\/v2\/comments?post=367"}],"version-history":[{"count":5,"href":"https:\/\/stjames.si\/fr\/wp-json\/wp\/v2\/pages\/367\/revisions"}],"predecessor-version":[{"id":584,"href":"https:\/\/stjames.si\/fr\/wp-json\/wp\/v2\/pages\/367\/revisions\/584"}],"up":[{"embeddable":true,"href":"https:\/\/stjames.si\/fr\/wp-json\/wp\/v2\/pages\/312"}],"wp:attachment":[{"href":"https:\/\/stjames.si\/fr\/wp-json\/wp\/v2\/media?parent=367"}],"curies":[{"name":"wp","href":"https:\/\/api.w.org\/{rel}","templated":true}]}}