{"id":371,"date":"2025-08-02T18:39:14","date_gmt":"2025-08-02T17:39:14","guid":{"rendered":"https:\/\/stjames.si\/fr\/?page_id=371"},"modified":"2025-08-15T06:36:22","modified_gmt":"2025-08-15T05:36:22","slug":"zivi-kamni-pierres-vivantes-pietre-vive-a-ljubljana","status":"publish","type":"page","link":"https:\/\/stjames.si\/fr\/zivi-kamni-pierres-vivantes-pietre-vive-a-ljubljana\/","title":{"rendered":"\u017divi kamni &#8211; Pierres Vivantes (Pietre Vive) \u00e0 Ljubljana"},"content":{"rendered":"<div class=\"wpb-content-wrapper\"><p>[vc_row][vc_column width=\u00a0\u00bb2\/3&Prime;][vc_column_text css=\u00a0\u00bb\u00a0\u00bb]<strong>Live Stones<\/strong>, connu internationalement sous le nom de\u00a0<strong>Pietre Vive<\/strong>, est un r\u00e9seau ignatien mondial de jeunes qui allient foi, art et culture. Leur mission est d\u2019aider les visiteurs \u00e0 d\u00e9couvrir les tr\u00e9sors spirituels et artistiques cach\u00e9s dans les \u00e9glises historiques \u00e0 travers des visites guid\u00e9es, des moments de r\u00e9flexion et des r\u00e9cits.<\/p>\n<p>Les b\u00e9n\u00e9voles \u2013 principalement des \u00e9tudiants et de jeunes professionnels \u2013 sont form\u00e9s pour offrir des visites inspirantes de l\u2019art et de l\u2019architecture sacr\u00e9s, en donnant vie aux \u00e9glises par l\u2019explication de leur symbolisme spirituel, de leur histoire et de leurs d\u00e9tails artistiques.<\/p>\n<p>L\u2019une des \u00e9glises o\u00f9 Live Stones propose des visites guid\u00e9es est l\u2019<strong>\u00e9glise Saint-Jacques (Cerkev sv. Jakoba)<\/strong>, un joyau baroque de Ljubljana. Leur approche ne se limite pas \u00e0 fournir des faits historiques, mais invite les visiteurs \u00e0 une exp\u00e9rience plus profonde, en voyant l\u2019\u00e9glise comme une \u00ab pierre vivante \u00bb de foi et de culture.[\/vc_column_text][\/vc_column][vc_column width=\u00a0\u00bb1\/3&Prime;][vc_single_image image=\u00a0\u00bb166&Prime; img_size=\u00a0\u00bbfull\u00a0\u00bb onclick=\u00a0\u00bbcustom_link\u00a0\u00bb img_link_target=\u00a0\u00bb_blank\u00a0\u00bb css=\u00a0\u00bb\u00a0\u00bb link=\u00a0\u00bbhttps:\/\/www.facebook.com\/profile.php?id=100086993143116&Prime;][\/vc_column][\/vc_row][vc_row type=\u00a0\u00bb2&Prime; padding_top=\u00a0\u00bb60px\u00a0\u00bb padding_bottom=\u00a0\u00bb30px\u00a0\u00bb][vc_column width=\u00a0\u00bb1\/3&Prime;][vc_single_image image=\u00a0\u00bb168&Prime; img_size=\u00a0\u00bbfull\u00a0\u00bb css=\u00a0\u00bb\u00a0\u00bb][\/vc_column][vc_column width=\u00a0\u00bb1\/3&Prime;][vc_single_image image=\u00a0\u00bb169&Prime; img_size=\u00a0\u00bbfull\u00a0\u00bb css=\u00a0\u00bb\u00a0\u00bb][\/vc_column][vc_column width=\u00a0\u00bb1\/3&Prime;][vc_single_image image=\u00a0\u00bb167&Prime; img_size=\u00a0\u00bbfull\u00a0\u00bb css=\u00a0\u00bb\u00a0\u00bb][\/vc_column][\/vc_row][vc_row margin_top=\u00a0\u00bb60px\u00a0\u00bb][vc_column width=\u00a0\u00bb2\/3&Prime;][vc_column_text css=\u00a0\u00bb\u00a0\u00bb]<\/p>\n<h3 data-start=\"1091\" data-end=\"1120\"><strong>R\u00e9seau International<\/strong><\/h3>\n<p data-start=\"1091\" data-end=\"1120\">Le mouvement a commenc\u00e9 en Italie et est aujourd\u2019hui pr\u00e9sent dans plus de 40 villes en Europe et au-del\u00e0. Chaque groupe local partage la m\u00eame vision : relier art, spiritualit\u00e9 et culture contemporaine, afin de rendre les lieux sacr\u00e9s plus accessibles et significatifs pour les habitants comme pour les touristes.<\/p>\n<p>[\/vc_column_text][\/vc_column][vc_column width=\u00a0\u00bb1\/3&Prime;][vc_single_image image=\u00a0\u00bb150&Prime; img_size=\u00a0\u00bbfull\u00a0\u00bb onclick=\u00a0\u00bbcustom_link\u00a0\u00bb img_link_target=\u00a0\u00bb_blank\u00a0\u00bb css=\u00a0\u00bb\u00a0\u00bb link=\u00a0\u00bbhttps:\/\/www.pietre-vive.org\/\u00a0\u00bb][\/vc_column][\/vc_row]<\/p>\n<\/div>","protected":false},"excerpt":{"rendered":"<p>[vc_row][vc_column width=\u00a0\u00bb2\/3&Prime;][vc_column_text css=\u00a0\u00bb\u00a0\u00bb]Live Stones, connu internationalement sous le nom de\u00a0Pietre Vive, est un r\u00e9seau ignatien mondial de jeunes qui allient foi, art et culture. Leur mission est d\u2019aider les visiteurs&hellip;<\/p>\n","protected":false},"author":1,"featured_media":0,"parent":0,"menu_order":0,"comment_status":"closed","ping_status":"closed","template":"","meta":{"give_campaign_id":0,"footnotes":""},"class_list":["post-371","page","type-page","status-publish","hentry","description-off"],"yoast_head":"<!-- This site is optimized with the Yoast SEO plugin v27.4 - https:\/\/yoast.com\/product\/yoast-seo-wordpress\/ -->\n<title>\u017divi kamni - Pierres Vivantes (Pietre Vive) \u00e0 Ljubljana - \u00c9glise Saint-Jacques, Ljubljana \u2013 O\u00f9 la beaut\u00e9 baroque rencontre la foi vivante<\/title>\n<meta name=\"robots\" content=\"index, follow, max-snippet:-1, max-image-preview:large, max-video-preview:-1\" \/>\n<link rel=\"canonical\" href=\"https:\/\/stjames.si\/fr\/zivi-kamni-pierres-vivantes-pietre-vive-a-ljubljana\/\" \/>\n<meta property=\"og:locale\" content=\"fr_FR\" \/>\n<meta property=\"og:type\" content=\"article\" \/>\n<meta property=\"og:title\" content=\"\u017divi kamni - Pierres Vivantes (Pietre Vive) \u00e0 Ljubljana - \u00c9glise Saint-Jacques, Ljubljana \u2013 O\u00f9 la beaut\u00e9 baroque rencontre la foi vivante\" \/>\n<meta property=\"og:description\" content=\"[vc_row][vc_column width=\u00a0\u00bb2\/3&Prime;][vc_column_text css=\u00a0\u00bb\u00a0\u00bb]Live Stones, connu internationalement sous le nom de\u00a0Pietre Vive, est un r\u00e9seau ignatien mondial de jeunes qui allient foi, art et culture. Leur mission est d\u2019aider les visiteurs&hellip;\" \/>\n<meta property=\"og:url\" content=\"https:\/\/stjames.si\/fr\/zivi-kamni-pierres-vivantes-pietre-vive-a-ljubljana\/\" \/>\n<meta property=\"og:site_name\" content=\"\u00c9glise Saint-Jacques, Ljubljana \u2013 O\u00f9 la beaut\u00e9 baroque rencontre la foi vivante\" \/>\n<meta property=\"article:modified_time\" content=\"2025-08-15T05:36:22+00:00\" \/>\n<meta name=\"twitter:card\" content=\"summary_large_image\" \/>\n<meta name=\"twitter:label1\" content=\"Dur\u00e9e de lecture estim\u00e9e\" \/>\n\t<meta name=\"twitter:data1\" content=\"3 minutes\" \/>\n<script type=\"application\/ld+json\" class=\"yoast-schema-graph\">{\"@context\":\"https:\\\/\\\/schema.org\",\"@graph\":[{\"@type\":\"WebPage\",\"@id\":\"https:\\\/\\\/stjames.si\\\/fr\\\/zivi-kamni-pierres-vivantes-pietre-vive-a-ljubljana\\\/\",\"url\":\"https:\\\/\\\/stjames.si\\\/fr\\\/zivi-kamni-pierres-vivantes-pietre-vive-a-ljubljana\\\/\",\"name\":\"\u017divi kamni - Pierres Vivantes (Pietre Vive) \u00e0 Ljubljana - \u00c9glise Saint-Jacques, Ljubljana \u2013 O\u00f9 la beaut\u00e9 baroque rencontre la foi vivante\",\"isPartOf\":{\"@id\":\"https:\\\/\\\/stjames.si\\\/fr\\\/#website\"},\"datePublished\":\"2025-08-02T17:39:14+00:00\",\"dateModified\":\"2025-08-15T05:36:22+00:00\",\"breadcrumb\":{\"@id\":\"https:\\\/\\\/stjames.si\\\/fr\\\/zivi-kamni-pierres-vivantes-pietre-vive-a-ljubljana\\\/#breadcrumb\"},\"inLanguage\":\"fr-FR\",\"potentialAction\":[{\"@type\":\"ReadAction\",\"target\":[\"https:\\\/\\\/stjames.si\\\/fr\\\/zivi-kamni-pierres-vivantes-pietre-vive-a-ljubljana\\\/\"]}]},{\"@type\":\"BreadcrumbList\",\"@id\":\"https:\\\/\\\/stjames.si\\\/fr\\\/zivi-kamni-pierres-vivantes-pietre-vive-a-ljubljana\\\/#breadcrumb\",\"itemListElement\":[{\"@type\":\"ListItem\",\"position\":1,\"name\":\"Home\",\"item\":\"https:\\\/\\\/stjames.si\\\/fr\\\/\"},{\"@type\":\"ListItem\",\"position\":2,\"name\":\"\u017divi kamni &#8211; Pierres Vivantes (Pietre Vive) \u00e0 Ljubljana\"}]},{\"@type\":\"WebSite\",\"@id\":\"https:\\\/\\\/stjames.si\\\/fr\\\/#website\",\"url\":\"https:\\\/\\\/stjames.si\\\/fr\\\/\",\"name\":\"\u00c9glise Saint-Jacques, Ljubljana \u2013 O\u00f9 la beaut\u00e9 baroque rencontre la foi vivante\",\"description\":\"\",\"potentialAction\":[{\"@type\":\"SearchAction\",\"target\":{\"@type\":\"EntryPoint\",\"urlTemplate\":\"https:\\\/\\\/stjames.si\\\/fr\\\/?s={search_term_string}\"},\"query-input\":{\"@type\":\"PropertyValueSpecification\",\"valueRequired\":true,\"valueName\":\"search_term_string\"}}],\"inLanguage\":\"fr-FR\"}]}<\/script>\n<!-- \/ Yoast SEO plugin. -->","yoast_head_json":{"title":"\u017divi kamni - Pierres Vivantes (Pietre Vive) \u00e0 Ljubljana - \u00c9glise Saint-Jacques, Ljubljana \u2013 O\u00f9 la beaut\u00e9 baroque rencontre la foi vivante","robots":{"index":"index","follow":"follow","max-snippet":"max-snippet:-1","max-image-preview":"max-image-preview:large","max-video-preview":"max-video-preview:-1"},"canonical":"https:\/\/stjames.si\/fr\/zivi-kamni-pierres-vivantes-pietre-vive-a-ljubljana\/","og_locale":"fr_FR","og_type":"article","og_title":"\u017divi kamni - Pierres Vivantes (Pietre Vive) \u00e0 Ljubljana - \u00c9glise Saint-Jacques, Ljubljana \u2013 O\u00f9 la beaut\u00e9 baroque rencontre la foi vivante","og_description":"[vc_row][vc_column width=\u00a0\u00bb2\/3&Prime;][vc_column_text css=\u00a0\u00bb\u00a0\u00bb]Live Stones, connu internationalement sous le nom de\u00a0Pietre Vive, est un r\u00e9seau ignatien mondial de jeunes qui allient foi, art et culture. Leur mission est d\u2019aider les visiteurs&hellip;","og_url":"https:\/\/stjames.si\/fr\/zivi-kamni-pierres-vivantes-pietre-vive-a-ljubljana\/","og_site_name":"\u00c9glise Saint-Jacques, Ljubljana \u2013 O\u00f9 la beaut\u00e9 baroque rencontre la foi vivante","article_modified_time":"2025-08-15T05:36:22+00:00","twitter_card":"summary_large_image","twitter_misc":{"Dur\u00e9e de lecture estim\u00e9e":"3 minutes"},"schema":{"@context":"https:\/\/schema.org","@graph":[{"@type":"WebPage","@id":"https:\/\/stjames.si\/fr\/zivi-kamni-pierres-vivantes-pietre-vive-a-ljubljana\/","url":"https:\/\/stjames.si\/fr\/zivi-kamni-pierres-vivantes-pietre-vive-a-ljubljana\/","name":"\u017divi kamni - Pierres Vivantes (Pietre Vive) \u00e0 Ljubljana - \u00c9glise Saint-Jacques, Ljubljana \u2013 O\u00f9 la beaut\u00e9 baroque rencontre la foi vivante","isPartOf":{"@id":"https:\/\/stjames.si\/fr\/#website"},"datePublished":"2025-08-02T17:39:14+00:00","dateModified":"2025-08-15T05:36:22+00:00","breadcrumb":{"@id":"https:\/\/stjames.si\/fr\/zivi-kamni-pierres-vivantes-pietre-vive-a-ljubljana\/#breadcrumb"},"inLanguage":"fr-FR","potentialAction":[{"@type":"ReadAction","target":["https:\/\/stjames.si\/fr\/zivi-kamni-pierres-vivantes-pietre-vive-a-ljubljana\/"]}]},{"@type":"BreadcrumbList","@id":"https:\/\/stjames.si\/fr\/zivi-kamni-pierres-vivantes-pietre-vive-a-ljubljana\/#breadcrumb","itemListElement":[{"@type":"ListItem","position":1,"name":"Home","item":"https:\/\/stjames.si\/fr\/"},{"@type":"ListItem","position":2,"name":"\u017divi kamni &#8211; Pierres Vivantes (Pietre Vive) \u00e0 Ljubljana"}]},{"@type":"WebSite","@id":"https:\/\/stjames.si\/fr\/#website","url":"https:\/\/stjames.si\/fr\/","name":"\u00c9glise Saint-Jacques, Ljubljana \u2013 O\u00f9 la beaut\u00e9 baroque rencontre la foi vivante","description":"","potentialAction":[{"@type":"SearchAction","target":{"@type":"EntryPoint","urlTemplate":"https:\/\/stjames.si\/fr\/?s={search_term_string}"},"query-input":{"@type":"PropertyValueSpecification","valueRequired":true,"valueName":"search_term_string"}}],"inLanguage":"fr-FR"}]}},"campaignId":"","_links":{"self":[{"href":"https:\/\/stjames.si\/fr\/wp-json\/wp\/v2\/pages\/371","targetHints":{"allow":["GET"]}}],"collection":[{"href":"https:\/\/stjames.si\/fr\/wp-json\/wp\/v2\/pages"}],"about":[{"href":"https:\/\/stjames.si\/fr\/wp-json\/wp\/v2\/types\/page"}],"author":[{"embeddable":true,"href":"https:\/\/stjames.si\/fr\/wp-json\/wp\/v2\/users\/1"}],"replies":[{"embeddable":true,"href":"https:\/\/stjames.si\/fr\/wp-json\/wp\/v2\/comments?post=371"}],"version-history":[{"count":5,"href":"https:\/\/stjames.si\/fr\/wp-json\/wp\/v2\/pages\/371\/revisions"}],"predecessor-version":[{"id":555,"href":"https:\/\/stjames.si\/fr\/wp-json\/wp\/v2\/pages\/371\/revisions\/555"}],"wp:attachment":[{"href":"https:\/\/stjames.si\/fr\/wp-json\/wp\/v2\/media?parent=371"}],"curies":[{"name":"wp","href":"https:\/\/api.w.org\/{rel}","templated":true}]}}