{"id":260,"date":"2025-08-01T14:15:09","date_gmt":"2025-08-01T12:15:09","guid":{"rendered":"https:\/\/stjames.si\/hr\/?page_id=260"},"modified":"2026-04-01T22:00:55","modified_gmt":"2026-04-01T20:00:55","slug":"kontakti","status":"publish","type":"page","link":"https:\/\/stjames.si\/hr\/kontakti\/","title":{"rendered":"Kontakti"},"content":{"rendered":"<div class=\"wpb-content-wrapper\"><p>[vc_row][vc_column][vc_single_image image=&#8221;190&#8243; img_size=&#8221;full&#8221; alignment=&#8221;center&#8221; css=&#8221;&#8221;][\/vc_column][\/vc_row][vc_row][vc_column width=&#8221;1\/3&#8243;][vc_column_text css=&#8221;.vc_custom_1775073464764{padding-top: 30px !important;padding-right: 30px !important;padding-bottom: 30px !important;padding-left: 30px !important;background-color: #A79469 !important;}&#8221;]<span style=\"color: #ffffff;\"><strong>\u017dupa sv. Jakova \u2013 Ljubljana<\/strong><\/span><br \/>\n<span style=\"color: #ffffff;\">Gornji trg 18 \/ Ro\u017ena ulica 2<\/span><br \/>\n<span style=\"color: #ffffff;\">1000 Ljubljana<\/span><\/p>\n<p><span style=\"color: #ffffff;\"><strong>e-po\u0161ta<\/strong>:\u00a0<a class=\"fui-Link ___w5et180 f2hkw1w f3rmtva f1ewtqcl fyind8e f1k6fduh f1w7gpdv f1mo0ibp fjoy568 ff5ikls f1s184ao f1mk8lai fnbmjn9 f1o700av f13mvf36 f1cmlufx f9n3di6 f1ids18y f1tx3yz7 f1deo86v f1eh06m1 f1iescvh fhgqx19 f1olyrje f1p93eir f1nev41a\" style=\"color: #ffffff;\" tabindex=\"0\" href=\"mailto:sv.jakob.lj@gmail.com\" target=\"_blank\" rel=\"noopener\" data-tabster=\"{&quot;restorer&quot;:{&quot;type&quot;:1}}\">sv.jakob.lj@gmail.com<\/a><\/span><\/p>\n<p><span style=\"color: #ffffff;\">OIB (porezni broj): 91814987<\/span><br \/>\n<span style=\"color: #ffffff;\">Mati\u010dni broj: 1431226000<\/span><br \/>\n<span style=\"color: #ffffff;\"><strong>Broj ra\u010dunaa<\/strong>: SI56 0205 1025 4641 775, NLB<\/span>[\/vc_column_text][\/vc_column][vc_column width=&#8221;1\/3&#8243;][vc_column_text css=&#8221;.vc_custom_1775073629030{padding-top: 30px !important;padding-right: 30px !important;padding-bottom: 30px !important;padding-left: 30px !important;background-color: #A79469 !important;}&#8221;]<span style=\"color: #ffffff;\"><strong>Dobrodo\u0161liu \u017eupni ured:<\/strong><\/span><br \/>\n<span style=\"color: #ffffff;\"><br \/>\nNajlak\u0161i na\u010din za kontakt sa \u017eupnim upraviteljem je putem telefona ili SMS-a: 064 178 014.<\/span><\/p>\n<p><span style=\"color: #ffffff;\">U uredu sam: po prethodnom dogovoru<\/span>[\/vc_column_text][\/vc_column][vc_column width=&#8221;1\/3&#8243;][vc_column_text css=&#8221;.vc_custom_1755342363055{padding-top: 30px !important;padding-right: 30px !important;padding-bottom: 30px !important;padding-left: 30px !important;background-color: #A79469 !important;}&#8221; el_id=&#8221;whitetext&#8221;]<span style=\"color: #ffffff;\"><strong>Duhovniki:<\/strong><\/span><\/p>\n<p><span style=\"color: #ffffff;\"><strong>\u017dupnijski upravitelj in predstojnik skupnosti:<\/strong><\/span><br \/>\n<span style=\"color: #ffffff;\"><strong>p. Toma\u017e Miku\u0161<\/strong><\/span><br \/>\n<span style=\"color: #ffffff;\">064 178 014<\/span><br \/>\n<span style=\"color: #ffffff;\"><a class=\"fui-Link ___w5et180 f2hkw1w f3rmtva f1ewtqcl fyind8e f1k6fduh f1w7gpdv f1mo0ibp fjoy568 ff5ikls f1s184ao f1mk8lai fnbmjn9 f1o700av f13mvf36 f1cmlufx f9n3di6 f1ids18y f1tx3yz7 f1deo86v f1eh06m1 f1iescvh fhgqx19 f1olyrje f1p93eir f1nev41a\" style=\"color: #ffffff;\" tabindex=\"0\" href=\"mailto:tomaz.mikus@gmail.com\" target=\"_blank\" rel=\"noopener\" data-tabster=\"{&quot;restorer&quot;:{&quot;type&quot;:1}}\">tomaz.mikus@gmail.com<\/a><\/span><\/p>\n<p><span style=\"color: #ffffff;\">V skupnosti jezuitov v \u017eupni\u0161\u010du bivajo tudi:<\/span><\/p>\n<ul>\n<li><span style=\"color: #ffffff;\"><strong>g. Beno Lavrih<\/strong><\/span><br \/>\n<span style=\"color: #ffffff;\">041 264 800<\/span><br \/>\n<span style=\"color: #ffffff;\"><a class=\"fui-Link ___w5et180 f2hkw1w f3rmtva f1ewtqcl fyind8e f1k6fduh f1w7gpdv f1mo0ibp fjoy568 ff5ikls f1s184ao f1mk8lai fnbmjn9 f1o700av f13mvf36 f1cmlufx f9n3di6 f1ids18y f1tx3yz7 f1deo86v f1eh06m1 f1iescvh fhgqx19 f1olyrje f1p93eir f1nev41a\" style=\"color: #ffffff;\" tabindex=\"0\" href=\"mailto:beno.lavrih@rkc.si\" target=\"_blank\" rel=\"noopener\" data-tabster=\"{&quot;restorer&quot;:{&quot;type&quot;:1}}\">beno.lavrih@rkc.si<\/a><\/span><\/li>\n<li><span style=\"color: #ffffff;\"><strong>p. Jo\u017ee Kokalj<\/strong>, \u017eupnik v pokoju<\/span><br \/>\n<span style=\"color: #ffffff;\">041 603 810<\/span><\/li>\n<li><span style=\"color: #ffffff;\"><strong>p. Miran \u017dvanut<\/strong>, provincial Slovenske province Dru\u017ebe Jezusove<\/span><\/li>\n<\/ul>\n<p>[\/vc_column_text][\/vc_column][\/vc_row][vc_row type=&#8221;2&#8243; margin_top=&#8221;50px&#8221; margin_bottom=&#8221;-70px&#8221; padding_top=&#8221;60px&#8221; padding_bottom=&#8221;30px&#8221; css=&#8221;.vc_custom_1753614473478{margin-bottom: -70px !important;}&#8221;][vc_column]<style type=\"text\/css\" data-type=\"the7_shortcodes-inline-css\">.gallery-carousel-shortcode.gallery-carousel-shortcode-id-02ae5ae19bbdef5622d5391d7aaccf49.owl-carousel .owl-nav div {\n  width: 36px;\n  height: 36px;\n  border-radius: 500px;\n}\n.dt-arrow-border-on.gallery-carousel-shortcode.gallery-carousel-shortcode-id-02ae5ae19bbdef5622d5391d7aaccf49.owl-carousel .owl-nav div:not(:hover):before {\n  border-width: 0px;\n}\n.dt-arrow-hover-border-on.gallery-carousel-shortcode.gallery-carousel-shortcode-id-02ae5ae19bbdef5622d5391d7aaccf49.owl-carousel .owl-nav div:hover:after {\n  border-width: 0px;\n}\n.gallery-carousel-shortcode.gallery-carousel-shortcode-id-02ae5ae19bbdef5622d5391d7aaccf49.owl-carousel .owl-nav div.owl-prev {\n  top: 50%;\n  transform: translateY(calc(-50% + 0px));\n  left: -43px;\n}\n@media all and (-ms-high-contrast: none) {\n  .gallery-carousel-shortcode.gallery-carousel-shortcode-id-02ae5ae19bbdef5622d5391d7aaccf49.owl-carousel .owl-nav div.owl-prev {\n    transform: translateY(-50%);\n    margin-top: 0px;\n  }\n}\n.gallery-carousel-shortcode.gallery-carousel-shortcode-id-02ae5ae19bbdef5622d5391d7aaccf49.owl-carousel .owl-nav div.owl-prev i {\n  padding: 0px 0px 0px 0px;\n}\n.gallery-carousel-shortcode.gallery-carousel-shortcode-id-02ae5ae19bbdef5622d5391d7aaccf49.owl-carousel .owl-nav div.owl-next {\n  top: 50%;\n  transform: translateY(calc(-50% + 0px));\n  right: -43px;\n}\n@media all and (-ms-high-contrast: none) {\n  .gallery-carousel-shortcode.gallery-carousel-shortcode-id-02ae5ae19bbdef5622d5391d7aaccf49.owl-carousel .owl-nav div.owl-next {\n    transform: translateY(-50%);\n    margin-top: 0px;\n  }\n}\n.gallery-carousel-shortcode.gallery-carousel-shortcode-id-02ae5ae19bbdef5622d5391d7aaccf49.owl-carousel .owl-nav div.owl-next i {\n  padding: 0px 0px 0px 0px;\n}\n.gallery-carousel-shortcode.gallery-carousel-shortcode-id-02ae5ae19bbdef5622d5391d7aaccf49.owl-carousel .owl-nav i {\n  font-size: 18px;\n}\n.gallery-carousel-shortcode.gallery-carousel-shortcode-id-02ae5ae19bbdef5622d5391d7aaccf49.owl-carousel .owl-nav div:not(:hover) i,\n.gallery-carousel-shortcode.gallery-carousel-shortcode-id-02ae5ae19bbdef5622d5391d7aaccf49.owl-carousel .owl-nav div:not(:hover) i:before {\n  color: #ffffff;\n  background: none;\n}\n.gallery-carousel-shortcode.gallery-carousel-shortcode-id-02ae5ae19bbdef5622d5391d7aaccf49.owl-carousel .owl-nav div:hover i,\n.gallery-carousel-shortcode.gallery-carousel-shortcode-id-02ae5ae19bbdef5622d5391d7aaccf49.owl-carousel .owl-nav div:hover i:before {\n  color: rgba(255,255,255,0.75);\n  background: none;\n}\n.gallery-carousel-shortcode.gallery-carousel-shortcode-id-02ae5ae19bbdef5622d5391d7aaccf49 .owl-dots {\n  top: calc(100% + 20px);\n  left: 50%;\n  transform: translateX(calc(-50% + 0px));\n}\n@media all and (-ms-high-contrast: none) {\n  .gallery-carousel-shortcode.gallery-carousel-shortcode-id-02ae5ae19bbdef5622d5391d7aaccf49 .owl-dots {\n    transform: translateX(-50%);\n    margin-left: 0px;\n  }\n}\n.gallery-carousel-shortcode.gallery-carousel-shortcode-id-02ae5ae19bbdef5622d5391d7aaccf49 .owl-dot {\n  width: 10px;\n  height: 10px;\n  margin: 0 8px;\n}\n@media screen and (max-width: 778px) {\n  .gallery-carousel-shortcode.gallery-carousel-shortcode-id-02ae5ae19bbdef5622d5391d7aaccf49.hide-arrows .owl-nav a {\n    display: none;\n  }\n}\n@media screen and (max-width: 778px) {\n  .gallery-carousel-shortcode.gallery-carousel-shortcode-id-02ae5ae19bbdef5622d5391d7aaccf49.reposition-arrows .owl-nav div.owl-prev {\n    top: 50%;\n    transform: translateY(calc(-50% + 0px));\n    left: 10px;\n  }\n  .gallery-carousel-shortcode.gallery-carousel-shortcode-id-02ae5ae19bbdef5622d5391d7aaccf49.reposition-arrows .owl-nav div.owl-next {\n    top: 50%;\n    transform: translateY(calc(-50% + 0px));\n    right: 10px;\n  }\n}\n@media screen and (max-width: 778px) and all and (-ms-high-contrast: none) {\n  .gallery-carousel-shortcode.gallery-carousel-shortcode-id-02ae5ae19bbdef5622d5391d7aaccf49.reposition-arrows .owl-nav div.owl-prev {\n    transform: translateY(-50%);\n    margin-top: 0px;\n  }\n}\n@media screen and (max-width: 778px) and all and (-ms-high-contrast: none) {\n  .gallery-carousel-shortcode.gallery-carousel-shortcode-id-02ae5ae19bbdef5622d5391d7aaccf49.reposition-arrows .owl-nav div.owl-next {\n    transform: translateY(-50%);\n    margin-top: 0px;\n  }\n}\n.gallery-carousel-shortcode.gallery-carousel-shortcode-id-02ae5ae19bbdef5622d5391d7aaccf49 figure,\n.gallery-carousel-shortcode.gallery-carousel-shortcode-id-02ae5ae19bbdef5622d5391d7aaccf49 .rollover,\n.gallery-carousel-shortcode.gallery-carousel-shortcode-id-02ae5ae19bbdef5622d5391d7aaccf49 img,\n.gallery-carousel-shortcode.gallery-carousel-shortcode-id-02ae5ae19bbdef5622d5391d7aaccf49 .gallery-rollover {\n  border-radius: 0px;\n}\n.gallery-carousel-shortcode.gallery-carousel-shortcode-id-02ae5ae19bbdef5622d5391d7aaccf49.enable-bg-rollover .gallery-rollover {\n  background: -webkit-linear-gradient();\n  background: linear-gradient();\n}\n.gallery-carousel-shortcode.gallery-carousel-shortcode-id-02ae5ae19bbdef5622d5391d7aaccf49.enable-img-shadow .owl-stage-outer {\n  padding: 14px 0;\n}\n.gallery-carousel-shortcode.gallery-carousel-shortcode-id-02ae5ae19bbdef5622d5391d7aaccf49.enable-bg-rollover.hover-scale figure .rollover:after {\n  background: -webkit-linear-gradient();\n  background: linear-gradient();\n}\n.gallery-carousel-shortcode.gallery-carousel-shortcode-id-02ae5ae19bbdef5622d5391d7aaccf49.gallery-shortcode .gallery-zoom-ico {\n  width: 44px;\n  height: 44px;\n  line-height: 44px;\n  border-radius: 100px;\n  margin: -22px 0 0 -22px;\n  border-width: 0px;\n}\n.dt-icon-bg-on.gallery-carousel-shortcode.gallery-carousel-shortcode-id-02ae5ae19bbdef5622d5391d7aaccf49.gallery-shortcode .gallery-zoom-ico {\n  background: rgba(255,255,255,0.3);\n  box-shadow: none;\n}\n.gallery-carousel-shortcode.gallery-carousel-shortcode-id-02ae5ae19bbdef5622d5391d7aaccf49.gallery-shortcode .gallery-zoom-ico:before,\n.gallery-carousel-shortcode.gallery-carousel-shortcode-id-02ae5ae19bbdef5622d5391d7aaccf49.gallery-shortcode .gallery-zoom-ico span {\n  font-size: 32px;\n  line-height: 44px;\n  color: #ffffff;\n  background: none;\n}<\/style><div class=\"owl-carousel gallery-carousel-shortcode gallery-shortcode  dt-gallery-container dt-owl-carousel-call gallery-carousel-shortcode-id-02ae5ae19bbdef5622d5391d7aaccf49 quick-scale-img enable-bg-rollover meta-info-off dt-arrow-border-on dt-arrow-hover-border-on bullets-small-dot-stroke reposition-arrows dt-icon-bg-off arrows-bg-on disable-arrows-hover-bg arrows-hover-bg-on  vc_custom_1754746752641 hover-fade \" data-scroll-mode=\"1\" data-col-num=\"5\" data-wide-col-num=\"5\" data-laptop-col=\"5\" data-h-tablet-columns-num=\"4\" data-v-tablet-columns-num=\"3\" data-phone-columns-num=\"1\" data-col-gap=\"10\" data-stage-padding=\"0\" data-speed=\"600\" data-autoplay=\"false\" data-autoplay_speed=\"6000\" data-arrows=\"true\" data-bullet=\"false\" data-next-icon=\"icon-ar-017-r\" data-prev-icon=\"icon-ar-017-l\" data-img-shadow-size=\"12px\" data-img-shadow-spread=\"3px\"><div data-post-id=\"73\" data-date=\"2025-08-01T11:38:47+02:00\" data-name=\"AND_6878\"><figure class=\"post\"><a href=\"https:\/\/stjames.si\/hr\/wp-content\/uploads\/sites\/17\/2025\/08\/AND_6878.jpg\" class=\"rollover dt-pswp-item layzr-bg\" data-large_image_width=\"1000\" data-large_image_height=\"1500\" data-dt-img-description=\"\" title=\"AND_6878\"><img fetchpriority=\"high\" decoding=\"async\" class=\"preload-me owl-lazy-load aspect\" src=\"data:image\/svg+xml,%3Csvg%20xmlns%3D&#39;http%3A%2F%2Fwww.w3.org%2F2000%2Fsvg&#39;%20viewBox%3D&#39;0%200%201000%201500&#39;%2F%3E\" data-src=\"https:\/\/stjames.si\/hr\/wp-content\/uploads\/sites\/17\/2025\/08\/AND_6878.jpg\" data-srcset=\"https:\/\/stjames.si\/hr\/wp-content\/uploads\/sites\/17\/2025\/08\/AND_6878.jpg 1000w\" loading=\"eager\" style=\"--ratio: 1000 \/ 1500\" sizes=\"(max-width: 1000px) 100vw, 1000px\" alt=\"\" width=\"1000\" height=\"1500\"  \/><span class=\"gallery-rollover\"><span class=\"gallery-zoom-ico icomoon-the7-font-the7-zoom-06\"><span><\/span><\/span><\/span><\/a><\/figure><\/div><div data-post-id=\"77\" data-date=\"2025-08-01T11:38:57+02:00\" data-name=\"AND_6916\"><figure class=\"post\"><a href=\"https:\/\/stjames.si\/hr\/wp-content\/uploads\/sites\/17\/2025\/08\/AND_6916.jpg\" class=\"rollover dt-pswp-item layzr-bg\" data-large_image_width=\"1000\" data-large_image_height=\"1500\" data-dt-img-description=\"\" title=\"AND_6916\"><img decoding=\"async\" class=\"preload-me owl-lazy-load aspect\" src=\"data:image\/svg+xml,%3Csvg%20xmlns%3D&#39;http%3A%2F%2Fwww.w3.org%2F2000%2Fsvg&#39;%20viewBox%3D&#39;0%200%201000%201500&#39;%2F%3E\" data-src=\"https:\/\/stjames.si\/hr\/wp-content\/uploads\/sites\/17\/2025\/08\/AND_6916.jpg\" data-srcset=\"https:\/\/stjames.si\/hr\/wp-content\/uploads\/sites\/17\/2025\/08\/AND_6916.jpg 1000w\" loading=\"eager\" style=\"--ratio: 1000 \/ 1500\" sizes=\"(max-width: 1000px) 100vw, 1000px\" alt=\"\" width=\"1000\" height=\"1500\"  \/><span class=\"gallery-rollover\"><span class=\"gallery-zoom-ico icomoon-the7-font-the7-zoom-06\"><span><\/span><\/span><\/span><\/a><\/figure><\/div><div data-post-id=\"76\" data-date=\"2025-08-01T11:38:54+02:00\" data-name=\"AND_6905\"><figure class=\"post\"><a href=\"https:\/\/stjames.si\/hr\/wp-content\/uploads\/sites\/17\/2025\/08\/AND_6905.jpg\" class=\"rollover dt-pswp-item layzr-bg\" data-large_image_width=\"1000\" data-large_image_height=\"1500\" data-dt-img-description=\"\" title=\"AND_6905\"><img decoding=\"async\" class=\"preload-me owl-lazy-load aspect\" src=\"data:image\/svg+xml,%3Csvg%20xmlns%3D&#39;http%3A%2F%2Fwww.w3.org%2F2000%2Fsvg&#39;%20viewBox%3D&#39;0%200%201000%201500&#39;%2F%3E\" data-src=\"https:\/\/stjames.si\/hr\/wp-content\/uploads\/sites\/17\/2025\/08\/AND_6905.jpg\" data-srcset=\"https:\/\/stjames.si\/hr\/wp-content\/uploads\/sites\/17\/2025\/08\/AND_6905.jpg 1000w\" loading=\"eager\" style=\"--ratio: 1000 \/ 1500\" sizes=\"(max-width: 1000px) 100vw, 1000px\" alt=\"\" width=\"1000\" height=\"1500\"  \/><span class=\"gallery-rollover\"><span class=\"gallery-zoom-ico icomoon-the7-font-the7-zoom-06\"><span><\/span><\/span><\/span><\/a><\/figure><\/div><div data-post-id=\"74\" data-date=\"2025-08-01T11:38:49+02:00\" data-name=\"AND_6893\"><figure class=\"post\"><a href=\"https:\/\/stjames.si\/hr\/wp-content\/uploads\/sites\/17\/2025\/08\/AND_6893.jpg\" class=\"rollover dt-pswp-item layzr-bg\" data-large_image_width=\"1333\" data-large_image_height=\"2000\" data-dt-img-description=\"\" title=\"AND_6893\"><img decoding=\"async\" class=\"preload-me owl-lazy-load aspect\" src=\"data:image\/svg+xml,%3Csvg%20xmlns%3D&#39;http%3A%2F%2Fwww.w3.org%2F2000%2Fsvg&#39;%20viewBox%3D&#39;0%200%201333%202000&#39;%2F%3E\" data-src=\"https:\/\/stjames.si\/hr\/wp-content\/uploads\/sites\/17\/2025\/08\/AND_6893.jpg\" data-srcset=\"https:\/\/stjames.si\/hr\/wp-content\/uploads\/sites\/17\/2025\/08\/AND_6893.jpg 1333w\" loading=\"eager\" style=\"--ratio: 1333 \/ 2000\" sizes=\"(max-width: 1333px) 100vw, 1333px\" alt=\"\" width=\"1333\" height=\"2000\"  \/><span class=\"gallery-rollover\"><span class=\"gallery-zoom-ico icomoon-the7-font-the7-zoom-06\"><span><\/span><\/span><\/span><\/a><\/figure><\/div><div data-post-id=\"75\" data-date=\"2025-08-01T11:38:52+02:00\" data-name=\"AND_6895\"><figure class=\"post\"><a href=\"https:\/\/stjames.si\/hr\/wp-content\/uploads\/sites\/17\/2025\/08\/AND_6895.jpg\" class=\"rollover dt-pswp-item layzr-bg\" data-large_image_width=\"1000\" data-large_image_height=\"1500\" data-dt-img-description=\"\" title=\"AND_6895\"><img decoding=\"async\" class=\"preload-me owl-lazy-load aspect\" src=\"data:image\/svg+xml,%3Csvg%20xmlns%3D&#39;http%3A%2F%2Fwww.w3.org%2F2000%2Fsvg&#39;%20viewBox%3D&#39;0%200%201000%201500&#39;%2F%3E\" data-src=\"https:\/\/stjames.si\/hr\/wp-content\/uploads\/sites\/17\/2025\/08\/AND_6895.jpg\" data-srcset=\"https:\/\/stjames.si\/hr\/wp-content\/uploads\/sites\/17\/2025\/08\/AND_6895.jpg 1000w\" loading=\"eager\" style=\"--ratio: 1000 \/ 1500\" sizes=\"(max-width: 1000px) 100vw, 1000px\" alt=\"\" width=\"1000\" height=\"1500\"  \/><span class=\"gallery-rollover\"><span class=\"gallery-zoom-ico icomoon-the7-font-the7-zoom-06\"><span><\/span><\/span><\/span><\/a><\/figure><\/div><div data-post-id=\"78\" data-date=\"2025-08-01T11:39:00+02:00\" data-name=\"AND_6925\"><figure class=\"post\"><a href=\"https:\/\/stjames.si\/hr\/wp-content\/uploads\/sites\/17\/2025\/08\/AND_6925.jpg\" class=\"rollover dt-pswp-item layzr-bg\" data-large_image_width=\"1000\" data-large_image_height=\"1500\" data-dt-img-description=\"\" title=\"AND_6925\"><img decoding=\"async\" class=\"preload-me owl-lazy-load aspect\" src=\"data:image\/svg+xml,%3Csvg%20xmlns%3D&#39;http%3A%2F%2Fwww.w3.org%2F2000%2Fsvg&#39;%20viewBox%3D&#39;0%200%201000%201500&#39;%2F%3E\" data-src=\"https:\/\/stjames.si\/hr\/wp-content\/uploads\/sites\/17\/2025\/08\/AND_6925.jpg\" data-srcset=\"https:\/\/stjames.si\/hr\/wp-content\/uploads\/sites\/17\/2025\/08\/AND_6925.jpg 1000w\" loading=\"eager\" style=\"--ratio: 1000 \/ 1500\" sizes=\"(max-width: 1000px) 100vw, 1000px\" alt=\"\" width=\"1000\" height=\"1500\"  \/><span class=\"gallery-rollover\"><span class=\"gallery-zoom-ico icomoon-the7-font-the7-zoom-06\"><span><\/span><\/span><\/span><\/a><\/figure><\/div><div data-post-id=\"72\" data-date=\"2025-08-01T11:38:44+02:00\" data-name=\"AND_6874\"><figure class=\"post\"><a href=\"https:\/\/stjames.si\/hr\/wp-content\/uploads\/sites\/17\/2025\/08\/AND_6874.jpg\" class=\"rollover dt-pswp-item layzr-bg\" data-large_image_width=\"1000\" data-large_image_height=\"1500\" data-dt-img-description=\"\" title=\"AND_6874\"><img decoding=\"async\" class=\"preload-me owl-lazy-load aspect\" src=\"data:image\/svg+xml,%3Csvg%20xmlns%3D&#39;http%3A%2F%2Fwww.w3.org%2F2000%2Fsvg&#39;%20viewBox%3D&#39;0%200%201000%201500&#39;%2F%3E\" data-src=\"https:\/\/stjames.si\/hr\/wp-content\/uploads\/sites\/17\/2025\/08\/AND_6874.jpg\" data-srcset=\"https:\/\/stjames.si\/hr\/wp-content\/uploads\/sites\/17\/2025\/08\/AND_6874.jpg 1000w\" loading=\"eager\" style=\"--ratio: 1000 \/ 1500\" sizes=\"(max-width: 1000px) 100vw, 1000px\" alt=\"\" width=\"1000\" height=\"1500\"  \/><span class=\"gallery-rollover\"><span class=\"gallery-zoom-ico icomoon-the7-font-the7-zoom-06\"><span><\/span><\/span><\/span><\/a><\/figure><\/div><\/div>[vc_single_image image=&#8221;142&#8243; img_size=&#8221;full&#8221; alignment=&#8221;center&#8221; css=&#8221;&#8221; image_hovers=&#8221;false&#8221;][\/vc_column][\/vc_row]<\/p>\n<\/div>","protected":false},"excerpt":{"rendered":"<p>[vc_row][vc_column][vc_single_image image=&#8221;190&#8243; img_size=&#8221;full&#8221; alignment=&#8221;center&#8221; css=&#8221;&#8221;][\/vc_column][\/vc_row][vc_row][vc_column width=&#8221;1\/3&#8243;][vc_column_text css=&#8221;.vc_custom_1775073464764{padding-top: 30px !important;padding-right: 30px !important;padding-bottom: 30px !important;padding-left: 30px !important;background-color: #A79469 !important;}&#8221;]\u017dupa sv. Jakova \u2013 Ljubljana Gornji trg 18 \/ Ro\u017ena ulica 2 1000 Ljubljana&hellip;<\/p>\n","protected":false},"author":1,"featured_media":0,"parent":0,"menu_order":0,"comment_status":"closed","ping_status":"closed","template":"","meta":{"give_campaign_id":0,"footnotes":""},"class_list":["post-260","page","type-page","status-publish","hentry","description-off"],"yoast_head":"<!-- This site is optimized with the Yoast SEO plugin v27.4 - https:\/\/yoast.com\/product\/yoast-seo-wordpress\/ -->\n<title>Kontakti - Crkva sv. Jakova \u2013 barokna ljepotica u srcu Ljubljane<\/title>\n<meta name=\"robots\" content=\"index, follow, max-snippet:-1, max-image-preview:large, max-video-preview:-1\" \/>\n<link rel=\"canonical\" href=\"https:\/\/stjames.si\/hr\/kontakti\/\" \/>\n<meta property=\"og:locale\" content=\"hr_HR\" \/>\n<meta property=\"og:type\" content=\"article\" \/>\n<meta property=\"og:title\" content=\"Kontakti - Crkva sv. Jakova \u2013 barokna ljepotica u srcu Ljubljane\" \/>\n<meta property=\"og:description\" content=\"[vc_row][vc_column][vc_single_image image=&#8221;190&#8243; img_size=&#8221;full&#8221; alignment=&#8221;center&#8221; css=&#8221;&#8221;][\/vc_column][\/vc_row][vc_row][vc_column width=&#8221;1\/3&#8243;][vc_column_text css=&#8221;.vc_custom_1775073464764{padding-top: 30px !important;padding-right: 30px !important;padding-bottom: 30px !important;padding-left: 30px !important;background-color: #A79469 !important;}&#8221;]\u017dupa sv. Jakova \u2013 Ljubljana Gornji trg 18 \/ Ro\u017ena ulica 2 1000 Ljubljana&hellip;\" \/>\n<meta property=\"og:url\" content=\"https:\/\/stjames.si\/hr\/kontakti\/\" \/>\n<meta property=\"og:site_name\" content=\"Crkva sv. Jakova \u2013 barokna ljepotica u srcu Ljubljane\" \/>\n<meta property=\"article:modified_time\" content=\"2026-04-01T20:00:55+00:00\" \/>\n<meta name=\"twitter:card\" content=\"summary_large_image\" \/>\n<meta name=\"twitter:label1\" content=\"Procijenjeno vrijeme \u010ditanja\" \/>\n\t<meta name=\"twitter:data1\" content=\"3 minute\" \/>\n<script type=\"application\/ld+json\" class=\"yoast-schema-graph\">{\"@context\":\"https:\\\/\\\/schema.org\",\"@graph\":[{\"@type\":\"WebPage\",\"@id\":\"https:\\\/\\\/stjames.si\\\/hr\\\/kontakti\\\/\",\"url\":\"https:\\\/\\\/stjames.si\\\/hr\\\/kontakti\\\/\",\"name\":\"Kontakti - Crkva sv. Jakova \u2013 barokna ljepotica u srcu Ljubljane\",\"isPartOf\":{\"@id\":\"https:\\\/\\\/stjames.si\\\/hr\\\/#website\"},\"datePublished\":\"2025-08-01T12:15:09+00:00\",\"dateModified\":\"2026-04-01T20:00:55+00:00\",\"breadcrumb\":{\"@id\":\"https:\\\/\\\/stjames.si\\\/hr\\\/kontakti\\\/#breadcrumb\"},\"inLanguage\":\"hr\",\"potentialAction\":[{\"@type\":\"ReadAction\",\"target\":[\"https:\\\/\\\/stjames.si\\\/hr\\\/kontakti\\\/\"]}]},{\"@type\":\"BreadcrumbList\",\"@id\":\"https:\\\/\\\/stjames.si\\\/hr\\\/kontakti\\\/#breadcrumb\",\"itemListElement\":[{\"@type\":\"ListItem\",\"position\":1,\"name\":\"Home\",\"item\":\"https:\\\/\\\/stjames.si\\\/hr\\\/\"},{\"@type\":\"ListItem\",\"position\":2,\"name\":\"Kontakti\"}]},{\"@type\":\"WebSite\",\"@id\":\"https:\\\/\\\/stjames.si\\\/hr\\\/#website\",\"url\":\"https:\\\/\\\/stjames.si\\\/hr\\\/\",\"name\":\"Crkva sv. Jakova \u2013 barokna ljepotica u srcu Ljubljane\",\"description\":\"\",\"potentialAction\":[{\"@type\":\"SearchAction\",\"target\":{\"@type\":\"EntryPoint\",\"urlTemplate\":\"https:\\\/\\\/stjames.si\\\/hr\\\/?s={search_term_string}\"},\"query-input\":{\"@type\":\"PropertyValueSpecification\",\"valueRequired\":true,\"valueName\":\"search_term_string\"}}],\"inLanguage\":\"hr\"}]}<\/script>\n<!-- \/ Yoast SEO plugin. -->","yoast_head_json":{"title":"Kontakti - Crkva sv. Jakova \u2013 barokna ljepotica u srcu Ljubljane","robots":{"index":"index","follow":"follow","max-snippet":"max-snippet:-1","max-image-preview":"max-image-preview:large","max-video-preview":"max-video-preview:-1"},"canonical":"https:\/\/stjames.si\/hr\/kontakti\/","og_locale":"hr_HR","og_type":"article","og_title":"Kontakti - Crkva sv. Jakova \u2013 barokna ljepotica u srcu Ljubljane","og_description":"[vc_row][vc_column][vc_single_image image=&#8221;190&#8243; img_size=&#8221;full&#8221; alignment=&#8221;center&#8221; css=&#8221;&#8221;][\/vc_column][\/vc_row][vc_row][vc_column width=&#8221;1\/3&#8243;][vc_column_text css=&#8221;.vc_custom_1775073464764{padding-top: 30px !important;padding-right: 30px !important;padding-bottom: 30px !important;padding-left: 30px !important;background-color: #A79469 !important;}&#8221;]\u017dupa sv. Jakova \u2013 Ljubljana Gornji trg 18 \/ Ro\u017ena ulica 2 1000 Ljubljana&hellip;","og_url":"https:\/\/stjames.si\/hr\/kontakti\/","og_site_name":"Crkva sv. Jakova \u2013 barokna ljepotica u srcu Ljubljane","article_modified_time":"2026-04-01T20:00:55+00:00","twitter_card":"summary_large_image","twitter_misc":{"Procijenjeno vrijeme \u010ditanja":"3 minute"},"schema":{"@context":"https:\/\/schema.org","@graph":[{"@type":"WebPage","@id":"https:\/\/stjames.si\/hr\/kontakti\/","url":"https:\/\/stjames.si\/hr\/kontakti\/","name":"Kontakti - Crkva sv. Jakova \u2013 barokna ljepotica u srcu Ljubljane","isPartOf":{"@id":"https:\/\/stjames.si\/hr\/#website"},"datePublished":"2025-08-01T12:15:09+00:00","dateModified":"2026-04-01T20:00:55+00:00","breadcrumb":{"@id":"https:\/\/stjames.si\/hr\/kontakti\/#breadcrumb"},"inLanguage":"hr","potentialAction":[{"@type":"ReadAction","target":["https:\/\/stjames.si\/hr\/kontakti\/"]}]},{"@type":"BreadcrumbList","@id":"https:\/\/stjames.si\/hr\/kontakti\/#breadcrumb","itemListElement":[{"@type":"ListItem","position":1,"name":"Home","item":"https:\/\/stjames.si\/hr\/"},{"@type":"ListItem","position":2,"name":"Kontakti"}]},{"@type":"WebSite","@id":"https:\/\/stjames.si\/hr\/#website","url":"https:\/\/stjames.si\/hr\/","name":"Crkva sv. Jakova \u2013 barokna ljepotica u srcu Ljubljane","description":"","potentialAction":[{"@type":"SearchAction","target":{"@type":"EntryPoint","urlTemplate":"https:\/\/stjames.si\/hr\/?s={search_term_string}"},"query-input":{"@type":"PropertyValueSpecification","valueRequired":true,"valueName":"search_term_string"}}],"inLanguage":"hr"}]}},"campaignId":"","_links":{"self":[{"href":"https:\/\/stjames.si\/hr\/wp-json\/wp\/v2\/pages\/260","targetHints":{"allow":["GET"]}}],"collection":[{"href":"https:\/\/stjames.si\/hr\/wp-json\/wp\/v2\/pages"}],"about":[{"href":"https:\/\/stjames.si\/hr\/wp-json\/wp\/v2\/types\/page"}],"author":[{"embeddable":true,"href":"https:\/\/stjames.si\/hr\/wp-json\/wp\/v2\/users\/1"}],"replies":[{"embeddable":true,"href":"https:\/\/stjames.si\/hr\/wp-json\/wp\/v2\/comments?post=260"}],"version-history":[{"count":10,"href":"https:\/\/stjames.si\/hr\/wp-json\/wp\/v2\/pages\/260\/revisions"}],"predecessor-version":[{"id":1054,"href":"https:\/\/stjames.si\/hr\/wp-json\/wp\/v2\/pages\/260\/revisions\/1054"}],"wp:attachment":[{"href":"https:\/\/stjames.si\/hr\/wp-json\/wp\/v2\/media?parent=260"}],"curies":[{"name":"wp","href":"https:\/\/api.w.org\/{rel}","templated":true}]}}