{"id":275,"date":"2025-08-01T14:19:09","date_gmt":"2025-08-01T12:19:09","guid":{"rendered":"https:\/\/stjames.si\/hr\/?page_id=275"},"modified":"2026-04-01T21:52:55","modified_gmt":"2026-04-01T19:52:55","slug":"dar-za-crkvu-sv-jakova","status":"publish","type":"page","link":"https:\/\/stjames.si\/hr\/dar-za-crkvu-sv-jakova\/","title":{"rendered":"Dar za crkvu sv. Jakova"},"content":{"rendered":"\n<div class=\"wp-block-columns is-layout-flex wp-container-core-columns-is-layout-62db62f3 wp-block-columns-is-layout-flex wpbbe-2\" style=\"padding-top:0;padding-bottom:0\">\n<div class=\"wp-block-column is-vertically-aligned-stretch is-layout-flow wp-block-column-is-layout-flow wpbbe-1\" style=\"flex-basis:70%\"><figure style=\"aspect-ratio:16\/9;width:100%;height:100%;\" class=\"wp-block-post-featured-image\"><img loading=\"lazy\" decoding=\"async\" width=\"1400\" height=\"900\" src=\"https:\/\/stjames.si\/wp-content\/uploads\/revslider\/stjames-church\/stjames-church-slide1.jpg\" class=\"attachment-post-thumbnail size-post-thumbnail wp-post-image\" alt=\"\" style=\"border-radius:8px;width:100%;height:100%;object-fit:cover;\" srcset=\"https:\/\/stjames.si\/wp-content\/uploads\/revslider\/stjames-church\/stjames-church-slide1.jpg 1400w, https:\/\/stjames.si\/wp-content\/uploads\/revslider\/stjames-church\/stjames-church-slide1-300x193.jpg 300w, https:\/\/stjames.si\/wp-content\/uploads\/revslider\/stjames-church\/stjames-church-slide1-1024x658.jpg 1024w, https:\/\/stjames.si\/wp-content\/uploads\/revslider\/stjames-church\/stjames-church-slide1-768x494.jpg 768w\" sizes=\"auto, (max-width: 1400px) 100vw, 1400px\" \/><\/figure><\/div>\n\n\n\n<div class=\"wp-block-column is-vertically-aligned-stretch is-layout-flow wp-block-column-is-layout-flow\">\n<div class=\"wp-block-group is-vertical is-content-justification-stretch is-layout-flex wp-container-core-group-is-layout-628836ec wp-block-group-is-layout-flex\" style=\"min-height:100%\">\n<div class=\"wp-block-group wp-container-content-9cfa9a5a is-vertical is-layout-flex wp-container-core-group-is-layout-8cf370e7 wp-block-group-is-layout-flex\">\n<div class=\"givewp-campaign-stats-block wp-block-givewp-campaign-stats-block\">\n    <span>Top Donation<\/span>\n    <strong>25,00\u00a0EUR<\/strong>\n<\/div>\n\n\n\n<div class=\"givewp-campaign-stats-block wp-block-givewp-campaign-stats-block\">\n    <span>Average Donation<\/span>\n    <strong>17,50\u00a0EUR<\/strong>\n<\/div>\n<\/div>\n\n\n\n<div style=\"--givewp-primary-color: #663333;\" class=\"givewp-campaign-donate-button-block wp-block-givewp-campaign-donate-button\">\n    <button type=\"button\" class=\"givewp-donation-form-modal__open\">Daruj<\/button><\/div>\n<\/div>\n<\/div>\n<\/div>\n\n\n\n<h2 class=\"wp-block-heading\"><br><strong>Pomozite o\u010duvati na\u0161u ba\u0161tinu<\/strong><\/h2>\n\n\n\n<p>Dragi prijatelji, posjetitelji i podupiratelji,<\/p>\n\n\n\n<p>U srcu na\u0161e zajednice stoji crkva sv. Jakova, koja ve\u0107 stolje\u0107ima predstavlja mjesto molitve, promi\u0161ljanja i kulturne ba\u0161tine. Svojom bezvremenom arhitekturom, svetim ozra\u010djem i bogatom povije\u0161\u0107u ova crkva nije samo gra\u0111evina \u2013 ona je simbol na\u0161e zajedni\u010dke povijesti i vjere.<\/p>\n\n\n\n<p>No kao i svako povijesno blago, potrebna joj je stalna skrb. Zub vremena ostavio je posljedice i suo\u010davamo se s hitnim izazovima:<\/p>\n\n\n\n<ul class=\"wp-block-list\">\n<li>Strukturni popravci za sigurnost<\/li>\n\n\n\n<li>Obnova fresaka, oltara i vitraja<\/li>\n\n\n\n<li>O\u010duvanje umjetnina i povijesnih elemenata<\/li>\n\n\n\n<li>Odr\u017eavanje grijanja, rasvjete i osnovne infrastrukture<\/li>\n<\/ul>\n\n\n\n<p>To ne mo\u017eemo sami.<\/p>\n\n\n\n<h3 class=\"wp-block-heading\">Va\u0161 doprinos je va\u017ean<\/h3>\n\n\n\n<p>Svaki dar \u2013 velik ili malen \u2013 poma\u017ee za\u0161tititi ovo sveto mjesto za budu\u0107e nara\u0161taje. Bilo da ste lokalni stanovnik, biv\u0161i \u017eupljanin, ljubitelj povijesti ili posjetitelj kojeg je crkva dirnula \u2013 va\u0161a podr\u0161ka zaista \u010dini razliku.<\/p>\n","protected":false},"excerpt":{"rendered":"<p>Pomozite o\u010duvati na\u0161u ba\u0161tinu Dragi prijatelji, posjetitelji i podupiratelji, U srcu na\u0161e zajednice stoji crkva sv. Jakova, koja ve\u0107 stolje\u0107ima predstavlja mjesto molitve, promi\u0161ljanja i kulturne ba\u0161tine. Svojom bezvremenom arhitekturom,&hellip;<\/p>\n","protected":false},"author":1,"featured_media":274,"parent":0,"menu_order":0,"comment_status":"closed","ping_status":"closed","template":"","meta":{"give_campaign_id":1,"footnotes":""},"class_list":["post-275","page","type-page","status-publish","has-post-thumbnail","hentry","description-off"],"yoast_head":"<!-- This site is optimized with the Yoast SEO plugin v27.4 - https:\/\/yoast.com\/product\/yoast-seo-wordpress\/ -->\n<title>Dar za crkvu sv. Jakova - Crkva sv. Jakova \u2013 barokna ljepotica u srcu Ljubljane<\/title>\n<meta name=\"robots\" content=\"index, follow, max-snippet:-1, max-image-preview:large, max-video-preview:-1\" \/>\n<link rel=\"canonical\" href=\"https:\/\/stjames.si\/hr\/dar-za-crkvu-sv-jakova\/\" \/>\n<meta property=\"og:locale\" content=\"hr_HR\" \/>\n<meta property=\"og:type\" content=\"article\" \/>\n<meta property=\"og:title\" content=\"Dar za crkvu sv. Jakova - Crkva sv. Jakova \u2013 barokna ljepotica u srcu Ljubljane\" \/>\n<meta property=\"og:description\" content=\"Pomozite o\u010duvati na\u0161u ba\u0161tinu Dragi prijatelji, posjetitelji i podupiratelji, U srcu na\u0161e zajednice stoji crkva sv. Jakova, koja ve\u0107 stolje\u0107ima predstavlja mjesto molitve, promi\u0161ljanja i kulturne ba\u0161tine. Svojom bezvremenom arhitekturom,&hellip;\" \/>\n<meta property=\"og:url\" content=\"https:\/\/stjames.si\/hr\/dar-za-crkvu-sv-jakova\/\" \/>\n<meta property=\"og:site_name\" content=\"Crkva sv. Jakova \u2013 barokna ljepotica u srcu Ljubljane\" \/>\n<meta property=\"article:modified_time\" content=\"2026-04-01T19:52:55+00:00\" \/>\n<meta property=\"og:image\" content=\"https:\/\/stjames.si\/wp-content\/uploads\/revslider\/stjames-church\/stjames-church-slide1.jpg\" \/>\n\t<meta property=\"og:image:width\" content=\"1400\" \/>\n\t<meta property=\"og:image:height\" content=\"900\" \/>\n\t<meta property=\"og:image:type\" content=\"image\/jpeg\" \/>\n<meta name=\"twitter:card\" content=\"summary_large_image\" \/>\n<meta name=\"twitter:label1\" content=\"Procijenjeno vrijeme \u010ditanja\" \/>\n\t<meta name=\"twitter:data1\" content=\"1 minuta\" \/>\n<script type=\"application\/ld+json\" class=\"yoast-schema-graph\">{\"@context\":\"https:\\\/\\\/schema.org\",\"@graph\":[{\"@type\":\"WebPage\",\"@id\":\"https:\\\/\\\/stjames.si\\\/hr\\\/dar-za-crkvu-sv-jakova\\\/\",\"url\":\"https:\\\/\\\/stjames.si\\\/hr\\\/dar-za-crkvu-sv-jakova\\\/\",\"name\":\"Dar za crkvu sv. Jakova - Crkva sv. Jakova \u2013 barokna ljepotica u srcu Ljubljane\",\"isPartOf\":{\"@id\":\"https:\\\/\\\/stjames.si\\\/hr\\\/#website\"},\"primaryImageOfPage\":{\"@id\":\"https:\\\/\\\/stjames.si\\\/hr\\\/dar-za-crkvu-sv-jakova\\\/#primaryimage\"},\"image\":{\"@id\":\"https:\\\/\\\/stjames.si\\\/hr\\\/dar-za-crkvu-sv-jakova\\\/#primaryimage\"},\"thumbnailUrl\":\"https:\\\/\\\/stjames.si\\\/wp-content\\\/uploads\\\/revslider\\\/stjames-church\\\/stjames-church-slide1.jpg\",\"datePublished\":\"2025-08-01T12:19:09+00:00\",\"dateModified\":\"2026-04-01T19:52:55+00:00\",\"breadcrumb\":{\"@id\":\"https:\\\/\\\/stjames.si\\\/hr\\\/dar-za-crkvu-sv-jakova\\\/#breadcrumb\"},\"inLanguage\":\"hr\",\"potentialAction\":[{\"@type\":\"ReadAction\",\"target\":[\"https:\\\/\\\/stjames.si\\\/hr\\\/dar-za-crkvu-sv-jakova\\\/\"]}]},{\"@type\":\"ImageObject\",\"inLanguage\":\"hr\",\"@id\":\"https:\\\/\\\/stjames.si\\\/hr\\\/dar-za-crkvu-sv-jakova\\\/#primaryimage\",\"url\":\"https:\\\/\\\/stjames.si\\\/wp-content\\\/uploads\\\/revslider\\\/stjames-church\\\/stjames-church-slide1.jpg\",\"contentUrl\":\"https:\\\/\\\/stjames.si\\\/wp-content\\\/uploads\\\/revslider\\\/stjames-church\\\/stjames-church-slide1.jpg\",\"width\":1400,\"height\":900},{\"@type\":\"BreadcrumbList\",\"@id\":\"https:\\\/\\\/stjames.si\\\/hr\\\/dar-za-crkvu-sv-jakova\\\/#breadcrumb\",\"itemListElement\":[{\"@type\":\"ListItem\",\"position\":1,\"name\":\"Home\",\"item\":\"https:\\\/\\\/stjames.si\\\/hr\\\/\"},{\"@type\":\"ListItem\",\"position\":2,\"name\":\"Dar za crkvu sv. Jakova\"}]},{\"@type\":\"WebSite\",\"@id\":\"https:\\\/\\\/stjames.si\\\/hr\\\/#website\",\"url\":\"https:\\\/\\\/stjames.si\\\/hr\\\/\",\"name\":\"Crkva sv. Jakova \u2013 barokna ljepotica u srcu Ljubljane\",\"description\":\"\",\"potentialAction\":[{\"@type\":\"SearchAction\",\"target\":{\"@type\":\"EntryPoint\",\"urlTemplate\":\"https:\\\/\\\/stjames.si\\\/hr\\\/?s={search_term_string}\"},\"query-input\":{\"@type\":\"PropertyValueSpecification\",\"valueRequired\":true,\"valueName\":\"search_term_string\"}}],\"inLanguage\":\"hr\"}]}<\/script>\n<!-- \/ Yoast SEO plugin. -->","yoast_head_json":{"title":"Dar za crkvu sv. Jakova - Crkva sv. Jakova \u2013 barokna ljepotica u srcu Ljubljane","robots":{"index":"index","follow":"follow","max-snippet":"max-snippet:-1","max-image-preview":"max-image-preview:large","max-video-preview":"max-video-preview:-1"},"canonical":"https:\/\/stjames.si\/hr\/dar-za-crkvu-sv-jakova\/","og_locale":"hr_HR","og_type":"article","og_title":"Dar za crkvu sv. Jakova - Crkva sv. Jakova \u2013 barokna ljepotica u srcu Ljubljane","og_description":"Pomozite o\u010duvati na\u0161u ba\u0161tinu Dragi prijatelji, posjetitelji i podupiratelji, U srcu na\u0161e zajednice stoji crkva sv. Jakova, koja ve\u0107 stolje\u0107ima predstavlja mjesto molitve, promi\u0161ljanja i kulturne ba\u0161tine. Svojom bezvremenom arhitekturom,&hellip;","og_url":"https:\/\/stjames.si\/hr\/dar-za-crkvu-sv-jakova\/","og_site_name":"Crkva sv. Jakova \u2013 barokna ljepotica u srcu Ljubljane","article_modified_time":"2026-04-01T19:52:55+00:00","og_image":[{"width":1400,"height":900,"url":"https:\/\/stjames.si\/wp-content\/uploads\/revslider\/stjames-church\/stjames-church-slide1.jpg","type":"image\/jpeg"}],"twitter_card":"summary_large_image","twitter_misc":{"Procijenjeno vrijeme \u010ditanja":"1 minuta"},"schema":{"@context":"https:\/\/schema.org","@graph":[{"@type":"WebPage","@id":"https:\/\/stjames.si\/hr\/dar-za-crkvu-sv-jakova\/","url":"https:\/\/stjames.si\/hr\/dar-za-crkvu-sv-jakova\/","name":"Dar za crkvu sv. Jakova - Crkva sv. Jakova \u2013 barokna ljepotica u srcu Ljubljane","isPartOf":{"@id":"https:\/\/stjames.si\/hr\/#website"},"primaryImageOfPage":{"@id":"https:\/\/stjames.si\/hr\/dar-za-crkvu-sv-jakova\/#primaryimage"},"image":{"@id":"https:\/\/stjames.si\/hr\/dar-za-crkvu-sv-jakova\/#primaryimage"},"thumbnailUrl":"https:\/\/stjames.si\/wp-content\/uploads\/revslider\/stjames-church\/stjames-church-slide1.jpg","datePublished":"2025-08-01T12:19:09+00:00","dateModified":"2026-04-01T19:52:55+00:00","breadcrumb":{"@id":"https:\/\/stjames.si\/hr\/dar-za-crkvu-sv-jakova\/#breadcrumb"},"inLanguage":"hr","potentialAction":[{"@type":"ReadAction","target":["https:\/\/stjames.si\/hr\/dar-za-crkvu-sv-jakova\/"]}]},{"@type":"ImageObject","inLanguage":"hr","@id":"https:\/\/stjames.si\/hr\/dar-za-crkvu-sv-jakova\/#primaryimage","url":"https:\/\/stjames.si\/wp-content\/uploads\/revslider\/stjames-church\/stjames-church-slide1.jpg","contentUrl":"https:\/\/stjames.si\/wp-content\/uploads\/revslider\/stjames-church\/stjames-church-slide1.jpg","width":1400,"height":900},{"@type":"BreadcrumbList","@id":"https:\/\/stjames.si\/hr\/dar-za-crkvu-sv-jakova\/#breadcrumb","itemListElement":[{"@type":"ListItem","position":1,"name":"Home","item":"https:\/\/stjames.si\/hr\/"},{"@type":"ListItem","position":2,"name":"Dar za crkvu sv. Jakova"}]},{"@type":"WebSite","@id":"https:\/\/stjames.si\/hr\/#website","url":"https:\/\/stjames.si\/hr\/","name":"Crkva sv. Jakova \u2013 barokna ljepotica u srcu Ljubljane","description":"","potentialAction":[{"@type":"SearchAction","target":{"@type":"EntryPoint","urlTemplate":"https:\/\/stjames.si\/hr\/?s={search_term_string}"},"query-input":{"@type":"PropertyValueSpecification","valueRequired":true,"valueName":"search_term_string"}}],"inLanguage":"hr"}]}},"campaignId":"1","_links":{"self":[{"href":"https:\/\/stjames.si\/hr\/wp-json\/wp\/v2\/pages\/275","targetHints":{"allow":["GET"]}}],"collection":[{"href":"https:\/\/stjames.si\/hr\/wp-json\/wp\/v2\/pages"}],"about":[{"href":"https:\/\/stjames.si\/hr\/wp-json\/wp\/v2\/types\/page"}],"author":[{"embeddable":true,"href":"https:\/\/stjames.si\/hr\/wp-json\/wp\/v2\/users\/1"}],"replies":[{"embeddable":true,"href":"https:\/\/stjames.si\/hr\/wp-json\/wp\/v2\/comments?post=275"}],"version-history":[{"count":8,"href":"https:\/\/stjames.si\/hr\/wp-json\/wp\/v2\/pages\/275\/revisions"}],"predecessor-version":[{"id":1052,"href":"https:\/\/stjames.si\/hr\/wp-json\/wp\/v2\/pages\/275\/revisions\/1052"}],"wp:featuredmedia":[{"embeddable":true,"href":"https:\/\/stjames.si\/hr\/wp-json\/wp\/v2\/media\/274"}],"wp:attachment":[{"href":"https:\/\/stjames.si\/hr\/wp-json\/wp\/v2\/media?parent=275"}],"curies":[{"name":"wp","href":"https:\/\/api.w.org\/{rel}","templated":true}]}}