{"id":279,"date":"2025-08-01T14:20:25","date_gmt":"2025-08-01T12:20:25","guid":{"rendered":"https:\/\/stjames.si\/hr\/?page_id=279"},"modified":"2026-04-02T22:01:40","modified_gmt":"2026-04-02T20:01:40","slug":"povijest","status":"publish","type":"page","link":"https:\/\/stjames.si\/hr\/povijest\/","title":{"rendered":"Povijest"},"content":{"rendered":"<div class=\"wpb-content-wrapper\"><p>[vc_row type=&#8221;2&#8243; margin_top=&#8221;-70px&#8221; padding_top=&#8221;30px&#8221; css=&#8221;.vc_custom_1751206441488{margin-bottom: -30px !important;}&#8221;][vc_column][vc_single_image image=&#8221;192&#8243; img_size=&#8221;full&#8221; alignment=&#8221;center&#8221; css=&#8221;&#8221; image_hovers=&#8221;false&#8221;][\/vc_column][\/vc_row][vc_row type=&#8221;2&#8243; margin_top=&#8221;-30px&#8221; padding_top=&#8221;40px&#8221; padding_bottom=&#8221;30px&#8221;][vc_column width=&#8221;1\/3&#8243;]<div tabindex=\"0\" class=\"ult-new-ib ult-ib-effect-style13 roundcorners ult-ib-resp  \" data-min-width=\"768\" data-max-width=\"900\" style=\"background:#000000;\" data-opacity=\"0.7\" data-hover-opacity=\"0.5\" ><img decoding=\"async\" class=\"ult-new-ib-img\" style=\"opacity:0.7;\" alt=\"null\" src=\"https:\/\/stjames.si\/wp-content\/uploads\/2025\/07\/history_jesuits.jpg\"   \/><div id=\"interactive-banner-wrap-2276\" class=\"ult-new-ib-desc\" style=\"\"><h1 class=\"ult-new-ib-title ult-responsive\"  data-ultimate-target='#interactive-banner-wrap-2276 .ult-new-ib-title'  data-responsive-json-new='{\"font-size\":\"desktop:28px;\",\"line-height\":\"desktop:28px;\"}'  style=\"font-weight:bold;\">Kratka povijest Dru\u017ebe Isusove \u2013 isusovaca<\/h1><div class=\"ult-new-ib-content ult-responsive\"  data-ultimate-target='#interactive-banner-wrap-2276 .ult-new-ib-content'  data-responsive-json-new='{\"font-size\":\"desktop:20px;\",\"line-height\":\"desktop:23px;\"}'  style=\"font-weight:normal;color:#FFFFFF;\"><p>Januara 1597. u Ljubljanu su iz Graza stigla prva trojica isusovaca\u2026<\/p><\/div><\/div><a class=\"ult-new-ib-link\" href=\"https:\/\/stjames.si\/hr\/povijest\/kratka-povijest-druzbe-isusove-isusovaca\/\" title=\"Kratka povijest Dru\u017ebe Isusove \u2013 isusovaca\"  ><\/a><\/div>[\/vc_column][vc_column width=&#8221;1\/3&#8243;]<div tabindex=\"0\" class=\"ult-new-ib ult-ib-effect-style13 roundcorners ult-ib-resp  \" data-min-width=\"768\" data-max-width=\"900\" style=\"background:#000000;\" data-opacity=\"0.7\" data-hover-opacity=\"0.5\" ><img decoding=\"async\" class=\"ult-new-ib-img\" style=\"opacity:0.7;\" alt=\"null\" src=\"https:\/\/stjames.si\/wp-content\/uploads\/2025\/07\/history_church.jpg\"   \/><div id=\"interactive-banner-wrap-6919\" class=\"ult-new-ib-desc\" style=\"\"><h1 class=\"ult-new-ib-title ult-responsive\"  data-ultimate-target='#interactive-banner-wrap-6919 .ult-new-ib-title'  data-responsive-json-new='{\"font-size\":\"desktop:28px;\",\"line-height\":\"desktop:28px;\"}'  style=\"font-weight:bold;\">Povijest crkve<\/h1><div class=\"ult-new-ib-content ult-responsive\"  data-ultimate-target='#interactive-banner-wrap-6919 .ult-new-ib-content'  data-responsive-json-new='{\"font-size\":\"desktop:20px;\",\"line-height\":\"desktop:23px;\"}'  style=\"font-weight:normal;color:#FFFFFF;\"><p>Dana\u0161nja barokna crkva stoji na mjestu gdje su augustinski kanonici po\u010detkom 15. stolje\u0107a izgradili goti\u010dku crkvu.<\/p><\/div><\/div><a class=\"ult-new-ib-link\" href=\"https:\/\/stjames.si\/hr\/povijest\/povijest-crkve\/\" title=\"Povijest crkve\"  ><\/a><\/div>[\/vc_column][vc_column width=&#8221;1\/3&#8243;]<div tabindex=\"0\" class=\"ult-new-ib ult-ib-effect-style13 roundcorners ult-ib-resp  \" data-min-width=\"768\" data-max-width=\"900\" style=\"background:#000000;\" data-opacity=\"0.7\" data-hover-opacity=\"0.5\" ><img decoding=\"async\" class=\"ult-new-ib-img\" style=\"opacity:0.7;\" alt=\"null\" src=\"https:\/\/stjames.si\/wp-content\/uploads\/2025\/07\/organ2.jpg\"   \/><div id=\"interactive-banner-wrap-9266\" class=\"ult-new-ib-desc\" style=\"\"><h1 class=\"ult-new-ib-title ult-responsive\"  data-ultimate-target='#interactive-banner-wrap-9266 .ult-new-ib-title'  data-responsive-json-new='{\"font-size\":\"desktop:28px;\",\"line-height\":\"desktop:28px;\"}'  style=\"font-weight:bold;\">Povijest orgulja<\/h1><div class=\"ult-new-ib-content ult-responsive\"  data-ultimate-target='#interactive-banner-wrap-9266 .ult-new-ib-content'  data-responsive-json-new='{\"font-size\":\"desktop:20px;\",\"line-height\":\"desktop:23px;\"}'  style=\"font-weight:normal;color:#FFFFFF;\"><p>Prva spomena orgulja u crkvi sv. Jakova se\u017ee u 1600. godinu.<\/p><\/div><\/div><a class=\"ult-new-ib-link\" href=\"https:\/\/stjames.si\/hr\/povijest\/orgulje\/\" title=\"Povijest orgulja\"  ><\/a><\/div>[\/vc_column][\/vc_row][vc_row type=&#8221;2&#8243; padding_top=&#8221;30px&#8221; css=&#8221;.vc_custom_1752690832069{margin-bottom: -30px !important;}&#8221;][vc_column][vc_column_text css=&#8221;&#8221; el_class=&#8221;bodyfont&#8221;]<\/p>\n<div>\n<p><span style=\"font-size: 12pt;\">Crkva sv. Jakova jedna je od najstarijih i najva\u017enijih crkava u Ljubljani.<\/span><br \/>\n<span style=\"font-size: 12pt;\">Prvu crkvu na ovom mjestu oko 1513. godine izgradili su augustinski redovnici, no po dolasku isusovaca 1597. godine bila je sru\u0161ena. Isusovci su izme\u0111u 1613. i 1615. podigli novu baroknu crkvu, koja se smatra jednom od najranijih baroknih gra\u0111evina u gradu.<\/span><\/p>\n<p><span style=\"font-size: 12pt;\">Unutra\u0161njost crkve odra\u017eava bogatu baroknu arhitektonsku zamisao sa bo\u010dnim kapelama, oltarima i umjetninama koje su izradili istaknuti umjetnici toga vremena. Crkva je tijekom stolje\u0107a do\u017eivjela brojne obnove, osobito nakon potresa, no ipak je zadr\u017eala svoj povijesni karakter i duhovni zna\u010daj.<\/span><\/p>\n<p><span style=\"font-size: 12pt;\">Crkva sv. Jakova, smje\u0161tena na kraju Mestnog trga, isti\u010de se elegantnim pro\u010deljem, prostranom unutra\u0161njo\u0161\u0107u i vrijednim umjetni\u010dkim djelima, pa je klju\u010dna to\u010dka za sve koji \u017eele istra\u017eiti vjersku i kulturnu ba\u0161tinu Ljubljane.<\/span><\/p>\n<\/div>\n<p>[\/vc_column_text][\/vc_column][\/vc_row][vc_row type=&#8221;2&#8243; margin_bottom=&#8221;-70px&#8221; padding_top=&#8221;30px&#8221; css=&#8221;.vc_custom_1753723787353{margin-bottom: -30px !important;}&#8221;][vc_column][vc_single_image image=&#8221;142&#8243; img_size=&#8221;full&#8221; alignment=&#8221;center&#8221; css=&#8221;&#8221; image_hovers=&#8221;false&#8221;][\/vc_column][\/vc_row]<\/p>\n<\/div>","protected":false},"excerpt":{"rendered":"<p>[vc_row type=&#8221;2&#8243; margin_top=&#8221;-70px&#8221; padding_top=&#8221;30px&#8221; css=&#8221;.vc_custom_1751206441488{margin-bottom: -30px !important;}&#8221;][vc_column][vc_single_image image=&#8221;192&#8243; img_size=&#8221;full&#8221; alignment=&#8221;center&#8221; css=&#8221;&#8221; image_hovers=&#8221;false&#8221;][\/vc_column][\/vc_row][vc_row type=&#8221;2&#8243; margin_top=&#8221;-30px&#8221; padding_top=&#8221;40px&#8221; padding_bottom=&#8221;30px&#8221;][vc_column width=&#8221;1\/3&#8243;][\/vc_column][vc_column width=&#8221;1\/3&#8243;][\/vc_column][vc_column width=&#8221;1\/3&#8243;][\/vc_column][\/vc_row][vc_row type=&#8221;2&#8243; padding_top=&#8221;30px&#8221; css=&#8221;.vc_custom_1752690832069{margin-bottom: -30px !important;}&#8221;][vc_column][vc_column_text css=&#8221;&#8221; el_class=&#8221;bodyfont&#8221;] Crkva sv. Jakova jedna&hellip;<\/p>\n","protected":false},"author":1,"featured_media":0,"parent":0,"menu_order":0,"comment_status":"closed","ping_status":"closed","template":"","meta":{"give_campaign_id":0,"footnotes":""},"class_list":["post-279","page","type-page","status-publish","hentry","description-off"],"yoast_head":"<!-- This site is optimized with the Yoast SEO plugin v27.4 - https:\/\/yoast.com\/product\/yoast-seo-wordpress\/ -->\n<title>Povijest - Crkva sv. Jakova \u2013 barokna ljepotica u srcu Ljubljane<\/title>\n<meta name=\"robots\" content=\"index, follow, max-snippet:-1, max-image-preview:large, max-video-preview:-1\" \/>\n<link rel=\"canonical\" href=\"https:\/\/stjames.si\/hr\/povijest\/\" \/>\n<meta property=\"og:locale\" content=\"hr_HR\" \/>\n<meta property=\"og:type\" content=\"article\" \/>\n<meta property=\"og:title\" content=\"Povijest - Crkva sv. Jakova \u2013 barokna ljepotica u srcu Ljubljane\" \/>\n<meta property=\"og:description\" content=\"[vc_row type=&#8221;2&#8243; margin_top=&#8221;-70px&#8221; padding_top=&#8221;30px&#8221; css=&#8221;.vc_custom_1751206441488{margin-bottom: -30px !important;}&#8221;][vc_column][vc_single_image image=&#8221;192&#8243; img_size=&#8221;full&#8221; alignment=&#8221;center&#8221; css=&#8221;&#8221; image_hovers=&#8221;false&#8221;][\/vc_column][\/vc_row][vc_row type=&#8221;2&#8243; margin_top=&#8221;-30px&#8221; padding_top=&#8221;40px&#8221; padding_bottom=&#8221;30px&#8221;][vc_column width=&#8221;1\/3&#8243;][\/vc_column][vc_column width=&#8221;1\/3&#8243;][\/vc_column][vc_column width=&#8221;1\/3&#8243;][\/vc_column][\/vc_row][vc_row type=&#8221;2&#8243; padding_top=&#8221;30px&#8221; css=&#8221;.vc_custom_1752690832069{margin-bottom: -30px !important;}&#8221;][vc_column][vc_column_text css=&#8221;&#8221; el_class=&#8221;bodyfont&#8221;] Crkva sv. Jakova jedna&hellip;\" \/>\n<meta property=\"og:url\" content=\"https:\/\/stjames.si\/hr\/povijest\/\" \/>\n<meta property=\"og:site_name\" content=\"Crkva sv. Jakova \u2013 barokna ljepotica u srcu Ljubljane\" \/>\n<meta property=\"article:modified_time\" content=\"2026-04-02T20:01:40+00:00\" \/>\n<meta name=\"twitter:card\" content=\"summary_large_image\" \/>\n<meta name=\"twitter:label1\" content=\"Procijenjeno vrijeme \u010ditanja\" \/>\n\t<meta name=\"twitter:data1\" content=\"2 minute\" \/>\n<script type=\"application\/ld+json\" class=\"yoast-schema-graph\">{\"@context\":\"https:\\\/\\\/schema.org\",\"@graph\":[{\"@type\":\"WebPage\",\"@id\":\"https:\\\/\\\/stjames.si\\\/hr\\\/povijest\\\/\",\"url\":\"https:\\\/\\\/stjames.si\\\/hr\\\/povijest\\\/\",\"name\":\"Povijest - Crkva sv. Jakova \u2013 barokna ljepotica u srcu Ljubljane\",\"isPartOf\":{\"@id\":\"https:\\\/\\\/stjames.si\\\/hr\\\/#website\"},\"datePublished\":\"2025-08-01T12:20:25+00:00\",\"dateModified\":\"2026-04-02T20:01:40+00:00\",\"breadcrumb\":{\"@id\":\"https:\\\/\\\/stjames.si\\\/hr\\\/povijest\\\/#breadcrumb\"},\"inLanguage\":\"hr\",\"potentialAction\":[{\"@type\":\"ReadAction\",\"target\":[\"https:\\\/\\\/stjames.si\\\/hr\\\/povijest\\\/\"]}]},{\"@type\":\"BreadcrumbList\",\"@id\":\"https:\\\/\\\/stjames.si\\\/hr\\\/povijest\\\/#breadcrumb\",\"itemListElement\":[{\"@type\":\"ListItem\",\"position\":1,\"name\":\"Home\",\"item\":\"https:\\\/\\\/stjames.si\\\/hr\\\/\"},{\"@type\":\"ListItem\",\"position\":2,\"name\":\"Povijest\"}]},{\"@type\":\"WebSite\",\"@id\":\"https:\\\/\\\/stjames.si\\\/hr\\\/#website\",\"url\":\"https:\\\/\\\/stjames.si\\\/hr\\\/\",\"name\":\"Crkva sv. Jakova \u2013 barokna ljepotica u srcu Ljubljane\",\"description\":\"\",\"potentialAction\":[{\"@type\":\"SearchAction\",\"target\":{\"@type\":\"EntryPoint\",\"urlTemplate\":\"https:\\\/\\\/stjames.si\\\/hr\\\/?s={search_term_string}\"},\"query-input\":{\"@type\":\"PropertyValueSpecification\",\"valueRequired\":true,\"valueName\":\"search_term_string\"}}],\"inLanguage\":\"hr\"}]}<\/script>\n<!-- \/ Yoast SEO plugin. -->","yoast_head_json":{"title":"Povijest - Crkva sv. Jakova \u2013 barokna ljepotica u srcu Ljubljane","robots":{"index":"index","follow":"follow","max-snippet":"max-snippet:-1","max-image-preview":"max-image-preview:large","max-video-preview":"max-video-preview:-1"},"canonical":"https:\/\/stjames.si\/hr\/povijest\/","og_locale":"hr_HR","og_type":"article","og_title":"Povijest - Crkva sv. Jakova \u2013 barokna ljepotica u srcu Ljubljane","og_description":"[vc_row type=&#8221;2&#8243; margin_top=&#8221;-70px&#8221; padding_top=&#8221;30px&#8221; css=&#8221;.vc_custom_1751206441488{margin-bottom: -30px !important;}&#8221;][vc_column][vc_single_image image=&#8221;192&#8243; img_size=&#8221;full&#8221; alignment=&#8221;center&#8221; css=&#8221;&#8221; image_hovers=&#8221;false&#8221;][\/vc_column][\/vc_row][vc_row type=&#8221;2&#8243; margin_top=&#8221;-30px&#8221; padding_top=&#8221;40px&#8221; padding_bottom=&#8221;30px&#8221;][vc_column width=&#8221;1\/3&#8243;][\/vc_column][vc_column width=&#8221;1\/3&#8243;][\/vc_column][vc_column width=&#8221;1\/3&#8243;][\/vc_column][\/vc_row][vc_row type=&#8221;2&#8243; padding_top=&#8221;30px&#8221; css=&#8221;.vc_custom_1752690832069{margin-bottom: -30px !important;}&#8221;][vc_column][vc_column_text css=&#8221;&#8221; el_class=&#8221;bodyfont&#8221;] Crkva sv. Jakova jedna&hellip;","og_url":"https:\/\/stjames.si\/hr\/povijest\/","og_site_name":"Crkva sv. Jakova \u2013 barokna ljepotica u srcu Ljubljane","article_modified_time":"2026-04-02T20:01:40+00:00","twitter_card":"summary_large_image","twitter_misc":{"Procijenjeno vrijeme \u010ditanja":"2 minute"},"schema":{"@context":"https:\/\/schema.org","@graph":[{"@type":"WebPage","@id":"https:\/\/stjames.si\/hr\/povijest\/","url":"https:\/\/stjames.si\/hr\/povijest\/","name":"Povijest - Crkva sv. Jakova \u2013 barokna ljepotica u srcu Ljubljane","isPartOf":{"@id":"https:\/\/stjames.si\/hr\/#website"},"datePublished":"2025-08-01T12:20:25+00:00","dateModified":"2026-04-02T20:01:40+00:00","breadcrumb":{"@id":"https:\/\/stjames.si\/hr\/povijest\/#breadcrumb"},"inLanguage":"hr","potentialAction":[{"@type":"ReadAction","target":["https:\/\/stjames.si\/hr\/povijest\/"]}]},{"@type":"BreadcrumbList","@id":"https:\/\/stjames.si\/hr\/povijest\/#breadcrumb","itemListElement":[{"@type":"ListItem","position":1,"name":"Home","item":"https:\/\/stjames.si\/hr\/"},{"@type":"ListItem","position":2,"name":"Povijest"}]},{"@type":"WebSite","@id":"https:\/\/stjames.si\/hr\/#website","url":"https:\/\/stjames.si\/hr\/","name":"Crkva sv. Jakova \u2013 barokna ljepotica u srcu Ljubljane","description":"","potentialAction":[{"@type":"SearchAction","target":{"@type":"EntryPoint","urlTemplate":"https:\/\/stjames.si\/hr\/?s={search_term_string}"},"query-input":{"@type":"PropertyValueSpecification","valueRequired":true,"valueName":"search_term_string"}}],"inLanguage":"hr"}]}},"campaignId":"","_links":{"self":[{"href":"https:\/\/stjames.si\/hr\/wp-json\/wp\/v2\/pages\/279","targetHints":{"allow":["GET"]}}],"collection":[{"href":"https:\/\/stjames.si\/hr\/wp-json\/wp\/v2\/pages"}],"about":[{"href":"https:\/\/stjames.si\/hr\/wp-json\/wp\/v2\/types\/page"}],"author":[{"embeddable":true,"href":"https:\/\/stjames.si\/hr\/wp-json\/wp\/v2\/users\/1"}],"replies":[{"embeddable":true,"href":"https:\/\/stjames.si\/hr\/wp-json\/wp\/v2\/comments?post=279"}],"version-history":[{"count":8,"href":"https:\/\/stjames.si\/hr\/wp-json\/wp\/v2\/pages\/279\/revisions"}],"predecessor-version":[{"id":1076,"href":"https:\/\/stjames.si\/hr\/wp-json\/wp\/v2\/pages\/279\/revisions\/1076"}],"wp:attachment":[{"href":"https:\/\/stjames.si\/hr\/wp-json\/wp\/v2\/media?parent=279"}],"curies":[{"name":"wp","href":"https:\/\/api.w.org\/{rel}","templated":true}]}}