{"id":287,"date":"2025-08-01T14:22:39","date_gmt":"2025-08-01T12:22:39","guid":{"rendered":"https:\/\/stjames.si\/hr\/?page_id=287"},"modified":"2026-04-21T18:12:14","modified_gmt":"2026-04-21T16:12:14","slug":"orgulje","status":"publish","type":"page","link":"https:\/\/stjames.si\/hr\/povijest\/orgulje\/","title":{"rendered":"Orgulje"},"content":{"rendered":"<div class=\"wpb-content-wrapper\"><p>[vc_row][vc_column][vc_column_text css=&#8221;&#8221;]<strong>Orgulje u crkvi sv. Jakova u Ljubljani imaju dugu i bogatu povijest. Prvi put se spominju 1600. godine, a sada\u0161nji instrument projektirao je Franc Gor\u0161i\u010d 1883., s ukupno 22 registra. Godine 1960. pro\u0161irio ih je Franc Jenko, dodao tre\u0107i manual i pove\u0107ao broj registara na 42. Posljednja obnova odvijala se izme\u0111u 2013. i 2014. pod vodstvom Branea Ko\u0161irja, koji je sa\u010duvao povijesnu intonaciju te obnovio svirale i mijehove. Danas se orgulje smatraju jednim od najzna\u010dajnijih sakralnih instrumenata u Ljubljani i va\u017enim elementom koji oblikuje bogoslu\u017eni i koncertni \u017eivot crkve.<\/strong>[\/vc_column_text][\/vc_column][\/vc_row][vc_row margin_top=&#8221;-30px&#8221;][vc_column][vc_single_image image=&#8221;190&#8243; img_size=&#8221;full&#8221; alignment=&#8221;center&#8221; css=&#8221;&#8221;][\/vc_column][\/vc_row][vc_row][vc_column width=&#8221;1\/2&#8243;][vc_single_image image=&#8221;135&#8243; img_size=&#8221;full&#8221; css=&#8221;&#8221; image_hovers=&#8221;false&#8221;][\/vc_column][vc_column width=&#8221;1\/2&#8243;][vc_column_text css=&#8221;&#8221;]Prve orgulje u crkvi sv. Jakova spominju se ve\u0107 1600. godine, u vrijeme kada je jo\u0161 stajala stara crkva koju su vjerojatno izgradili augustinski redovnici 1513. godine. Nakon dolaska isusovaca 1597. ta je crkva bila sru\u0161ena, a 1615. godine podignuta je nova. Ve\u0107 godinu kasnije barun Markvard Erberg, komtur Njema\u010dkog vite\u0161kog reda, darovao je crkvi nove orgulje vrijedne 200 guldena. Kronist toga vremena zapisao je da su orgulje bile \u201ekao od zlata\u201c. Godine 1674. postavljene su nove orgulje, koje su oko 1700. bile uni\u0161tene. Kasnije je crkva vi\u0161e puta primila nove instrumente kao dar.<\/p>\n<div>\n<p>Oko 1728. najvjerojatnije su bile izra\u0111ene posebne orgulje majstora Elseja, koje su ostale u uporabi sve do 1831., kada ih je preuredio Josef Ferdinand Malitschky. Godine 1837. ponovno ih je preuredio znameniti ljubljanski orguljar Franc Gor\u0161i\u010d (1836.\u20131898.), koji ih je 1857. poslao na obnovu u poznatu orguljarsku radionicu Walcker u Ludwigsburgu. Prema tada\u0161njem nacrtu instrument je trebao imati tri manuala s 45 registara i pedalom, a preinaka je trebala biti zavr\u0161ena u roku jednog mjeseca.<\/p>\n<p>Godine 1883. crkva sv. Jakova dobila je nove orgulje koje je u cijelosti izradio Franc Gor\u0161i\u010d. Njegov rad predstavljao je va\u017ean korak u razvoju slovenskog orguljskog graditeljstva. U novu orguljsku ku\u0107i\u0161te ugradio je 22 pjevaju\u0107a registra s dva manuala i pedalom, pri \u010demu je zadr\u017eao i neke starije registre iz sredine 19. stolje\u0107a. Usavr\u0161io je sustav sapnica, pobolj\u0161ao tehni\u010dku izvedbu i estetski izraz te u svom radu uspje\u0161no spojio tradiciju i inovaciju. Orgulje su bile postavljene u vrijeme sveobuhvatne umjetni\u010dke obnove crkve pod \u017eupnikom Janezom Rozmanom.<\/p>\n<p>Zbog tro\u0161nosti instrumenta i slabe prilago\u0111enosti akustici prostora orgulje su s vremenom postale nujne obnove. Godine 1960. temeljito ih je obnovio majstor Franc Jenko. Pro\u0161irio je orgulje na 42 registra (od toga 36 pjevaju\u0107ih), dodao tre\u0107i manual i sve ugradio u postoje\u0107u povijesnu ku\u0107i\u0161te. Instrument je imao pneumatsku trakturu, koja ipak nije zadovoljila o\u010dekivanja u pogledu kvalitete tona.<\/p>\n<p>Posljednja velika restauracija provedena je izme\u0111u 2013. i 2014. pod vodstvom orguljara Braneta Ko\u0161irja. Posebnu je pozornost posvetio o\u010duvanju povijesne intonacije, obnovi mijehova te \u010di\u0161\u0107enju i uga\u0111anju metalnih svirala.<\/p>\n<p>Danas Gor\u0161i\u010deve orgulje, dopunjavane i obnavljane kroz stolje\u0107a, spadaju me\u0111u najzna\u010dajnije sakralne instrumente u Ljubljani. Oboga\u0107uju liturgijski, koncertni i umjetni\u010dki \u017eivot crkve sv. Jakova te svjedo\u010de o bogatoj ba\u0161tini orguljske umjetnosti u Sloveniji.<\/p>\n<\/div>\n<p>[\/vc_column_text][vc_raw_html css=&#8221;&#8221;]JTNDZGl2JTIwY2xhc3MlM0QlMjJhdWRpby1jb250cm9scyUyMiUzRSUwRCUwQSUyMCUyMCUyMCUyMCUyMCUyMCUyMCUyMCUyMCUyMCUyMCUyMCUyMCUyMCUyMCUyMCUzQ2J1dHRvbiUyMGNsYXNzJTNEJTIycmV3aW5kLWJ0biUyMiUyMG9uY2xpY2slM0QlMjJyZXdpbmRBdWRpbyUyOCUyN2F1ZGlvLWdiJTI3JTI5JTIyJTNFJTIwJTNDc3BhbiUyMGNsYXNzJTNEJTIyaWNvbiUyMiUzRSUyMCUzQ3N2ZyUyMHZpZXdCb3glM0QlMjIwJTIwMCUyMDI0JTIwMjQlMjIlM0UlMjAlM0Nwb2x5Z29uJTIwcG9pbnRzJTNEJTIyMTElMkMxMiUyMDIwJTJDNCUyMDIwJTJDMjAlMjIlM0UlM0MlMkZwb2x5Z29uJTNFJTIwJTNDcG9seWdvbiUyMHBvaW50cyUzRCUyMjQlMkMxMiUyMDEzJTJDNCUyMDEzJTJDMjAlMjIlM0UlM0MlMkZwb2x5Z29uJTNFJTIwJTNDJTJGc3ZnJTNFJTIwJTNDJTJGc3BhbiUzRSUwRCUwQSUyMCUyMCUyMCUyMCUyMCUyMCUyMCUyMCUyMCUyMCUyMCUyMCUyMCUyMCUyMCUyMCUzQyUyRmJ1dHRvbiUzRSUwRCUwQSUyMCUyMCUyMCUyMCUyMCUyMCUyMCUyMCUyMCUyMCUyMCUyMCUyMCUyMCUyMCUyMCUzQ2J1dHRvbiUyMGNsYXNzJTNEJTIycGxheS1idG4lMjIlMjBvbmNsaWNrJTNEJTIydG9nZ2xlQXVkaW8lMjglMjdhdWRpby1nYiUyNyUyQyUyN1BsYXklMjclMkMlMjdQYXVzZSUyNyUyQyUyMHRoaXMlMjklMjIlM0UlMEQlMEElMjAlMjAlMjAlMjAlMjAlMjAlMjAlMjAlMjAlMjAlMjAlMjAlMjAlMjAlMjAlMjAlMjAlMjAlMjAlMjAlM0NzcGFuJTIwY2xhc3MlM0QlMjJpY29uJTIwcGxheS1pY29uJTIyJTNFJTBEJTBBJTIwJTIwJTIwJTIwJTIwJTIwJTIwJTIwJTIwJTIwJTIwJTIwJTIwJTIwJTIwJTIwJTIwJTIwJTIwJTIwJTIwJTIwJTIwJTIwJTNDc3ZnJTIwdmlld0JveCUzRCUyMjAlMjAwJTIwMjQlMjAyNCUyMiUzRSUwRCUwQSUyMCUyMCUyMCUyMCUyMCUyMCUyMCUyMCUyMCUyMCUyMCUyMCUyMCUyMCUyMCUyMCUyMCUyMCUyMCUyMCUyMCUyMCUyMCUyMCUyMCUyMCUyMCUyMCUzQ3BvbHlnb24lMjBwb2ludHMlM0QlMjI1JTJDMyUyMDE5JTJDMTIlMjA1JTJDMjElMjIlM0UlM0MlMkZwb2x5Z29uJTNFJTBEJTBBJTIwJTIwJTIwJTIwJTIwJTIwJTIwJTIwJTIwJTIwJTIwJTIwJTIwJTIwJTIwJTIwJTIwJTIwJTIwJTIwJTIwJTIwJTIwJTIwJTNDJTJGc3ZnJTNFJTBEJTBBJTIwJTIwJTIwJTIwJTIwJTIwJTIwJTIwJTIwJTIwJTIwJTIwJTIwJTIwJTIwJTIwJTIwJTIwJTIwJTIwJTNDJTJGc3BhbiUzRSUwRCUwQSUyMCUyMCUyMCUyMCUyMCUyMCUyMCUyMCUyMCUyMCUyMCUyMCUyMCUyMCUyMCUyMCUyMCUyMCUyMCUyMCUzQ3NwYW4lMjBjbGFzcyUzRCUyMmxhYmVsJTIyJTNFUG9rcmVuaSUzQyUyRnNwYW4lM0UlMEQlMEElMjAlMjAlMjAlMjAlMjAlMjAlMjAlMjAlMjAlMjAlMjAlMjAlMjAlMjAlMjAlMjAlM0MlMkZidXR0b24lM0UlMEQlMEElMjAlMjAlMjAlMjAlMjAlMjAlMjAlMjAlMjAlMjAlMjAlMjAlM0MlMkZkaXYlM0UlMEQlMEElMjAlMjAlMjAlMjAlMjAlMjAlMjAlMjAlMjAlMjAlMjAlMjAlM0NhdWRpbyUyMGlkJTNEJTIyYXVkaW8tZ2IlMjIlMjBzcmMlM0QlMjJodHRwcyUzQSUyRiUyRnN0amFtZXMuc2klMkZ3cC1jb250ZW50JTJGdXBsb2FkcyUyRjIwMjYlMkYwNCUyRm9yZ2Fuc19FTi5tcDMlMjIlM0UlM0MlMkZhdWRpbyUzRQ==[\/vc_raw_html][\/vc_column][\/vc_row][vc_row type=&#8221;2&#8243; margin_top=&#8221;50px&#8221; margin_bottom=&#8221;-70px&#8221; padding_top=&#8221;60px&#8221; padding_bottom=&#8221;30px&#8221; css=&#8221;.vc_custom_1753614473478{margin-bottom: -70px !important;}&#8221;][vc_column]<style type=\"text\/css\" data-type=\"the7_shortcodes-inline-css\">.gallery-carousel-shortcode.gallery-carousel-shortcode-id-287d8299265cd981fa099429c42a034a.owl-carousel .owl-nav div {\n  width: 36px;\n  height: 36px;\n  border-radius: 500px;\n}\n.dt-arrow-border-on.gallery-carousel-shortcode.gallery-carousel-shortcode-id-287d8299265cd981fa099429c42a034a.owl-carousel .owl-nav div:not(:hover):before {\n  border-width: 0px;\n}\n.dt-arrow-hover-border-on.gallery-carousel-shortcode.gallery-carousel-shortcode-id-287d8299265cd981fa099429c42a034a.owl-carousel .owl-nav div:hover:after {\n  border-width: 0px;\n}\n.gallery-carousel-shortcode.gallery-carousel-shortcode-id-287d8299265cd981fa099429c42a034a.owl-carousel .owl-nav div.owl-prev {\n  top: 50%;\n  transform: translateY(calc(-50% + 0px));\n  left: -43px;\n}\n@media all and (-ms-high-contrast: none) {\n  .gallery-carousel-shortcode.gallery-carousel-shortcode-id-287d8299265cd981fa099429c42a034a.owl-carousel .owl-nav div.owl-prev {\n    transform: translateY(-50%);\n    margin-top: 0px;\n  }\n}\n.gallery-carousel-shortcode.gallery-carousel-shortcode-id-287d8299265cd981fa099429c42a034a.owl-carousel .owl-nav div.owl-prev i {\n  padding: 0px 0px 0px 0px;\n}\n.gallery-carousel-shortcode.gallery-carousel-shortcode-id-287d8299265cd981fa099429c42a034a.owl-carousel .owl-nav div.owl-next {\n  top: 50%;\n  transform: translateY(calc(-50% + 0px));\n  right: -43px;\n}\n@media all and (-ms-high-contrast: none) {\n  .gallery-carousel-shortcode.gallery-carousel-shortcode-id-287d8299265cd981fa099429c42a034a.owl-carousel .owl-nav div.owl-next {\n    transform: translateY(-50%);\n    margin-top: 0px;\n  }\n}\n.gallery-carousel-shortcode.gallery-carousel-shortcode-id-287d8299265cd981fa099429c42a034a.owl-carousel .owl-nav div.owl-next i {\n  padding: 0px 0px 0px 0px;\n}\n.gallery-carousel-shortcode.gallery-carousel-shortcode-id-287d8299265cd981fa099429c42a034a.owl-carousel .owl-nav i {\n  font-size: 18px;\n}\n.gallery-carousel-shortcode.gallery-carousel-shortcode-id-287d8299265cd981fa099429c42a034a.owl-carousel .owl-nav div:not(:hover) i,\n.gallery-carousel-shortcode.gallery-carousel-shortcode-id-287d8299265cd981fa099429c42a034a.owl-carousel .owl-nav div:not(:hover) i:before {\n  color: #ffffff;\n  background: none;\n}\n.gallery-carousel-shortcode.gallery-carousel-shortcode-id-287d8299265cd981fa099429c42a034a.owl-carousel .owl-nav div:hover i,\n.gallery-carousel-shortcode.gallery-carousel-shortcode-id-287d8299265cd981fa099429c42a034a.owl-carousel .owl-nav div:hover i:before {\n  color: rgba(255,255,255,0.75);\n  background: none;\n}\n.gallery-carousel-shortcode.gallery-carousel-shortcode-id-287d8299265cd981fa099429c42a034a .owl-dots {\n  top: calc(100% + 20px);\n  left: 50%;\n  transform: translateX(calc(-50% + 0px));\n}\n@media all and (-ms-high-contrast: none) {\n  .gallery-carousel-shortcode.gallery-carousel-shortcode-id-287d8299265cd981fa099429c42a034a .owl-dots {\n    transform: translateX(-50%);\n    margin-left: 0px;\n  }\n}\n.gallery-carousel-shortcode.gallery-carousel-shortcode-id-287d8299265cd981fa099429c42a034a .owl-dot {\n  width: 10px;\n  height: 10px;\n  margin: 0 8px;\n}\n@media screen and (max-width: 778px) {\n  .gallery-carousel-shortcode.gallery-carousel-shortcode-id-287d8299265cd981fa099429c42a034a.hide-arrows .owl-nav a {\n    display: none;\n  }\n}\n@media screen and (max-width: 778px) {\n  .gallery-carousel-shortcode.gallery-carousel-shortcode-id-287d8299265cd981fa099429c42a034a.reposition-arrows .owl-nav div.owl-prev {\n    top: 50%;\n    transform: translateY(calc(-50% + 0px));\n    left: 10px;\n  }\n  .gallery-carousel-shortcode.gallery-carousel-shortcode-id-287d8299265cd981fa099429c42a034a.reposition-arrows .owl-nav div.owl-next {\n    top: 50%;\n    transform: translateY(calc(-50% + 0px));\n    right: 10px;\n  }\n}\n@media screen and (max-width: 778px) and all and (-ms-high-contrast: none) {\n  .gallery-carousel-shortcode.gallery-carousel-shortcode-id-287d8299265cd981fa099429c42a034a.reposition-arrows .owl-nav div.owl-prev {\n    transform: translateY(-50%);\n    margin-top: 0px;\n  }\n}\n@media screen and (max-width: 778px) and all and (-ms-high-contrast: none) {\n  .gallery-carousel-shortcode.gallery-carousel-shortcode-id-287d8299265cd981fa099429c42a034a.reposition-arrows .owl-nav div.owl-next {\n    transform: translateY(-50%);\n    margin-top: 0px;\n  }\n}\n.gallery-carousel-shortcode.gallery-carousel-shortcode-id-287d8299265cd981fa099429c42a034a figure,\n.gallery-carousel-shortcode.gallery-carousel-shortcode-id-287d8299265cd981fa099429c42a034a .rollover,\n.gallery-carousel-shortcode.gallery-carousel-shortcode-id-287d8299265cd981fa099429c42a034a img,\n.gallery-carousel-shortcode.gallery-carousel-shortcode-id-287d8299265cd981fa099429c42a034a .gallery-rollover {\n  border-radius: 0px;\n}\n.gallery-carousel-shortcode.gallery-carousel-shortcode-id-287d8299265cd981fa099429c42a034a.enable-bg-rollover .gallery-rollover {\n  background: -webkit-linear-gradient();\n  background: linear-gradient();\n}\n.gallery-carousel-shortcode.gallery-carousel-shortcode-id-287d8299265cd981fa099429c42a034a.enable-img-shadow .owl-stage-outer {\n  padding: 14px 0;\n}\n.gallery-carousel-shortcode.gallery-carousel-shortcode-id-287d8299265cd981fa099429c42a034a.enable-bg-rollover.hover-scale figure .rollover:after {\n  background: -webkit-linear-gradient();\n  background: linear-gradient();\n}\n.gallery-carousel-shortcode.gallery-carousel-shortcode-id-287d8299265cd981fa099429c42a034a.gallery-shortcode .gallery-zoom-ico {\n  width: 44px;\n  height: 44px;\n  line-height: 44px;\n  border-radius: 100px;\n  margin: -22px 0 0 -22px;\n  border-width: 0px;\n}\n.dt-icon-bg-on.gallery-carousel-shortcode.gallery-carousel-shortcode-id-287d8299265cd981fa099429c42a034a.gallery-shortcode .gallery-zoom-ico {\n  background: rgba(255,255,255,0.3);\n  box-shadow: none;\n}\n.gallery-carousel-shortcode.gallery-carousel-shortcode-id-287d8299265cd981fa099429c42a034a.gallery-shortcode .gallery-zoom-ico:before,\n.gallery-carousel-shortcode.gallery-carousel-shortcode-id-287d8299265cd981fa099429c42a034a.gallery-shortcode .gallery-zoom-ico span {\n  font-size: 32px;\n  line-height: 44px;\n  color: #ffffff;\n  background: none;\n}<\/style><div class=\"owl-carousel gallery-carousel-shortcode gallery-shortcode  dt-gallery-container dt-owl-carousel-call gallery-carousel-shortcode-id-287d8299265cd981fa099429c42a034a quick-scale-img enable-bg-rollover meta-info-off dt-arrow-border-on dt-arrow-hover-border-on bullets-small-dot-stroke reposition-arrows dt-icon-bg-off arrows-bg-on disable-arrows-hover-bg arrows-hover-bg-on  vc_custom_1754307043421 hover-fade \" data-scroll-mode=\"1\" data-col-num=\"5\" data-wide-col-num=\"5\" data-laptop-col=\"5\" data-h-tablet-columns-num=\"4\" data-v-tablet-columns-num=\"3\" data-phone-columns-num=\"1\" data-col-gap=\"10\" data-stage-padding=\"0\" data-speed=\"600\" data-autoplay=\"false\" data-autoplay_speed=\"6000\" data-arrows=\"true\" data-bullet=\"false\" data-next-icon=\"icon-ar-017-r\" data-prev-icon=\"icon-ar-017-l\" data-img-shadow-size=\"12px\" data-img-shadow-spread=\"3px\"><div data-post-id=\"136\" data-date=\"2025-08-01T11:41:23+02:00\" data-name=\"orgle_1\"><figure class=\"post\"><a href=\"https:\/\/stjames.si\/hr\/wp-content\/uploads\/sites\/17\/2025\/08\/orgle_1.jpg\" class=\"rollover dt-pswp-item layzr-bg\" data-large_image_width=\"2000\" data-large_image_height=\"1333\" data-dt-img-description=\"\" title=\"orgle_1\"><img fetchpriority=\"high\" decoding=\"async\" class=\"preload-me owl-lazy-load aspect\" src=\"data:image\/svg+xml,%3Csvg%20xmlns%3D&#39;http%3A%2F%2Fwww.w3.org%2F2000%2Fsvg&#39;%20viewBox%3D&#39;0%200%202000%201333&#39;%2F%3E\" data-src=\"https:\/\/stjames.si\/hr\/wp-content\/uploads\/sites\/17\/2025\/08\/orgle_1.jpg\" data-srcset=\"https:\/\/stjames.si\/hr\/wp-content\/uploads\/sites\/17\/2025\/08\/orgle_1.jpg 2000w\" loading=\"eager\" style=\"--ratio: 2000 \/ 1333\" sizes=\"(max-width: 2000px) 100vw, 2000px\" alt=\"\" width=\"2000\" height=\"1333\"  \/><span class=\"gallery-rollover\"><span class=\"gallery-zoom-ico icomoon-the7-font-the7-zoom-06\"><span><\/span><\/span><\/span><\/a><\/figure><\/div><div data-post-id=\"137\" data-date=\"2025-08-01T11:41:26+02:00\" data-name=\"orgle_2\"><figure class=\"post\"><a href=\"https:\/\/stjames.si\/hr\/wp-content\/uploads\/sites\/17\/2025\/08\/orgle_2.jpg\" class=\"rollover dt-pswp-item layzr-bg\" data-large_image_width=\"2000\" data-large_image_height=\"1333\" data-dt-img-description=\"\" title=\"orgle_2\"><img decoding=\"async\" class=\"preload-me owl-lazy-load aspect\" src=\"data:image\/svg+xml,%3Csvg%20xmlns%3D&#39;http%3A%2F%2Fwww.w3.org%2F2000%2Fsvg&#39;%20viewBox%3D&#39;0%200%202000%201333&#39;%2F%3E\" data-src=\"https:\/\/stjames.si\/hr\/wp-content\/uploads\/sites\/17\/2025\/08\/orgle_2.jpg\" data-srcset=\"https:\/\/stjames.si\/hr\/wp-content\/uploads\/sites\/17\/2025\/08\/orgle_2.jpg 2000w\" loading=\"eager\" style=\"--ratio: 2000 \/ 1333\" sizes=\"(max-width: 2000px) 100vw, 2000px\" alt=\"\" width=\"2000\" height=\"1333\"  \/><span class=\"gallery-rollover\"><span class=\"gallery-zoom-ico icomoon-the7-font-the7-zoom-06\"><span><\/span><\/span><\/span><\/a><\/figure><\/div><div data-post-id=\"138\" data-date=\"2025-08-01T11:41:29+02:00\" data-name=\"orgle_3\"><figure class=\"post\"><a href=\"https:\/\/stjames.si\/hr\/wp-content\/uploads\/sites\/17\/2025\/08\/orgle_3.jpg\" class=\"rollover dt-pswp-item layzr-bg\" data-large_image_width=\"2000\" data-large_image_height=\"1333\" data-dt-img-description=\"\" title=\"orgle_3\"><img decoding=\"async\" class=\"preload-me owl-lazy-load aspect\" src=\"data:image\/svg+xml,%3Csvg%20xmlns%3D&#39;http%3A%2F%2Fwww.w3.org%2F2000%2Fsvg&#39;%20viewBox%3D&#39;0%200%202000%201333&#39;%2F%3E\" data-src=\"https:\/\/stjames.si\/hr\/wp-content\/uploads\/sites\/17\/2025\/08\/orgle_3.jpg\" data-srcset=\"https:\/\/stjames.si\/hr\/wp-content\/uploads\/sites\/17\/2025\/08\/orgle_3.jpg 2000w\" loading=\"eager\" style=\"--ratio: 2000 \/ 1333\" sizes=\"(max-width: 2000px) 100vw, 2000px\" alt=\"\" width=\"2000\" height=\"1333\"  \/><span class=\"gallery-rollover\"><span class=\"gallery-zoom-ico icomoon-the7-font-the7-zoom-06\"><span><\/span><\/span><\/span><\/a><\/figure><\/div><div data-post-id=\"140\" data-date=\"2025-08-01T11:41:35+02:00\" data-name=\"orgle_5\"><figure class=\"post\"><a href=\"https:\/\/stjames.si\/hr\/wp-content\/uploads\/sites\/17\/2025\/08\/orgle_5.jpg\" class=\"rollover dt-pswp-item layzr-bg\" data-large_image_width=\"2000\" data-large_image_height=\"1333\" data-dt-img-description=\"\" title=\"orgle_5\"><img decoding=\"async\" class=\"preload-me owl-lazy-load aspect\" src=\"data:image\/svg+xml,%3Csvg%20xmlns%3D&#39;http%3A%2F%2Fwww.w3.org%2F2000%2Fsvg&#39;%20viewBox%3D&#39;0%200%202000%201333&#39;%2F%3E\" data-src=\"https:\/\/stjames.si\/hr\/wp-content\/uploads\/sites\/17\/2025\/08\/orgle_5.jpg\" data-srcset=\"https:\/\/stjames.si\/hr\/wp-content\/uploads\/sites\/17\/2025\/08\/orgle_5.jpg 2000w\" loading=\"eager\" style=\"--ratio: 2000 \/ 1333\" sizes=\"(max-width: 2000px) 100vw, 2000px\" alt=\"\" width=\"2000\" height=\"1333\"  \/><span class=\"gallery-rollover\"><span class=\"gallery-zoom-ico icomoon-the7-font-the7-zoom-06\"><span><\/span><\/span><\/span><\/a><\/figure><\/div><div data-post-id=\"139\" data-date=\"2025-08-01T11:41:32+02:00\" data-name=\"orgle_4\"><figure class=\"post\"><a href=\"https:\/\/stjames.si\/hr\/wp-content\/uploads\/sites\/17\/2025\/08\/orgle_4.jpg\" class=\"rollover dt-pswp-item layzr-bg\" data-large_image_width=\"2000\" data-large_image_height=\"1333\" data-dt-img-description=\"\" title=\"orgle_4\"><img decoding=\"async\" class=\"preload-me owl-lazy-load aspect\" src=\"data:image\/svg+xml,%3Csvg%20xmlns%3D&#39;http%3A%2F%2Fwww.w3.org%2F2000%2Fsvg&#39;%20viewBox%3D&#39;0%200%202000%201333&#39;%2F%3E\" data-src=\"https:\/\/stjames.si\/hr\/wp-content\/uploads\/sites\/17\/2025\/08\/orgle_4.jpg\" data-srcset=\"https:\/\/stjames.si\/hr\/wp-content\/uploads\/sites\/17\/2025\/08\/orgle_4.jpg 2000w\" loading=\"eager\" style=\"--ratio: 2000 \/ 1333\" sizes=\"(max-width: 2000px) 100vw, 2000px\" alt=\"\" width=\"2000\" height=\"1333\"  \/><span class=\"gallery-rollover\"><span class=\"gallery-zoom-ico icomoon-the7-font-the7-zoom-06\"><span><\/span><\/span><\/span><\/a><\/figure><\/div><\/div>[vc_single_image image=&#8221;142&#8243; img_size=&#8221;full&#8221; alignment=&#8221;center&#8221; css=&#8221;&#8221; image_hovers=&#8221;false&#8221;][\/vc_column][\/vc_row]<\/p>\n<\/div>","protected":false},"excerpt":{"rendered":"<p>[vc_row][vc_column][vc_column_text css=&#8221;&#8221;]Orgulje u crkvi sv. Jakova u Ljubljani imaju dugu i bogatu povijest. Prvi put se spominju 1600. godine, a sada\u0161nji instrument projektirao je Franc Gor\u0161i\u010d 1883., s ukupno 22&hellip;<\/p>\n","protected":false},"author":1,"featured_media":0,"parent":279,"menu_order":0,"comment_status":"closed","ping_status":"closed","template":"","meta":{"give_campaign_id":0,"footnotes":""},"class_list":["post-287","page","type-page","status-publish","hentry","description-off"],"yoast_head":"<!-- This site is optimized with the Yoast SEO plugin v27.4 - https:\/\/yoast.com\/product\/yoast-seo-wordpress\/ -->\n<title>Orgulje - Crkva sv. Jakova \u2013 barokna ljepotica u srcu Ljubljane<\/title>\n<meta name=\"robots\" content=\"index, follow, max-snippet:-1, max-image-preview:large, max-video-preview:-1\" \/>\n<link rel=\"canonical\" href=\"https:\/\/stjames.si\/hr\/povijest\/orgulje\/\" \/>\n<meta property=\"og:locale\" content=\"hr_HR\" \/>\n<meta property=\"og:type\" content=\"article\" \/>\n<meta property=\"og:title\" content=\"Orgulje - Crkva sv. Jakova \u2013 barokna ljepotica u srcu Ljubljane\" \/>\n<meta property=\"og:description\" content=\"[vc_row][vc_column][vc_column_text css=&#8221;&#8221;]Orgulje u crkvi sv. Jakova u Ljubljani imaju dugu i bogatu povijest. Prvi put se spominju 1600. godine, a sada\u0161nji instrument projektirao je Franc Gor\u0161i\u010d 1883., s ukupno 22&hellip;\" \/>\n<meta property=\"og:url\" content=\"https:\/\/stjames.si\/hr\/povijest\/orgulje\/\" \/>\n<meta property=\"og:site_name\" content=\"Crkva sv. Jakova \u2013 barokna ljepotica u srcu Ljubljane\" \/>\n<meta property=\"article:modified_time\" content=\"2026-04-21T16:12:14+00:00\" \/>\n<meta name=\"twitter:card\" content=\"summary_large_image\" \/>\n<meta name=\"twitter:label1\" content=\"Procijenjeno vrijeme \u010ditanja\" \/>\n\t<meta name=\"twitter:data1\" content=\"3 minute\" \/>\n<script type=\"application\/ld+json\" class=\"yoast-schema-graph\">{\"@context\":\"https:\\\/\\\/schema.org\",\"@graph\":[{\"@type\":\"WebPage\",\"@id\":\"https:\\\/\\\/stjames.si\\\/hr\\\/povijest\\\/orgulje\\\/\",\"url\":\"https:\\\/\\\/stjames.si\\\/hr\\\/povijest\\\/orgulje\\\/\",\"name\":\"Orgulje - Crkva sv. Jakova \u2013 barokna ljepotica u srcu Ljubljane\",\"isPartOf\":{\"@id\":\"https:\\\/\\\/stjames.si\\\/hr\\\/#website\"},\"datePublished\":\"2025-08-01T12:22:39+00:00\",\"dateModified\":\"2026-04-21T16:12:14+00:00\",\"breadcrumb\":{\"@id\":\"https:\\\/\\\/stjames.si\\\/hr\\\/povijest\\\/orgulje\\\/#breadcrumb\"},\"inLanguage\":\"hr\",\"potentialAction\":[{\"@type\":\"ReadAction\",\"target\":[\"https:\\\/\\\/stjames.si\\\/hr\\\/povijest\\\/orgulje\\\/\"]}]},{\"@type\":\"BreadcrumbList\",\"@id\":\"https:\\\/\\\/stjames.si\\\/hr\\\/povijest\\\/orgulje\\\/#breadcrumb\",\"itemListElement\":[{\"@type\":\"ListItem\",\"position\":1,\"name\":\"Home\",\"item\":\"https:\\\/\\\/stjames.si\\\/hr\\\/\"},{\"@type\":\"ListItem\",\"position\":2,\"name\":\"Povijest\",\"item\":\"https:\\\/\\\/stjames.si\\\/hr\\\/povijest\\\/\"},{\"@type\":\"ListItem\",\"position\":3,\"name\":\"Orgulje\"}]},{\"@type\":\"WebSite\",\"@id\":\"https:\\\/\\\/stjames.si\\\/hr\\\/#website\",\"url\":\"https:\\\/\\\/stjames.si\\\/hr\\\/\",\"name\":\"Crkva sv. Jakova \u2013 barokna ljepotica u srcu Ljubljane\",\"description\":\"\",\"potentialAction\":[{\"@type\":\"SearchAction\",\"target\":{\"@type\":\"EntryPoint\",\"urlTemplate\":\"https:\\\/\\\/stjames.si\\\/hr\\\/?s={search_term_string}\"},\"query-input\":{\"@type\":\"PropertyValueSpecification\",\"valueRequired\":true,\"valueName\":\"search_term_string\"}}],\"inLanguage\":\"hr\"}]}<\/script>\n<!-- \/ Yoast SEO plugin. -->","yoast_head_json":{"title":"Orgulje - Crkva sv. Jakova \u2013 barokna ljepotica u srcu Ljubljane","robots":{"index":"index","follow":"follow","max-snippet":"max-snippet:-1","max-image-preview":"max-image-preview:large","max-video-preview":"max-video-preview:-1"},"canonical":"https:\/\/stjames.si\/hr\/povijest\/orgulje\/","og_locale":"hr_HR","og_type":"article","og_title":"Orgulje - Crkva sv. Jakova \u2013 barokna ljepotica u srcu Ljubljane","og_description":"[vc_row][vc_column][vc_column_text css=&#8221;&#8221;]Orgulje u crkvi sv. Jakova u Ljubljani imaju dugu i bogatu povijest. Prvi put se spominju 1600. godine, a sada\u0161nji instrument projektirao je Franc Gor\u0161i\u010d 1883., s ukupno 22&hellip;","og_url":"https:\/\/stjames.si\/hr\/povijest\/orgulje\/","og_site_name":"Crkva sv. Jakova \u2013 barokna ljepotica u srcu Ljubljane","article_modified_time":"2026-04-21T16:12:14+00:00","twitter_card":"summary_large_image","twitter_misc":{"Procijenjeno vrijeme \u010ditanja":"3 minute"},"schema":{"@context":"https:\/\/schema.org","@graph":[{"@type":"WebPage","@id":"https:\/\/stjames.si\/hr\/povijest\/orgulje\/","url":"https:\/\/stjames.si\/hr\/povijest\/orgulje\/","name":"Orgulje - Crkva sv. Jakova \u2013 barokna ljepotica u srcu Ljubljane","isPartOf":{"@id":"https:\/\/stjames.si\/hr\/#website"},"datePublished":"2025-08-01T12:22:39+00:00","dateModified":"2026-04-21T16:12:14+00:00","breadcrumb":{"@id":"https:\/\/stjames.si\/hr\/povijest\/orgulje\/#breadcrumb"},"inLanguage":"hr","potentialAction":[{"@type":"ReadAction","target":["https:\/\/stjames.si\/hr\/povijest\/orgulje\/"]}]},{"@type":"BreadcrumbList","@id":"https:\/\/stjames.si\/hr\/povijest\/orgulje\/#breadcrumb","itemListElement":[{"@type":"ListItem","position":1,"name":"Home","item":"https:\/\/stjames.si\/hr\/"},{"@type":"ListItem","position":2,"name":"Povijest","item":"https:\/\/stjames.si\/hr\/povijest\/"},{"@type":"ListItem","position":3,"name":"Orgulje"}]},{"@type":"WebSite","@id":"https:\/\/stjames.si\/hr\/#website","url":"https:\/\/stjames.si\/hr\/","name":"Crkva sv. Jakova \u2013 barokna ljepotica u srcu Ljubljane","description":"","potentialAction":[{"@type":"SearchAction","target":{"@type":"EntryPoint","urlTemplate":"https:\/\/stjames.si\/hr\/?s={search_term_string}"},"query-input":{"@type":"PropertyValueSpecification","valueRequired":true,"valueName":"search_term_string"}}],"inLanguage":"hr"}]}},"campaignId":"","_links":{"self":[{"href":"https:\/\/stjames.si\/hr\/wp-json\/wp\/v2\/pages\/287","targetHints":{"allow":["GET"]}}],"collection":[{"href":"https:\/\/stjames.si\/hr\/wp-json\/wp\/v2\/pages"}],"about":[{"href":"https:\/\/stjames.si\/hr\/wp-json\/wp\/v2\/types\/page"}],"author":[{"embeddable":true,"href":"https:\/\/stjames.si\/hr\/wp-json\/wp\/v2\/users\/1"}],"replies":[{"embeddable":true,"href":"https:\/\/stjames.si\/hr\/wp-json\/wp\/v2\/comments?post=287"}],"version-history":[{"count":8,"href":"https:\/\/stjames.si\/hr\/wp-json\/wp\/v2\/pages\/287\/revisions"}],"predecessor-version":[{"id":1122,"href":"https:\/\/stjames.si\/hr\/wp-json\/wp\/v2\/pages\/287\/revisions\/1122"}],"up":[{"embeddable":true,"href":"https:\/\/stjames.si\/hr\/wp-json\/wp\/v2\/pages\/279"}],"wp:attachment":[{"href":"https:\/\/stjames.si\/hr\/wp-json\/wp\/v2\/media?parent=287"}],"curies":[{"name":"wp","href":"https:\/\/api.w.org\/{rel}","templated":true}]}}