{"id":345,"date":"2025-08-01T14:58:12","date_gmt":"2025-08-01T12:58:12","guid":{"rendered":"https:\/\/stjames.si\/hr\/?page_id=345"},"modified":"2026-04-21T21:23:59","modified_gmt":"2026-04-21T19:23:59","slug":"oltar-svetoga-kriza","status":"publish","type":"page","link":"https:\/\/stjames.si\/hr\/posjeti-crkvu\/oltari\/oltar-svetoga-kriza\/","title":{"rendered":"Oltar Svetoga Kri\u017ea"},"content":{"rendered":"<div class=\"wpb-content-wrapper\"><p>[vc_row margin_top=&#8221;-30px&#8221;][vc_column][vc_single_image image=&#8221;190&#8243; img_size=&#8221;full&#8221; alignment=&#8221;center&#8221; css=&#8221;&#8221;][\/vc_column][\/vc_row][vc_row][vc_column width=&#8221;1\/2&#8243;][vc_single_image image=&#8221;115&#8243; img_size=&#8221;full&#8221; onclick=&#8221;link_image&#8221; css=&#8221;&#8221;][\/vc_column][vc_column width=&#8221;1\/2&#8243;][vc_column_text css=&#8221;&#8221;]<strong>Oltar Svetoga Kri\u017ea (1678.) jedan je od najstarijih baroknih oltara od crnog mramora u Kranjskoj. Sadr\u017ei raspelo iz 19. stolje\u0107a, mramorni reljef mrtvoga Krista s o\u017ealo\u0161\u0107enim an\u0111elima (1701., Matthias Hendrichx) te tri an\u0111eoska lika iz 18. stolje\u0107a.<\/strong><\/p>\n<p><strong>Arhitektura oltara odra\u017eava venecijanski utjecaj i suzdr\u017eanost ranoga baroka.<\/strong><\/p>\n<p><strong>Slika Gospe \u017dalosne Josefa Planka (1860.) dodaje emotivnu dubinu ovom sakralnom prostoru razmatranja.<\/strong>[\/vc_column_text]<div class=\"ult_exp_section_layer ult-adjust-bottom-margin altartextalignleft\" >\n\t\t<div id=\"uvc-exp-wrap-7725\" role=\"button\" tabindex=\"0\" aria-pressed=\"false\"  data-ultimate-target='#uvc-exp-wrap-7725'  data-responsive-json-new='{\"font-size\":\"desktop:20px;\",\"line-height\":\"desktop:20px;\"}'  class=\"ult_exp_section  ult-responsive \" style=\"color:#333333;background-color:#dbdbdb; font-weight:normal;  text-align:left;\" data-textcolor=\"#333333\"data-texthover=\"#333333\"data-icncolor=\"#333333\"data-ihover=\"#333333\"data-height=\"0\"data-cntbg=\"#dbdbdb\"data-cnthvrbg=\"#e5e5e5\"data-headerbg=\"#dbdbdb\"data-headerhover=\"#e5e5e5\"data-title=\"Vi\u0161e o oltaru...\"data-newtitle=\"Sakrij\"data-icon=\"icomoon-the7-font-the7-expand-05\"data-newicon=\"icomoon-the7-font-the7-expand-09\"data-activeicon=\"#333333\"data-effect=\"slideToggle\"data-override=\"0\"data-activetitle=\"#333333\"data-activebg=\"#dbdbdb\"data-img=\"\"data-newimg=\"\"><div class=\"ult_exp_section-main ult_expleft_icon\">\t<div class=\"ult-just-icon-wrapper ult_exp_icon\">\n\t\t\t\t\t<div class=\"align-icon \">\n\t\t\t\t\t\t\n<span class=\"aio-icon  none  ult_expsection_icon \"  style=\"color:#333333;font-size:16px;\">\n\t<i class=\"icomoon-the7-font-the7-expand-05 ult_ex_icon\"  ><\/i>\n<\/span>\n\t\t\t\t\t<\/div>\n\t\t\t\t<\/div>\n\t\t\t\t<div class=\"ult_expheader\" >Vi\u0161e o oltaru...\n\t\t\t\t<\/div>\n\t\t\t<\/div>\n\t\t<\/div><div class=\"ult_exp_content \" style=\"background-color:#dbdbdb;  \"><div class=\"ult_ecpsub_cont\" style=\" \" >[vc_column_text css=&#8221;&#8221;]<span style=\"font-weight: 400;\">Oltar Svetoga Kri\u017ea jedan je od najranijih primjera baroknih oltara od crnog mramora u Kranjskoj. Nastao je 1678. godine na poticaj Bratov\u0161tine Kristove agonije. Arhitektonski i stilski slijedi talijanske, osobito venecijanske utjecaje koji su obilje\u017eili sakralnu umjetnost u Ljubljani u drugoj polovici 17. stolje\u0107a. U njegovu se oblikovanju prepoznaju srodnosti s radom znamenite klesarske radionice Mihaela Ku\u0161e, koja je tada djelovala u Ljubljani i imala va\u017enu ulogu u razvoju baroknih oltara u regiji.<\/span><\/p>\n<p><span style=\"font-weight: 400;\">Izra\u0111en od crnog kamena, oltar ima plitku i strogu arhitekturu, koja odi\u0161e jednostavno\u0161\u0107u i \u010dvrsto\u0107om. Kompoziciju \u010dine dva para glatkih stupova koji uokviruju trapezoidnu ni\u0161u. Iznad se uzdi\u017ee atika sa segmentiranim vijencem, koja oltaru daje okomiti ritam i elegantnu siluetu. Unato\u010d tamnom tonu, oltar o\u017eivljavaju polikromni umetci na menzi, pri dnu stupova i u unutra\u0161njosti ni\u0161e. Cjelina je suzdr\u017eana, ali fino ornamentirana \u2013 obilje\u017eje ranoga baroka.<\/span><\/p>\n<p><span style=\"font-weight: 400;\">U sredi\u0161njoj ni\u0161i nalazi se raspelo: dana\u0161nji lik Raspetoga potje\u010de iz 19. stolje\u0107a, no njegove izra\u017eene kasnogoti\u010dke zna\u010dajke (dr\u017eanje tijela, izraz lica, kiparska obrada) dovode tu dataciju u pitanje. Gornji je dio ukra\u0161en trima drvenim an\u0111eoskim figurama iz 18. stolje\u0107a: jedna stoji na vrhu atike, a dvije kle\u010de sa strane pod malim baldahinom. Njihovo meko modeliranje i izra\u017eajna lica skladno prate arhitektonske linije oltara.<\/span><\/p>\n<p><span style=\"font-weight: 400;\">Ispod menze nalazi se vrijedan mramorni reljef mrtvoga Krista kojega oplakuju an\u0111eli. Djelo je dodano 1701. godine i pripisuje se kiparu Matthiasu Hendrichxu, poznatom i po drugim radovima u crkvi. Njegov se stil odlikuje suptilnom emotivno\u0161\u0107u i realisti\u010dnom detaljno\u0161\u0107u.<\/span><\/p>\n<p><span style=\"font-weight: 400;\">Na menzi stoji slika Gospe \u017dalosne, koju je 1860. naslikao be\u010dki slikar Josef Plank. Ovaj kasniji dodatak produbljuje duhovnu poruku oltara te poziva na razmatranje Kristove muke, bo\u017eanskog suosje\u0107anja i postojane vjere.<\/span>[\/vc_column_text]<\/div><\/div>\n\n\t\t\t<\/div>[vc_raw_html css=&#8221;&#8221;]JTNDZGl2JTIwY2xhc3MlM0QlMjJhdWRpby1jb250cm9scyUyMiUzRSUwRCUwQSUyMCUyMCUyMCUyMCUyMCUyMCUyMCUyMCUyMCUyMCUyMCUyMCUyMCUyMCUyMCUyMCUzQ2J1dHRvbiUyMGNsYXNzJTNEJTIycmV3aW5kLWJ0biUyMiUyMG9uY2xpY2slM0QlMjJyZXdpbmRBdWRpbyUyOCUyN2F1ZGlvLWdiJTI3JTI5JTIyJTNFJTIwJTNDc3BhbiUyMGNsYXNzJTNEJTIyaWNvbiUyMiUzRSUyMCUzQ3N2ZyUyMHZpZXdCb3glM0QlMjIwJTIwMCUyMDI0JTIwMjQlMjIlM0UlMjAlM0Nwb2x5Z29uJTIwcG9pbnRzJTNEJTIyMTElMkMxMiUyMDIwJTJDNCUyMDIwJTJDMjAlMjIlM0UlM0MlMkZwb2x5Z29uJTNFJTIwJTNDcG9seWdvbiUyMHBvaW50cyUzRCUyMjQlMkMxMiUyMDEzJTJDNCUyMDEzJTJDMjAlMjIlM0UlM0MlMkZwb2x5Z29uJTNFJTIwJTNDJTJGc3ZnJTNFJTIwJTNDJTJGc3BhbiUzRSUwRCUwQSUyMCUyMCUyMCUyMCUyMCUyMCUyMCUyMCUyMCUyMCUyMCUyMCUyMCUyMCUyMCUyMCUzQyUyRmJ1dHRvbiUzRSUwRCUwQSUyMCUyMCUyMCUyMCUyMCUyMCUyMCUyMCUyMCUyMCUyMCUyMCUyMCUyMCUyMCUyMCUzQ2J1dHRvbiUyMGNsYXNzJTNEJTIycGxheS1idG4lMjIlMjBvbmNsaWNrJTNEJTIydG9nZ2xlQXVkaW8lMjglMjdhdWRpby1nYiUyNyUyQyUyN1BsYXklMjclMkMlMjdQYXVzZSUyNyUyQyUyMHRoaXMlMjklMjIlM0UlMEQlMEElMjAlMjAlMjAlMjAlMjAlMjAlMjAlMjAlMjAlMjAlMjAlMjAlMjAlMjAlMjAlMjAlMjAlMjAlMjAlMjAlM0NzcGFuJTIwY2xhc3MlM0QlMjJpY29uJTIwcGxheS1pY29uJTIyJTNFJTBEJTBBJTIwJTIwJTIwJTIwJTIwJTIwJTIwJTIwJTIwJTIwJTIwJTIwJTIwJTIwJTIwJTIwJTIwJTIwJTIwJTIwJTIwJTIwJTIwJTIwJTNDc3ZnJTIwdmlld0JveCUzRCUyMjAlMjAwJTIwMjQlMjAyNCUyMiUzRSUwRCUwQSUyMCUyMCUyMCUyMCUyMCUyMCUyMCUyMCUyMCUyMCUyMCUyMCUyMCUyMCUyMCUyMCUyMCUyMCUyMCUyMCUyMCUyMCUyMCUyMCUyMCUyMCUyMCUyMCUzQ3BvbHlnb24lMjBwb2ludHMlM0QlMjI1JTJDMyUyMDE5JTJDMTIlMjA1JTJDMjElMjIlM0UlM0MlMkZwb2x5Z29uJTNFJTBEJTBBJTIwJTIwJTIwJTIwJTIwJTIwJTIwJTIwJTIwJTIwJTIwJTIwJTIwJTIwJTIwJTIwJTIwJTIwJTIwJTIwJTIwJTIwJTIwJTIwJTNDJTJGc3ZnJTNFJTBEJTBBJTIwJTIwJTIwJTIwJTIwJTIwJTIwJTIwJTIwJTIwJTIwJTIwJTIwJTIwJTIwJTIwJTIwJTIwJTIwJTIwJTNDJTJGc3BhbiUzRSUwRCUwQSUyMCUyMCUyMCUyMCUyMCUyMCUyMCUyMCUyMCUyMCUyMCUyMCUyMCUyMCUyMCUyMCUyMCUyMCUyMCUyMCUzQ3NwYW4lMjBjbGFzcyUzRCUyMmxhYmVsJTIyJTNFUG9rcmVuaSUzQyUyRnNwYW4lM0UlMEQlMEElMjAlMjAlMjAlMjAlMjAlMjAlMjAlMjAlMjAlMjAlMjAlMjAlMjAlMjAlMjAlMjAlM0MlMkZidXR0b24lM0UlMEQlMEElMjAlMjAlMjAlMjAlMjAlMjAlMjAlMjAlMjAlMjAlMjAlMjAlM0MlMkZkaXYlM0UlMEQlMEElMjAlMjAlMjAlMjAlMjAlMjAlMjAlMjAlMjAlMjAlMjAlMjAlM0NhdWRpbyUyMGlkJTNEJTIyYXVkaW8tZ2IlMjIlMjBzcmMlM0QlMjJodHRwcyUzQSUyRiUyRnN0amFtZXMuc2klMkZ3cC1jb250ZW50JTJGdXBsb2FkcyUyRjIwMjYlMkYwNCUyRkFsdGFyT2ZUaGVIb2x5Q3Jvc3NfSFIubXAzJTIyJTNFJTNDJTJGYXVkaW8lM0U=[\/vc_raw_html][vc_column_text css=&#8221;&#8221;]<\/p>\n<h3><strong>Ostali oltari:<\/strong><\/h3>\n<ul>\n<li style=\"list-style-type: none;\">\n<ul>\n<li><a href=\"https:\/\/stjames.si\/hr\/posjeti-crkvu\/oltari\/glavni-oltar-svetog-jakova\/\"><span style=\"font-size: 14pt;\">Glavni oltar sv. Jakova<\/span><\/a><\/li>\n<li><a href=\"https:\/\/stjames.si\/hr\/posjeti-crkvu\/oltari\/oltar-svetog-franje-ksaverskog\/\"><span style=\"font-size: 14pt;\">Oltar sv. Franje Ksaverskoga<\/span><\/a><\/li>\n<li><a href=\"https:\/\/stjames.si\/hr\/posjeti-crkvu\/oltari\/oltar-uznesenja-marijina\/\"><span style=\"font-size: 14pt;\">Oltar Uznesenja Marijina<\/span><\/a><\/li>\n<li><a href=\"https:\/\/stjames.si\/hr\/posjeti-crkvu\/oltari\/oltar-svetog-ignacija-loyole\/\"><span style=\"font-size: 14pt;\"><span style=\"font-weight: 400;\">Oltar sv. Ignacija Loyolskoga<\/span><\/span><\/a><\/li>\n<li><a href=\"https:\/\/stjames.si\/hr\/posjeti-crkvu\/oltari\/oltar-svete-ane\/\"><span style=\"font-size: 14pt;\">Oltar sv. Ane<\/span><\/a><\/li>\n<li><a href=\"https:\/\/stjames.si\/hr\/posjeti-crkvu\/oltari\/oltar-svetog-ivana-nepomuka\/\"><span style=\"font-size: 14pt;\">Oltar sv. Ivana Nepomuka<\/span><\/a><\/li>\n<li><a href=\"https:\/\/stjames.si\/hr\/posjeti-crkvu\/oltari\/oltar-andela-cuvara\/\"><span style=\"font-size: 14pt;\">Oltar An\u0111ela \u010duvara<\/span><\/a><\/li>\n<li><a href=\"https:\/\/stjames.si\/hr\/posjeti-crkvu\/oltari\/oltar-svetog-josipa\/\"><span style=\"font-size: 14pt;\">Oltar sv. Josipa<\/span><\/a><\/li>\n<li><a href=\"https:\/\/stjames.si\/hr\/posjeti-crkvu\/oltari\/oltar-gospe-zalosne\/\"><span style=\"font-size: 14pt;\">Oltar Gospe \u017dalosne<\/span><\/a><\/li>\n<\/ul>\n<\/li>\n<\/ul>\n<p>[\/vc_column_text][\/vc_column][\/vc_row][vc_row type=&#8221;2&#8243; margin_top=&#8221;50px&#8221; margin_bottom=&#8221;-70px&#8221; padding_top=&#8221;60px&#8221; padding_bottom=&#8221;30px&#8221; css=&#8221;.vc_custom_1753614473478{margin-bottom: -70px !important;}&#8221;][vc_column][vc_single_image image=&#8221;142&#8243; img_size=&#8221;full&#8221; alignment=&#8221;center&#8221; css=&#8221;&#8221; image_hovers=&#8221;false&#8221;][\/vc_column][\/vc_row]<\/p>\n<\/div>","protected":false},"excerpt":{"rendered":"<p>[vc_row margin_top=&#8221;-30px&#8221;][vc_column][vc_single_image image=&#8221;190&#8243; img_size=&#8221;full&#8221; alignment=&#8221;center&#8221; css=&#8221;&#8221;][\/vc_column][\/vc_row][vc_row][vc_column width=&#8221;1\/2&#8243;][vc_single_image image=&#8221;115&#8243; img_size=&#8221;full&#8221; onclick=&#8221;link_image&#8221; css=&#8221;&#8221;][\/vc_column][vc_column width=&#8221;1\/2&#8243;][vc_column_text css=&#8221;&#8221;]Oltar Svetoga Kri\u017ea (1678.) jedan je od najstarijih baroknih oltara od crnog mramora u Kranjskoj. Sadr\u017ei raspelo iz&hellip;<\/p>\n","protected":false},"author":1,"featured_media":0,"parent":304,"menu_order":0,"comment_status":"closed","ping_status":"closed","template":"","meta":{"give_campaign_id":0,"footnotes":""},"class_list":["post-345","page","type-page","status-publish","hentry","description-off"],"yoast_head":"<!-- This site is optimized with the Yoast SEO plugin v27.4 - https:\/\/yoast.com\/product\/yoast-seo-wordpress\/ -->\n<title>Oltar Svetoga Kri\u017ea - Crkva sv. Jakova \u2013 barokna ljepotica u srcu Ljubljane<\/title>\n<meta name=\"robots\" content=\"index, follow, max-snippet:-1, max-image-preview:large, max-video-preview:-1\" \/>\n<link rel=\"canonical\" href=\"https:\/\/stjames.si\/hr\/posjeti-crkvu\/oltari\/oltar-svetoga-kriza\/\" \/>\n<meta property=\"og:locale\" content=\"hr_HR\" \/>\n<meta property=\"og:type\" content=\"article\" \/>\n<meta property=\"og:title\" content=\"Oltar Svetoga Kri\u017ea - Crkva sv. Jakova \u2013 barokna ljepotica u srcu Ljubljane\" \/>\n<meta property=\"og:description\" content=\"[vc_row margin_top=&#8221;-30px&#8221;][vc_column][vc_single_image image=&#8221;190&#8243; img_size=&#8221;full&#8221; alignment=&#8221;center&#8221; css=&#8221;&#8221;][\/vc_column][\/vc_row][vc_row][vc_column width=&#8221;1\/2&#8243;][vc_single_image image=&#8221;115&#8243; img_size=&#8221;full&#8221; onclick=&#8221;link_image&#8221; css=&#8221;&#8221;][\/vc_column][vc_column width=&#8221;1\/2&#8243;][vc_column_text css=&#8221;&#8221;]Oltar Svetoga Kri\u017ea (1678.) jedan je od najstarijih baroknih oltara od crnog mramora u Kranjskoj. Sadr\u017ei raspelo iz&hellip;\" \/>\n<meta property=\"og:url\" content=\"https:\/\/stjames.si\/hr\/posjeti-crkvu\/oltari\/oltar-svetoga-kriza\/\" \/>\n<meta property=\"og:site_name\" content=\"Crkva sv. Jakova \u2013 barokna ljepotica u srcu Ljubljane\" \/>\n<meta property=\"article:modified_time\" content=\"2026-04-21T19:23:59+00:00\" \/>\n<meta name=\"twitter:card\" content=\"summary_large_image\" \/>\n<meta name=\"twitter:label1\" content=\"Procijenjeno vrijeme \u010ditanja\" \/>\n\t<meta name=\"twitter:data1\" content=\"3 minute\" \/>\n<script type=\"application\/ld+json\" class=\"yoast-schema-graph\">{\"@context\":\"https:\\\/\\\/schema.org\",\"@graph\":[{\"@type\":\"WebPage\",\"@id\":\"https:\\\/\\\/stjames.si\\\/hr\\\/posjeti-crkvu\\\/oltari\\\/oltar-svetoga-kriza\\\/\",\"url\":\"https:\\\/\\\/stjames.si\\\/hr\\\/posjeti-crkvu\\\/oltari\\\/oltar-svetoga-kriza\\\/\",\"name\":\"Oltar Svetoga Kri\u017ea - Crkva sv. Jakova \u2013 barokna ljepotica u srcu Ljubljane\",\"isPartOf\":{\"@id\":\"https:\\\/\\\/stjames.si\\\/hr\\\/#website\"},\"datePublished\":\"2025-08-01T12:58:12+00:00\",\"dateModified\":\"2026-04-21T19:23:59+00:00\",\"breadcrumb\":{\"@id\":\"https:\\\/\\\/stjames.si\\\/hr\\\/posjeti-crkvu\\\/oltari\\\/oltar-svetoga-kriza\\\/#breadcrumb\"},\"inLanguage\":\"hr\",\"potentialAction\":[{\"@type\":\"ReadAction\",\"target\":[\"https:\\\/\\\/stjames.si\\\/hr\\\/posjeti-crkvu\\\/oltari\\\/oltar-svetoga-kriza\\\/\"]}]},{\"@type\":\"BreadcrumbList\",\"@id\":\"https:\\\/\\\/stjames.si\\\/hr\\\/posjeti-crkvu\\\/oltari\\\/oltar-svetoga-kriza\\\/#breadcrumb\",\"itemListElement\":[{\"@type\":\"ListItem\",\"position\":1,\"name\":\"Home\",\"item\":\"https:\\\/\\\/stjames.si\\\/hr\\\/\"},{\"@type\":\"ListItem\",\"position\":2,\"name\":\"Posjeti crkvu\",\"item\":\"https:\\\/\\\/stjames.si\\\/hr\\\/posjeti-crkvu\\\/\"},{\"@type\":\"ListItem\",\"position\":3,\"name\":\"Oltari\",\"item\":\"https:\\\/\\\/stjames.si\\\/hr\\\/posjeti-crkvu\\\/oltari\\\/\"},{\"@type\":\"ListItem\",\"position\":4,\"name\":\"Oltar Svetoga Kri\u017ea\"}]},{\"@type\":\"WebSite\",\"@id\":\"https:\\\/\\\/stjames.si\\\/hr\\\/#website\",\"url\":\"https:\\\/\\\/stjames.si\\\/hr\\\/\",\"name\":\"Crkva sv. Jakova \u2013 barokna ljepotica u srcu Ljubljane\",\"description\":\"\",\"potentialAction\":[{\"@type\":\"SearchAction\",\"target\":{\"@type\":\"EntryPoint\",\"urlTemplate\":\"https:\\\/\\\/stjames.si\\\/hr\\\/?s={search_term_string}\"},\"query-input\":{\"@type\":\"PropertyValueSpecification\",\"valueRequired\":true,\"valueName\":\"search_term_string\"}}],\"inLanguage\":\"hr\"}]}<\/script>\n<!-- \/ Yoast SEO plugin. -->","yoast_head_json":{"title":"Oltar Svetoga Kri\u017ea - Crkva sv. Jakova \u2013 barokna ljepotica u srcu Ljubljane","robots":{"index":"index","follow":"follow","max-snippet":"max-snippet:-1","max-image-preview":"max-image-preview:large","max-video-preview":"max-video-preview:-1"},"canonical":"https:\/\/stjames.si\/hr\/posjeti-crkvu\/oltari\/oltar-svetoga-kriza\/","og_locale":"hr_HR","og_type":"article","og_title":"Oltar Svetoga Kri\u017ea - Crkva sv. Jakova \u2013 barokna ljepotica u srcu Ljubljane","og_description":"[vc_row margin_top=&#8221;-30px&#8221;][vc_column][vc_single_image image=&#8221;190&#8243; img_size=&#8221;full&#8221; alignment=&#8221;center&#8221; css=&#8221;&#8221;][\/vc_column][\/vc_row][vc_row][vc_column width=&#8221;1\/2&#8243;][vc_single_image image=&#8221;115&#8243; img_size=&#8221;full&#8221; onclick=&#8221;link_image&#8221; css=&#8221;&#8221;][\/vc_column][vc_column width=&#8221;1\/2&#8243;][vc_column_text css=&#8221;&#8221;]Oltar Svetoga Kri\u017ea (1678.) jedan je od najstarijih baroknih oltara od crnog mramora u Kranjskoj. Sadr\u017ei raspelo iz&hellip;","og_url":"https:\/\/stjames.si\/hr\/posjeti-crkvu\/oltari\/oltar-svetoga-kriza\/","og_site_name":"Crkva sv. Jakova \u2013 barokna ljepotica u srcu Ljubljane","article_modified_time":"2026-04-21T19:23:59+00:00","twitter_card":"summary_large_image","twitter_misc":{"Procijenjeno vrijeme \u010ditanja":"3 minute"},"schema":{"@context":"https:\/\/schema.org","@graph":[{"@type":"WebPage","@id":"https:\/\/stjames.si\/hr\/posjeti-crkvu\/oltari\/oltar-svetoga-kriza\/","url":"https:\/\/stjames.si\/hr\/posjeti-crkvu\/oltari\/oltar-svetoga-kriza\/","name":"Oltar Svetoga Kri\u017ea - Crkva sv. Jakova \u2013 barokna ljepotica u srcu Ljubljane","isPartOf":{"@id":"https:\/\/stjames.si\/hr\/#website"},"datePublished":"2025-08-01T12:58:12+00:00","dateModified":"2026-04-21T19:23:59+00:00","breadcrumb":{"@id":"https:\/\/stjames.si\/hr\/posjeti-crkvu\/oltari\/oltar-svetoga-kriza\/#breadcrumb"},"inLanguage":"hr","potentialAction":[{"@type":"ReadAction","target":["https:\/\/stjames.si\/hr\/posjeti-crkvu\/oltari\/oltar-svetoga-kriza\/"]}]},{"@type":"BreadcrumbList","@id":"https:\/\/stjames.si\/hr\/posjeti-crkvu\/oltari\/oltar-svetoga-kriza\/#breadcrumb","itemListElement":[{"@type":"ListItem","position":1,"name":"Home","item":"https:\/\/stjames.si\/hr\/"},{"@type":"ListItem","position":2,"name":"Posjeti crkvu","item":"https:\/\/stjames.si\/hr\/posjeti-crkvu\/"},{"@type":"ListItem","position":3,"name":"Oltari","item":"https:\/\/stjames.si\/hr\/posjeti-crkvu\/oltari\/"},{"@type":"ListItem","position":4,"name":"Oltar Svetoga Kri\u017ea"}]},{"@type":"WebSite","@id":"https:\/\/stjames.si\/hr\/#website","url":"https:\/\/stjames.si\/hr\/","name":"Crkva sv. Jakova \u2013 barokna ljepotica u srcu Ljubljane","description":"","potentialAction":[{"@type":"SearchAction","target":{"@type":"EntryPoint","urlTemplate":"https:\/\/stjames.si\/hr\/?s={search_term_string}"},"query-input":{"@type":"PropertyValueSpecification","valueRequired":true,"valueName":"search_term_string"}}],"inLanguage":"hr"}]}},"campaignId":"","_links":{"self":[{"href":"https:\/\/stjames.si\/hr\/wp-json\/wp\/v2\/pages\/345","targetHints":{"allow":["GET"]}}],"collection":[{"href":"https:\/\/stjames.si\/hr\/wp-json\/wp\/v2\/pages"}],"about":[{"href":"https:\/\/stjames.si\/hr\/wp-json\/wp\/v2\/types\/page"}],"author":[{"embeddable":true,"href":"https:\/\/stjames.si\/hr\/wp-json\/wp\/v2\/users\/1"}],"replies":[{"embeddable":true,"href":"https:\/\/stjames.si\/hr\/wp-json\/wp\/v2\/comments?post=345"}],"version-history":[{"count":15,"href":"https:\/\/stjames.si\/hr\/wp-json\/wp\/v2\/pages\/345\/revisions"}],"predecessor-version":[{"id":1132,"href":"https:\/\/stjames.si\/hr\/wp-json\/wp\/v2\/pages\/345\/revisions\/1132"}],"up":[{"embeddable":true,"href":"https:\/\/stjames.si\/hr\/wp-json\/wp\/v2\/pages\/304"}],"wp:attachment":[{"href":"https:\/\/stjames.si\/hr\/wp-json\/wp\/v2\/media?parent=345"}],"curies":[{"name":"wp","href":"https:\/\/api.w.org\/{rel}","templated":true}]}}