{"id":6,"date":"2025-08-01T15:55:58","date_gmt":"2025-08-01T13:55:58","guid":{"rendered":"https:\/\/stjames.si\/hr\/?page_id=6"},"modified":"2026-04-01T21:03:10","modified_gmt":"2026-04-01T19:03:10","slug":"bogosluzje","status":"publish","type":"page","link":"https:\/\/stjames.si\/hr\/bogosluzje\/","title":{"rendered":"Bogoslu\u017eje"},"content":{"rendered":"<div class=\"wpb-content-wrapper\"><p>[vc_row type=&#8221;3&#8243; margin_top=&#8221;-70px&#8221; padding_top=&#8221;30px&#8221;][vc_column width=&#8221;1\/3&#8243;][vc_column_text css=&#8221;&#8221;]<\/p>\n<h3><strong style=\"font-size: 14px;\">U\u0111i. Prona\u0111i mir.<\/strong><\/h3>\n<div>\n<p>Toplo si pozvan da u\u0111e\u0161 u crkvu.<br \/>\nOstavi iza sebe buku svijeta.<br \/>\nSjedni u ti\u0161ini. Di\u0161i.<br \/>\nNeka tvoje srce po\u010dine.<\/p>\n<p>Bez obzira dolazi\u0161 li s pitanjima, teretima, zahvalno\u0161\u0107u ili nadom \u2013<br \/>\novaj je prostor namijenjen tebi.<\/p>\n<p>Zapal\u00ed svije\u0107u.<br \/>\nIzreci molitvu.<br \/>\nIli jednostavno budi.<\/p>\n<p>Nisi sam.<br \/>\nBog je blizu.<br \/>\nDobrodo\u0161ao.<\/p>\n<\/div>\n<p>[\/vc_column_text][\/vc_column][vc_column width=&#8221;1\/3&#8243;][vc_single_image image=&#8221;130&#8243; img_size=&#8221;full&#8221; onclick=&#8221;link_image&#8221; css=&#8221;&#8221;][\/vc_column][vc_column width=&#8221;1\/3&#8243;][vc_column_text css=&#8221;.vc_custom_1775070131506{padding-top: 30px !important;padding-right: 30px !important;padding-bottom: 30px !important;padding-left: 30px !important;background-color: #A79469 !important;}&#8221; el_class=&#8221;whitetext&#8221;]<\/p>\n<h3><span style=\"color: #ffffff;\">Svete ma\u0161e<\/span><\/h3>\n<div>Radni dani:<\/div>\n<ul>\n<li>18:30<\/li>\n<\/ul>\n<p>Nedjelje i blagdani:<\/p>\n<div>\n<ul>\n<li>8:00 \u2013 rana sveta misa<\/li>\n<li>9:30 \u2013 obiteljska sveta misa<\/li>\n<li>18:30 \u2013 ve\u010dernja sveta misa<\/li>\n<li>11:30 \u2013 sveta misa na \u0161panjolskom jeziku<br \/>\n<em>(svake 3. nedjelje u mjesecu)<\/em><\/li>\n<\/ul>\n<\/div>\n<p>[\/vc_column_text][\/vc_column][\/vc_row][vc_row type=&#8221;1&#8243; margin_bottom=&#8221;-70px&#8221;][vc_column][vc_column_text css=&#8221;.vc_custom_1775070167001{padding-top: 30px !important;}&#8221;]<\/p>\n<h3>Meditacije uz oltare u crkvi sv. Jakova<\/h3>\n<p>[\/vc_column_text][vc_basic_grid post_type=&#8221;post&#8221; max_items=&#8221;10&#8243; style=&#8221;pagination&#8221; items_per_page=&#8221;3&#8243; order=&#8221;ASC&#8221; arrows_design=&#8221;vc_arrow-icon-arrow_01_left&#8221; arrows_color=&#8221;chino&#8221; item=&#8221;masonryGrid_GoTop&#8221; css=&#8221;&#8221; grid_id=&#8221;vc_gid:1775070023422-4c5bae3c-d1f6-3&#8243; taxonomies=&#8221;3&#8243;][vc_single_image image=&#8221;141&#8243; img_size=&#8221;full&#8221; alignment=&#8221;center&#8221; css=&#8221;.vc_custom_1754056612700{margin-top: -30px !important;}&#8221; image_hovers=&#8221;false&#8221;][\/vc_column][\/vc_row]<\/p>\n<\/div>","protected":false},"excerpt":{"rendered":"<p>[vc_row type=&#8221;3&#8243; margin_top=&#8221;-70px&#8221; padding_top=&#8221;30px&#8221;][vc_column width=&#8221;1\/3&#8243;][vc_column_text css=&#8221;&#8221;] U\u0111i. Prona\u0111i mir. Toplo si pozvan da u\u0111e\u0161 u crkvu. Ostavi iza sebe buku svijeta. Sjedni u ti\u0161ini. Di\u0161i. Neka tvoje srce po\u010dine. Bez&hellip;<\/p>\n","protected":false},"author":1,"featured_media":0,"parent":0,"menu_order":0,"comment_status":"closed","ping_status":"closed","template":"","meta":{"give_campaign_id":0,"footnotes":""},"class_list":["post-6","page","type-page","status-publish","hentry","description-off"],"yoast_head":"<!-- This site is optimized with the Yoast SEO plugin v27.4 - https:\/\/yoast.com\/product\/yoast-seo-wordpress\/ -->\n<title>Bogoslu\u017eje - Crkva sv. Jakova \u2013 barokna ljepotica u srcu Ljubljane<\/title>\n<meta name=\"robots\" content=\"index, follow, max-snippet:-1, max-image-preview:large, max-video-preview:-1\" \/>\n<link rel=\"canonical\" href=\"https:\/\/stjames.si\/hr\/bogosluzje\/\" \/>\n<meta property=\"og:locale\" content=\"hr_HR\" \/>\n<meta property=\"og:type\" content=\"article\" \/>\n<meta property=\"og:title\" content=\"Bogoslu\u017eje - Crkva sv. Jakova \u2013 barokna ljepotica u srcu Ljubljane\" \/>\n<meta property=\"og:description\" content=\"[vc_row type=&#8221;3&#8243; margin_top=&#8221;-70px&#8221; padding_top=&#8221;30px&#8221;][vc_column width=&#8221;1\/3&#8243;][vc_column_text css=&#8221;&#8221;] U\u0111i. Prona\u0111i mir. Toplo si pozvan da u\u0111e\u0161 u crkvu. Ostavi iza sebe buku svijeta. Sjedni u ti\u0161ini. Di\u0161i. Neka tvoje srce po\u010dine. Bez&hellip;\" \/>\n<meta property=\"og:url\" content=\"https:\/\/stjames.si\/hr\/bogosluzje\/\" \/>\n<meta property=\"og:site_name\" content=\"Crkva sv. Jakova \u2013 barokna ljepotica u srcu Ljubljane\" \/>\n<meta property=\"article:modified_time\" content=\"2026-04-01T19:03:10+00:00\" \/>\n<meta name=\"twitter:card\" content=\"summary_large_image\" \/>\n<meta name=\"twitter:label1\" content=\"Procijenjeno vrijeme \u010ditanja\" \/>\n\t<meta name=\"twitter:data1\" content=\"2 minute\" \/>\n<script type=\"application\/ld+json\" class=\"yoast-schema-graph\">{\"@context\":\"https:\\\/\\\/schema.org\",\"@graph\":[{\"@type\":\"WebPage\",\"@id\":\"https:\\\/\\\/stjames.si\\\/hr\\\/bogosluzje\\\/\",\"url\":\"https:\\\/\\\/stjames.si\\\/hr\\\/bogosluzje\\\/\",\"name\":\"Bogoslu\u017eje - Crkva sv. Jakova \u2013 barokna ljepotica u srcu Ljubljane\",\"isPartOf\":{\"@id\":\"https:\\\/\\\/stjames.si\\\/hr\\\/#website\"},\"datePublished\":\"2025-08-01T13:55:58+00:00\",\"dateModified\":\"2026-04-01T19:03:10+00:00\",\"breadcrumb\":{\"@id\":\"https:\\\/\\\/stjames.si\\\/hr\\\/bogosluzje\\\/#breadcrumb\"},\"inLanguage\":\"hr\",\"potentialAction\":[{\"@type\":\"ReadAction\",\"target\":[\"https:\\\/\\\/stjames.si\\\/hr\\\/bogosluzje\\\/\"]}]},{\"@type\":\"BreadcrumbList\",\"@id\":\"https:\\\/\\\/stjames.si\\\/hr\\\/bogosluzje\\\/#breadcrumb\",\"itemListElement\":[{\"@type\":\"ListItem\",\"position\":1,\"name\":\"Home\",\"item\":\"https:\\\/\\\/stjames.si\\\/hr\\\/\"},{\"@type\":\"ListItem\",\"position\":2,\"name\":\"Bogoslu\u017eje\"}]},{\"@type\":\"WebSite\",\"@id\":\"https:\\\/\\\/stjames.si\\\/hr\\\/#website\",\"url\":\"https:\\\/\\\/stjames.si\\\/hr\\\/\",\"name\":\"Crkva sv. Jakova \u2013 barokna ljepotica u srcu Ljubljane\",\"description\":\"\",\"potentialAction\":[{\"@type\":\"SearchAction\",\"target\":{\"@type\":\"EntryPoint\",\"urlTemplate\":\"https:\\\/\\\/stjames.si\\\/hr\\\/?s={search_term_string}\"},\"query-input\":{\"@type\":\"PropertyValueSpecification\",\"valueRequired\":true,\"valueName\":\"search_term_string\"}}],\"inLanguage\":\"hr\"}]}<\/script>\n<!-- \/ Yoast SEO plugin. -->","yoast_head_json":{"title":"Bogoslu\u017eje - Crkva sv. Jakova \u2013 barokna ljepotica u srcu Ljubljane","robots":{"index":"index","follow":"follow","max-snippet":"max-snippet:-1","max-image-preview":"max-image-preview:large","max-video-preview":"max-video-preview:-1"},"canonical":"https:\/\/stjames.si\/hr\/bogosluzje\/","og_locale":"hr_HR","og_type":"article","og_title":"Bogoslu\u017eje - Crkva sv. Jakova \u2013 barokna ljepotica u srcu Ljubljane","og_description":"[vc_row type=&#8221;3&#8243; margin_top=&#8221;-70px&#8221; padding_top=&#8221;30px&#8221;][vc_column width=&#8221;1\/3&#8243;][vc_column_text css=&#8221;&#8221;] U\u0111i. Prona\u0111i mir. Toplo si pozvan da u\u0111e\u0161 u crkvu. Ostavi iza sebe buku svijeta. Sjedni u ti\u0161ini. Di\u0161i. Neka tvoje srce po\u010dine. Bez&hellip;","og_url":"https:\/\/stjames.si\/hr\/bogosluzje\/","og_site_name":"Crkva sv. Jakova \u2013 barokna ljepotica u srcu Ljubljane","article_modified_time":"2026-04-01T19:03:10+00:00","twitter_card":"summary_large_image","twitter_misc":{"Procijenjeno vrijeme \u010ditanja":"2 minute"},"schema":{"@context":"https:\/\/schema.org","@graph":[{"@type":"WebPage","@id":"https:\/\/stjames.si\/hr\/bogosluzje\/","url":"https:\/\/stjames.si\/hr\/bogosluzje\/","name":"Bogoslu\u017eje - Crkva sv. Jakova \u2013 barokna ljepotica u srcu Ljubljane","isPartOf":{"@id":"https:\/\/stjames.si\/hr\/#website"},"datePublished":"2025-08-01T13:55:58+00:00","dateModified":"2026-04-01T19:03:10+00:00","breadcrumb":{"@id":"https:\/\/stjames.si\/hr\/bogosluzje\/#breadcrumb"},"inLanguage":"hr","potentialAction":[{"@type":"ReadAction","target":["https:\/\/stjames.si\/hr\/bogosluzje\/"]}]},{"@type":"BreadcrumbList","@id":"https:\/\/stjames.si\/hr\/bogosluzje\/#breadcrumb","itemListElement":[{"@type":"ListItem","position":1,"name":"Home","item":"https:\/\/stjames.si\/hr\/"},{"@type":"ListItem","position":2,"name":"Bogoslu\u017eje"}]},{"@type":"WebSite","@id":"https:\/\/stjames.si\/hr\/#website","url":"https:\/\/stjames.si\/hr\/","name":"Crkva sv. Jakova \u2013 barokna ljepotica u srcu Ljubljane","description":"","potentialAction":[{"@type":"SearchAction","target":{"@type":"EntryPoint","urlTemplate":"https:\/\/stjames.si\/hr\/?s={search_term_string}"},"query-input":{"@type":"PropertyValueSpecification","valueRequired":true,"valueName":"search_term_string"}}],"inLanguage":"hr"}]}},"campaignId":"","_links":{"self":[{"href":"https:\/\/stjames.si\/hr\/wp-json\/wp\/v2\/pages\/6","targetHints":{"allow":["GET"]}}],"collection":[{"href":"https:\/\/stjames.si\/hr\/wp-json\/wp\/v2\/pages"}],"about":[{"href":"https:\/\/stjames.si\/hr\/wp-json\/wp\/v2\/types\/page"}],"author":[{"embeddable":true,"href":"https:\/\/stjames.si\/hr\/wp-json\/wp\/v2\/users\/1"}],"replies":[{"embeddable":true,"href":"https:\/\/stjames.si\/hr\/wp-json\/wp\/v2\/comments?post=6"}],"version-history":[{"count":27,"href":"https:\/\/stjames.si\/hr\/wp-json\/wp\/v2\/pages\/6\/revisions"}],"predecessor-version":[{"id":1043,"href":"https:\/\/stjames.si\/hr\/wp-json\/wp\/v2\/pages\/6\/revisions\/1043"}],"wp:attachment":[{"href":"https:\/\/stjames.si\/hr\/wp-json\/wp\/v2\/media?parent=6"}],"curies":[{"name":"wp","href":"https:\/\/api.w.org\/{rel}","templated":true}]}}