{"id":294,"date":"2025-08-02T15:49:29","date_gmt":"2025-08-02T14:49:29","guid":{"rendered":"https:\/\/stjames.si\/pl\/?page_id=294"},"modified":"2025-08-16T12:04:17","modified_gmt":"2025-08-16T11:04:17","slug":"kontakty","status":"publish","type":"page","link":"https:\/\/stjames.si\/pl\/kontakty\/","title":{"rendered":"Kontakty"},"content":{"rendered":"<div class=\"wpb-content-wrapper\"><p>[vc_row][vc_column][vc_single_image image=&#8221;200&#8243; img_size=&#8221;full&#8221; alignment=&#8221;center&#8221; css=&#8221;&#8221;][\/vc_column][\/vc_row][vc_row][vc_column width=&#8221;1\/3&#8243;][vc_column_text css=&#8221;.vc_custom_1754747357862{padding-top: 30px !important;padding-right: 30px !important;padding-bottom: 30px !important;padding-left: 30px !important;background-color: #A79469 !important;}&#8221;]<span style=\"color: #ffffff;\"><strong>Parafia \u015bw. Jakuba \u2013 Lublana<\/strong><\/span><br \/>\n<span style=\"color: #ffffff;\">Gornji trg 18 \/ Ro\u017ena ulica 2<\/span><br \/>\n<span style=\"color: #ffffff;\">1000 Lublana<\/span><\/p>\n<p><span style=\"color: #ffffff;\">E-mail:\u00a0<a class=\"fui-Link ___w5et180 f2hkw1w f3rmtva f1ewtqcl fyind8e f1k6fduh f1w7gpdv f1mo0ibp fjoy568 ff5ikls f1s184ao f1mk8lai fnbmjn9 f1o700av f13mvf36 f1cmlufx f9n3di6 f1ids18y f1tx3yz7 f1deo86v f1eh06m1 f1iescvh fhgqx19 f1olyrje f1p93eir f1nev41a\" style=\"color: #ffffff;\" tabindex=\"0\" href=\"mailto:sv.jakob.lj@gmail.com\" target=\"_blank\" rel=\"noopener\" data-tabster=\"{&quot;restorer&quot;:{&quot;type&quot;:1}}\">sv.jakob.lj@gmail.com<\/a><\/span><br \/>\n<span style=\"color: #ffffff;\">Numer podatkowy: 91814987<\/span><br \/>\n<span style=\"color: #ffffff;\">Numer rejestracyjny: 1431226000<\/span><br \/>\n<span style=\"color: #ffffff;\">Numer konta: SI56 0205 1025 4641 775, NLB<\/span>[\/vc_column_text][\/vc_column][vc_column width=&#8221;1\/3&#8243;][vc_column_text css=&#8221;.vc_custom_1754747385695{padding-top: 30px !important;padding-right: 30px !important;padding-bottom: 30px !important;padding-left: 30px !important;background-color: #A79469 !important;}&#8221;]<span style=\"color: #ffffff;\"><strong>Witamy na plebanii:<\/strong><\/span><\/p>\n<p><span style=\"color: #ffffff;\">Naj\u0142atwiejszy spos\u00f3b, aby skontaktowa\u0107 si\u0119 z administratorem parafii,<\/span><br \/>\n<span style=\"color: #ffffff;\">to telefon lub SMS: +386 64 178 014.<\/span><\/p>\n<p><span style=\"color: #ffffff;\">Jestem w biurze: po wcze\u015bniejszym um\u00f3wieniu.<\/span>[\/vc_column_text][\/vc_column][vc_column width=&#8221;1\/3&#8243;][vc_column_text css=&#8221;.vc_custom_1755342252605{padding-top: 30px !important;padding-right: 30px !important;padding-bottom: 30px !important;padding-left: 30px !important;background-color: #A79469 !important;}&#8221; el_id=&#8221;whitetext&#8221;]<span style=\"color: #ffffff;\"><strong>Kap\u0142ani:<\/strong><\/span><\/p>\n<p><span style=\"color: #ffffff;\">Administrator parafii:<\/span><br \/>\n<span style=\"color: #ffffff;\">O. Toma\u017e Miku\u0161, +386 64 178 014<\/span><br \/>\n<span style=\"color: #ffffff;\"><a class=\"fui-Link ___w5et180 f2hkw1w f3rmtva f1ewtqcl fyind8e f1k6fduh f1w7gpdv f1mo0ibp fjoy568 ff5ikls f1s184ao f1mk8lai fnbmjn9 f1o700av f13mvf36 f1cmlufx f9n3di6 f1ids18y f1tx3yz7 f1deo86v f1eh06m1 f1iescvh fhgqx19 f1olyrje f1p93eir f1nev41a\" style=\"color: #ffffff;\" tabindex=\"0\" href=\"mailto:tomaz.mikus@gmail.com\" target=\"_blank\" rel=\"noopener\" data-tabster=\"{&quot;restorer&quot;:{&quot;type&quot;:1}}\">tomaz.mikus@gmail.com<\/a><\/span><\/p>\n<p><span style=\"color: #ffffff;\">Wsp\u00f3lnota jezuit\u00f3w na plebanii obejmuje r\u00f3wnie\u017c:<\/span><\/p>\n<ul>\n<li><span style=\"color: #ffffff;\">O. Beno Lavrih, +386 41 264 800<\/span><br \/>\n<span style=\"color: #ffffff;\"><a class=\"fui-Link ___w5et180 f2hkw1w f3rmtva f1ewtqcl fyind8e f1k6fduh f1w7gpdv f1mo0ibp fjoy568 ff5ikls f1s184ao f1mk8lai fnbmjn9 f1o700av f13mvf36 f1cmlufx f9n3di6 f1ids18y f1tx3yz7 f1deo86v f1eh06m1 f1iescvh fhgqx19 f1olyrje f1p93eir f1nev41a\" style=\"color: #ffffff;\" tabindex=\"0\" href=\"mailto:beno.lavrih@rkc.si\" target=\"_blank\" rel=\"noopener\" data-tabster=\"{&quot;restorer&quot;:{&quot;type&quot;:1}}\">beno.lavrih@rkc.si<\/a><\/span><\/li>\n<li><span style=\"color: #ffffff;\">O. Jo\u017ee Kokalj, proboszcz emerytowany, +386 41 603 810<\/span><\/li>\n<li><span style=\"color: #ffffff;\">O. Miran \u017dvanut, prowincja\u0142 Prowincji S\u0142owe\u0144skiej Towarzystwa Jezusowego<\/span><\/li>\n<\/ul>\n<p>[\/vc_column_text][\/vc_column][\/vc_row][vc_row type=&#8221;2&#8243; margin_top=&#8221;50px&#8221; margin_bottom=&#8221;-70px&#8221; padding_top=&#8221;60px&#8221; padding_bottom=&#8221;30px&#8221; css=&#8221;.vc_custom_1753614473478{margin-bottom: -70px !important;}&#8221;][vc_column]<style type=\"text\/css\" data-type=\"the7_shortcodes-inline-css\">.gallery-carousel-shortcode.gallery-carousel-shortcode-id-442731278276b006913099e4acd02fd6.owl-carousel .owl-nav div {\n  width: 36px;\n  height: 36px;\n  border-radius: 500px;\n}\n.dt-arrow-border-on.gallery-carousel-shortcode.gallery-carousel-shortcode-id-442731278276b006913099e4acd02fd6.owl-carousel .owl-nav div:not(:hover):before {\n  border-width: 0px;\n}\n.dt-arrow-hover-border-on.gallery-carousel-shortcode.gallery-carousel-shortcode-id-442731278276b006913099e4acd02fd6.owl-carousel .owl-nav div:hover:after {\n  border-width: 0px;\n}\n.gallery-carousel-shortcode.gallery-carousel-shortcode-id-442731278276b006913099e4acd02fd6.owl-carousel .owl-nav div.owl-prev {\n  top: 50%;\n  transform: translateY(calc(-50% + 0px));\n  left: -43px;\n}\n@media all and (-ms-high-contrast: none) {\n  .gallery-carousel-shortcode.gallery-carousel-shortcode-id-442731278276b006913099e4acd02fd6.owl-carousel .owl-nav div.owl-prev {\n    transform: translateY(-50%);\n    margin-top: 0px;\n  }\n}\n.gallery-carousel-shortcode.gallery-carousel-shortcode-id-442731278276b006913099e4acd02fd6.owl-carousel .owl-nav div.owl-prev i {\n  padding: 0px 0px 0px 0px;\n}\n.gallery-carousel-shortcode.gallery-carousel-shortcode-id-442731278276b006913099e4acd02fd6.owl-carousel .owl-nav div.owl-next {\n  top: 50%;\n  transform: translateY(calc(-50% + 0px));\n  right: -43px;\n}\n@media all and (-ms-high-contrast: none) {\n  .gallery-carousel-shortcode.gallery-carousel-shortcode-id-442731278276b006913099e4acd02fd6.owl-carousel .owl-nav div.owl-next {\n    transform: translateY(-50%);\n    margin-top: 0px;\n  }\n}\n.gallery-carousel-shortcode.gallery-carousel-shortcode-id-442731278276b006913099e4acd02fd6.owl-carousel .owl-nav div.owl-next i {\n  padding: 0px 0px 0px 0px;\n}\n.gallery-carousel-shortcode.gallery-carousel-shortcode-id-442731278276b006913099e4acd02fd6.owl-carousel .owl-nav i {\n  font-size: 18px;\n}\n.gallery-carousel-shortcode.gallery-carousel-shortcode-id-442731278276b006913099e4acd02fd6.owl-carousel .owl-nav div:not(:hover) i,\n.gallery-carousel-shortcode.gallery-carousel-shortcode-id-442731278276b006913099e4acd02fd6.owl-carousel .owl-nav div:not(:hover) i:before {\n  color: #ffffff;\n  background: none;\n}\n.gallery-carousel-shortcode.gallery-carousel-shortcode-id-442731278276b006913099e4acd02fd6.owl-carousel .owl-nav div:hover i,\n.gallery-carousel-shortcode.gallery-carousel-shortcode-id-442731278276b006913099e4acd02fd6.owl-carousel .owl-nav div:hover i:before {\n  color: rgba(255,255,255,0.75);\n  background: none;\n}\n.gallery-carousel-shortcode.gallery-carousel-shortcode-id-442731278276b006913099e4acd02fd6 .owl-dots {\n  top: calc(100% + 20px);\n  left: 50%;\n  transform: translateX(calc(-50% + 0px));\n}\n@media all and (-ms-high-contrast: none) {\n  .gallery-carousel-shortcode.gallery-carousel-shortcode-id-442731278276b006913099e4acd02fd6 .owl-dots {\n    transform: translateX(-50%);\n    margin-left: 0px;\n  }\n}\n.gallery-carousel-shortcode.gallery-carousel-shortcode-id-442731278276b006913099e4acd02fd6 .owl-dot {\n  width: 10px;\n  height: 10px;\n  margin: 0 8px;\n}\n@media screen and (max-width: 778px) {\n  .gallery-carousel-shortcode.gallery-carousel-shortcode-id-442731278276b006913099e4acd02fd6.hide-arrows .owl-nav a {\n    display: none;\n  }\n}\n@media screen and (max-width: 778px) {\n  .gallery-carousel-shortcode.gallery-carousel-shortcode-id-442731278276b006913099e4acd02fd6.reposition-arrows .owl-nav .owl-prev {\n    top: 50%;\n    transform: translateY(calc(-50% + 0px));\n    left: 10px;\n  }\n  .gallery-carousel-shortcode.gallery-carousel-shortcode-id-442731278276b006913099e4acd02fd6.reposition-arrows .owl-nav .owl-next {\n    top: 50%;\n    transform: translateY(calc(-50% + 0px));\n    right: 10px;\n  }\n}\n@media screen and (max-width: 778px) and all and (-ms-high-contrast: none) {\n  .gallery-carousel-shortcode.gallery-carousel-shortcode-id-442731278276b006913099e4acd02fd6.reposition-arrows .owl-nav .owl-prev {\n    transform: translateY(-50%);\n    margin-top: 0px;\n  }\n}\n@media screen and (max-width: 778px) and all and (-ms-high-contrast: none) {\n  .gallery-carousel-shortcode.gallery-carousel-shortcode-id-442731278276b006913099e4acd02fd6.reposition-arrows .owl-nav .owl-next {\n    transform: translateY(-50%);\n    margin-top: 0px;\n  }\n}\n.gallery-carousel-shortcode.gallery-carousel-shortcode-id-442731278276b006913099e4acd02fd6 figure,\n.gallery-carousel-shortcode.gallery-carousel-shortcode-id-442731278276b006913099e4acd02fd6 .rollover,\n.gallery-carousel-shortcode.gallery-carousel-shortcode-id-442731278276b006913099e4acd02fd6 img,\n.gallery-carousel-shortcode.gallery-carousel-shortcode-id-442731278276b006913099e4acd02fd6 .gallery-rollover {\n  border-radius: 0px;\n}\n.gallery-carousel-shortcode.gallery-carousel-shortcode-id-442731278276b006913099e4acd02fd6.enable-bg-rollover .gallery-rollover {\n  background: -webkit-linear-gradient();\n  background: linear-gradient();\n}\n.gallery-carousel-shortcode.gallery-carousel-shortcode-id-442731278276b006913099e4acd02fd6.enable-img-shadow .owl-stage-outer {\n  padding: 14px 0;\n}\n.gallery-carousel-shortcode.gallery-carousel-shortcode-id-442731278276b006913099e4acd02fd6.enable-bg-rollover.hover-scale figure .rollover:after {\n  background: -webkit-linear-gradient();\n  background: linear-gradient();\n}\n.gallery-carousel-shortcode.gallery-carousel-shortcode-id-442731278276b006913099e4acd02fd6.gallery-shortcode .gallery-zoom-ico {\n  width: 44px;\n  height: 44px;\n  line-height: 44px;\n  border-radius: 100px;\n  margin: -22px 0 0 -22px;\n  border-width: 0px;\n}\n.dt-icon-bg-on.gallery-carousel-shortcode.gallery-carousel-shortcode-id-442731278276b006913099e4acd02fd6.gallery-shortcode .gallery-zoom-ico {\n  background: rgba(255,255,255,0.3);\n  box-shadow: none;\n}\n.gallery-carousel-shortcode.gallery-carousel-shortcode-id-442731278276b006913099e4acd02fd6.gallery-shortcode .gallery-zoom-ico:before,\n.gallery-carousel-shortcode.gallery-carousel-shortcode-id-442731278276b006913099e4acd02fd6.gallery-shortcode .gallery-zoom-ico span {\n  font-size: 32px;\n  line-height: 44px;\n  color: #ffffff;\n  background: none;\n}<\/style><div class=\"owl-carousel gallery-carousel-shortcode gallery-shortcode  dt-gallery-container dt-owl-carousel-call gallery-carousel-shortcode-id-442731278276b006913099e4acd02fd6 quick-scale-img enable-bg-rollover meta-info-off dt-arrow-border-on dt-arrow-hover-border-on bullets-small-dot-stroke reposition-arrows dt-icon-bg-off arrows-bg-on disable-arrows-hover-bg arrows-hover-bg-on  vc_custom_1754747484944 hover-fade \" data-scroll-mode=\"1\" data-col-num=\"5\" data-wide-col-num=\"5\" data-laptop-col=\"5\" data-h-tablet-columns-num=\"4\" data-v-tablet-columns-num=\"3\" data-phone-columns-num=\"1\" data-col-gap=\"10\" data-stage-padding=\"0\" data-speed=\"600\" data-autoplay=\"false\" data-autoplay_speed=\"6000\" data-arrows=\"true\" data-bullet=\"false\" data-next-icon=\"icon-ar-017-r\" data-prev-icon=\"icon-ar-017-l\" data-img-shadow-size=\"12px\" data-img-shadow-spread=\"3px\"><div data-post-id=\"108\" data-date=\"2025-08-01T19:41:05+01:00\" data-name=\"AND_6878\"><figure class=\"post\"><a href=\"https:\/\/stjames.si\/pl\/wp-content\/uploads\/sites\/16\/2025\/08\/AND_6878.jpg\" class=\"rollover dt-pswp-item layzr-bg\" data-large_image_width=\"1000\" data-large_image_height=\"1500\" data-dt-img-description=\"\" title=\"AND_6878\"><img fetchpriority=\"high\" decoding=\"async\" class=\"preload-me owl-lazy-load aspect\" src=\"data:image\/svg+xml,%3Csvg%20xmlns%3D&#39;http%3A%2F%2Fwww.w3.org%2F2000%2Fsvg&#39;%20viewBox%3D&#39;0%200%201000%201500&#39;%2F%3E\" data-src=\"https:\/\/stjames.si\/pl\/wp-content\/uploads\/sites\/16\/2025\/08\/AND_6878.jpg\" data-srcset=\"https:\/\/stjames.si\/pl\/wp-content\/uploads\/sites\/16\/2025\/08\/AND_6878.jpg 1000w\" loading=\"eager\" style=\"--ratio: 1000 \/ 1500\" sizes=\"(max-width: 1000px) 100vw, 1000px\" alt=\"\" width=\"1000\" height=\"1500\"  \/><span class=\"gallery-rollover\"><span class=\"gallery-zoom-ico icomoon-the7-font-the7-zoom-06\"><span><\/span><\/span><\/span><\/a><\/figure><\/div><div data-post-id=\"112\" data-date=\"2025-08-01T19:41:18+01:00\" data-name=\"AND_6916\"><figure class=\"post\"><a href=\"https:\/\/stjames.si\/pl\/wp-content\/uploads\/sites\/16\/2025\/08\/AND_6916.jpg\" class=\"rollover dt-pswp-item layzr-bg\" data-large_image_width=\"1000\" data-large_image_height=\"1500\" data-dt-img-description=\"\" title=\"AND_6916\"><img decoding=\"async\" class=\"preload-me owl-lazy-load aspect\" src=\"data:image\/svg+xml,%3Csvg%20xmlns%3D&#39;http%3A%2F%2Fwww.w3.org%2F2000%2Fsvg&#39;%20viewBox%3D&#39;0%200%201000%201500&#39;%2F%3E\" data-src=\"https:\/\/stjames.si\/pl\/wp-content\/uploads\/sites\/16\/2025\/08\/AND_6916.jpg\" data-srcset=\"https:\/\/stjames.si\/pl\/wp-content\/uploads\/sites\/16\/2025\/08\/AND_6916.jpg 1000w\" loading=\"eager\" style=\"--ratio: 1000 \/ 1500\" sizes=\"(max-width: 1000px) 100vw, 1000px\" alt=\"\" width=\"1000\" height=\"1500\"  \/><span class=\"gallery-rollover\"><span class=\"gallery-zoom-ico icomoon-the7-font-the7-zoom-06\"><span><\/span><\/span><\/span><\/a><\/figure><\/div><div data-post-id=\"111\" data-date=\"2025-08-01T19:41:15+01:00\" data-name=\"AND_6905\"><figure class=\"post\"><a href=\"https:\/\/stjames.si\/pl\/wp-content\/uploads\/sites\/16\/2025\/08\/AND_6905.jpg\" class=\"rollover dt-pswp-item layzr-bg\" data-large_image_width=\"1000\" data-large_image_height=\"1500\" data-dt-img-description=\"\" title=\"AND_6905\"><img decoding=\"async\" class=\"preload-me owl-lazy-load aspect\" src=\"data:image\/svg+xml,%3Csvg%20xmlns%3D&#39;http%3A%2F%2Fwww.w3.org%2F2000%2Fsvg&#39;%20viewBox%3D&#39;0%200%201000%201500&#39;%2F%3E\" data-src=\"https:\/\/stjames.si\/pl\/wp-content\/uploads\/sites\/16\/2025\/08\/AND_6905.jpg\" data-srcset=\"https:\/\/stjames.si\/pl\/wp-content\/uploads\/sites\/16\/2025\/08\/AND_6905.jpg 1000w\" loading=\"eager\" style=\"--ratio: 1000 \/ 1500\" sizes=\"(max-width: 1000px) 100vw, 1000px\" alt=\"\" width=\"1000\" height=\"1500\"  \/><span class=\"gallery-rollover\"><span class=\"gallery-zoom-ico icomoon-the7-font-the7-zoom-06\"><span><\/span><\/span><\/span><\/a><\/figure><\/div><div data-post-id=\"109\" data-date=\"2025-08-01T19:41:08+01:00\" data-name=\"AND_6893\"><figure class=\"post\"><a href=\"https:\/\/stjames.si\/pl\/wp-content\/uploads\/sites\/16\/2025\/08\/AND_6893.jpg\" class=\"rollover dt-pswp-item layzr-bg\" data-large_image_width=\"1333\" data-large_image_height=\"2000\" data-dt-img-description=\"\" title=\"AND_6893\"><img decoding=\"async\" class=\"preload-me owl-lazy-load aspect\" src=\"data:image\/svg+xml,%3Csvg%20xmlns%3D&#39;http%3A%2F%2Fwww.w3.org%2F2000%2Fsvg&#39;%20viewBox%3D&#39;0%200%201333%202000&#39;%2F%3E\" data-src=\"https:\/\/stjames.si\/pl\/wp-content\/uploads\/sites\/16\/2025\/08\/AND_6893.jpg\" data-srcset=\"https:\/\/stjames.si\/pl\/wp-content\/uploads\/sites\/16\/2025\/08\/AND_6893.jpg 1333w\" loading=\"eager\" style=\"--ratio: 1333 \/ 2000\" sizes=\"(max-width: 1333px) 100vw, 1333px\" alt=\"\" width=\"1333\" height=\"2000\"  \/><span class=\"gallery-rollover\"><span class=\"gallery-zoom-ico icomoon-the7-font-the7-zoom-06\"><span><\/span><\/span><\/span><\/a><\/figure><\/div><div data-post-id=\"110\" data-date=\"2025-08-01T19:41:12+01:00\" data-name=\"AND_6895\"><figure class=\"post\"><a href=\"https:\/\/stjames.si\/pl\/wp-content\/uploads\/sites\/16\/2025\/08\/AND_6895.jpg\" class=\"rollover dt-pswp-item layzr-bg\" data-large_image_width=\"1000\" data-large_image_height=\"1500\" data-dt-img-description=\"\" title=\"AND_6895\"><img decoding=\"async\" class=\"preload-me owl-lazy-load aspect\" src=\"data:image\/svg+xml,%3Csvg%20xmlns%3D&#39;http%3A%2F%2Fwww.w3.org%2F2000%2Fsvg&#39;%20viewBox%3D&#39;0%200%201000%201500&#39;%2F%3E\" data-src=\"https:\/\/stjames.si\/pl\/wp-content\/uploads\/sites\/16\/2025\/08\/AND_6895.jpg\" data-srcset=\"https:\/\/stjames.si\/pl\/wp-content\/uploads\/sites\/16\/2025\/08\/AND_6895.jpg 1000w\" loading=\"eager\" style=\"--ratio: 1000 \/ 1500\" sizes=\"(max-width: 1000px) 100vw, 1000px\" alt=\"\" width=\"1000\" height=\"1500\"  \/><span class=\"gallery-rollover\"><span class=\"gallery-zoom-ico icomoon-the7-font-the7-zoom-06\"><span><\/span><\/span><\/span><\/a><\/figure><\/div><div data-post-id=\"113\" data-date=\"2025-08-01T19:41:21+01:00\" data-name=\"AND_6925\"><figure class=\"post\"><a href=\"https:\/\/stjames.si\/pl\/wp-content\/uploads\/sites\/16\/2025\/08\/AND_6925.jpg\" class=\"rollover dt-pswp-item layzr-bg\" data-large_image_width=\"1000\" data-large_image_height=\"1500\" data-dt-img-description=\"\" title=\"AND_6925\"><img decoding=\"async\" class=\"preload-me owl-lazy-load aspect\" src=\"data:image\/svg+xml,%3Csvg%20xmlns%3D&#39;http%3A%2F%2Fwww.w3.org%2F2000%2Fsvg&#39;%20viewBox%3D&#39;0%200%201000%201500&#39;%2F%3E\" data-src=\"https:\/\/stjames.si\/pl\/wp-content\/uploads\/sites\/16\/2025\/08\/AND_6925.jpg\" data-srcset=\"https:\/\/stjames.si\/pl\/wp-content\/uploads\/sites\/16\/2025\/08\/AND_6925.jpg 1000w\" loading=\"eager\" style=\"--ratio: 1000 \/ 1500\" sizes=\"(max-width: 1000px) 100vw, 1000px\" alt=\"\" width=\"1000\" height=\"1500\"  \/><span class=\"gallery-rollover\"><span class=\"gallery-zoom-ico icomoon-the7-font-the7-zoom-06\"><span><\/span><\/span><\/span><\/a><\/figure><\/div><div data-post-id=\"107\" data-date=\"2025-08-01T19:41:01+01:00\" data-name=\"AND_6874\"><figure class=\"post\"><a href=\"https:\/\/stjames.si\/pl\/wp-content\/uploads\/sites\/16\/2025\/08\/AND_6874.jpg\" class=\"rollover dt-pswp-item layzr-bg\" data-large_image_width=\"1000\" data-large_image_height=\"1500\" data-dt-img-description=\"\" title=\"AND_6874\"><img decoding=\"async\" class=\"preload-me owl-lazy-load aspect\" src=\"data:image\/svg+xml,%3Csvg%20xmlns%3D&#39;http%3A%2F%2Fwww.w3.org%2F2000%2Fsvg&#39;%20viewBox%3D&#39;0%200%201000%201500&#39;%2F%3E\" data-src=\"https:\/\/stjames.si\/pl\/wp-content\/uploads\/sites\/16\/2025\/08\/AND_6874.jpg\" data-srcset=\"https:\/\/stjames.si\/pl\/wp-content\/uploads\/sites\/16\/2025\/08\/AND_6874.jpg 1000w\" loading=\"eager\" style=\"--ratio: 1000 \/ 1500\" sizes=\"(max-width: 1000px) 100vw, 1000px\" alt=\"\" width=\"1000\" height=\"1500\"  \/><span class=\"gallery-rollover\"><span class=\"gallery-zoom-ico icomoon-the7-font-the7-zoom-06\"><span><\/span><\/span><\/span><\/a><\/figure><\/div><\/div>[vc_single_image image=&#8221;246&#8243; img_size=&#8221;full&#8221; alignment=&#8221;center&#8221; css=&#8221;&#8221; image_hovers=&#8221;false&#8221;][\/vc_column][\/vc_row]<\/p>\n<\/div>","protected":false},"excerpt":{"rendered":"<p>[vc_row][vc_column][vc_single_image image=&#8221;200&#8243; img_size=&#8221;full&#8221; alignment=&#8221;center&#8221; css=&#8221;&#8221;][\/vc_column][\/vc_row][vc_row][vc_column width=&#8221;1\/3&#8243;][vc_column_text css=&#8221;.vc_custom_1754747357862{padding-top: 30px !important;padding-right: 30px !important;padding-bottom: 30px !important;padding-left: 30px !important;background-color: #A79469 !important;}&#8221;]Parafia \u015bw. Jakuba \u2013 Lublana Gornji trg 18 \/ Ro\u017ena ulica 2 1000 Lublana&hellip;<\/p>\n","protected":false},"author":1,"featured_media":0,"parent":0,"menu_order":0,"comment_status":"closed","ping_status":"closed","template":"","meta":{"give_campaign_id":0,"footnotes":""},"class_list":["post-294","page","type-page","status-publish","hentry","description-off"],"yoast_head":"<!-- This site is optimized with the Yoast SEO plugin v27.4 - https:\/\/yoast.com\/product\/yoast-seo-wordpress\/ -->\n<title>Kontakty - Ko\u015bci\u00f3\u0142 \u015bw. Jakuba, Lublana \u2013 Gdzie barokowe pi\u0119kno spotyka si\u0119 z \u017cyw\u0105 wiar\u0105<\/title>\n<meta name=\"robots\" content=\"index, follow, max-snippet:-1, max-image-preview:large, max-video-preview:-1\" \/>\n<link rel=\"canonical\" href=\"https:\/\/stjames.si\/pl\/kontakty\/\" \/>\n<meta property=\"og:locale\" content=\"pl_PL\" \/>\n<meta property=\"og:type\" content=\"article\" \/>\n<meta property=\"og:title\" content=\"Kontakty - Ko\u015bci\u00f3\u0142 \u015bw. Jakuba, Lublana \u2013 Gdzie barokowe pi\u0119kno spotyka si\u0119 z \u017cyw\u0105 wiar\u0105\" \/>\n<meta property=\"og:description\" content=\"[vc_row][vc_column][vc_single_image image=&#8221;200&#8243; img_size=&#8221;full&#8221; alignment=&#8221;center&#8221; css=&#8221;&#8221;][\/vc_column][\/vc_row][vc_row][vc_column width=&#8221;1\/3&#8243;][vc_column_text css=&#8221;.vc_custom_1754747357862{padding-top: 30px !important;padding-right: 30px !important;padding-bottom: 30px !important;padding-left: 30px !important;background-color: #A79469 !important;}&#8221;]Parafia \u015bw. Jakuba \u2013 Lublana Gornji trg 18 \/ Ro\u017ena ulica 2 1000 Lublana&hellip;\" \/>\n<meta property=\"og:url\" content=\"https:\/\/stjames.si\/pl\/kontakty\/\" \/>\n<meta property=\"og:site_name\" content=\"Ko\u015bci\u00f3\u0142 \u015bw. Jakuba, Lublana \u2013 Gdzie barokowe pi\u0119kno spotyka si\u0119 z \u017cyw\u0105 wiar\u0105\" \/>\n<meta property=\"article:modified_time\" content=\"2025-08-16T11:04:17+00:00\" \/>\n<meta name=\"twitter:card\" content=\"summary_large_image\" \/>\n<meta name=\"twitter:label1\" content=\"Szacowany czas czytania\" \/>\n\t<meta name=\"twitter:data1\" content=\"2 minuty\" \/>\n<script type=\"application\/ld+json\" class=\"yoast-schema-graph\">{\"@context\":\"https:\\\/\\\/schema.org\",\"@graph\":[{\"@type\":\"WebPage\",\"@id\":\"https:\\\/\\\/stjames.si\\\/pl\\\/kontakty\\\/\",\"url\":\"https:\\\/\\\/stjames.si\\\/pl\\\/kontakty\\\/\",\"name\":\"Kontakty - Ko\u015bci\u00f3\u0142 \u015bw. Jakuba, Lublana \u2013 Gdzie barokowe pi\u0119kno spotyka si\u0119 z \u017cyw\u0105 wiar\u0105\",\"isPartOf\":{\"@id\":\"https:\\\/\\\/stjames.si\\\/pl\\\/#website\"},\"datePublished\":\"2025-08-02T14:49:29+00:00\",\"dateModified\":\"2025-08-16T11:04:17+00:00\",\"breadcrumb\":{\"@id\":\"https:\\\/\\\/stjames.si\\\/pl\\\/kontakty\\\/#breadcrumb\"},\"inLanguage\":\"pl-PL\",\"potentialAction\":[{\"@type\":\"ReadAction\",\"target\":[\"https:\\\/\\\/stjames.si\\\/pl\\\/kontakty\\\/\"]}]},{\"@type\":\"BreadcrumbList\",\"@id\":\"https:\\\/\\\/stjames.si\\\/pl\\\/kontakty\\\/#breadcrumb\",\"itemListElement\":[{\"@type\":\"ListItem\",\"position\":1,\"name\":\"Home\",\"item\":\"https:\\\/\\\/stjames.si\\\/pl\\\/\"},{\"@type\":\"ListItem\",\"position\":2,\"name\":\"Kontakty\"}]},{\"@type\":\"WebSite\",\"@id\":\"https:\\\/\\\/stjames.si\\\/pl\\\/#website\",\"url\":\"https:\\\/\\\/stjames.si\\\/pl\\\/\",\"name\":\"Ko\u015bci\u00f3\u0142 \u015bw. Jakuba, Lublana \u2013 Gdzie barokowe pi\u0119kno spotyka si\u0119 z \u017cyw\u0105 wiar\u0105\",\"description\":\"\",\"potentialAction\":[{\"@type\":\"SearchAction\",\"target\":{\"@type\":\"EntryPoint\",\"urlTemplate\":\"https:\\\/\\\/stjames.si\\\/pl\\\/?s={search_term_string}\"},\"query-input\":{\"@type\":\"PropertyValueSpecification\",\"valueRequired\":true,\"valueName\":\"search_term_string\"}}],\"inLanguage\":\"pl-PL\"}]}<\/script>\n<!-- \/ Yoast SEO plugin. -->","yoast_head_json":{"title":"Kontakty - Ko\u015bci\u00f3\u0142 \u015bw. Jakuba, Lublana \u2013 Gdzie barokowe pi\u0119kno spotyka si\u0119 z \u017cyw\u0105 wiar\u0105","robots":{"index":"index","follow":"follow","max-snippet":"max-snippet:-1","max-image-preview":"max-image-preview:large","max-video-preview":"max-video-preview:-1"},"canonical":"https:\/\/stjames.si\/pl\/kontakty\/","og_locale":"pl_PL","og_type":"article","og_title":"Kontakty - Ko\u015bci\u00f3\u0142 \u015bw. Jakuba, Lublana \u2013 Gdzie barokowe pi\u0119kno spotyka si\u0119 z \u017cyw\u0105 wiar\u0105","og_description":"[vc_row][vc_column][vc_single_image image=&#8221;200&#8243; img_size=&#8221;full&#8221; alignment=&#8221;center&#8221; css=&#8221;&#8221;][\/vc_column][\/vc_row][vc_row][vc_column width=&#8221;1\/3&#8243;][vc_column_text css=&#8221;.vc_custom_1754747357862{padding-top: 30px !important;padding-right: 30px !important;padding-bottom: 30px !important;padding-left: 30px !important;background-color: #A79469 !important;}&#8221;]Parafia \u015bw. Jakuba \u2013 Lublana Gornji trg 18 \/ Ro\u017ena ulica 2 1000 Lublana&hellip;","og_url":"https:\/\/stjames.si\/pl\/kontakty\/","og_site_name":"Ko\u015bci\u00f3\u0142 \u015bw. Jakuba, Lublana \u2013 Gdzie barokowe pi\u0119kno spotyka si\u0119 z \u017cyw\u0105 wiar\u0105","article_modified_time":"2025-08-16T11:04:17+00:00","twitter_card":"summary_large_image","twitter_misc":{"Szacowany czas czytania":"2 minuty"},"schema":{"@context":"https:\/\/schema.org","@graph":[{"@type":"WebPage","@id":"https:\/\/stjames.si\/pl\/kontakty\/","url":"https:\/\/stjames.si\/pl\/kontakty\/","name":"Kontakty - Ko\u015bci\u00f3\u0142 \u015bw. Jakuba, Lublana \u2013 Gdzie barokowe pi\u0119kno spotyka si\u0119 z \u017cyw\u0105 wiar\u0105","isPartOf":{"@id":"https:\/\/stjames.si\/pl\/#website"},"datePublished":"2025-08-02T14:49:29+00:00","dateModified":"2025-08-16T11:04:17+00:00","breadcrumb":{"@id":"https:\/\/stjames.si\/pl\/kontakty\/#breadcrumb"},"inLanguage":"pl-PL","potentialAction":[{"@type":"ReadAction","target":["https:\/\/stjames.si\/pl\/kontakty\/"]}]},{"@type":"BreadcrumbList","@id":"https:\/\/stjames.si\/pl\/kontakty\/#breadcrumb","itemListElement":[{"@type":"ListItem","position":1,"name":"Home","item":"https:\/\/stjames.si\/pl\/"},{"@type":"ListItem","position":2,"name":"Kontakty"}]},{"@type":"WebSite","@id":"https:\/\/stjames.si\/pl\/#website","url":"https:\/\/stjames.si\/pl\/","name":"Ko\u015bci\u00f3\u0142 \u015bw. Jakuba, Lublana \u2013 Gdzie barokowe pi\u0119kno spotyka si\u0119 z \u017cyw\u0105 wiar\u0105","description":"","potentialAction":[{"@type":"SearchAction","target":{"@type":"EntryPoint","urlTemplate":"https:\/\/stjames.si\/pl\/?s={search_term_string}"},"query-input":{"@type":"PropertyValueSpecification","valueRequired":true,"valueName":"search_term_string"}}],"inLanguage":"pl-PL"}]}},"campaignId":"","_links":{"self":[{"href":"https:\/\/stjames.si\/pl\/wp-json\/wp\/v2\/pages\/294","targetHints":{"allow":["GET"]}}],"collection":[{"href":"https:\/\/stjames.si\/pl\/wp-json\/wp\/v2\/pages"}],"about":[{"href":"https:\/\/stjames.si\/pl\/wp-json\/wp\/v2\/types\/page"}],"author":[{"embeddable":true,"href":"https:\/\/stjames.si\/pl\/wp-json\/wp\/v2\/users\/1"}],"replies":[{"embeddable":true,"href":"https:\/\/stjames.si\/pl\/wp-json\/wp\/v2\/comments?post=294"}],"version-history":[{"count":5,"href":"https:\/\/stjames.si\/pl\/wp-json\/wp\/v2\/pages\/294\/revisions"}],"predecessor-version":[{"id":563,"href":"https:\/\/stjames.si\/pl\/wp-json\/wp\/v2\/pages\/294\/revisions\/563"}],"wp:attachment":[{"href":"https:\/\/stjames.si\/pl\/wp-json\/wp\/v2\/media?parent=294"}],"curies":[{"name":"wp","href":"https:\/\/api.w.org\/{rel}","templated":true}]}}