{"id":279,"date":"2025-08-01T14:20:25","date_gmt":"2025-08-01T12:20:25","guid":{"rendered":"https:\/\/stjames.si\/si\/?page_id=279"},"modified":"2025-08-04T15:12:29","modified_gmt":"2025-08-04T13:12:29","slug":"zgodovina","status":"publish","type":"page","link":"https:\/\/stjames.si\/si\/zgodovina\/","title":{"rendered":"Zgodovina"},"content":{"rendered":"<div class=\"wpb-content-wrapper\"><p>[vc_row type=&#8221;2&#8243; margin_top=&#8221;-70px&#8221; padding_top=&#8221;30px&#8221; css=&#8221;.vc_custom_1751206441488{margin-bottom: -30px !important;}&#8221;][vc_column][vc_single_image image=&#8221;192&#8243; img_size=&#8221;full&#8221; alignment=&#8221;center&#8221; css=&#8221;&#8221; image_hovers=&#8221;false&#8221;][\/vc_column][\/vc_row][vc_row type=&#8221;2&#8243; margin_top=&#8221;-30px&#8221; padding_top=&#8221;40px&#8221; padding_bottom=&#8221;30px&#8221;][vc_column width=&#8221;1\/3&#8243;]<div tabindex=\"0\" class=\"ult-new-ib ult-ib-effect-style13 roundcorners ult-ib-resp  \" data-min-width=\"768\" data-max-width=\"900\" style=\"background:#000000;\" data-opacity=\"0.7\" data-hover-opacity=\"0.5\" ><img decoding=\"async\" class=\"ult-new-ib-img\" style=\"opacity:0.7;\" alt=\"null\" src=\"https:\/\/stjames.si\/wp-content\/uploads\/2025\/07\/history_jesuits.jpg\"   \/><div id=\"interactive-banner-wrap-3372\" class=\"ult-new-ib-desc\" style=\"\"><h1 class=\"ult-new-ib-title ult-responsive\"  data-ultimate-target='#interactive-banner-wrap-3372 .ult-new-ib-title'  data-responsive-json-new='{\"font-size\":\"desktop:28px;\",\"line-height\":\"desktop:28px;\"}'  style=\"font-weight:bold;\">Kratka zgodovina Dru\u017ebe Jezusove \u2013 Jezuitov<\/h1><div class=\"ult-new-ib-content ult-responsive\"  data-ultimate-target='#interactive-banner-wrap-3372 .ult-new-ib-content'  data-responsive-json-new='{\"font-size\":\"desktop:20px;\",\"line-height\":\"desktop:23px;\"}'  style=\"font-weight:normal;color:#FFFFFF;\"><p>Januarja 1597 so v Ljubljano iz Gradca prispeli prvi trije jezuiti...<\/p><\/div><\/div><a class=\"ult-new-ib-link\" href=\"https:\/\/stjames.si\/si\/zgodovina\/kratka-zgodovina-druzbe-jezusove-jezuitov\/\" title=\"Kratka zgodovina Dru\u017ebe Jezusove \u2013 Jezuitov\"  ><\/a><\/div>[\/vc_column][vc_column width=&#8221;1\/3&#8243;]<div tabindex=\"0\" class=\"ult-new-ib ult-ib-effect-style13 roundcorners ult-ib-resp  \" data-min-width=\"768\" data-max-width=\"900\" style=\"background:#000000;\" data-opacity=\"0.7\" data-hover-opacity=\"0.5\" ><img decoding=\"async\" class=\"ult-new-ib-img\" style=\"opacity:0.7;\" alt=\"null\" src=\"https:\/\/stjames.si\/wp-content\/uploads\/2025\/07\/history_church.jpg\"   \/><div id=\"interactive-banner-wrap-6842\" class=\"ult-new-ib-desc\" style=\"\"><h1 class=\"ult-new-ib-title ult-responsive\"  data-ultimate-target='#interactive-banner-wrap-6842 .ult-new-ib-title'  data-responsive-json-new='{\"font-size\":\"desktop:28px;\",\"line-height\":\"desktop:28px;\"}'  style=\"font-weight:bold;\">Zgodovina cerkve<\/h1><div class=\"ult-new-ib-content ult-responsive\"  data-ultimate-target='#interactive-banner-wrap-6842 .ult-new-ib-content'  data-responsive-json-new='{\"font-size\":\"desktop:20px;\",\"line-height\":\"desktop:23px;\"}'  style=\"font-weight:normal;color:#FFFFFF;\"><p>Dana\u0161nja baro\u010dna cerkev stoji na mestu, kjer so augustinski kanoniki v za\u010detku 15. stoletja zgradili gotsko cerkev.<\/p><\/div><\/div><a class=\"ult-new-ib-link\" href=\"https:\/\/stjames.si\/si\/zgodovina\/zgodovina-cerkve\/\" title=\"History\"  ><\/a><\/div>[\/vc_column][vc_column width=&#8221;1\/3&#8243;]<div tabindex=\"0\" class=\"ult-new-ib ult-ib-effect-style13 roundcorners ult-ib-resp  \" data-min-width=\"768\" data-max-width=\"900\" style=\"background:#000000;\" data-opacity=\"0.7\" data-hover-opacity=\"0.5\" ><img decoding=\"async\" class=\"ult-new-ib-img\" style=\"opacity:0.7;\" alt=\"null\" src=\"https:\/\/stjames.si\/wp-content\/uploads\/2025\/07\/organ2.jpg\"   \/><div id=\"interactive-banner-wrap-4664\" class=\"ult-new-ib-desc\" style=\"\"><h1 class=\"ult-new-ib-title ult-responsive\"  data-ultimate-target='#interactive-banner-wrap-4664 .ult-new-ib-title'  data-responsive-json-new='{\"font-size\":\"desktop:28px;\",\"line-height\":\"desktop:28px;\"}'  style=\"font-weight:bold;\">Zgodovina orgel<\/h1><div class=\"ult-new-ib-content ult-responsive\"  data-ultimate-target='#interactive-banner-wrap-4664 .ult-new-ib-content'  data-responsive-json-new='{\"font-size\":\"desktop:20px;\",\"line-height\":\"desktop:23px;\"}'  style=\"font-weight:normal;color:#FFFFFF;\"><p>Prva omemba orgel v cerkvi sv. Jakoba sega v leto 1600.<\/p><\/div><\/div><a class=\"ult-new-ib-link\" href=\"https:\/\/stjames.si\/si\/zgodovina\/orgle\/\" title=\"History of the Organs\"  ><\/a><\/div>[\/vc_column][\/vc_row][vc_row type=&#8221;2&#8243; padding_top=&#8221;30px&#8221; css=&#8221;.vc_custom_1752690832069{margin-bottom: -30px !important;}&#8221;][vc_column][vc_column_text css=&#8221;&#8221; el_class=&#8221;bodyfont&#8221;]<span style=\"font-size: 14pt;\"><strong>Cerkev sv. Jakoba je ena najstarej\u0161ih in najpomembnej\u0161ih cerkva v Ljubljani.<\/strong><\/span><br \/>\n<span style=\"font-size: 14pt;\">Prvo cerkev na tem mestu so okoli leta\u00a0<strong>1513<\/strong>\u00a0zgradili\u00a0<strong>avgu\u0161tinski menihi<\/strong>, nato pa so jo ob prihodu jezuitov leta\u00a0<strong>1597<\/strong>\u00a0podrli. Jezuiti so med letoma\u00a0<strong>1613 in 1615<\/strong>\u00a0zgradili novo\u00a0<strong>baro\u010dno cerkev<\/strong>, ki velja za eno najzgodnej\u0161ih baro\u010dnih stavb v mestu.<\/span><\/p>\n<p><span style=\"font-size: 14pt;\"><strong>Notranjost cerkve<\/strong>\u00a0odra\u017ea bogato baro\u010dno zasnovo s stranskimi kapelami, oltarji in umetninami, ki so jih ustvarili priznani umetniki tistega \u010dasa. Cerkev je skozi stoletja do\u017eivela ve\u010d prenov, zlasti po potresih, vendar je ohranila svoj zgodovinski zna\u010daj in duhovni pomen.<\/span><\/p>\n<p><span style=\"font-size: 14pt;\">Cerkev sv. Jakoba, ki se nahaja na koncu\u00a0<strong>Mestnega trga<\/strong>, izstopa z elegantno fasado, prostorno notranjostjo in dragocenimi umetninami, zato je\u00a0<strong>klju\u010dna to\u010dka za vse, ki raziskujejo versko in kulturno dedi\u0161\u010dino Ljubljane.<\/strong><\/span>[\/vc_column_text][\/vc_column][\/vc_row][vc_row type=&#8221;2&#8243; margin_bottom=&#8221;-70px&#8221; padding_top=&#8221;30px&#8221; css=&#8221;.vc_custom_1753723787353{margin-bottom: -30px !important;}&#8221;][vc_column][vc_single_image image=&#8221;142&#8243; img_size=&#8221;full&#8221; alignment=&#8221;center&#8221; css=&#8221;&#8221; image_hovers=&#8221;false&#8221;][\/vc_column][\/vc_row]<\/p>\n<\/div>","protected":false},"excerpt":{"rendered":"<p>[vc_row type=&#8221;2&#8243; margin_top=&#8221;-70px&#8221; padding_top=&#8221;30px&#8221; css=&#8221;.vc_custom_1751206441488{margin-bottom: -30px !important;}&#8221;][vc_column][vc_single_image image=&#8221;192&#8243; img_size=&#8221;full&#8221; alignment=&#8221;center&#8221; css=&#8221;&#8221; image_hovers=&#8221;false&#8221;][\/vc_column][\/vc_row][vc_row type=&#8221;2&#8243; margin_top=&#8221;-30px&#8221; padding_top=&#8221;40px&#8221; padding_bottom=&#8221;30px&#8221;][vc_column width=&#8221;1\/3&#8243;][\/vc_column][vc_column width=&#8221;1\/3&#8243;][\/vc_column][vc_column width=&#8221;1\/3&#8243;][\/vc_column][\/vc_row][vc_row type=&#8221;2&#8243; padding_top=&#8221;30px&#8221; css=&#8221;.vc_custom_1752690832069{margin-bottom: -30px !important;}&#8221;][vc_column][vc_column_text css=&#8221;&#8221; el_class=&#8221;bodyfont&#8221;]Cerkev sv. Jakoba je ena&hellip;<\/p>\n","protected":false},"author":1,"featured_media":0,"parent":0,"menu_order":0,"comment_status":"closed","ping_status":"closed","template":"","meta":{"give_campaign_id":0,"footnotes":""},"class_list":["post-279","page","type-page","status-publish","hentry","description-off"],"yoast_head":"<!-- This site is optimized with the Yoast SEO plugin v27.5 - https:\/\/yoast.com\/product\/yoast-seo-wordpress\/ -->\n<title>Zgodovina - Cerkev sv. Jakoba - baro\u010dna lepotica v srcu Ljubljane<\/title>\n<meta name=\"robots\" content=\"index, follow, max-snippet:-1, max-image-preview:large, max-video-preview:-1\" \/>\n<link rel=\"canonical\" href=\"https:\/\/stjames.si\/si\/zgodovina\/\" \/>\n<meta property=\"og:locale\" content=\"sl_SI\" \/>\n<meta property=\"og:type\" content=\"article\" \/>\n<meta property=\"og:title\" content=\"Zgodovina - Cerkev sv. Jakoba - baro\u010dna lepotica v srcu Ljubljane\" \/>\n<meta property=\"og:description\" content=\"[vc_row type=&#8221;2&#8243; margin_top=&#8221;-70px&#8221; padding_top=&#8221;30px&#8221; css=&#8221;.vc_custom_1751206441488{margin-bottom: -30px !important;}&#8221;][vc_column][vc_single_image image=&#8221;192&#8243; img_size=&#8221;full&#8221; alignment=&#8221;center&#8221; css=&#8221;&#8221; image_hovers=&#8221;false&#8221;][\/vc_column][\/vc_row][vc_row type=&#8221;2&#8243; margin_top=&#8221;-30px&#8221; padding_top=&#8221;40px&#8221; padding_bottom=&#8221;30px&#8221;][vc_column width=&#8221;1\/3&#8243;][\/vc_column][vc_column width=&#8221;1\/3&#8243;][\/vc_column][vc_column width=&#8221;1\/3&#8243;][\/vc_column][\/vc_row][vc_row type=&#8221;2&#8243; padding_top=&#8221;30px&#8221; css=&#8221;.vc_custom_1752690832069{margin-bottom: -30px !important;}&#8221;][vc_column][vc_column_text css=&#8221;&#8221; el_class=&#8221;bodyfont&#8221;]Cerkev sv. Jakoba je ena&hellip;\" \/>\n<meta property=\"og:url\" content=\"https:\/\/stjames.si\/si\/zgodovina\/\" \/>\n<meta property=\"og:site_name\" content=\"Cerkev sv. Jakoba - baro\u010dna lepotica v srcu Ljubljane\" \/>\n<meta property=\"article:modified_time\" content=\"2025-08-04T13:12:29+00:00\" \/>\n<meta name=\"twitter:card\" content=\"summary_large_image\" \/>\n<meta name=\"twitter:label1\" content=\"Est. reading time\" \/>\n\t<meta name=\"twitter:data1\" content=\"2 minuti\" \/>\n<script type=\"application\/ld+json\" class=\"yoast-schema-graph\">{\"@context\":\"https:\\\/\\\/schema.org\",\"@graph\":[{\"@type\":\"WebPage\",\"@id\":\"https:\\\/\\\/stjames.si\\\/si\\\/zgodovina\\\/\",\"url\":\"https:\\\/\\\/stjames.si\\\/si\\\/zgodovina\\\/\",\"name\":\"Zgodovina - Cerkev sv. Jakoba - baro\u010dna lepotica v srcu Ljubljane\",\"isPartOf\":{\"@id\":\"https:\\\/\\\/stjames.si\\\/si\\\/#website\"},\"datePublished\":\"2025-08-01T12:20:25+00:00\",\"dateModified\":\"2025-08-04T13:12:29+00:00\",\"breadcrumb\":{\"@id\":\"https:\\\/\\\/stjames.si\\\/si\\\/zgodovina\\\/#breadcrumb\"},\"inLanguage\":\"sl-SI\",\"potentialAction\":[{\"@type\":\"ReadAction\",\"target\":[\"https:\\\/\\\/stjames.si\\\/si\\\/zgodovina\\\/\"]}]},{\"@type\":\"BreadcrumbList\",\"@id\":\"https:\\\/\\\/stjames.si\\\/si\\\/zgodovina\\\/#breadcrumb\",\"itemListElement\":[{\"@type\":\"ListItem\",\"position\":1,\"name\":\"Home\",\"item\":\"https:\\\/\\\/stjames.si\\\/si\\\/\"},{\"@type\":\"ListItem\",\"position\":2,\"name\":\"Zgodovina\"}]},{\"@type\":\"WebSite\",\"@id\":\"https:\\\/\\\/stjames.si\\\/si\\\/#website\",\"url\":\"https:\\\/\\\/stjames.si\\\/si\\\/\",\"name\":\"Cerkev sv. Jakoba - baro\u010dna lepotica v srcu Ljubljane\",\"description\":\"\",\"potentialAction\":[{\"@type\":\"SearchAction\",\"target\":{\"@type\":\"EntryPoint\",\"urlTemplate\":\"https:\\\/\\\/stjames.si\\\/si\\\/?s={search_term_string}\"},\"query-input\":{\"@type\":\"PropertyValueSpecification\",\"valueRequired\":true,\"valueName\":\"search_term_string\"}}],\"inLanguage\":\"sl-SI\"}]}<\/script>\n<!-- \/ Yoast SEO plugin. -->","yoast_head_json":{"title":"Zgodovina - Cerkev sv. Jakoba - baro\u010dna lepotica v srcu Ljubljane","robots":{"index":"index","follow":"follow","max-snippet":"max-snippet:-1","max-image-preview":"max-image-preview:large","max-video-preview":"max-video-preview:-1"},"canonical":"https:\/\/stjames.si\/si\/zgodovina\/","og_locale":"sl_SI","og_type":"article","og_title":"Zgodovina - Cerkev sv. Jakoba - baro\u010dna lepotica v srcu Ljubljane","og_description":"[vc_row type=&#8221;2&#8243; margin_top=&#8221;-70px&#8221; padding_top=&#8221;30px&#8221; css=&#8221;.vc_custom_1751206441488{margin-bottom: -30px !important;}&#8221;][vc_column][vc_single_image image=&#8221;192&#8243; img_size=&#8221;full&#8221; alignment=&#8221;center&#8221; css=&#8221;&#8221; image_hovers=&#8221;false&#8221;][\/vc_column][\/vc_row][vc_row type=&#8221;2&#8243; margin_top=&#8221;-30px&#8221; padding_top=&#8221;40px&#8221; padding_bottom=&#8221;30px&#8221;][vc_column width=&#8221;1\/3&#8243;][\/vc_column][vc_column width=&#8221;1\/3&#8243;][\/vc_column][vc_column width=&#8221;1\/3&#8243;][\/vc_column][\/vc_row][vc_row type=&#8221;2&#8243; padding_top=&#8221;30px&#8221; css=&#8221;.vc_custom_1752690832069{margin-bottom: -30px !important;}&#8221;][vc_column][vc_column_text css=&#8221;&#8221; el_class=&#8221;bodyfont&#8221;]Cerkev sv. Jakoba je ena&hellip;","og_url":"https:\/\/stjames.si\/si\/zgodovina\/","og_site_name":"Cerkev sv. Jakoba - baro\u010dna lepotica v srcu Ljubljane","article_modified_time":"2025-08-04T13:12:29+00:00","twitter_card":"summary_large_image","twitter_misc":{"Est. reading time":"2 minuti"},"schema":{"@context":"https:\/\/schema.org","@graph":[{"@type":"WebPage","@id":"https:\/\/stjames.si\/si\/zgodovina\/","url":"https:\/\/stjames.si\/si\/zgodovina\/","name":"Zgodovina - Cerkev sv. Jakoba - baro\u010dna lepotica v srcu Ljubljane","isPartOf":{"@id":"https:\/\/stjames.si\/si\/#website"},"datePublished":"2025-08-01T12:20:25+00:00","dateModified":"2025-08-04T13:12:29+00:00","breadcrumb":{"@id":"https:\/\/stjames.si\/si\/zgodovina\/#breadcrumb"},"inLanguage":"sl-SI","potentialAction":[{"@type":"ReadAction","target":["https:\/\/stjames.si\/si\/zgodovina\/"]}]},{"@type":"BreadcrumbList","@id":"https:\/\/stjames.si\/si\/zgodovina\/#breadcrumb","itemListElement":[{"@type":"ListItem","position":1,"name":"Home","item":"https:\/\/stjames.si\/si\/"},{"@type":"ListItem","position":2,"name":"Zgodovina"}]},{"@type":"WebSite","@id":"https:\/\/stjames.si\/si\/#website","url":"https:\/\/stjames.si\/si\/","name":"Cerkev sv. Jakoba - baro\u010dna lepotica v srcu Ljubljane","description":"","potentialAction":[{"@type":"SearchAction","target":{"@type":"EntryPoint","urlTemplate":"https:\/\/stjames.si\/si\/?s={search_term_string}"},"query-input":{"@type":"PropertyValueSpecification","valueRequired":true,"valueName":"search_term_string"}}],"inLanguage":"sl-SI"}]}},"campaignId":"","_links":{"self":[{"href":"https:\/\/stjames.si\/si\/wp-json\/wp\/v2\/pages\/279","targetHints":{"allow":["GET"]}}],"collection":[{"href":"https:\/\/stjames.si\/si\/wp-json\/wp\/v2\/pages"}],"about":[{"href":"https:\/\/stjames.si\/si\/wp-json\/wp\/v2\/types\/page"}],"author":[{"embeddable":true,"href":"https:\/\/stjames.si\/si\/wp-json\/wp\/v2\/users\/1"}],"replies":[{"embeddable":true,"href":"https:\/\/stjames.si\/si\/wp-json\/wp\/v2\/comments?post=279"}],"version-history":[{"count":4,"href":"https:\/\/stjames.si\/si\/wp-json\/wp\/v2\/pages\/279\/revisions"}],"predecessor-version":[{"id":528,"href":"https:\/\/stjames.si\/si\/wp-json\/wp\/v2\/pages\/279\/revisions\/528"}],"wp:attachment":[{"href":"https:\/\/stjames.si\/si\/wp-json\/wp\/v2\/media?parent=279"}],"curies":[{"name":"wp","href":"https:\/\/api.w.org\/{rel}","templated":true}]}}