{"id":287,"date":"2025-08-01T14:22:39","date_gmt":"2025-08-01T12:22:39","guid":{"rendered":"https:\/\/stjames.si\/si\/?page_id=287"},"modified":"2026-04-21T18:10:52","modified_gmt":"2026-04-21T16:10:52","slug":"orgle","status":"publish","type":"page","link":"https:\/\/stjames.si\/si\/zgodovina\/orgle\/","title":{"rendered":"Orgle"},"content":{"rendered":"<div class=\"wpb-content-wrapper\"><p>[vc_row][vc_column][vc_column_text css=&#8221;&#8221;]<strong>Orgle v cerkvi sv. Jakoba v Ljubljani imajo dolgo in bogato zgodovino. Prvi\u010d so omenjene leta 1600, sedanji instrument pa je zasnoval Franc Gor\u0161i\u010d leta 1883 z 22 registri. Leta 1960 jih je raz\u0161iril Franc Jenko, dodal tretji manual in pove\u010dal \u0161tevilo registrov na 42. Zadnja obnova je potekala med letoma 2013 in 2014 pod vodstvom Braneta Ko\u0161irja, ki je ohranil zgodovinsko intonacijo in obnovil pi\u0161\u010dali ter mehovje. Orgle danes veljajo za enega najpomembnej\u0161ih sakralnih instrumentov v Ljubljani in pomembno zaznamujejo bogoslu\u017eje ter koncertno \u017eivljenje cerkve.<\/strong>[\/vc_column_text][\/vc_column][\/vc_row][vc_row margin_top=&#8221;-30px&#8221;][vc_column][vc_single_image image=&#8221;190&#8243; img_size=&#8221;full&#8221; alignment=&#8221;center&#8221; css=&#8221;&#8221;][\/vc_column][\/vc_row][vc_row][vc_column width=&#8221;1\/2&#8243;][vc_single_image image=&#8221;135&#8243; img_size=&#8221;full&#8221; css=&#8221;&#8221; image_hovers=&#8221;false&#8221;][\/vc_column][vc_column width=&#8221;1\/2&#8243;][vc_column_text css=&#8221;&#8221;]Prve orgle v cerkvi sv. Jakoba so omenjene \u017ee leta 1600, ko je \u0161e stala stara cerkev, ki so jo verjetno zgradili avgu\u0161tinski menihi leta 1513. Po prihodu jezuitov leta 1597 je bila ta cerkev poru\u0161ena, leta 1615 pa sezidana nova. \u017de leto pozneje je baron Markvard Erberg, komendator nem\u0161kega vite\u0161kega reda, cerkvi podaril nove orgle, vredne 200 goldinarjev. Kronist iz tistega \u010dasa poro\u010da, da so bile orgle \u00bbkot iz zlata\u00ab. Leta 1674 so postavili nove orgle, ki so bile okoli leta 1700 uni\u010dene. Kasneje so cerkvi ve\u010dkrat poklonili nove instrumente.<\/p>\n<p>Okoli leta 1728 so najverjetneje izdelali posebne orgle mojstra Elseja, ki so ostale v uporabi do leta 1831, ko jih je predelal Josef Ferdinand Malitschky. Leta 1837 jih je znova predelal znameniti ljubljanski orglarski mojster Franc Gor\u0161i\u010d (1836\u20131898), ki jih je leta 1857 poslal na obnovo v znamenito orglarsko delavnico Walcker v Ludwigsburgu. Orgelski na\u010drt je takrat predvideval tri manuale s 45 registri in pedalom, predelava pa naj bi bila kon\u010dana v enem mesecu.<\/p>\n<p>Leta 1883 je cerkev sv. Jakoba dobila nove orgle, ki jih je v celoti izdelal Franc Gor\u0161i\u010d. Njegovo delo je pomenilo pomemben korak v razvoju slovenske orgelske umetnosti. V novo orgelsko omaro je vgradil 22 pojo\u010dih registrov z dvema manualoma in pedalom, pri tem pa ohranil tudi nekatere stare registre iz sredine 19. stoletja. Izpopolnil je sistem sapnic, izbolj\u0161al tehni\u010dno dovr\u0161enost in estetski izraz ter v svojem delu usklajeval tradicijo z inovacijo. Orgle so bile postavljene v \u010dasu celovite umetni\u0161ke prenove cerkve pod \u017eupnikom Janezom Rozmanom.<\/p>\n<p>Zaradi dotrajanosti instrumenta in slabe prilagojenosti akustiki cerkve so bile orgle s\u010dasoma potrebne prenove. Leta 1960 jih je temeljito obnovil mojster Franc Jenko. Orgle je raz\u0161iril na 42 registrov (od tega 36 pojo\u010dih), dodal tretji manual in vse skupaj vgradil v obstoje\u010do zgodovinsko omaro. Instrument je imel pnevmatsko trakturo, kar pa ni zadostovalo pri\u010dakovanjem glede kakovosti zvoka.<\/p>\n<p>Zadnja temeljita restavracija je bila izvedena med letoma 2013 in 2014 pod vodstvom organarja Braneta Ko\u0161irja. Posebno pozornost je namenil ohranitvi zgodovinske intonacije, obnovi mehovja ter \u010di\u0161\u010denju in ugla\u0161evanju kovinskih pi\u0161\u010dali.<\/p>\n<p>Danes Gor\u0161i\u010deve orgle, dopolnjene in obnovljene skozi stoletja, sodijo med najpomembnej\u0161e sakralne instrumente v Ljubljani. Bogatijo liturgi\u010dno, koncertno in umetni\u0161ko \u017eivljenje cerkve sv. Jakoba ter pri\u010dajo o bogati dedi\u0161\u010dini orgelske umetnosti na Slovenskem.[\/vc_column_text][vc_raw_html css=&#8221;&#8221;]JTNDZGl2JTIwY2xhc3MlM0QlMjJhdWRpby1jb250cm9scyUyMiUzRSUwRCUwQSUyMCUyMCUyMCUyMCUyMCUyMCUyMCUyMCUyMCUyMCUyMCUyMCUyMCUyMCUyMCUyMCUzQ2J1dHRvbiUyMGNsYXNzJTNEJTIycmV3aW5kLWJ0biUyMiUyMG9uY2xpY2slM0QlMjJyZXdpbmRBdWRpbyUyOCUyN2F1ZGlvLWdiJTI3JTI5JTIyJTNFJTIwJTNDc3BhbiUyMGNsYXNzJTNEJTIyaWNvbiUyMiUzRSUyMCUzQ3N2ZyUyMHZpZXdCb3glM0QlMjIwJTIwMCUyMDI0JTIwMjQlMjIlM0UlMjAlM0Nwb2x5Z29uJTIwcG9pbnRzJTNEJTIyMTElMkMxMiUyMDIwJTJDNCUyMDIwJTJDMjAlMjIlM0UlM0MlMkZwb2x5Z29uJTNFJTIwJTNDcG9seWdvbiUyMHBvaW50cyUzRCUyMjQlMkMxMiUyMDEzJTJDNCUyMDEzJTJDMjAlMjIlM0UlM0MlMkZwb2x5Z29uJTNFJTIwJTNDJTJGc3ZnJTNFJTIwJTNDJTJGc3BhbiUzRSUwRCUwQSUyMCUyMCUyMCUyMCUyMCUyMCUyMCUyMCUyMCUyMCUyMCUyMCUyMCUyMCUyMCUyMCUzQyUyRmJ1dHRvbiUzRSUwRCUwQSUyMCUyMCUyMCUyMCUyMCUyMCUyMCUyMCUyMCUyMCUyMCUyMCUyMCUyMCUyMCUyMCUzQ2J1dHRvbiUyMGNsYXNzJTNEJTIycGxheS1idG4lMjIlMjBvbmNsaWNrJTNEJTIydG9nZ2xlQXVkaW8lMjglMjdhdWRpby1nYiUyNyUyQyUyN1BsYXklMjclMkMlMjdQYXVzZSUyNyUyQyUyMHRoaXMlMjklMjIlM0UlMEQlMEElMjAlMjAlMjAlMjAlMjAlMjAlMjAlMjAlMjAlMjAlMjAlMjAlMjAlMjAlMjAlMjAlMjAlMjAlMjAlMjAlM0NzcGFuJTIwY2xhc3MlM0QlMjJpY29uJTIwcGxheS1pY29uJTIyJTNFJTBEJTBBJTIwJTIwJTIwJTIwJTIwJTIwJTIwJTIwJTIwJTIwJTIwJTIwJTIwJTIwJTIwJTIwJTIwJTIwJTIwJTIwJTIwJTIwJTIwJTIwJTNDc3ZnJTIwdmlld0JveCUzRCUyMjAlMjAwJTIwMjQlMjAyNCUyMiUzRSUwRCUwQSUyMCUyMCUyMCUyMCUyMCUyMCUyMCUyMCUyMCUyMCUyMCUyMCUyMCUyMCUyMCUyMCUyMCUyMCUyMCUyMCUyMCUyMCUyMCUyMCUyMCUyMCUyMCUyMCUzQ3BvbHlnb24lMjBwb2ludHMlM0QlMjI1JTJDMyUyMDE5JTJDMTIlMjA1JTJDMjElMjIlM0UlM0MlMkZwb2x5Z29uJTNFJTBEJTBBJTIwJTIwJTIwJTIwJTIwJTIwJTIwJTIwJTIwJTIwJTIwJTIwJTIwJTIwJTIwJTIwJTIwJTIwJTIwJTIwJTIwJTIwJTIwJTIwJTNDJTJGc3ZnJTNFJTBEJTBBJTIwJTIwJTIwJTIwJTIwJTIwJTIwJTIwJTIwJTIwJTIwJTIwJTIwJTIwJTIwJTIwJTIwJTIwJTIwJTIwJTNDJTJGc3BhbiUzRSUwRCUwQSUyMCUyMCUyMCUyMCUyMCUyMCUyMCUyMCUyMCUyMCUyMCUyMCUyMCUyMCUyMCUyMCUyMCUyMCUyMCUyMCUzQ3NwYW4lMjBjbGFzcyUzRCUyMmxhYmVsJTIyJTNFUHJlZHZhamFqJTNDJTJGc3BhbiUzRSUwRCUwQSUyMCUyMCUyMCUyMCUyMCUyMCUyMCUyMCUyMCUyMCUyMCUyMCUyMCUyMCUyMCUyMCUzQyUyRmJ1dHRvbiUzRSUwRCUwQSUyMCUyMCUyMCUyMCUyMCUyMCUyMCUyMCUyMCUyMCUyMCUyMCUzQyUyRmRpdiUzRSUwRCUwQSUyMCUyMCUyMCUyMCUyMCUyMCUyMCUyMCUyMCUyMCUyMCUyMCUzQ2F1ZGlvJTIwaWQlM0QlMjJhdWRpby1nYiUyMiUyMHNyYyUzRCUyMmh0dHBzJTNBJTJGJTJGc3RqYW1lcy5zaSUyRndwLWNvbnRlbnQlMkZ1cGxvYWRzJTJGMjAyNiUyRjA0JTJGb3JnYW5zX1NJLm1wMyUyMiUzRSUzQyUyRmF1ZGlvJTNF[\/vc_raw_html][\/vc_column][\/vc_row][vc_row type=&#8221;2&#8243; margin_top=&#8221;50px&#8221; margin_bottom=&#8221;-70px&#8221; padding_top=&#8221;60px&#8221; padding_bottom=&#8221;30px&#8221; css=&#8221;.vc_custom_1753614473478{margin-bottom: -70px !important;}&#8221;][vc_column]<style type=\"text\/css\" data-type=\"the7_shortcodes-inline-css\">.gallery-carousel-shortcode.gallery-carousel-shortcode-id-287d8299265cd981fa099429c42a034a.owl-carousel .owl-nav div {\n  width: 36px;\n  height: 36px;\n  border-radius: 500px;\n}\n.dt-arrow-border-on.gallery-carousel-shortcode.gallery-carousel-shortcode-id-287d8299265cd981fa099429c42a034a.owl-carousel .owl-nav div:not(:hover):before {\n  border-width: 0px;\n}\n.dt-arrow-hover-border-on.gallery-carousel-shortcode.gallery-carousel-shortcode-id-287d8299265cd981fa099429c42a034a.owl-carousel .owl-nav div:hover:after {\n  border-width: 0px;\n}\n.gallery-carousel-shortcode.gallery-carousel-shortcode-id-287d8299265cd981fa099429c42a034a.owl-carousel .owl-nav div.owl-prev {\n  top: 50%;\n  transform: translateY(calc(-50% + 0px));\n  left: -43px;\n}\n@media all and (-ms-high-contrast: none) {\n  .gallery-carousel-shortcode.gallery-carousel-shortcode-id-287d8299265cd981fa099429c42a034a.owl-carousel .owl-nav div.owl-prev {\n    transform: translateY(-50%);\n    margin-top: 0px;\n  }\n}\n.gallery-carousel-shortcode.gallery-carousel-shortcode-id-287d8299265cd981fa099429c42a034a.owl-carousel .owl-nav div.owl-prev i {\n  padding: 0px 0px 0px 0px;\n}\n.gallery-carousel-shortcode.gallery-carousel-shortcode-id-287d8299265cd981fa099429c42a034a.owl-carousel .owl-nav div.owl-next {\n  top: 50%;\n  transform: translateY(calc(-50% + 0px));\n  right: -43px;\n}\n@media all and (-ms-high-contrast: none) {\n  .gallery-carousel-shortcode.gallery-carousel-shortcode-id-287d8299265cd981fa099429c42a034a.owl-carousel .owl-nav div.owl-next {\n    transform: translateY(-50%);\n    margin-top: 0px;\n  }\n}\n.gallery-carousel-shortcode.gallery-carousel-shortcode-id-287d8299265cd981fa099429c42a034a.owl-carousel .owl-nav div.owl-next i {\n  padding: 0px 0px 0px 0px;\n}\n.gallery-carousel-shortcode.gallery-carousel-shortcode-id-287d8299265cd981fa099429c42a034a.owl-carousel .owl-nav i {\n  font-size: 18px;\n}\n.gallery-carousel-shortcode.gallery-carousel-shortcode-id-287d8299265cd981fa099429c42a034a.owl-carousel .owl-nav div:not(:hover) i,\n.gallery-carousel-shortcode.gallery-carousel-shortcode-id-287d8299265cd981fa099429c42a034a.owl-carousel .owl-nav div:not(:hover) i:before {\n  color: #ffffff;\n  background: none;\n}\n.gallery-carousel-shortcode.gallery-carousel-shortcode-id-287d8299265cd981fa099429c42a034a.owl-carousel .owl-nav div:hover i,\n.gallery-carousel-shortcode.gallery-carousel-shortcode-id-287d8299265cd981fa099429c42a034a.owl-carousel .owl-nav div:hover i:before {\n  color: rgba(255,255,255,0.75);\n  background: none;\n}\n.gallery-carousel-shortcode.gallery-carousel-shortcode-id-287d8299265cd981fa099429c42a034a .owl-dots {\n  top: calc(100% + 20px);\n  left: 50%;\n  transform: translateX(calc(-50% + 0px));\n}\n@media all and (-ms-high-contrast: none) {\n  .gallery-carousel-shortcode.gallery-carousel-shortcode-id-287d8299265cd981fa099429c42a034a .owl-dots {\n    transform: translateX(-50%);\n    margin-left: 0px;\n  }\n}\n.gallery-carousel-shortcode.gallery-carousel-shortcode-id-287d8299265cd981fa099429c42a034a .owl-dot {\n  width: 10px;\n  height: 10px;\n  margin: 0 8px;\n}\n@media screen and (max-width: 778px) {\n  .gallery-carousel-shortcode.gallery-carousel-shortcode-id-287d8299265cd981fa099429c42a034a.hide-arrows .owl-nav a {\n    display: none;\n  }\n}\n@media screen and (max-width: 778px) {\n  .gallery-carousel-shortcode.gallery-carousel-shortcode-id-287d8299265cd981fa099429c42a034a.reposition-arrows .owl-nav div.owl-prev {\n    top: 50%;\n    transform: translateY(calc(-50% + 0px));\n    left: 10px;\n  }\n  .gallery-carousel-shortcode.gallery-carousel-shortcode-id-287d8299265cd981fa099429c42a034a.reposition-arrows .owl-nav div.owl-next {\n    top: 50%;\n    transform: translateY(calc(-50% + 0px));\n    right: 10px;\n  }\n}\n@media screen and (max-width: 778px) and all and (-ms-high-contrast: none) {\n  .gallery-carousel-shortcode.gallery-carousel-shortcode-id-287d8299265cd981fa099429c42a034a.reposition-arrows .owl-nav div.owl-prev {\n    transform: translateY(-50%);\n    margin-top: 0px;\n  }\n}\n@media screen and (max-width: 778px) and all and (-ms-high-contrast: none) {\n  .gallery-carousel-shortcode.gallery-carousel-shortcode-id-287d8299265cd981fa099429c42a034a.reposition-arrows .owl-nav div.owl-next {\n    transform: translateY(-50%);\n    margin-top: 0px;\n  }\n}\n.gallery-carousel-shortcode.gallery-carousel-shortcode-id-287d8299265cd981fa099429c42a034a figure,\n.gallery-carousel-shortcode.gallery-carousel-shortcode-id-287d8299265cd981fa099429c42a034a .rollover,\n.gallery-carousel-shortcode.gallery-carousel-shortcode-id-287d8299265cd981fa099429c42a034a img,\n.gallery-carousel-shortcode.gallery-carousel-shortcode-id-287d8299265cd981fa099429c42a034a .gallery-rollover {\n  border-radius: 0px;\n}\n.gallery-carousel-shortcode.gallery-carousel-shortcode-id-287d8299265cd981fa099429c42a034a.enable-bg-rollover .gallery-rollover {\n  background: -webkit-linear-gradient();\n  background: linear-gradient();\n}\n.gallery-carousel-shortcode.gallery-carousel-shortcode-id-287d8299265cd981fa099429c42a034a.enable-img-shadow .owl-stage-outer {\n  padding: 14px 0;\n}\n.gallery-carousel-shortcode.gallery-carousel-shortcode-id-287d8299265cd981fa099429c42a034a.enable-bg-rollover.hover-scale figure .rollover:after {\n  background: -webkit-linear-gradient();\n  background: linear-gradient();\n}\n.gallery-carousel-shortcode.gallery-carousel-shortcode-id-287d8299265cd981fa099429c42a034a.gallery-shortcode .gallery-zoom-ico {\n  width: 44px;\n  height: 44px;\n  line-height: 44px;\n  border-radius: 100px;\n  margin: -22px 0 0 -22px;\n  border-width: 0px;\n}\n.dt-icon-bg-on.gallery-carousel-shortcode.gallery-carousel-shortcode-id-287d8299265cd981fa099429c42a034a.gallery-shortcode .gallery-zoom-ico {\n  background: rgba(255,255,255,0.3);\n  box-shadow: none;\n}\n.gallery-carousel-shortcode.gallery-carousel-shortcode-id-287d8299265cd981fa099429c42a034a.gallery-shortcode .gallery-zoom-ico:before,\n.gallery-carousel-shortcode.gallery-carousel-shortcode-id-287d8299265cd981fa099429c42a034a.gallery-shortcode .gallery-zoom-ico span {\n  font-size: 32px;\n  line-height: 44px;\n  color: #ffffff;\n  background: none;\n}<\/style><div class=\"owl-carousel gallery-carousel-shortcode gallery-shortcode  dt-gallery-container dt-owl-carousel-call gallery-carousel-shortcode-id-287d8299265cd981fa099429c42a034a quick-scale-img enable-bg-rollover meta-info-off dt-arrow-border-on dt-arrow-hover-border-on bullets-small-dot-stroke reposition-arrows dt-icon-bg-off arrows-bg-on disable-arrows-hover-bg arrows-hover-bg-on  vc_custom_1754307043421 hover-fade \" data-scroll-mode=\"1\" data-col-num=\"5\" data-wide-col-num=\"5\" data-laptop-col=\"5\" data-h-tablet-columns-num=\"4\" data-v-tablet-columns-num=\"3\" data-phone-columns-num=\"1\" data-col-gap=\"10\" data-stage-padding=\"0\" data-speed=\"600\" data-autoplay=\"false\" data-autoplay_speed=\"6000\" data-arrows=\"true\" data-bullet=\"false\" data-next-icon=\"icon-ar-017-r\" data-prev-icon=\"icon-ar-017-l\" data-img-shadow-size=\"12px\" data-img-shadow-spread=\"3px\"><div data-post-id=\"136\" data-date=\"2025-08-01T11:41:23+02:00\" data-name=\"orgle_1\"><figure class=\"post\"><a href=\"https:\/\/stjames.si\/si\/wp-content\/uploads\/sites\/11\/2025\/08\/orgle_1.jpg\" class=\"rollover dt-pswp-item layzr-bg\" data-large_image_width=\"2000\" data-large_image_height=\"1333\" data-dt-img-description=\"\" title=\"orgle_1\"><img fetchpriority=\"high\" decoding=\"async\" class=\"preload-me owl-lazy-load aspect\" src=\"data:image\/svg+xml,%3Csvg%20xmlns%3D&#39;http%3A%2F%2Fwww.w3.org%2F2000%2Fsvg&#39;%20viewBox%3D&#39;0%200%202000%201333&#39;%2F%3E\" data-src=\"https:\/\/stjames.si\/si\/wp-content\/uploads\/sites\/11\/2025\/08\/orgle_1.jpg\" data-srcset=\"https:\/\/stjames.si\/si\/wp-content\/uploads\/sites\/11\/2025\/08\/orgle_1.jpg 2000w\" loading=\"eager\" style=\"--ratio: 2000 \/ 1333\" sizes=\"(max-width: 2000px) 100vw, 2000px\" alt=\"\" width=\"2000\" height=\"1333\"  \/><span class=\"gallery-rollover\"><span class=\"gallery-zoom-ico icomoon-the7-font-the7-zoom-06\"><span><\/span><\/span><\/span><\/a><\/figure><\/div><div data-post-id=\"137\" data-date=\"2025-08-01T11:41:26+02:00\" data-name=\"orgle_2\"><figure class=\"post\"><a href=\"https:\/\/stjames.si\/si\/wp-content\/uploads\/sites\/11\/2025\/08\/orgle_2.jpg\" class=\"rollover dt-pswp-item layzr-bg\" data-large_image_width=\"2000\" data-large_image_height=\"1333\" data-dt-img-description=\"\" title=\"orgle_2\"><img decoding=\"async\" class=\"preload-me owl-lazy-load aspect\" src=\"data:image\/svg+xml,%3Csvg%20xmlns%3D&#39;http%3A%2F%2Fwww.w3.org%2F2000%2Fsvg&#39;%20viewBox%3D&#39;0%200%202000%201333&#39;%2F%3E\" data-src=\"https:\/\/stjames.si\/si\/wp-content\/uploads\/sites\/11\/2025\/08\/orgle_2.jpg\" data-srcset=\"https:\/\/stjames.si\/si\/wp-content\/uploads\/sites\/11\/2025\/08\/orgle_2.jpg 2000w\" loading=\"eager\" style=\"--ratio: 2000 \/ 1333\" sizes=\"(max-width: 2000px) 100vw, 2000px\" alt=\"\" width=\"2000\" height=\"1333\"  \/><span class=\"gallery-rollover\"><span class=\"gallery-zoom-ico icomoon-the7-font-the7-zoom-06\"><span><\/span><\/span><\/span><\/a><\/figure><\/div><div data-post-id=\"138\" data-date=\"2025-08-01T11:41:29+02:00\" data-name=\"orgle_3\"><figure class=\"post\"><a href=\"https:\/\/stjames.si\/si\/wp-content\/uploads\/sites\/11\/2025\/08\/orgle_3.jpg\" class=\"rollover dt-pswp-item layzr-bg\" data-large_image_width=\"2000\" data-large_image_height=\"1333\" data-dt-img-description=\"\" title=\"orgle_3\"><img decoding=\"async\" class=\"preload-me owl-lazy-load aspect\" src=\"data:image\/svg+xml,%3Csvg%20xmlns%3D&#39;http%3A%2F%2Fwww.w3.org%2F2000%2Fsvg&#39;%20viewBox%3D&#39;0%200%202000%201333&#39;%2F%3E\" data-src=\"https:\/\/stjames.si\/si\/wp-content\/uploads\/sites\/11\/2025\/08\/orgle_3.jpg\" data-srcset=\"https:\/\/stjames.si\/si\/wp-content\/uploads\/sites\/11\/2025\/08\/orgle_3.jpg 2000w\" loading=\"eager\" style=\"--ratio: 2000 \/ 1333\" sizes=\"(max-width: 2000px) 100vw, 2000px\" alt=\"\" width=\"2000\" height=\"1333\"  \/><span class=\"gallery-rollover\"><span class=\"gallery-zoom-ico icomoon-the7-font-the7-zoom-06\"><span><\/span><\/span><\/span><\/a><\/figure><\/div><div data-post-id=\"140\" data-date=\"2025-08-01T11:41:35+02:00\" data-name=\"orgle_5\"><figure class=\"post\"><a href=\"https:\/\/stjames.si\/si\/wp-content\/uploads\/sites\/11\/2025\/08\/orgle_5.jpg\" class=\"rollover dt-pswp-item layzr-bg\" data-large_image_width=\"2000\" data-large_image_height=\"1333\" data-dt-img-description=\"\" title=\"orgle_5\"><img decoding=\"async\" class=\"preload-me owl-lazy-load aspect\" src=\"data:image\/svg+xml,%3Csvg%20xmlns%3D&#39;http%3A%2F%2Fwww.w3.org%2F2000%2Fsvg&#39;%20viewBox%3D&#39;0%200%202000%201333&#39;%2F%3E\" data-src=\"https:\/\/stjames.si\/si\/wp-content\/uploads\/sites\/11\/2025\/08\/orgle_5.jpg\" data-srcset=\"https:\/\/stjames.si\/si\/wp-content\/uploads\/sites\/11\/2025\/08\/orgle_5.jpg 2000w\" loading=\"eager\" style=\"--ratio: 2000 \/ 1333\" sizes=\"(max-width: 2000px) 100vw, 2000px\" alt=\"\" width=\"2000\" height=\"1333\"  \/><span class=\"gallery-rollover\"><span class=\"gallery-zoom-ico icomoon-the7-font-the7-zoom-06\"><span><\/span><\/span><\/span><\/a><\/figure><\/div><div data-post-id=\"139\" data-date=\"2025-08-01T11:41:32+02:00\" data-name=\"orgle_4\"><figure class=\"post\"><a href=\"https:\/\/stjames.si\/si\/wp-content\/uploads\/sites\/11\/2025\/08\/orgle_4.jpg\" class=\"rollover dt-pswp-item layzr-bg\" data-large_image_width=\"2000\" data-large_image_height=\"1333\" data-dt-img-description=\"\" title=\"orgle_4\"><img decoding=\"async\" class=\"preload-me owl-lazy-load aspect\" src=\"data:image\/svg+xml,%3Csvg%20xmlns%3D&#39;http%3A%2F%2Fwww.w3.org%2F2000%2Fsvg&#39;%20viewBox%3D&#39;0%200%202000%201333&#39;%2F%3E\" data-src=\"https:\/\/stjames.si\/si\/wp-content\/uploads\/sites\/11\/2025\/08\/orgle_4.jpg\" data-srcset=\"https:\/\/stjames.si\/si\/wp-content\/uploads\/sites\/11\/2025\/08\/orgle_4.jpg 2000w\" loading=\"eager\" style=\"--ratio: 2000 \/ 1333\" sizes=\"(max-width: 2000px) 100vw, 2000px\" alt=\"\" width=\"2000\" height=\"1333\"  \/><span class=\"gallery-rollover\"><span class=\"gallery-zoom-ico icomoon-the7-font-the7-zoom-06\"><span><\/span><\/span><\/span><\/a><\/figure><\/div><\/div>[vc_single_image image=&#8221;142&#8243; img_size=&#8221;full&#8221; alignment=&#8221;center&#8221; css=&#8221;&#8221; image_hovers=&#8221;false&#8221;][\/vc_column][\/vc_row]<\/p>\n<\/div>","protected":false},"excerpt":{"rendered":"<p>[vc_row][vc_column][vc_column_text css=&#8221;&#8221;]Orgle v cerkvi sv. Jakoba v Ljubljani imajo dolgo in bogato zgodovino. Prvi\u010d so omenjene leta 1600, sedanji instrument pa je zasnoval Franc Gor\u0161i\u010d leta 1883 z 22 registri.&hellip;<\/p>\n","protected":false},"author":1,"featured_media":0,"parent":279,"menu_order":0,"comment_status":"closed","ping_status":"closed","template":"","meta":{"give_campaign_id":0,"footnotes":""},"class_list":["post-287","page","type-page","status-publish","hentry","description-off"],"yoast_head":"<!-- This site is optimized with the Yoast SEO plugin v27.5 - https:\/\/yoast.com\/product\/yoast-seo-wordpress\/ -->\n<title>Orgle - Cerkev sv. Jakoba - baro\u010dna lepotica v srcu Ljubljane<\/title>\n<meta name=\"robots\" content=\"index, follow, max-snippet:-1, max-image-preview:large, max-video-preview:-1\" \/>\n<link rel=\"canonical\" href=\"https:\/\/stjames.si\/si\/zgodovina\/orgle\/\" \/>\n<meta property=\"og:locale\" content=\"sl_SI\" \/>\n<meta property=\"og:type\" content=\"article\" \/>\n<meta property=\"og:title\" content=\"Orgle - Cerkev sv. Jakoba - baro\u010dna lepotica v srcu Ljubljane\" \/>\n<meta property=\"og:description\" content=\"[vc_row][vc_column][vc_column_text css=&#8221;&#8221;]Orgle v cerkvi sv. Jakoba v Ljubljani imajo dolgo in bogato zgodovino. Prvi\u010d so omenjene leta 1600, sedanji instrument pa je zasnoval Franc Gor\u0161i\u010d leta 1883 z 22 registri.&hellip;\" \/>\n<meta property=\"og:url\" content=\"https:\/\/stjames.si\/si\/zgodovina\/orgle\/\" \/>\n<meta property=\"og:site_name\" content=\"Cerkev sv. Jakoba - baro\u010dna lepotica v srcu Ljubljane\" \/>\n<meta property=\"article:modified_time\" content=\"2026-04-21T16:10:52+00:00\" \/>\n<meta name=\"twitter:card\" content=\"summary_large_image\" \/>\n<meta name=\"twitter:label1\" content=\"Est. reading time\" \/>\n\t<meta name=\"twitter:data1\" content=\"4 minute\" \/>\n<script type=\"application\/ld+json\" class=\"yoast-schema-graph\">{\"@context\":\"https:\\\/\\\/schema.org\",\"@graph\":[{\"@type\":\"WebPage\",\"@id\":\"https:\\\/\\\/stjames.si\\\/si\\\/zgodovina\\\/orgle\\\/\",\"url\":\"https:\\\/\\\/stjames.si\\\/si\\\/zgodovina\\\/orgle\\\/\",\"name\":\"Orgle - Cerkev sv. Jakoba - baro\u010dna lepotica v srcu Ljubljane\",\"isPartOf\":{\"@id\":\"https:\\\/\\\/stjames.si\\\/si\\\/#website\"},\"datePublished\":\"2025-08-01T12:22:39+00:00\",\"dateModified\":\"2026-04-21T16:10:52+00:00\",\"breadcrumb\":{\"@id\":\"https:\\\/\\\/stjames.si\\\/si\\\/zgodovina\\\/orgle\\\/#breadcrumb\"},\"inLanguage\":\"sl-SI\",\"potentialAction\":[{\"@type\":\"ReadAction\",\"target\":[\"https:\\\/\\\/stjames.si\\\/si\\\/zgodovina\\\/orgle\\\/\"]}]},{\"@type\":\"BreadcrumbList\",\"@id\":\"https:\\\/\\\/stjames.si\\\/si\\\/zgodovina\\\/orgle\\\/#breadcrumb\",\"itemListElement\":[{\"@type\":\"ListItem\",\"position\":1,\"name\":\"Home\",\"item\":\"https:\\\/\\\/stjames.si\\\/si\\\/\"},{\"@type\":\"ListItem\",\"position\":2,\"name\":\"Zgodovina\",\"item\":\"https:\\\/\\\/stjames.si\\\/si\\\/zgodovina\\\/\"},{\"@type\":\"ListItem\",\"position\":3,\"name\":\"Orgle\"}]},{\"@type\":\"WebSite\",\"@id\":\"https:\\\/\\\/stjames.si\\\/si\\\/#website\",\"url\":\"https:\\\/\\\/stjames.si\\\/si\\\/\",\"name\":\"Cerkev sv. Jakoba - baro\u010dna lepotica v srcu Ljubljane\",\"description\":\"\",\"potentialAction\":[{\"@type\":\"SearchAction\",\"target\":{\"@type\":\"EntryPoint\",\"urlTemplate\":\"https:\\\/\\\/stjames.si\\\/si\\\/?s={search_term_string}\"},\"query-input\":{\"@type\":\"PropertyValueSpecification\",\"valueRequired\":true,\"valueName\":\"search_term_string\"}}],\"inLanguage\":\"sl-SI\"}]}<\/script>\n<!-- \/ Yoast SEO plugin. -->","yoast_head_json":{"title":"Orgle - Cerkev sv. Jakoba - baro\u010dna lepotica v srcu Ljubljane","robots":{"index":"index","follow":"follow","max-snippet":"max-snippet:-1","max-image-preview":"max-image-preview:large","max-video-preview":"max-video-preview:-1"},"canonical":"https:\/\/stjames.si\/si\/zgodovina\/orgle\/","og_locale":"sl_SI","og_type":"article","og_title":"Orgle - Cerkev sv. Jakoba - baro\u010dna lepotica v srcu Ljubljane","og_description":"[vc_row][vc_column][vc_column_text css=&#8221;&#8221;]Orgle v cerkvi sv. Jakoba v Ljubljani imajo dolgo in bogato zgodovino. Prvi\u010d so omenjene leta 1600, sedanji instrument pa je zasnoval Franc Gor\u0161i\u010d leta 1883 z 22 registri.&hellip;","og_url":"https:\/\/stjames.si\/si\/zgodovina\/orgle\/","og_site_name":"Cerkev sv. Jakoba - baro\u010dna lepotica v srcu Ljubljane","article_modified_time":"2026-04-21T16:10:52+00:00","twitter_card":"summary_large_image","twitter_misc":{"Est. reading time":"4 minute"},"schema":{"@context":"https:\/\/schema.org","@graph":[{"@type":"WebPage","@id":"https:\/\/stjames.si\/si\/zgodovina\/orgle\/","url":"https:\/\/stjames.si\/si\/zgodovina\/orgle\/","name":"Orgle - Cerkev sv. Jakoba - baro\u010dna lepotica v srcu Ljubljane","isPartOf":{"@id":"https:\/\/stjames.si\/si\/#website"},"datePublished":"2025-08-01T12:22:39+00:00","dateModified":"2026-04-21T16:10:52+00:00","breadcrumb":{"@id":"https:\/\/stjames.si\/si\/zgodovina\/orgle\/#breadcrumb"},"inLanguage":"sl-SI","potentialAction":[{"@type":"ReadAction","target":["https:\/\/stjames.si\/si\/zgodovina\/orgle\/"]}]},{"@type":"BreadcrumbList","@id":"https:\/\/stjames.si\/si\/zgodovina\/orgle\/#breadcrumb","itemListElement":[{"@type":"ListItem","position":1,"name":"Home","item":"https:\/\/stjames.si\/si\/"},{"@type":"ListItem","position":2,"name":"Zgodovina","item":"https:\/\/stjames.si\/si\/zgodovina\/"},{"@type":"ListItem","position":3,"name":"Orgle"}]},{"@type":"WebSite","@id":"https:\/\/stjames.si\/si\/#website","url":"https:\/\/stjames.si\/si\/","name":"Cerkev sv. Jakoba - baro\u010dna lepotica v srcu Ljubljane","description":"","potentialAction":[{"@type":"SearchAction","target":{"@type":"EntryPoint","urlTemplate":"https:\/\/stjames.si\/si\/?s={search_term_string}"},"query-input":{"@type":"PropertyValueSpecification","valueRequired":true,"valueName":"search_term_string"}}],"inLanguage":"sl-SI"}]}},"campaignId":"","_links":{"self":[{"href":"https:\/\/stjames.si\/si\/wp-json\/wp\/v2\/pages\/287","targetHints":{"allow":["GET"]}}],"collection":[{"href":"https:\/\/stjames.si\/si\/wp-json\/wp\/v2\/pages"}],"about":[{"href":"https:\/\/stjames.si\/si\/wp-json\/wp\/v2\/types\/page"}],"author":[{"embeddable":true,"href":"https:\/\/stjames.si\/si\/wp-json\/wp\/v2\/users\/1"}],"replies":[{"embeddable":true,"href":"https:\/\/stjames.si\/si\/wp-json\/wp\/v2\/comments?post=287"}],"version-history":[{"count":6,"href":"https:\/\/stjames.si\/si\/wp-json\/wp\/v2\/pages\/287\/revisions"}],"predecessor-version":[{"id":1050,"href":"https:\/\/stjames.si\/si\/wp-json\/wp\/v2\/pages\/287\/revisions\/1050"}],"up":[{"embeddable":true,"href":"https:\/\/stjames.si\/si\/wp-json\/wp\/v2\/pages\/279"}],"wp:attachment":[{"href":"https:\/\/stjames.si\/si\/wp-json\/wp\/v2\/media?parent=287"}],"curies":[{"name":"wp","href":"https:\/\/api.w.org\/{rel}","templated":true}]}}