{"id":292,"date":"2025-08-01T14:24:18","date_gmt":"2025-08-01T12:24:18","guid":{"rendered":"https:\/\/stjames.si\/si\/?page_id=292"},"modified":"2025-08-15T16:11:19","modified_gmt":"2025-08-15T14:11:19","slug":"kratka-zgodovina-druzbe-jezusove-jezuitov","status":"publish","type":"page","link":"https:\/\/stjames.si\/si\/zgodovina\/kratka-zgodovina-druzbe-jezusove-jezuitov\/","title":{"rendered":"Kratka zgodovina Dru\u017ebe Jezusove &#8211; Jezuitov"},"content":{"rendered":"<div class=\"wpb-content-wrapper\"><p>[vc_row][vc_column]<div class=\"smile-icon-timeline-wrap csstime   \"  data-time_sep_bg_color=&quot;#663333&quot;   style=\"\"><div class=\"timeline-line \" style=\"border-right-color:#663333;\"><span><\/span><\/div><div class=\"timeline-wrapper\"><\/div>\n\t\t\t\t<div id=\"timeline-seperator-4245\" class=\"timeline-separator-text \" data-sep-col=\"#FFFFFF\" data-sep-bg-col=\"\"><span class=\"sep-text ult-responsive\"  data-ultimate-target='#timeline-seperator-4245 .sep-text'  data-responsive-json-new='{\"font-size\":\"desktop:26px;\",\"line-height\":\"desktop:30px;\"}'  style=\"color:#FFFFFF;border-width:1px;border-radius:5px;\">Dru\u017eba Jezusova - Jezuiti<\/span><\/div><div class=\"timeline-wrapper \"><div class=\"timeline-block \"><div class=\"timeline-dot\"><\/div><div class=\"ult-timeline-arrow\"><s><\/s><l><\/l><\/div><div class=\"timeline-icon-block\"><div class=\"ult-timeline-icon tl-icon-no-bg\" style=\"   \"><\/div> <!-- icon --><\/div><div class=\"timeline-header-block\" >\n\t\t\t\t\t\t\t<div id=\"timeline-item-9430\" class=\"timeline-header\" style=\"\"><h3 class=\"ult-timeline-title ult-responsive\"  data-ultimate-target='#timeline-item-9430 .ult-timeline-title'  data-responsive-json-new='{\"font-size\":\"desktop:26px;\",\"line-height\":\"desktop:30px;\"}'  style=\"\">1534<\/h3><div class=\"ult-responsive timeline-item-spt\"  data-ultimate-target='#timeline-item-9430 .timeline-item-spt'  data-responsive-json-new='{\"font-size\":\"desktop:20px;\",\"line-height\":\"desktop:24px;\"}'  style=\"\"><img loading=\"lazy\" decoding=\"async\" class=\"alignnone size-medium wp-image-380\" src=\"https:\/\/stjames.si\/wp-content\/uploads\/2025\/06\/ignacij-231x300.jpg\" alt=\"\" width=\"231\" height=\"300\" \/><\/p>\n<p>Sv. Ignacij Lojolski \/Ignacio de Loyola\/ (1491\u20131556) je ustanovil jezuitski red (SJ \u2013 Societas Jesu).<\/p>\n<p>Jezuitski red je bil ustanovljen v \u010dasu, ko so Cerkev pretresala reformisti\u010dna gibanja Luthra, Calvina in Zwinglija. Jezuiti so imeli v \u010dasu katoli\u0161ke obnove velik vpliv na dvorih in v vi\u0161jih slojih, vodilni so bili s svojim \u0161olskim sistemom v izobra\u017eevalni dejavnosti, uspe\u0161ni pa tudi v du\u0161nem pastirstvu s pridiganjem, duhovnimi vajami ter ustanavljanjem kongregacij in bratov\u0161\u010din. V umetnosti so bili nosilci novega baro\u010dnega sloga. Razvijali so gledali\u0161ko dejavnost, ki je v 17. stoletju predstavljala vrh takratnega evropskega gledali\u0161\u010da. Z misijonarskim delovanjem so se uveljavili tudi na drugih celinah.<\/div><\/div> <!-- header --><\/div><\/div><div class=\"timeline-block \"><div class=\"timeline-dot\"><\/div><div class=\"ult-timeline-arrow\"><s><\/s><l><\/l><\/div><div class=\"timeline-icon-block\"><div class=\"ult-timeline-icon tl-icon-no-bg\" style=\"   \"><\/div> <!-- icon --><\/div><div class=\"timeline-header-block\" >\n\t\t\t\t\t\t\t<div id=\"timeline-item-5356\" class=\"timeline-header\" style=\"\"><h3 class=\"ult-timeline-title ult-responsive\"  data-ultimate-target='#timeline-item-5356 .ult-timeline-title'  data-responsive-json-new='{\"font-size\":\"desktop:26px;\",\"line-height\":\"desktop:30px;\"}'  style=\"\">1540<\/h3><div class=\"ult-responsive timeline-item-spt\"  data-ultimate-target='#timeline-item-5356 .timeline-item-spt'  data-responsive-json-new='{\"font-size\":\"desktop:20px;\",\"line-height\":\"desktop:24px;\"}'  style=\"\">Pape\u017e Pavel III. je potrdil jezuitski red.<\/p>\n<p><strong>Jezuitske redovne postojanke<\/strong><\/p>\n<ul>\n<li>1551 \u2013 na Dunaju ustanovljen prvi jezuitski kolegij v Avstriji<\/li>\n<li>1573 \u2013 ustanovljena jezuitska postojanka v Gradcu<\/li>\n<li>1596 \u2013 iz gra\u0161kega kolegija je za\u017eivel jezuitski kolegij v Ljubljani<\/li>\n<\/ul>\n<p>Jezuitske \u0161ole so delovale tudi v Celovcu (1605), Gorici (1615), Trstu (1619), na Reki (1627) in v Mariboru (1757).<\/div><\/div> <!-- header --><\/div><\/div><\/div>\n\t\t\t\t<div id=\"timeline-seperator-7748\" class=\"timeline-separator-text \" data-sep-col=\"\" data-sep-bg-col=\"\"><span class=\"sep-text ult-responsive\"  data-ultimate-target='#timeline-seperator-7748 .sep-text'  data-responsive-json-new='{\"font-size\":\"desktop:26px;\",\"line-height\":\"desktop:30px;\"}'  style=\"border-width:1px;border-radius:5px;\">Pape\u017eevi odloki in vrnitev jezuitov<\/span><\/div><div class=\"timeline-wrapper \"><div class=\"timeline-block \"><div class=\"timeline-dot\"><\/div><div class=\"ult-timeline-arrow\"><s><\/s><l><\/l><\/div><div class=\"timeline-icon-block\"><div class=\"ult-timeline-icon tl-icon-no-bg\" style=\"   \"><\/div> <!-- icon --><\/div><div class=\"timeline-header-block\" >\n\t\t\t\t\t\t\t<div id=\"timeline-item-1587\" class=\"timeline-header\" style=\"\"><h3 class=\"ult-timeline-title ult-responsive\"  data-ultimate-target='#timeline-item-1587 .ult-timeline-title'  data-responsive-json-new='{\"font-size\":\"desktop:26px;\",\"line-height\":\"desktop:30px;\"}'  style=\"\">21 julij 1773<\/h3><div class=\"ult-responsive timeline-item-spt\"  data-ultimate-target='#timeline-item-1587 .timeline-item-spt'  data-responsive-json-new='{\"font-size\":\"desktop:20px;\",\"line-height\":\"desktop:24px;\"}'  style=\"\">Pape\u017e Klemen XIV. je z brevom <em>Dominus ac Redemptor Noster<\/em> jezuitski red ukinil. V Avstriji je razpustitev jezuitskega reda razglasila cesarica Marija Terezija. Cesarica je pod\u017erala jezuitske \u0161ole in semeni\u0161\u010da, nekdanje jezuitke pa nastavila za profesorje. Nekateri jezuiti so de\u017eelo zapustili. Med njimi je bil tudi ljubljanski jezuit Gabrijel Gruber (1740\u20131805), eden najpomembnej\u0161ih slovenskih in\u017eenirjev, arhitektov in profesorjev matemati\u010dnih ved. V Ljubljani je med drugim vodil izsu\u0161evanje ljubljanskega barja in ureditev t. i. Gruberjevega prekop\u0430.<\/div><\/div> <!-- header --><\/div><\/div><div class=\"timeline-block \"><div class=\"timeline-dot\"><\/div><div class=\"ult-timeline-arrow\"><s><\/s><l><\/l><\/div><div class=\"timeline-icon-block\"><div class=\"ult-timeline-icon tl-icon-no-bg\" style=\"   \"><\/div> <!-- icon --><\/div><div class=\"timeline-header-block\" >\n\t\t\t\t\t\t\t<div id=\"timeline-item-6030\" class=\"timeline-header\" style=\"\"><h3 class=\"ult-timeline-title ult-responsive\"  data-ultimate-target='#timeline-item-6030 .ult-timeline-title'  data-responsive-json-new='{\"font-size\":\"desktop:26px;\",\"line-height\":\"desktop:30px;\"}'  style=\"\">7. avgust 1814<\/h3><div class=\"ult-responsive timeline-item-spt\"  data-ultimate-target='#timeline-item-6030 .timeline-item-spt'  data-responsive-json-new='{\"font-size\":\"desktop:20px;\",\"line-height\":\"desktop:24px;\"}'  style=\"\">Pape\u017e Pij VII. je z odlokom <em>Sollicitudo omnium Ecclesiarum<\/em> jezuitski red obnovil. Za obnovo reda je bil zaslu\u017een tudi ljubljanski jezuit p. Gabrijel Gruber, ki je po ukinitvi reda od\u0161el iz Ljubljane v Rusijo, kjer jezuitski red ni bil ukinjen. Tam je bil nekaj \u010dasa vrhovni predstojnik jezuitskega reda.<\/div><\/div> <!-- header --><\/div><\/div><div class=\"timeline-block \"><div class=\"timeline-dot\"><\/div><div class=\"ult-timeline-arrow\"><s><\/s><l><\/l><\/div><div class=\"timeline-icon-block\"><div class=\"ult-timeline-icon tl-icon-no-bg\" style=\"   \"><\/div> <!-- icon --><\/div><div class=\"timeline-header-block\" >\n\t\t\t\t\t\t\t<div id=\"timeline-item-6987\" class=\"timeline-header\" style=\"\"><h3 class=\"ult-timeline-title ult-responsive\"  data-ultimate-target='#timeline-item-6987 .ult-timeline-title'  data-responsive-json-new='{\"font-size\":\"desktop:26px;\",\"line-height\":\"desktop:30px;\"}'  style=\"\">1870<\/h3><div class=\"ult-responsive timeline-item-spt\"  data-ultimate-target='#timeline-item-6987 .timeline-item-spt'  data-responsive-json-new='{\"font-size\":\"desktop:20px;\",\"line-height\":\"desktop:24px;\"}'  style=\"\">Jezuiti so se vrnili v Slovenijo kot voditelji ljudskih misijonov. Ker pa niso imeli dovoljenja civilne oblasti, so de\u017eelo \u010dez tri leta morali zapustiti. Po letu 1884 so prihajali v stolnico kot manj\u0161i pridigarji. Leta 1896 so za\u010deli graditi hi\u0161o na Poljanah, kasneje pa tudi cerkev sv. Jo\u017eefa (1912\u20131921) in dom duhovnih vaj (1925). Leta 1932 so se vrnili tudi v Maribor, od koder pa so jih Nemci na za\u010detku druge svetovne vojne izgnali. Leta 1949 je bila njihova imovina v Ljubljani zaplenjena, jezuiti so bili bodisi zaprti bodisi pregnani v na pol poru\u0161en grad Bogen\u0161perk pri Litiji.<\/div><\/div> <!-- header --><\/div><\/div><\/div>\n\t\t\t\t<div id=\"timeline-seperator-6156\" class=\"timeline-separator-text \" data-sep-col=\"\" data-sep-bg-col=\"\"><span class=\"sep-text ult-responsive\"  data-ultimate-target='#timeline-seperator-6156 .sep-text'  data-responsive-json-new='{\"font-size\":\"desktop:26px;\",\"line-height\":\"desktop:30px;\"}'  style=\"border-width:1px;border-radius:5px;\">Na Slovenskem so se jezuiti najprej naselili v Ljubljani<\/span><\/div><div class=\"timeline-wrapper \"><div class=\"timeline-block \"><div class=\"timeline-dot\"><\/div><div class=\"ult-timeline-arrow\"><s><\/s><l><\/l><\/div><div class=\"timeline-icon-block\"><div class=\"ult-timeline-icon tl-icon-no-bg\" style=\"   \"><\/div> <!-- icon --><\/div><div class=\"timeline-header-block\" >\n\t\t\t\t\t\t\t<div id=\"timeline-item-2689\" class=\"timeline-header\" style=\"\"><h3 class=\"ult-timeline-title ult-responsive\"  data-ultimate-target='#timeline-item-2689 .ult-timeline-title'  data-responsive-json-new='{\"font-size\":\"desktop:26px;\",\"line-height\":\"desktop:30px;\"}'  style=\"\">1596<\/h3><div class=\"ult-responsive timeline-item-spt\"  data-ultimate-target='#timeline-item-2689 .timeline-item-spt'  data-responsive-json-new='{\"font-size\":\"desktop:20px;\",\"line-height\":\"desktop:24px;\"}'  style=\"\">Nadvojvoda Ferdinand je ustanovil jezuitski kolegij v Ljubljani. Ustanovljen je bil iz gra\u0161kega jezuitskega kolegija.<\/div><\/div> <!-- header --><\/div><\/div><div class=\"timeline-block \"><div class=\"timeline-dot\"><\/div><div class=\"ult-timeline-arrow\"><s><\/s><l><\/l><\/div><div class=\"timeline-icon-block\"><div class=\"ult-timeline-icon tl-icon-no-bg\" style=\"   \"><\/div> <!-- icon --><\/div><div class=\"timeline-header-block\" >\n\t\t\t\t\t\t\t<div id=\"timeline-item-4272\" class=\"timeline-header\" style=\"\"><h3 class=\"ult-timeline-title ult-responsive\"  data-ultimate-target='#timeline-item-4272 .ult-timeline-title'  data-responsive-json-new='{\"font-size\":\"desktop:26px;\",\"line-height\":\"desktop:30px;\"}'  style=\"\">1597<\/h3><div class=\"ult-responsive timeline-item-spt\"  data-ultimate-target='#timeline-item-4272 .timeline-item-spt'  data-responsive-json-new='{\"font-size\":\"desktop:20px;\",\"line-height\":\"desktop:24px;\"}'  style=\"\">Januarja so pri\u0161li iz Gradca v Ljubljano prvi trije jezuiti. Za njihovo naselitev naj bi si prizadeval \u017ee ljubljanski \u0161kof Urban Textor (1543\u20131558), naselili pa so se po ve\u010dletnih prizadevanjih \u0161kofa Janeza Tav\u010darja (1580\u20131597), ki se je v mladosti \u0161olal na dunajskem jezuitskem kolegiju.<\/p>\n<p>Jezuiti so za gradnjo kolegija dobili prostor pri cerkvi sv. Jakoba, kjer je pred tem deloval avgu\u0161tinski samostan (1494\u20131555), kasneje pa dvorni ali cesarski \u0161pital (1555\u20131597). Staro cerkev sv. Jakoba so delno uredili, podrli pa so prostore ubo\u017enice. Ker so potrebovali ve\u010d prostora, jim je moral opat cistercijanskega samostana Kostanjevica na Krki podariti samostansko hi\u0161o ob cerkvi, ljubljanski \u0161kof Janez Tav\u010dar pa jim je kupil \u0161e dve sosednji hi\u0161i. Sami naj bi kupili kar trideset po ve\u010dini lesenih in \u017ee prej opu\u0161\u010denih hi\u0161.<\/p>\n<p>Jezuitski kompleks je bil zgrajen kot enovit prostor s cerkvijo in s kolegijem. Stavbe kolegija so bile zgrajene v obliki kvadrata. Na sredini dvori\u0161\u010da je bil zid, ki je lo\u010deval samostansko dvori\u0161\u010de na vzhodni strani od \u0161olskega atrija na zahodni strani dvori\u0161\u010da.<\/div><\/div> <!-- header --><\/div><\/div><div class=\"timeline-block \"><div class=\"timeline-dot\"><\/div><div class=\"ult-timeline-arrow\"><s><\/s><l><\/l><\/div><div class=\"timeline-icon-block\"><div class=\"ult-timeline-icon tl-icon-no-bg\" style=\"   \"><\/div> <!-- icon --><\/div><div class=\"timeline-header-block\" >\n\t\t\t\t\t\t\t<div id=\"timeline-item-5648\" class=\"timeline-header\" style=\"\"><h3 class=\"ult-timeline-title ult-responsive\"  data-ultimate-target='#timeline-item-5648 .ult-timeline-title'  data-responsive-json-new='{\"font-size\":\"desktop:26px;\",\"line-height\":\"desktop:30px;\"}'  style=\"\">Danes<\/h3><div class=\"ult-responsive timeline-item-spt\"  data-ultimate-target='#timeline-item-5648 .timeline-item-spt'  data-responsive-json-new='{\"font-size\":\"desktop:20px;\",\"line-height\":\"desktop:24px;\"}'  style=\"\">Jezuiti v Sloveniji delujejo v:<\/p>\n<ul>\n<li>Ljubljani v Dravljah, kjer je Provincialat Dru\u017ebe Jezusove,<\/li>\n<li>pri sv. Jakobu na Gornjem trgu, kjer je bila prva jezuitska postojanka na Slovenskem,<\/li>\n<li>pri sv. Jo\u017eefu na Poljanah, kjer je narodno sveti\u0161\u010de svetega Jo\u017eefa,<\/li>\n<li>ter v Mariboru pri sv. Magdaleni.<\/li>\n<\/ul>\n<p>Jezuiti vodijo tudi \u017eupnije Radlje ob Dravi, Radenci,\u00a0 Muta, Pernice in Sv. Jernej nad Muto. Slovenski jezuiti so prisotni tudi v Franciji in Italiji, kot misijonarji pa v Zambiji in Malaviju. Dva sta tudi \u010dlana Ruske regije DJ, ki je pridru\u017eena Severnopoljski provinci Dru\u017ebe Jezusove (RUS-PMA).<\/div><\/div> <!-- header --><\/div><\/div><\/div><\/div>[\/vc_column][\/vc_row]<\/p>\n<\/div>","protected":false},"excerpt":{"rendered":"<p>[vc_row][vc_column][\/vc_column][\/vc_row]<\/p>\n","protected":false},"author":1,"featured_media":0,"parent":279,"menu_order":0,"comment_status":"closed","ping_status":"closed","template":"","meta":{"give_campaign_id":0,"footnotes":""},"class_list":["post-292","page","type-page","status-publish","hentry","description-off"],"yoast_head":"<!-- This site is optimized with the Yoast SEO plugin v27.5 - https:\/\/yoast.com\/product\/yoast-seo-wordpress\/ -->\n<title>Kratka zgodovina Dru\u017ebe Jezusove - Jezuitov - Cerkev sv. Jakoba - baro\u010dna lepotica v srcu Ljubljane<\/title>\n<meta name=\"robots\" content=\"index, follow, max-snippet:-1, max-image-preview:large, max-video-preview:-1\" \/>\n<link rel=\"canonical\" href=\"https:\/\/stjames.si\/si\/zgodovina\/kratka-zgodovina-druzbe-jezusove-jezuitov\/\" \/>\n<meta property=\"og:locale\" content=\"sl_SI\" \/>\n<meta property=\"og:type\" content=\"article\" \/>\n<meta property=\"og:title\" content=\"Kratka zgodovina Dru\u017ebe Jezusove - Jezuitov - Cerkev sv. Jakoba - baro\u010dna lepotica v srcu Ljubljane\" \/>\n<meta property=\"og:description\" content=\"[vc_row][vc_column][\/vc_column][\/vc_row]\" \/>\n<meta property=\"og:url\" content=\"https:\/\/stjames.si\/si\/zgodovina\/kratka-zgodovina-druzbe-jezusove-jezuitov\/\" \/>\n<meta property=\"og:site_name\" content=\"Cerkev sv. Jakoba - baro\u010dna lepotica v srcu Ljubljane\" \/>\n<meta property=\"article:modified_time\" content=\"2025-08-15T14:11:19+00:00\" \/>\n<meta name=\"twitter:card\" content=\"summary_large_image\" \/>\n<meta name=\"twitter:label1\" content=\"Est. reading time\" \/>\n\t<meta name=\"twitter:data1\" content=\"5 minut\" \/>\n<script type=\"application\/ld+json\" class=\"yoast-schema-graph\">{\"@context\":\"https:\\\/\\\/schema.org\",\"@graph\":[{\"@type\":\"WebPage\",\"@id\":\"https:\\\/\\\/stjames.si\\\/si\\\/zgodovina\\\/kratka-zgodovina-druzbe-jezusove-jezuitov\\\/\",\"url\":\"https:\\\/\\\/stjames.si\\\/si\\\/zgodovina\\\/kratka-zgodovina-druzbe-jezusove-jezuitov\\\/\",\"name\":\"Kratka zgodovina Dru\u017ebe Jezusove - Jezuitov - Cerkev sv. Jakoba - baro\u010dna lepotica v srcu Ljubljane\",\"isPartOf\":{\"@id\":\"https:\\\/\\\/stjames.si\\\/si\\\/#website\"},\"primaryImageOfPage\":{\"@id\":\"https:\\\/\\\/stjames.si\\\/si\\\/zgodovina\\\/kratka-zgodovina-druzbe-jezusove-jezuitov\\\/#primaryimage\"},\"image\":{\"@id\":\"https:\\\/\\\/stjames.si\\\/si\\\/zgodovina\\\/kratka-zgodovina-druzbe-jezusove-jezuitov\\\/#primaryimage\"},\"thumbnailUrl\":\"https:\\\/\\\/stjames.si\\\/wp-content\\\/uploads\\\/2025\\\/06\\\/ignacij-231x300.jpg\",\"datePublished\":\"2025-08-01T12:24:18+00:00\",\"dateModified\":\"2025-08-15T14:11:19+00:00\",\"breadcrumb\":{\"@id\":\"https:\\\/\\\/stjames.si\\\/si\\\/zgodovina\\\/kratka-zgodovina-druzbe-jezusove-jezuitov\\\/#breadcrumb\"},\"inLanguage\":\"sl-SI\",\"potentialAction\":[{\"@type\":\"ReadAction\",\"target\":[\"https:\\\/\\\/stjames.si\\\/si\\\/zgodovina\\\/kratka-zgodovina-druzbe-jezusove-jezuitov\\\/\"]}]},{\"@type\":\"ImageObject\",\"inLanguage\":\"sl-SI\",\"@id\":\"https:\\\/\\\/stjames.si\\\/si\\\/zgodovina\\\/kratka-zgodovina-druzbe-jezusove-jezuitov\\\/#primaryimage\",\"url\":\"https:\\\/\\\/stjames.si\\\/wp-content\\\/uploads\\\/2025\\\/06\\\/ignacij-231x300.jpg\",\"contentUrl\":\"https:\\\/\\\/stjames.si\\\/wp-content\\\/uploads\\\/2025\\\/06\\\/ignacij-231x300.jpg\"},{\"@type\":\"BreadcrumbList\",\"@id\":\"https:\\\/\\\/stjames.si\\\/si\\\/zgodovina\\\/kratka-zgodovina-druzbe-jezusove-jezuitov\\\/#breadcrumb\",\"itemListElement\":[{\"@type\":\"ListItem\",\"position\":1,\"name\":\"Home\",\"item\":\"https:\\\/\\\/stjames.si\\\/si\\\/\"},{\"@type\":\"ListItem\",\"position\":2,\"name\":\"Zgodovina\",\"item\":\"https:\\\/\\\/stjames.si\\\/si\\\/zgodovina\\\/\"},{\"@type\":\"ListItem\",\"position\":3,\"name\":\"Kratka zgodovina Dru\u017ebe Jezusove &#8211; Jezuitov\"}]},{\"@type\":\"WebSite\",\"@id\":\"https:\\\/\\\/stjames.si\\\/si\\\/#website\",\"url\":\"https:\\\/\\\/stjames.si\\\/si\\\/\",\"name\":\"Cerkev sv. Jakoba - baro\u010dna lepotica v srcu Ljubljane\",\"description\":\"\",\"potentialAction\":[{\"@type\":\"SearchAction\",\"target\":{\"@type\":\"EntryPoint\",\"urlTemplate\":\"https:\\\/\\\/stjames.si\\\/si\\\/?s={search_term_string}\"},\"query-input\":{\"@type\":\"PropertyValueSpecification\",\"valueRequired\":true,\"valueName\":\"search_term_string\"}}],\"inLanguage\":\"sl-SI\"}]}<\/script>\n<!-- \/ Yoast SEO plugin. -->","yoast_head_json":{"title":"Kratka zgodovina Dru\u017ebe Jezusove - Jezuitov - Cerkev sv. Jakoba - baro\u010dna lepotica v srcu Ljubljane","robots":{"index":"index","follow":"follow","max-snippet":"max-snippet:-1","max-image-preview":"max-image-preview:large","max-video-preview":"max-video-preview:-1"},"canonical":"https:\/\/stjames.si\/si\/zgodovina\/kratka-zgodovina-druzbe-jezusove-jezuitov\/","og_locale":"sl_SI","og_type":"article","og_title":"Kratka zgodovina Dru\u017ebe Jezusove - Jezuitov - Cerkev sv. Jakoba - baro\u010dna lepotica v srcu Ljubljane","og_description":"[vc_row][vc_column][\/vc_column][\/vc_row]","og_url":"https:\/\/stjames.si\/si\/zgodovina\/kratka-zgodovina-druzbe-jezusove-jezuitov\/","og_site_name":"Cerkev sv. Jakoba - baro\u010dna lepotica v srcu Ljubljane","article_modified_time":"2025-08-15T14:11:19+00:00","twitter_card":"summary_large_image","twitter_misc":{"Est. reading time":"5 minut"},"schema":{"@context":"https:\/\/schema.org","@graph":[{"@type":"WebPage","@id":"https:\/\/stjames.si\/si\/zgodovina\/kratka-zgodovina-druzbe-jezusove-jezuitov\/","url":"https:\/\/stjames.si\/si\/zgodovina\/kratka-zgodovina-druzbe-jezusove-jezuitov\/","name":"Kratka zgodovina Dru\u017ebe Jezusove - Jezuitov - Cerkev sv. Jakoba - baro\u010dna lepotica v srcu Ljubljane","isPartOf":{"@id":"https:\/\/stjames.si\/si\/#website"},"primaryImageOfPage":{"@id":"https:\/\/stjames.si\/si\/zgodovina\/kratka-zgodovina-druzbe-jezusove-jezuitov\/#primaryimage"},"image":{"@id":"https:\/\/stjames.si\/si\/zgodovina\/kratka-zgodovina-druzbe-jezusove-jezuitov\/#primaryimage"},"thumbnailUrl":"https:\/\/stjames.si\/wp-content\/uploads\/2025\/06\/ignacij-231x300.jpg","datePublished":"2025-08-01T12:24:18+00:00","dateModified":"2025-08-15T14:11:19+00:00","breadcrumb":{"@id":"https:\/\/stjames.si\/si\/zgodovina\/kratka-zgodovina-druzbe-jezusove-jezuitov\/#breadcrumb"},"inLanguage":"sl-SI","potentialAction":[{"@type":"ReadAction","target":["https:\/\/stjames.si\/si\/zgodovina\/kratka-zgodovina-druzbe-jezusove-jezuitov\/"]}]},{"@type":"ImageObject","inLanguage":"sl-SI","@id":"https:\/\/stjames.si\/si\/zgodovina\/kratka-zgodovina-druzbe-jezusove-jezuitov\/#primaryimage","url":"https:\/\/stjames.si\/wp-content\/uploads\/2025\/06\/ignacij-231x300.jpg","contentUrl":"https:\/\/stjames.si\/wp-content\/uploads\/2025\/06\/ignacij-231x300.jpg"},{"@type":"BreadcrumbList","@id":"https:\/\/stjames.si\/si\/zgodovina\/kratka-zgodovina-druzbe-jezusove-jezuitov\/#breadcrumb","itemListElement":[{"@type":"ListItem","position":1,"name":"Home","item":"https:\/\/stjames.si\/si\/"},{"@type":"ListItem","position":2,"name":"Zgodovina","item":"https:\/\/stjames.si\/si\/zgodovina\/"},{"@type":"ListItem","position":3,"name":"Kratka zgodovina Dru\u017ebe Jezusove &#8211; Jezuitov"}]},{"@type":"WebSite","@id":"https:\/\/stjames.si\/si\/#website","url":"https:\/\/stjames.si\/si\/","name":"Cerkev sv. Jakoba - baro\u010dna lepotica v srcu Ljubljane","description":"","potentialAction":[{"@type":"SearchAction","target":{"@type":"EntryPoint","urlTemplate":"https:\/\/stjames.si\/si\/?s={search_term_string}"},"query-input":{"@type":"PropertyValueSpecification","valueRequired":true,"valueName":"search_term_string"}}],"inLanguage":"sl-SI"}]}},"campaignId":"","_links":{"self":[{"href":"https:\/\/stjames.si\/si\/wp-json\/wp\/v2\/pages\/292","targetHints":{"allow":["GET"]}}],"collection":[{"href":"https:\/\/stjames.si\/si\/wp-json\/wp\/v2\/pages"}],"about":[{"href":"https:\/\/stjames.si\/si\/wp-json\/wp\/v2\/types\/page"}],"author":[{"embeddable":true,"href":"https:\/\/stjames.si\/si\/wp-json\/wp\/v2\/users\/1"}],"replies":[{"embeddable":true,"href":"https:\/\/stjames.si\/si\/wp-json\/wp\/v2\/comments?post=292"}],"version-history":[{"count":9,"href":"https:\/\/stjames.si\/si\/wp-json\/wp\/v2\/pages\/292\/revisions"}],"predecessor-version":[{"id":813,"href":"https:\/\/stjames.si\/si\/wp-json\/wp\/v2\/pages\/292\/revisions\/813"}],"up":[{"embeddable":true,"href":"https:\/\/stjames.si\/si\/wp-json\/wp\/v2\/pages\/279"}],"wp:attachment":[{"href":"https:\/\/stjames.si\/si\/wp-json\/wp\/v2\/media?parent=292"}],"curies":[{"name":"wp","href":"https:\/\/api.w.org\/{rel}","templated":true}]}}