{"id":296,"date":"2025-08-01T14:25:43","date_gmt":"2025-08-01T12:25:43","guid":{"rendered":"https:\/\/stjames.si\/si\/?page_id=296"},"modified":"2026-04-01T21:50:56","modified_gmt":"2026-04-01T19:50:56","slug":"obisci-cerkev","status":"publish","type":"page","link":"https:\/\/stjames.si\/si\/obisci-cerkev\/","title":{"rendered":"Obi\u0161\u010di cerkev"},"content":{"rendered":"<div class=\"wpb-content-wrapper\"><p>[vc_row type=&#8221;1&#8243; margin_top=&#8221;-70px&#8221; padding_top=&#8221;40px&#8221; bg_repeat=&#8221;repeat-y&#8221;][vc_column][vc_row_inner][vc_column_inner width=&#8221;2\/3&#8243;][vc_column_text css=&#8221;&#8221; el_id=&#8221;goldnaslov&#8221;]<\/p>\n<h2>Zakaj je vredno obiskati cerkev?<\/h2>\n<p>[\/vc_column_text][vc_column_text css=&#8221;&#8221;]<strong>Cerkev sv. Jakoba<\/strong>\u00a0je ena najpomembnej\u0161ih sakralnih in umetnostno-zgodovinskih stavb v Ljubljani. Ob svoji izgradnji je bila <strong>najve\u010dja cerkev v mestu<\/strong>, stoletja pa je slu\u017eila kot <strong>kulturno, duhovno in izobra\u017eevalno sredi\u0161\u010de<\/strong>, ki je oblikovalo \u017eivljenja \u0161tevilnih vplivnih osebnosti svojega \u010dasa.<\/p>\n<p>Danes cerkev \u0161e naprej navdihuje obiskovalce \u2014 ne le s svojo lepoto, temve\u010d tudi z<strong> vodenimi ogledi<\/strong>, ki vabijo k poglobljenemu razmisleku in razumevanju <strong>umetnosti, prostora in duhovne dedi\u0161\u010dine<\/strong>.[\/vc_column_text][vc_single_image image=&#8221;255&#8243; img_size=&#8221;full&#8221; css=&#8221;&#8221; image_hovers=&#8221;false&#8221;][vc_column_text css=&#8221;&#8221;]<\/p>\n<h2><span style=\"color: #a79469;\">Med obiskom boste spoznali:<\/span><\/h2>\n<ul>\n<li><strong>Glavni oltar Francesca Robbe<\/strong>, mojstrovino baro\u010dne kiparske umetnosti v Ljubljani, z monumentalnimi angeli v adoraciji in sedemnajstimi kipi iz kararskega marmorja.<\/li>\n<li><strong>Baro\u010dni oltar sv. Jo\u017eefa<\/strong>, z dinami\u010dnimi marmornimi kipi Angela de Putti in sliko\u00a0<em>Smrt sv. Jo\u017eefa<\/em>\u00a0avtorja Franza Karla Remba.<\/li>\n<li><strong>Oltar sv. Kri\u017ea<\/strong>, eden najstarej\u0161ih kamnitih baro\u010dnih oltarjev na Kranjskem, znan po dramati\u010dnem reliefu mrtvega Kristusa, ki ga je ustvaril Matthias Hendrichx.<\/li>\n<li><strong>Edinstveno kapelo sv. Fran\u010di\u0161ka Ksaverija<\/strong>, bogato okra\u0161eno s \u0161tukaturo, slikami iz svetnikovega \u017eivljenja in marmornim oltarjem, ki so ga izdelali bene\u0161ki kiparji \u2014 bratje Groppelli, Jacopo Contieri in Angelo de Putti.<\/li>\n<li><strong>Slavne Gor\u0161i\u010deve orgle iz leta 1883<\/strong>, eno najpomembnej\u0161ih sakralnih glasbil v Ljubljani, cenjene zaradi svoje zgodovinske in glasbene vrednosti.<\/li>\n<\/ul>\n<p><strong>Cerkev sv. Jakoba je resni\u010dno kulturni zaklad Ljubljane.<\/strong>\u00a0Z vodenimi ogledi \u017eelimo to dedi\u0161\u010dino pribli\u017eati tako doma\u010dim kot tujim obiskovalcem \u2014 ne le kot umetni\u0161ki dragulj, temve\u010d kot prostor globokega do\u017eivetja in duhovnega sre\u010danja.[\/vc_column_text][\/vc_column_inner][vc_column_inner width=&#8221;1\/3&#8243;][vc_column_text css=&#8221;.vc_custom_1754753751543{padding-top: 30px !important;padding-right: 30px !important;padding-bottom: 30px !important;padding-left: 30px !important;background-color: #663333 !important;}&#8221; el_class=&#8221;whitetext&#8221; el_id=&#8221;whitetext&#8221;]<\/p>\n<h3><span style=\"color: #ffffff;\">Informacije za obiskovalce<\/span><\/h3>\n<h4><span style=\"color: #ffffff;\">Nakup vstopnic<\/span><\/h4>\n<p>Vse vstopnice so trenutno na voljo\u00a0<strong>izklju\u010dno na kraju samem<\/strong>\u00a0v cerkvi sv. Jakoba.<\/p>\n<p>Pla\u010dilo je mo\u017eno z gotovino ali kartico.<\/p>\n<div class=\"hr-thin\"><\/div>\n<h4><span style=\"color: #ffffff;\">Samostojni ogledi<\/span><\/h4>\n<p>Za posameznike ali skupine, ki \u017eelijo cerkev raziskati samostojno,\u00a0<strong>ni potrebna predhodna prijava<\/strong>.<\/p>\n<div class=\"hr-thin\"><\/div>\n<p><strong>Ure obiskov<\/strong><\/p>\n<p>Ponedeljek do sobota: 13.00\u201318.00<br \/>\nNedelje in dr\u017eavni prazniki: 15.00\u201318.00<br \/>\nUre odprtja se lahko spremenijo zaradi liturgi\u010dnih obredov.<\/p>\n<div class=\"hr-thin\"><\/div>\n<p><strong>Vstopnina<\/strong><\/p>\n<p>Odrasli: 3,00 \u20ac<br \/>\nOtroci (do 14 let): brezpla\u010dno<\/p>\n<div class=\"hr-thin\"><\/div>\n<h4><span style=\"color: #ffffff;\">Skupinski obiski in vodeni ogledi<\/span><\/h4>\n<p>Vodeni ogledi so na voljo za skupine 15 ali ve\u010d oseb, vklju\u010dno s \u0161olskimi skupinami.<\/p>\n<p>Za rezervacijo vodenega ogleda po\u0161ljite pisno povpra\u0161evanje na:<\/p>\n<p><strong><a class=\"fui-Link ___w5et180 f2hkw1w f3rmtva f1ewtqcl fyind8e f1k6fduh f1w7gpdv f1mo0ibp fjoy568 ff5ikls f1s184ao f1mk8lai fnbmjn9 f1o700av f13mvf36 f1cmlufx f9n3di6 f1ids18y f1tx3yz7 f1deo86v f1eh06m1 f1iescvh fhgqx19 f1olyrje f1p93eir f1nev41a\" tabindex=\"0\" href=\"mailto:sv.jakob.lj@gmail.com\" target=\"_blank\" rel=\"noopener\" data-tabster=\"{&quot;restorer&quot;:{&quot;type&quot;:1}}\">sv.jakob.lj@gmail.com<\/a><\/strong><br \/>\n<strong>+386 64 178 014<\/strong><\/p>\n<p><strong>\u0160olske skupine (30 minut):<\/strong><br \/>\n2,00 \u20ac na u\u010denca (do 14 let)<br \/>\n3,00 \u20ac na u\u010denca (starost 14\u201318 let)<\/p>\n<div class=\"hr-thin\"><\/div>\n<h4><strong><span style=\"color: #ffffff;\">Avdio vodi\u010d na voljo preko:<\/span><\/strong><\/h4>\n<h4><\/h4>\n<p><img loading=\"lazy\" decoding=\"async\" class=\"alignnone size-full wp-image-866\" src=\"https:\/\/stjames.si\/wp-content\/uploads\/2025\/07\/Logo-SmartGuide-horizontal-white.png\" alt=\"\" width=\"198\" height=\"45\" \/><\/p>\n<p>Prenesi si mobilno aplikacijo<\/p>\n<div class=\"hr-thin\"><\/div>\n<table style=\"border-collapse: collapse; width: 100%; border: 0px;\">\n<tbody>\n<tr>\n<td style=\"width: 50%;\"><a href=\"https:\/\/apps.apple.com\/us\/app\/smartguide-travel-guide-map\/id318062323\" target=\"_blank\" rel=\"noopener\"><img loading=\"lazy\" decoding=\"async\" class=\"alignnone size-medium wp-image-867\" src=\"https:\/\/stjames.si\/wp-content\/uploads\/2025\/07\/button_apple-300x98.png\" alt=\"\" width=\"300\" height=\"98\" \/><\/a><\/td>\n<td style=\"width: 50%;\"><a href=\"https:\/\/play.google.com\/store\/apps\/details?id=org.smart_guide.smartguide.T_00007\" target=\"_blank\" rel=\"noopener\"><img loading=\"lazy\" decoding=\"async\" class=\"alignnone size-medium wp-image-868\" src=\"https:\/\/stjames.si\/wp-content\/uploads\/2025\/07\/button_google-300x98.png\" alt=\"\" width=\"300\" height=\"98\" \/><\/a><\/td>\n<\/tr>\n<\/tbody>\n<\/table>\n<p>[\/vc_column_text][\/vc_column_inner][\/vc_row_inner][\/vc_column][\/vc_row][vc_row type=&#8221;2&#8243; padding_top=&#8221;40px&#8221; padding_bottom=&#8221;30px&#8221;][vc_column width=&#8221;1\/5&#8243;]<div tabindex=\"0\" class=\"ult-new-ib ult-ib-effect-style13 roundcorners ult-ib-resp  \" data-min-width=\"768\" data-max-width=\"900\" style=\"background:#000000;\" data-opacity=\"0.7\" data-hover-opacity=\"0.5\" ><img decoding=\"async\" class=\"ult-new-ib-img\" style=\"opacity:0.7;\" alt=\"null\" src=\"https:\/\/stjames.si\/wp-content\/uploads\/2025\/06\/stjames_p2.jpg\"   \/><div id=\"interactive-banner-wrap-9965\" class=\"ult-new-ib-desc\" style=\"\"><h1 class=\"ult-new-ib-title ult-responsive\"  data-ultimate-target='#interactive-banner-wrap-9965 .ult-new-ib-title'  data-responsive-json-new='{\"font-size\":\"desktop:28px;\",\"line-height\":\"desktop:28px;\"}'  style=\"font-weight:bold;\">Kapela sv. Fran\u010di\u0161ka Ksaverija<\/h1><\/div><a class=\"ult-new-ib-link\" href=\"https:\/\/stjames.si\/si\/obisci-cerkev\/kapela-svetega-franciska-ksaverija\/\" title=\"Kapela sv. Fran\u010di\u0161ka Ksaverija\"  ><\/a><\/div>[\/vc_column][vc_column width=&#8221;1\/5&#8243;]<div tabindex=\"0\" class=\"ult-new-ib ult-ib-effect-style13 roundcorners ult-ib-resp  \" data-min-width=\"768\" data-max-width=\"900\" style=\"background:#000000;\" data-opacity=\"0.7\" data-hover-opacity=\"0.5\" ><img decoding=\"async\" class=\"ult-new-ib-img\" style=\"opacity:0.7;\" alt=\"null\" src=\"https:\/\/stjames.si\/wp-content\/uploads\/2025\/06\/stjames_p7.jpg\"   \/><div id=\"interactive-banner-wrap-9158\" class=\"ult-new-ib-desc\" style=\"\"><h1 class=\"ult-new-ib-title ult-responsive\"  data-ultimate-target='#interactive-banner-wrap-9158 .ult-new-ib-title'  data-responsive-json-new='{\"font-size\":\"desktop:28px;\",\"line-height\":\"desktop:28px;\"}'  style=\"font-weight:bold;\">Oltarji<\/h1><\/div><a class=\"ult-new-ib-link\" href=\"https:\/\/stjames.si\/si\/obisci-cerkev\/oltarji\/\" title=\"Oltarji\"  ><\/a><\/div>[\/vc_column][vc_column width=&#8221;1\/5&#8243;]<div tabindex=\"0\" class=\"ult-new-ib ult-ib-effect-style13 roundcorners ult-ib-resp  \" data-min-width=\"768\" data-max-width=\"900\" style=\"background:#000000;\" data-opacity=\"0.7\" data-hover-opacity=\"0.5\" ><img decoding=\"async\" class=\"ult-new-ib-img\" style=\"opacity:0.7;\" alt=\"null\" src=\"https:\/\/stjames.si\/wp-content\/uploads\/2025\/07\/Architecture.jpg\"   \/><div id=\"interactive-banner-wrap-6302\" class=\"ult-new-ib-desc\" style=\"\"><h1 class=\"ult-new-ib-title ult-responsive\"  data-ultimate-target='#interactive-banner-wrap-6302 .ult-new-ib-title'  data-responsive-json-new='{\"font-size\":\"desktop:28px;\",\"line-height\":\"desktop:28px;\"}'  style=\"font-weight:bold;\">Arhitektura<\/h1><\/div><a class=\"ult-new-ib-link\" href=\"https:\/\/stjames.si\/si\/obisci-cerkev\/arhitektura\/\" title=\"Arhitektura\"  ><\/a><\/div>[\/vc_column][vc_column width=&#8221;1\/5&#8243;]<div tabindex=\"0\" class=\"ult-new-ib ult-ib-effect-style13 roundcorners ult-ib-resp  \" data-min-width=\"768\" data-max-width=\"900\" style=\"background:#000000;\" data-opacity=\"0.7\" data-hover-opacity=\"0.5\" ><img decoding=\"async\" class=\"ult-new-ib-img\" style=\"opacity:0.7;\" alt=\"null\" src=\"https:\/\/stjames.si\/wp-content\/uploads\/2025\/07\/threasury1.jpg\"   \/><div id=\"interactive-banner-wrap-4409\" class=\"ult-new-ib-desc\" style=\"\"><h1 class=\"ult-new-ib-title ult-responsive\"  data-ultimate-target='#interactive-banner-wrap-4409 .ult-new-ib-title'  data-responsive-json-new='{\"font-size\":\"desktop:28px;\",\"line-height\":\"desktop:28px;\"}'  style=\"font-weight:bold;\">Zakladnica<\/h1><\/div><a class=\"ult-new-ib-link\" href=\"https:\/\/stjames.si\/si\/zakladnica-cerkve-sv-jakoba\/\" title=\"Zakladnica\"  ><\/a><\/div>[\/vc_column][vc_column width=&#8221;1\/5&#8243;]<div tabindex=\"0\" class=\"ult-new-ib ult-ib-effect-style13 roundcorners ult-ib-resp  \" data-min-width=\"768\" data-max-width=\"900\" style=\"background:#000000;\" data-opacity=\"0.7\" data-hover-opacity=\"0.5\" ><img decoding=\"async\" class=\"ult-new-ib-img\" style=\"opacity:0.7;\" alt=\"null\" src=\"https:\/\/stjames.si\/wp-content\/uploads\/2025\/07\/organs.jpg\"   \/><div id=\"interactive-banner-wrap-1886\" class=\"ult-new-ib-desc\" style=\"\"><h1 class=\"ult-new-ib-title ult-responsive\"  data-ultimate-target='#interactive-banner-wrap-1886 .ult-new-ib-title'  data-responsive-json-new='{\"font-size\":\"desktop:28px;\",\"line-height\":\"desktop:28px;\"}'  style=\"font-weight:bold;\">Orgle<\/h1><\/div><a class=\"ult-new-ib-link\" href=\"https:\/\/stjames.si\/si\/zgodovina\/orgle\/\" title=\"Orgle\"  ><\/a><\/div>[\/vc_column][\/vc_row][vc_row type=&#8221;2&#8243; margin_bottom=&#8221;-70px&#8221; padding_top=&#8221;10px&#8221; padding_bottom=&#8221;30px&#8221;][vc_column][vc_single_image image=&#8221;142&#8243; img_size=&#8221;full&#8221; alignment=&#8221;center&#8221; css=&#8221;&#8221; image_hovers=&#8221;false&#8221;][\/vc_column][\/vc_row]<\/p>\n<\/div>","protected":false},"excerpt":{"rendered":"<p>[vc_row type=&#8221;1&#8243; margin_top=&#8221;-70px&#8221; padding_top=&#8221;40px&#8221; bg_repeat=&#8221;repeat-y&#8221;][vc_column][vc_row_inner][vc_column_inner width=&#8221;2\/3&#8243;][vc_column_text css=&#8221;&#8221; el_id=&#8221;goldnaslov&#8221;] Zakaj je vredno obiskati cerkev? [\/vc_column_text][vc_column_text css=&#8221;&#8221;]Cerkev sv. Jakoba\u00a0je ena najpomembnej\u0161ih sakralnih in umetnostno-zgodovinskih stavb v Ljubljani. Ob svoji izgradnji je bila&hellip;<\/p>\n","protected":false},"author":1,"featured_media":0,"parent":0,"menu_order":0,"comment_status":"closed","ping_status":"closed","template":"","meta":{"give_campaign_id":0,"footnotes":""},"class_list":["post-296","page","type-page","status-publish","hentry","description-off"],"yoast_head":"<!-- This site is optimized with the Yoast SEO plugin v27.5 - https:\/\/yoast.com\/product\/yoast-seo-wordpress\/ -->\n<title>Obi\u0161\u010di cerkev - Cerkev sv. Jakoba - baro\u010dna lepotica v srcu Ljubljane<\/title>\n<meta name=\"robots\" content=\"index, follow, max-snippet:-1, max-image-preview:large, max-video-preview:-1\" \/>\n<link rel=\"canonical\" href=\"https:\/\/stjames.si\/si\/obisci-cerkev\/\" \/>\n<meta property=\"og:locale\" content=\"sl_SI\" \/>\n<meta property=\"og:type\" content=\"article\" \/>\n<meta property=\"og:title\" content=\"Obi\u0161\u010di cerkev - Cerkev sv. Jakoba - baro\u010dna lepotica v srcu Ljubljane\" \/>\n<meta property=\"og:description\" content=\"[vc_row type=&#8221;1&#8243; margin_top=&#8221;-70px&#8221; padding_top=&#8221;40px&#8221; bg_repeat=&#8221;repeat-y&#8221;][vc_column][vc_row_inner][vc_column_inner width=&#8221;2\/3&#8243;][vc_column_text css=&#8221;&#8221; el_id=&#8221;goldnaslov&#8221;] Zakaj je vredno obiskati cerkev? [\/vc_column_text][vc_column_text css=&#8221;&#8221;]Cerkev sv. Jakoba\u00a0je ena najpomembnej\u0161ih sakralnih in umetnostno-zgodovinskih stavb v Ljubljani. Ob svoji izgradnji je bila&hellip;\" \/>\n<meta property=\"og:url\" content=\"https:\/\/stjames.si\/si\/obisci-cerkev\/\" \/>\n<meta property=\"og:site_name\" content=\"Cerkev sv. Jakoba - baro\u010dna lepotica v srcu Ljubljane\" \/>\n<meta property=\"article:modified_time\" content=\"2026-04-01T19:50:56+00:00\" \/>\n<meta property=\"og:image\" content=\"https:\/\/stjames.si\/wp-content\/uploads\/2025\/07\/Logo-SmartGuide-horizontal-white.png\" \/>\n<meta name=\"twitter:card\" content=\"summary_large_image\" \/>\n<meta name=\"twitter:label1\" content=\"Est. reading time\" \/>\n\t<meta name=\"twitter:data1\" content=\"4 minute\" \/>\n<script type=\"application\/ld+json\" class=\"yoast-schema-graph\">{\"@context\":\"https:\\\/\\\/schema.org\",\"@graph\":[{\"@type\":\"WebPage\",\"@id\":\"https:\\\/\\\/stjames.si\\\/si\\\/obisci-cerkev\\\/\",\"url\":\"https:\\\/\\\/stjames.si\\\/si\\\/obisci-cerkev\\\/\",\"name\":\"Obi\u0161\u010di cerkev - Cerkev sv. Jakoba - baro\u010dna lepotica v srcu Ljubljane\",\"isPartOf\":{\"@id\":\"https:\\\/\\\/stjames.si\\\/si\\\/#website\"},\"primaryImageOfPage\":{\"@id\":\"https:\\\/\\\/stjames.si\\\/si\\\/obisci-cerkev\\\/#primaryimage\"},\"image\":{\"@id\":\"https:\\\/\\\/stjames.si\\\/si\\\/obisci-cerkev\\\/#primaryimage\"},\"thumbnailUrl\":\"https:\\\/\\\/stjames.si\\\/wp-content\\\/uploads\\\/2025\\\/07\\\/Logo-SmartGuide-horizontal-white.png\",\"datePublished\":\"2025-08-01T12:25:43+00:00\",\"dateModified\":\"2026-04-01T19:50:56+00:00\",\"breadcrumb\":{\"@id\":\"https:\\\/\\\/stjames.si\\\/si\\\/obisci-cerkev\\\/#breadcrumb\"},\"inLanguage\":\"sl-SI\",\"potentialAction\":[{\"@type\":\"ReadAction\",\"target\":[\"https:\\\/\\\/stjames.si\\\/si\\\/obisci-cerkev\\\/\"]}]},{\"@type\":\"ImageObject\",\"inLanguage\":\"sl-SI\",\"@id\":\"https:\\\/\\\/stjames.si\\\/si\\\/obisci-cerkev\\\/#primaryimage\",\"url\":\"https:\\\/\\\/stjames.si\\\/wp-content\\\/uploads\\\/2025\\\/07\\\/Logo-SmartGuide-horizontal-white.png\",\"contentUrl\":\"https:\\\/\\\/stjames.si\\\/wp-content\\\/uploads\\\/2025\\\/07\\\/Logo-SmartGuide-horizontal-white.png\"},{\"@type\":\"BreadcrumbList\",\"@id\":\"https:\\\/\\\/stjames.si\\\/si\\\/obisci-cerkev\\\/#breadcrumb\",\"itemListElement\":[{\"@type\":\"ListItem\",\"position\":1,\"name\":\"Home\",\"item\":\"https:\\\/\\\/stjames.si\\\/si\\\/\"},{\"@type\":\"ListItem\",\"position\":2,\"name\":\"Obi\u0161\u010di cerkev\"}]},{\"@type\":\"WebSite\",\"@id\":\"https:\\\/\\\/stjames.si\\\/si\\\/#website\",\"url\":\"https:\\\/\\\/stjames.si\\\/si\\\/\",\"name\":\"Cerkev sv. Jakoba - baro\u010dna lepotica v srcu Ljubljane\",\"description\":\"\",\"potentialAction\":[{\"@type\":\"SearchAction\",\"target\":{\"@type\":\"EntryPoint\",\"urlTemplate\":\"https:\\\/\\\/stjames.si\\\/si\\\/?s={search_term_string}\"},\"query-input\":{\"@type\":\"PropertyValueSpecification\",\"valueRequired\":true,\"valueName\":\"search_term_string\"}}],\"inLanguage\":\"sl-SI\"}]}<\/script>\n<!-- \/ Yoast SEO plugin. -->","yoast_head_json":{"title":"Obi\u0161\u010di cerkev - Cerkev sv. Jakoba - baro\u010dna lepotica v srcu Ljubljane","robots":{"index":"index","follow":"follow","max-snippet":"max-snippet:-1","max-image-preview":"max-image-preview:large","max-video-preview":"max-video-preview:-1"},"canonical":"https:\/\/stjames.si\/si\/obisci-cerkev\/","og_locale":"sl_SI","og_type":"article","og_title":"Obi\u0161\u010di cerkev - Cerkev sv. Jakoba - baro\u010dna lepotica v srcu Ljubljane","og_description":"[vc_row type=&#8221;1&#8243; margin_top=&#8221;-70px&#8221; padding_top=&#8221;40px&#8221; bg_repeat=&#8221;repeat-y&#8221;][vc_column][vc_row_inner][vc_column_inner width=&#8221;2\/3&#8243;][vc_column_text css=&#8221;&#8221; el_id=&#8221;goldnaslov&#8221;] Zakaj je vredno obiskati cerkev? [\/vc_column_text][vc_column_text css=&#8221;&#8221;]Cerkev sv. Jakoba\u00a0je ena najpomembnej\u0161ih sakralnih in umetnostno-zgodovinskih stavb v Ljubljani. Ob svoji izgradnji je bila&hellip;","og_url":"https:\/\/stjames.si\/si\/obisci-cerkev\/","og_site_name":"Cerkev sv. Jakoba - baro\u010dna lepotica v srcu Ljubljane","article_modified_time":"2026-04-01T19:50:56+00:00","og_image":[{"url":"https:\/\/stjames.si\/wp-content\/uploads\/2025\/07\/Logo-SmartGuide-horizontal-white.png","type":"","width":"","height":""}],"twitter_card":"summary_large_image","twitter_misc":{"Est. reading time":"4 minute"},"schema":{"@context":"https:\/\/schema.org","@graph":[{"@type":"WebPage","@id":"https:\/\/stjames.si\/si\/obisci-cerkev\/","url":"https:\/\/stjames.si\/si\/obisci-cerkev\/","name":"Obi\u0161\u010di cerkev - Cerkev sv. Jakoba - baro\u010dna lepotica v srcu Ljubljane","isPartOf":{"@id":"https:\/\/stjames.si\/si\/#website"},"primaryImageOfPage":{"@id":"https:\/\/stjames.si\/si\/obisci-cerkev\/#primaryimage"},"image":{"@id":"https:\/\/stjames.si\/si\/obisci-cerkev\/#primaryimage"},"thumbnailUrl":"https:\/\/stjames.si\/wp-content\/uploads\/2025\/07\/Logo-SmartGuide-horizontal-white.png","datePublished":"2025-08-01T12:25:43+00:00","dateModified":"2026-04-01T19:50:56+00:00","breadcrumb":{"@id":"https:\/\/stjames.si\/si\/obisci-cerkev\/#breadcrumb"},"inLanguage":"sl-SI","potentialAction":[{"@type":"ReadAction","target":["https:\/\/stjames.si\/si\/obisci-cerkev\/"]}]},{"@type":"ImageObject","inLanguage":"sl-SI","@id":"https:\/\/stjames.si\/si\/obisci-cerkev\/#primaryimage","url":"https:\/\/stjames.si\/wp-content\/uploads\/2025\/07\/Logo-SmartGuide-horizontal-white.png","contentUrl":"https:\/\/stjames.si\/wp-content\/uploads\/2025\/07\/Logo-SmartGuide-horizontal-white.png"},{"@type":"BreadcrumbList","@id":"https:\/\/stjames.si\/si\/obisci-cerkev\/#breadcrumb","itemListElement":[{"@type":"ListItem","position":1,"name":"Home","item":"https:\/\/stjames.si\/si\/"},{"@type":"ListItem","position":2,"name":"Obi\u0161\u010di cerkev"}]},{"@type":"WebSite","@id":"https:\/\/stjames.si\/si\/#website","url":"https:\/\/stjames.si\/si\/","name":"Cerkev sv. Jakoba - baro\u010dna lepotica v srcu Ljubljane","description":"","potentialAction":[{"@type":"SearchAction","target":{"@type":"EntryPoint","urlTemplate":"https:\/\/stjames.si\/si\/?s={search_term_string}"},"query-input":{"@type":"PropertyValueSpecification","valueRequired":true,"valueName":"search_term_string"}}],"inLanguage":"sl-SI"}]}},"campaignId":"","_links":{"self":[{"href":"https:\/\/stjames.si\/si\/wp-json\/wp\/v2\/pages\/296","targetHints":{"allow":["GET"]}}],"collection":[{"href":"https:\/\/stjames.si\/si\/wp-json\/wp\/v2\/pages"}],"about":[{"href":"https:\/\/stjames.si\/si\/wp-json\/wp\/v2\/types\/page"}],"author":[{"embeddable":true,"href":"https:\/\/stjames.si\/si\/wp-json\/wp\/v2\/users\/1"}],"replies":[{"embeddable":true,"href":"https:\/\/stjames.si\/si\/wp-json\/wp\/v2\/comments?post=296"}],"version-history":[{"count":10,"href":"https:\/\/stjames.si\/si\/wp-json\/wp\/v2\/pages\/296\/revisions"}],"predecessor-version":[{"id":660,"href":"https:\/\/stjames.si\/si\/wp-json\/wp\/v2\/pages\/296\/revisions\/660"}],"wp:attachment":[{"href":"https:\/\/stjames.si\/si\/wp-json\/wp\/v2\/media?parent=296"}],"curies":[{"name":"wp","href":"https:\/\/api.w.org\/{rel}","templated":true}]}}