{"id":345,"date":"2025-08-01T14:58:12","date_gmt":"2025-08-01T12:58:12","guid":{"rendered":"https:\/\/stjames.si\/si\/?page_id=345"},"modified":"2026-04-21T21:25:07","modified_gmt":"2026-04-21T19:25:07","slug":"oltar-svetega-kriza","status":"publish","type":"page","link":"https:\/\/stjames.si\/si\/obisci-cerkev\/oltarji\/oltar-svetega-kriza\/","title":{"rendered":"Oltar Svetega Kri\u017ea"},"content":{"rendered":"<div class=\"wpb-content-wrapper\"><p>[vc_row margin_top=&#8221;-30px&#8221;][vc_column][vc_single_image image=&#8221;190&#8243; img_size=&#8221;full&#8221; alignment=&#8221;center&#8221; css=&#8221;&#8221;][\/vc_column][\/vc_row][vc_row][vc_column width=&#8221;1\/2&#8243;][vc_single_image image=&#8221;115&#8243; img_size=&#8221;full&#8221; onclick=&#8221;link_image&#8221; css=&#8221;&#8221;][\/vc_column][vc_column width=&#8221;1\/2&#8243;][vc_column_text css=&#8221;&#8221;]<strong>Oltar svetega Kri\u017ea iz leta 1678 je eden najstarej\u0161ih \u010drnomarmornatih baro\u010dnih oltarjev na Kranjskem. <\/strong><\/p>\n<p><strong>V osrednji ni\u0161i visi Kri\u017eani iz 19. stoletja, pod menzo pa je relief mrtvega Kristusa z angeli, delo Matthiasa Hendrichxa (1701). <\/strong><\/p>\n<p><strong>Oltar krasi \u0161e trojica baro\u010dnih angelov iz 18. stoletja ter slika \u017dalostne Matere Bo\u017eje, ki jo je leta 1860 naslikal Josef Plank. <\/strong><\/p>\n<p><strong>Arhitektura sledi bene\u0161kemu vplivu in iz\u017eareva zadr\u017eano baro\u010dno lepoto.<\/strong>[\/vc_column_text]<div class=\"ult_exp_section_layer ult-adjust-bottom-margin altartextalignleft\" >\n\t\t<div id=\"uvc-exp-wrap-2189\" role=\"button\" tabindex=\"0\" aria-pressed=\"false\"  data-ultimate-target='#uvc-exp-wrap-2189'  data-responsive-json-new='{\"font-size\":\"desktop:20px;\",\"line-height\":\"desktop:20px;\"}'  class=\"ult_exp_section  ult-responsive \" style=\"color:#333333;background-color:#dbdbdb; font-weight:normal;  text-align:left;\" data-textcolor=\"#333333\"data-texthover=\"#333333\"data-icncolor=\"#333333\"data-ihover=\"#333333\"data-height=\"0\"data-cntbg=\"#dbdbdb\"data-cnthvrbg=\"#e5e5e5\"data-headerbg=\"#dbdbdb\"data-headerhover=\"#e5e5e5\"data-title=\"Ve\u010d o oltarju...\"data-newtitle=\"Skrij\"data-icon=\"icomoon-the7-font-the7-expand-05\"data-newicon=\"icomoon-the7-font-the7-expand-09\"data-activeicon=\"#333333\"data-effect=\"slideToggle\"data-override=\"0\"data-activetitle=\"#333333\"data-activebg=\"#dbdbdb\"data-img=\"\"data-newimg=\"\"><div class=\"ult_exp_section-main ult_expleft_icon\">\t<div class=\"ult-just-icon-wrapper ult_exp_icon\">\n\t\t\t\t\t<div class=\"align-icon \">\n\t\t\t\t\t\t\n<span class=\"aio-icon  none  ult_expsection_icon \"  style=\"color:#333333;font-size:16px;\">\n\t<i class=\"icomoon-the7-font-the7-expand-05 ult_ex_icon\"  ><\/i>\n<\/span>\n\t\t\t\t\t<\/div>\n\t\t\t\t<\/div>\n\t\t\t\t<div class=\"ult_expheader\" >Ve\u010d o oltarju...\n\t\t\t\t<\/div>\n\t\t\t<\/div>\n\t\t<\/div><div class=\"ult_exp_content \" style=\"background-color:#dbdbdb;  \"><div class=\"ult_ecpsub_cont\" style=\" \" >[vc_column_text css=&#8221;&#8221;]Oltar svetega Kri\u017ea sodi med najstarej\u0161e primere \u010drnomarmornatih baro\u010dnih oltarjev na Kranjskem. Ustvarjen je bil leta 1678 po naro\u010dilu bratov\u0161\u010dine Kristusovega smrtnega boja. Arhitekturno in slogovno sledi italijanskemu, predvsem bene\u0161kemu vplivu, ki je v drugi polovici 17. stoletja zaznamoval sakralno umetnost v Ljubljani. Zasnova oltarja ka\u017ee sorodnosti z deli znamenite kamnose\u0161ke delavnice Mihaela Ku\u0161e, ki je v tistem \u010dasu delovala v Ljubljani in pomembno vplivala na razvoj baro\u010dnega oltarja v tem prostoru.<\/p>\n<p>Oltar je iz \u010drnega kamna in s svojo strogo, ploskovito obliko iz\u017eareva preprostost in trdnost. Njegova zasnova temelji na dveh parih gladkih stebrov, ki uokvirjajo trapezasto zaklju\u010deno ni\u0161o. Nad njo se dviga atika s segmentnim zaklju\u010dkom, kar ustvarja navpi\u010dno \u010dlenjenost in bogato silhueto. Kljub temni barvi kamenine je oltar po\u017eivljen z barvnimi kamnitimi detajli na menzi, podstavkih in notranjosti ni\u0161e. Arhitektura je stroga, a zadr\u017eano dekorativna, kar je zna\u010dilno za zgodnji barok.<\/p>\n<p>V sredi\u0161\u010du ni\u0161e je postavljeno razpelo \u2013 dana\u0161nji Kri\u017eani iz 19. stoletja ni ve\u010d izviren, vendar s svojimi poznogotskimi oblikovnimi potezami vzbuja dvom o dataciji. Zgornji del oltarja krasijo lesene figure angelov iz 18. stoletja: eden stoji na vrhu atike, dva pa kle\u010dita ob straneh in podpirata majhen baldahin. Ti dodatki z mehko modelacijo in \u010dustveno izraznostjo dopolnjujejo arhitekturno strukturo.<\/p>\n<p>Pod oltarno menzo se nahaja dragocen marmorni relief mrtvega Kristusa, ki ga obkro\u017eajo objokujo\u010di angeli. Relief je bil dodan leta 1701 in pripisan kiparju Matthiasu Hendrichxu, ki je bil aktiven tudi pri drugih oltarjih v isti cerkvi. Njegov slog se odlikuje po ob\u010dutljivem izrazu in realisti\u010dno izoblikovanih figurah.<\/p>\n<p>Menzo oltarja dopolnjuje tudi slika \u017dalostne Matere Bo\u017eje, delo dunajskega slikarja Josefa Planka iz leta 1860. Ta poznej\u0161i dodatek poglablja \u010dustveno sporo\u010dilnost oltarja, ki ostaja prostor kontemplacije Kristusovega trpljenja, so\u010dutja in vere.[\/vc_column_text]<\/div><\/div>\n\n\t\t\t<\/div>[vc_raw_html css=&#8221;&#8221;]JTNDZGl2JTIwY2xhc3MlM0QlMjJhdWRpby1jb250cm9scyUyMiUzRSUwRCUwQSUyMCUyMCUyMCUyMCUyMCUyMCUyMCUyMCUyMCUyMCUyMCUyMCUyMCUyMCUyMCUyMCUzQ2J1dHRvbiUyMGNsYXNzJTNEJTIycmV3aW5kLWJ0biUyMiUyMG9uY2xpY2slM0QlMjJyZXdpbmRBdWRpbyUyOCUyN2F1ZGlvLWdiJTI3JTI5JTIyJTNFJTIwJTNDc3BhbiUyMGNsYXNzJTNEJTIyaWNvbiUyMiUzRSUyMCUzQ3N2ZyUyMHZpZXdCb3glM0QlMjIwJTIwMCUyMDI0JTIwMjQlMjIlM0UlMjAlM0Nwb2x5Z29uJTIwcG9pbnRzJTNEJTIyMTElMkMxMiUyMDIwJTJDNCUyMDIwJTJDMjAlMjIlM0UlM0MlMkZwb2x5Z29uJTNFJTIwJTNDcG9seWdvbiUyMHBvaW50cyUzRCUyMjQlMkMxMiUyMDEzJTJDNCUyMDEzJTJDMjAlMjIlM0UlM0MlMkZwb2x5Z29uJTNFJTIwJTNDJTJGc3ZnJTNFJTIwJTNDJTJGc3BhbiUzRSUwRCUwQSUyMCUyMCUyMCUyMCUyMCUyMCUyMCUyMCUyMCUyMCUyMCUyMCUyMCUyMCUyMCUyMCUzQyUyRmJ1dHRvbiUzRSUwRCUwQSUyMCUyMCUyMCUyMCUyMCUyMCUyMCUyMCUyMCUyMCUyMCUyMCUyMCUyMCUyMCUyMCUzQ2J1dHRvbiUyMGNsYXNzJTNEJTIycGxheS1idG4lMjIlMjBvbmNsaWNrJTNEJTIydG9nZ2xlQXVkaW8lMjglMjdhdWRpby1nYiUyNyUyQyUyN1BsYXklMjclMkMlMjdQYXVzZSUyNyUyQyUyMHRoaXMlMjklMjIlM0UlMEQlMEElMjAlMjAlMjAlMjAlMjAlMjAlMjAlMjAlMjAlMjAlMjAlMjAlMjAlMjAlMjAlMjAlMjAlMjAlMjAlMjAlM0NzcGFuJTIwY2xhc3MlM0QlMjJpY29uJTIwcGxheS1pY29uJTIyJTNFJTBEJTBBJTIwJTIwJTIwJTIwJTIwJTIwJTIwJTIwJTIwJTIwJTIwJTIwJTIwJTIwJTIwJTIwJTIwJTIwJTIwJTIwJTIwJTIwJTIwJTIwJTNDc3ZnJTIwdmlld0JveCUzRCUyMjAlMjAwJTIwMjQlMjAyNCUyMiUzRSUwRCUwQSUyMCUyMCUyMCUyMCUyMCUyMCUyMCUyMCUyMCUyMCUyMCUyMCUyMCUyMCUyMCUyMCUyMCUyMCUyMCUyMCUyMCUyMCUyMCUyMCUyMCUyMCUyMCUyMCUzQ3BvbHlnb24lMjBwb2ludHMlM0QlMjI1JTJDMyUyMDE5JTJDMTIlMjA1JTJDMjElMjIlM0UlM0MlMkZwb2x5Z29uJTNFJTBEJTBBJTIwJTIwJTIwJTIwJTIwJTIwJTIwJTIwJTIwJTIwJTIwJTIwJTIwJTIwJTIwJTIwJTIwJTIwJTIwJTIwJTIwJTIwJTIwJTIwJTNDJTJGc3ZnJTNFJTBEJTBBJTIwJTIwJTIwJTIwJTIwJTIwJTIwJTIwJTIwJTIwJTIwJTIwJTIwJTIwJTIwJTIwJTIwJTIwJTIwJTIwJTNDJTJGc3BhbiUzRSUwRCUwQSUyMCUyMCUyMCUyMCUyMCUyMCUyMCUyMCUyMCUyMCUyMCUyMCUyMCUyMCUyMCUyMCUyMCUyMCUyMCUyMCUzQ3NwYW4lMjBjbGFzcyUzRCUyMmxhYmVsJTIyJTNFUHJlZHZhamFqJTNDJTJGc3BhbiUzRSUwRCUwQSUyMCUyMCUyMCUyMCUyMCUyMCUyMCUyMCUyMCUyMCUyMCUyMCUyMCUyMCUyMCUyMCUzQyUyRmJ1dHRvbiUzRSUwRCUwQSUyMCUyMCUyMCUyMCUyMCUyMCUyMCUyMCUyMCUyMCUyMCUyMCUzQyUyRmRpdiUzRSUwRCUwQSUyMCUyMCUyMCUyMCUyMCUyMCUyMCUyMCUyMCUyMCUyMCUyMCUzQ2F1ZGlvJTIwaWQlM0QlMjJhdWRpby1nYiUyMiUyMHNyYyUzRCUyMmh0dHBzJTNBJTJGJTJGc3RqYW1lcy5zaSUyRndwLWNvbnRlbnQlMkZ1cGxvYWRzJTJGMjAyNiUyRjA0JTJGQWx0YXJPZlRoZUhvbHlDcm9zc19TSS5tcDMlMjIlM0UlM0MlMkZhdWRpbyUzRQ==[\/vc_raw_html][vc_column_text css=&#8221;&#8221;]<\/p>\n<h3>Ostali oltarji:<\/h3>\n<ul>\n<li style=\"list-style-type: none;\">\n<ul>\n<li><a href=\"https:\/\/stjames.si\/si\/obisci-cerkev\/oltarji\/glavni-oltar-svetega-jakoba\/\"><span style=\"font-size: 14pt;\">Glavni oltar sv. Jakoba<\/span><\/a><\/li>\n<li><a href=\"https:\/\/stjames.si\/si\/obisci-cerkev\/oltarji\/oltar-svetega-franciska-ksaverija\/\"><span style=\"font-size: 14pt;\">Oltar sv. Fran\u010di\u0161ka Ksaverija<\/span><\/a><\/li>\n<li><a href=\"https:\/\/stjames.si\/si\/obisci-cerkev\/oltarji\/oltar-marijinega-vnebovzetja\/\"><span style=\"font-size: 14pt;\">Oltar Marijinega vnebovzetja<\/span><\/a><\/li>\n<li><a href=\"https:\/\/stjames.si\/si\/obisci-cerkev\/oltarji\/oltar-svetega-ignacija-lojolskega\/\"><span style=\"font-size: 14pt;\">Oltar sv. Ignacija Lojolskega<\/span><\/a><\/li>\n<li><a href=\"https:\/\/stjames.si\/si\/obisci-cerkev\/oltarji\/oltar-svete-ane\/\"><span style=\"font-size: 14pt;\">Oltar sv. Ane<\/span><\/a><\/li>\n<li><a href=\"https:\/\/stjames.si\/si\/obisci-cerkev\/oltarji\/oltar-svetega-janeza-nepomuka\/\"><span style=\"font-size: 14pt;\">Oltar sv. Janeza Nepomuka<\/span><\/a><\/li>\n<li><a href=\"https:\/\/stjames.si\/si\/obisci-cerkev\/oltarji\/oltar-angelov-varuhov\/\"><span style=\"font-size: 14pt;\">Oltar Angelov varuhov<\/span><\/a><\/li>\n<li><a href=\"https:\/\/stjames.si\/si\/obisci-cerkev\/oltarji\/oltar-svetega-jozefa\/\"><span style=\"font-size: 14pt;\">Oltar sv. Jo\u017eefa<\/span><\/a><\/li>\n<li><a href=\"https:\/\/stjames.si\/si\/obisci-cerkev\/oltarji\/oltar-zalostne-matere-bozje\/\"><span style=\"font-size: 14pt;\">Oltar \u017dalostne Matere Bo\u017eje<\/span><\/a><\/li>\n<\/ul>\n<\/li>\n<\/ul>\n<p>[\/vc_column_text][\/vc_column][\/vc_row][vc_row type=&#8221;2&#8243; margin_top=&#8221;50px&#8221; margin_bottom=&#8221;-70px&#8221; padding_top=&#8221;60px&#8221; padding_bottom=&#8221;30px&#8221; css=&#8221;.vc_custom_1753614473478{margin-bottom: -70px !important;}&#8221;][vc_column][vc_single_image image=&#8221;142&#8243; img_size=&#8221;full&#8221; alignment=&#8221;center&#8221; css=&#8221;&#8221; image_hovers=&#8221;false&#8221;][\/vc_column][\/vc_row]<\/p>\n<\/div>","protected":false},"excerpt":{"rendered":"<p>[vc_row margin_top=&#8221;-30px&#8221;][vc_column][vc_single_image image=&#8221;190&#8243; img_size=&#8221;full&#8221; alignment=&#8221;center&#8221; css=&#8221;&#8221;][\/vc_column][\/vc_row][vc_row][vc_column width=&#8221;1\/2&#8243;][vc_single_image image=&#8221;115&#8243; img_size=&#8221;full&#8221; onclick=&#8221;link_image&#8221; css=&#8221;&#8221;][\/vc_column][vc_column width=&#8221;1\/2&#8243;][vc_column_text css=&#8221;&#8221;]Oltar svetega Kri\u017ea iz leta 1678 je eden najstarej\u0161ih \u010drnomarmornatih baro\u010dnih oltarjev na Kranjskem. V osrednji ni\u0161i visi&hellip;<\/p>\n","protected":false},"author":1,"featured_media":0,"parent":304,"menu_order":0,"comment_status":"closed","ping_status":"closed","template":"","meta":{"give_campaign_id":0,"footnotes":""},"class_list":["post-345","page","type-page","status-publish","hentry","description-off"],"yoast_head":"<!-- This site is optimized with the Yoast SEO plugin v27.5 - https:\/\/yoast.com\/product\/yoast-seo-wordpress\/ -->\n<title>Oltar Svetega Kri\u017ea - Cerkev sv. Jakoba - baro\u010dna lepotica v srcu Ljubljane<\/title>\n<meta name=\"robots\" content=\"index, follow, max-snippet:-1, max-image-preview:large, max-video-preview:-1\" \/>\n<link rel=\"canonical\" href=\"https:\/\/stjames.si\/si\/obisci-cerkev\/oltarji\/oltar-svetega-kriza\/\" \/>\n<meta property=\"og:locale\" content=\"sl_SI\" \/>\n<meta property=\"og:type\" content=\"article\" \/>\n<meta property=\"og:title\" content=\"Oltar Svetega Kri\u017ea - Cerkev sv. Jakoba - baro\u010dna lepotica v srcu Ljubljane\" \/>\n<meta property=\"og:description\" content=\"[vc_row margin_top=&#8221;-30px&#8221;][vc_column][vc_single_image image=&#8221;190&#8243; img_size=&#8221;full&#8221; alignment=&#8221;center&#8221; css=&#8221;&#8221;][\/vc_column][\/vc_row][vc_row][vc_column width=&#8221;1\/2&#8243;][vc_single_image image=&#8221;115&#8243; img_size=&#8221;full&#8221; onclick=&#8221;link_image&#8221; css=&#8221;&#8221;][\/vc_column][vc_column width=&#8221;1\/2&#8243;][vc_column_text css=&#8221;&#8221;]Oltar svetega Kri\u017ea iz leta 1678 je eden najstarej\u0161ih \u010drnomarmornatih baro\u010dnih oltarjev na Kranjskem. V osrednji ni\u0161i visi&hellip;\" \/>\n<meta property=\"og:url\" content=\"https:\/\/stjames.si\/si\/obisci-cerkev\/oltarji\/oltar-svetega-kriza\/\" \/>\n<meta property=\"og:site_name\" content=\"Cerkev sv. Jakoba - baro\u010dna lepotica v srcu Ljubljane\" \/>\n<meta property=\"article:modified_time\" content=\"2026-04-21T19:25:07+00:00\" \/>\n<meta name=\"twitter:card\" content=\"summary_large_image\" \/>\n<meta name=\"twitter:label1\" content=\"Est. reading time\" \/>\n\t<meta name=\"twitter:data1\" content=\"3 minute\" \/>\n<script type=\"application\/ld+json\" class=\"yoast-schema-graph\">{\"@context\":\"https:\\\/\\\/schema.org\",\"@graph\":[{\"@type\":\"WebPage\",\"@id\":\"https:\\\/\\\/stjames.si\\\/si\\\/obisci-cerkev\\\/oltarji\\\/oltar-svetega-kriza\\\/\",\"url\":\"https:\\\/\\\/stjames.si\\\/si\\\/obisci-cerkev\\\/oltarji\\\/oltar-svetega-kriza\\\/\",\"name\":\"Oltar Svetega Kri\u017ea - Cerkev sv. Jakoba - baro\u010dna lepotica v srcu Ljubljane\",\"isPartOf\":{\"@id\":\"https:\\\/\\\/stjames.si\\\/si\\\/#website\"},\"datePublished\":\"2025-08-01T12:58:12+00:00\",\"dateModified\":\"2026-04-21T19:25:07+00:00\",\"breadcrumb\":{\"@id\":\"https:\\\/\\\/stjames.si\\\/si\\\/obisci-cerkev\\\/oltarji\\\/oltar-svetega-kriza\\\/#breadcrumb\"},\"inLanguage\":\"sl-SI\",\"potentialAction\":[{\"@type\":\"ReadAction\",\"target\":[\"https:\\\/\\\/stjames.si\\\/si\\\/obisci-cerkev\\\/oltarji\\\/oltar-svetega-kriza\\\/\"]}]},{\"@type\":\"BreadcrumbList\",\"@id\":\"https:\\\/\\\/stjames.si\\\/si\\\/obisci-cerkev\\\/oltarji\\\/oltar-svetega-kriza\\\/#breadcrumb\",\"itemListElement\":[{\"@type\":\"ListItem\",\"position\":1,\"name\":\"Home\",\"item\":\"https:\\\/\\\/stjames.si\\\/si\\\/\"},{\"@type\":\"ListItem\",\"position\":2,\"name\":\"Obi\u0161\u010di cerkev\",\"item\":\"https:\\\/\\\/stjames.si\\\/si\\\/obisci-cerkev\\\/\"},{\"@type\":\"ListItem\",\"position\":3,\"name\":\"Oltarji\",\"item\":\"https:\\\/\\\/stjames.si\\\/si\\\/obisci-cerkev\\\/oltarji\\\/\"},{\"@type\":\"ListItem\",\"position\":4,\"name\":\"Oltar Svetega Kri\u017ea\"}]},{\"@type\":\"WebSite\",\"@id\":\"https:\\\/\\\/stjames.si\\\/si\\\/#website\",\"url\":\"https:\\\/\\\/stjames.si\\\/si\\\/\",\"name\":\"Cerkev sv. Jakoba - baro\u010dna lepotica v srcu Ljubljane\",\"description\":\"\",\"potentialAction\":[{\"@type\":\"SearchAction\",\"target\":{\"@type\":\"EntryPoint\",\"urlTemplate\":\"https:\\\/\\\/stjames.si\\\/si\\\/?s={search_term_string}\"},\"query-input\":{\"@type\":\"PropertyValueSpecification\",\"valueRequired\":true,\"valueName\":\"search_term_string\"}}],\"inLanguage\":\"sl-SI\"}]}<\/script>\n<!-- \/ Yoast SEO plugin. -->","yoast_head_json":{"title":"Oltar Svetega Kri\u017ea - Cerkev sv. Jakoba - baro\u010dna lepotica v srcu Ljubljane","robots":{"index":"index","follow":"follow","max-snippet":"max-snippet:-1","max-image-preview":"max-image-preview:large","max-video-preview":"max-video-preview:-1"},"canonical":"https:\/\/stjames.si\/si\/obisci-cerkev\/oltarji\/oltar-svetega-kriza\/","og_locale":"sl_SI","og_type":"article","og_title":"Oltar Svetega Kri\u017ea - Cerkev sv. Jakoba - baro\u010dna lepotica v srcu Ljubljane","og_description":"[vc_row margin_top=&#8221;-30px&#8221;][vc_column][vc_single_image image=&#8221;190&#8243; img_size=&#8221;full&#8221; alignment=&#8221;center&#8221; css=&#8221;&#8221;][\/vc_column][\/vc_row][vc_row][vc_column width=&#8221;1\/2&#8243;][vc_single_image image=&#8221;115&#8243; img_size=&#8221;full&#8221; onclick=&#8221;link_image&#8221; css=&#8221;&#8221;][\/vc_column][vc_column width=&#8221;1\/2&#8243;][vc_column_text css=&#8221;&#8221;]Oltar svetega Kri\u017ea iz leta 1678 je eden najstarej\u0161ih \u010drnomarmornatih baro\u010dnih oltarjev na Kranjskem. V osrednji ni\u0161i visi&hellip;","og_url":"https:\/\/stjames.si\/si\/obisci-cerkev\/oltarji\/oltar-svetega-kriza\/","og_site_name":"Cerkev sv. Jakoba - baro\u010dna lepotica v srcu Ljubljane","article_modified_time":"2026-04-21T19:25:07+00:00","twitter_card":"summary_large_image","twitter_misc":{"Est. reading time":"3 minute"},"schema":{"@context":"https:\/\/schema.org","@graph":[{"@type":"WebPage","@id":"https:\/\/stjames.si\/si\/obisci-cerkev\/oltarji\/oltar-svetega-kriza\/","url":"https:\/\/stjames.si\/si\/obisci-cerkev\/oltarji\/oltar-svetega-kriza\/","name":"Oltar Svetega Kri\u017ea - Cerkev sv. Jakoba - baro\u010dna lepotica v srcu Ljubljane","isPartOf":{"@id":"https:\/\/stjames.si\/si\/#website"},"datePublished":"2025-08-01T12:58:12+00:00","dateModified":"2026-04-21T19:25:07+00:00","breadcrumb":{"@id":"https:\/\/stjames.si\/si\/obisci-cerkev\/oltarji\/oltar-svetega-kriza\/#breadcrumb"},"inLanguage":"sl-SI","potentialAction":[{"@type":"ReadAction","target":["https:\/\/stjames.si\/si\/obisci-cerkev\/oltarji\/oltar-svetega-kriza\/"]}]},{"@type":"BreadcrumbList","@id":"https:\/\/stjames.si\/si\/obisci-cerkev\/oltarji\/oltar-svetega-kriza\/#breadcrumb","itemListElement":[{"@type":"ListItem","position":1,"name":"Home","item":"https:\/\/stjames.si\/si\/"},{"@type":"ListItem","position":2,"name":"Obi\u0161\u010di cerkev","item":"https:\/\/stjames.si\/si\/obisci-cerkev\/"},{"@type":"ListItem","position":3,"name":"Oltarji","item":"https:\/\/stjames.si\/si\/obisci-cerkev\/oltarji\/"},{"@type":"ListItem","position":4,"name":"Oltar Svetega Kri\u017ea"}]},{"@type":"WebSite","@id":"https:\/\/stjames.si\/si\/#website","url":"https:\/\/stjames.si\/si\/","name":"Cerkev sv. Jakoba - baro\u010dna lepotica v srcu Ljubljane","description":"","potentialAction":[{"@type":"SearchAction","target":{"@type":"EntryPoint","urlTemplate":"https:\/\/stjames.si\/si\/?s={search_term_string}"},"query-input":{"@type":"PropertyValueSpecification","valueRequired":true,"valueName":"search_term_string"}}],"inLanguage":"sl-SI"}]}},"campaignId":"","_links":{"self":[{"href":"https:\/\/stjames.si\/si\/wp-json\/wp\/v2\/pages\/345","targetHints":{"allow":["GET"]}}],"collection":[{"href":"https:\/\/stjames.si\/si\/wp-json\/wp\/v2\/pages"}],"about":[{"href":"https:\/\/stjames.si\/si\/wp-json\/wp\/v2\/types\/page"}],"author":[{"embeddable":true,"href":"https:\/\/stjames.si\/si\/wp-json\/wp\/v2\/users\/1"}],"replies":[{"embeddable":true,"href":"https:\/\/stjames.si\/si\/wp-json\/wp\/v2\/comments?post=345"}],"version-history":[{"count":11,"href":"https:\/\/stjames.si\/si\/wp-json\/wp\/v2\/pages\/345\/revisions"}],"predecessor-version":[{"id":1059,"href":"https:\/\/stjames.si\/si\/wp-json\/wp\/v2\/pages\/345\/revisions\/1059"}],"up":[{"embeddable":true,"href":"https:\/\/stjames.si\/si\/wp-json\/wp\/v2\/pages\/304"}],"wp:attachment":[{"href":"https:\/\/stjames.si\/si\/wp-json\/wp\/v2\/media?parent=345"}],"curies":[{"name":"wp","href":"https:\/\/api.w.org\/{rel}","templated":true}]}}