{"id":354,"date":"2025-08-01T15:00:11","date_gmt":"2025-08-01T13:00:11","guid":{"rendered":"https:\/\/stjames.si\/si\/?page_id=354"},"modified":"2026-04-21T21:39:49","modified_gmt":"2026-04-21T19:39:49","slug":"kapela-svetega-franciska-ksaverija","status":"publish","type":"page","link":"https:\/\/stjames.si\/si\/obisci-cerkev\/kapela-svetega-franciska-ksaverija\/","title":{"rendered":"Kapela svetega Fran\u010di\u0161ka Ksaverija"},"content":{"rendered":"<div class=\"wpb-content-wrapper\"><p>[vc_row][vc_column][vc_column_text css=&#8221;&#8221;]<strong>Kapela sv. Fran\u010di\u0161ka Ksaverja, prizidana med letoma 1667 in 1670, je edini ohranjeni primer \u0161tuk-baroka v Ljubljani. Osmerokotno zasnovo krasijo razgibana \u0161tukatura, osem kariatid, bogata ornamentika in kupola s svetlobnico. Kapelo dopolnjuje \u0161est velikih oljnih platen s prizori iz svetnikovega \u017eivljenja (1726), postavljenih v \u0161tukirane okvirje. Avtor slik ni znan, a verjetno gre za Daniela Savoya. Osrednja oltarna slika <em>Apoteoza sv. Fran\u010di\u0161ka Ksaverja<\/em> je delo Pavla K\u00fchna iz srede 19. stoletja.<\/strong>[\/vc_column_text][\/vc_column][\/vc_row][vc_row margin_top=&#8221;-30px&#8221;][vc_column][vc_single_image image=&#8221;190&#8243; img_size=&#8221;full&#8221; alignment=&#8221;center&#8221; css=&#8221;&#8221;][\/vc_column][\/vc_row][vc_row][vc_column width=&#8221;2\/3&#8243;][vc_single_image image=&#8221;104&#8243; img_size=&#8221;full&#8221; alignment=&#8221;center&#8221; onclick=&#8221;link_image&#8221; css=&#8221;&#8221; image_hovers=&#8221;false&#8221;][\/vc_column][vc_column width=&#8221;1\/3&#8243;][vc_raw_html css=&#8221;&#8221;]JTNDZGl2JTIwY2xhc3MlM0QlMjJhdWRpby1jb250cm9scyUyMiUzRSUwRCUwQSUyMCUyMCUyMCUyMCUyMCUyMCUyMCUyMCUyMCUyMCUyMCUyMCUyMCUyMCUyMCUyMCUzQ2J1dHRvbiUyMGNsYXNzJTNEJTIycmV3aW5kLWJ0biUyMiUyMG9uY2xpY2slM0QlMjJyZXdpbmRBdWRpbyUyOCUyN2F1ZGlvLWdiJTI3JTI5JTIyJTNFJTIwJTNDc3BhbiUyMGNsYXNzJTNEJTIyaWNvbiUyMiUzRSUyMCUzQ3N2ZyUyMHZpZXdCb3glM0QlMjIwJTIwMCUyMDI0JTIwMjQlMjIlM0UlMjAlM0Nwb2x5Z29uJTIwcG9pbnRzJTNEJTIyMTElMkMxMiUyMDIwJTJDNCUyMDIwJTJDMjAlMjIlM0UlM0MlMkZwb2x5Z29uJTNFJTIwJTNDcG9seWdvbiUyMHBvaW50cyUzRCUyMjQlMkMxMiUyMDEzJTJDNCUyMDEzJTJDMjAlMjIlM0UlM0MlMkZwb2x5Z29uJTNFJTIwJTNDJTJGc3ZnJTNFJTIwJTNDJTJGc3BhbiUzRSUwRCUwQSUyMCUyMCUyMCUyMCUyMCUyMCUyMCUyMCUyMCUyMCUyMCUyMCUyMCUyMCUyMCUyMCUzQyUyRmJ1dHRvbiUzRSUwRCUwQSUyMCUyMCUyMCUyMCUyMCUyMCUyMCUyMCUyMCUyMCUyMCUyMCUyMCUyMCUyMCUyMCUzQ2J1dHRvbiUyMGNsYXNzJTNEJTIycGxheS1idG4lMjIlMjBvbmNsaWNrJTNEJTIydG9nZ2xlQXVkaW8lMjglMjdhdWRpby1nYiUyNyUyQyUyN1BsYXklMjclMkMlMjdQYXVzZSUyNyUyQyUyMHRoaXMlMjklMjIlM0UlMEQlMEElMjAlMjAlMjAlMjAlMjAlMjAlMjAlMjAlMjAlMjAlMjAlMjAlMjAlMjAlMjAlMjAlMjAlMjAlMjAlMjAlM0NzcGFuJTIwY2xhc3MlM0QlMjJpY29uJTIwcGxheS1pY29uJTIyJTNFJTBEJTBBJTIwJTIwJTIwJTIwJTIwJTIwJTIwJTIwJTIwJTIwJTIwJTIwJTIwJTIwJTIwJTIwJTIwJTIwJTIwJTIwJTIwJTIwJTIwJTIwJTNDc3ZnJTIwdmlld0JveCUzRCUyMjAlMjAwJTIwMjQlMjAyNCUyMiUzRSUwRCUwQSUyMCUyMCUyMCUyMCUyMCUyMCUyMCUyMCUyMCUyMCUyMCUyMCUyMCUyMCUyMCUyMCUyMCUyMCUyMCUyMCUyMCUyMCUyMCUyMCUyMCUyMCUyMCUyMCUzQ3BvbHlnb24lMjBwb2ludHMlM0QlMjI1JTJDMyUyMDE5JTJDMTIlMjA1JTJDMjElMjIlM0UlM0MlMkZwb2x5Z29uJTNFJTBEJTBBJTIwJTIwJTIwJTIwJTIwJTIwJTIwJTIwJTIwJTIwJTIwJTIwJTIwJTIwJTIwJTIwJTIwJTIwJTIwJTIwJTIwJTIwJTIwJTIwJTNDJTJGc3ZnJTNFJTBEJTBBJTIwJTIwJTIwJTIwJTIwJTIwJTIwJTIwJTIwJTIwJTIwJTIwJTIwJTIwJTIwJTIwJTIwJTIwJTIwJTIwJTNDJTJGc3BhbiUzRSUwRCUwQSUyMCUyMCUyMCUyMCUyMCUyMCUyMCUyMCUyMCUyMCUyMCUyMCUyMCUyMCUyMCUyMCUyMCUyMCUyMCUyMCUzQ3NwYW4lMjBjbGFzcyUzRCUyMmxhYmVsJTIyJTNFUHJlZHZhamFqJTNDJTJGc3BhbiUzRSUwRCUwQSUyMCUyMCUyMCUyMCUyMCUyMCUyMCUyMCUyMCUyMCUyMCUyMCUyMCUyMCUyMCUyMCUzQyUyRmJ1dHRvbiUzRSUwRCUwQSUyMCUyMCUyMCUyMCUyMCUyMCUyMCUyMCUyMCUyMCUyMCUyMCUzQyUyRmRpdiUzRSUwRCUwQSUyMCUyMCUyMCUyMCUyMCUyMCUyMCUyMCUyMCUyMCUyMCUyMCUzQ2F1ZGlvJTIwaWQlM0QlMjJhdWRpby1nYiUyMiUyMHNyYyUzRCUyMmh0dHBzJTNBJTJGJTJGc3RqYW1lcy5zaSUyRndwLWNvbnRlbnQlMkZ1cGxvYWRzJTJGMjAyNiUyRjA0JTJGU3RGcmFuY2lzX1NJLm1wMyUyMiUzRSUzQyUyRmF1ZGlvJTNF[\/vc_raw_html][vc_column_text css=&#8221;&#8221;]Kapela sv. Fran\u010di\u0161ka Ksaverja je bila prizidana na severno stran cerkve sv. Jakoba med letoma 1667 in 1670. V vhod v kapelo vodi velika arkada iz prve severne kapele pred prezbiterijem. Osmerokotna tlorisna zasnova in visoka centralna kompozicija predstavljata edini ohranjeni primer t. i. \u0161tuk-baroka v Ljubljani. Arhitekturno oblikovanje sledi lombardsko-bene\u0161kim vzorcem in se primerja z delom Diega Carlonea in njegove delavnice. Oktogonalna oblika je omogo\u010dila bogato in razgibano \u0161tukaturno dekoracijo, ki se razlikuje od obi\u010dajne sheme v pravokotnih prostorih.<\/p>\n<p>Kapelo prekriva \u0161otorasta, osemlistna kupola s svetlobnico. Prostor je \u010dlenjen v dve eta\u017ei: spodnje nadstropje krasijo \u0161tukirani okvirji za slike, medtem ko so v zgornjem nadstropju okna z bogatim \u0161tukaturnim okrasjem, nad katerimi sedijo pari putov s kartu\u0161ami in grbi de\u017eelnih stanov. V kartu\u0161i nad oltarjem je posvetilo Kranjske z letnico 1669. Vogale prostora obdajajo pilastri, ki v vi\u0161ji eta\u017ei prehajajo v skoraj polnoplasti\u010dne kariatide \u2013 teh je osem, razporejenih v svetlobnem nadstropju. Obo\u010dna polja so obrobljena z raznoliko dekoracijo, med katero izstopajo \u0161koljke, akantovi listi, u\u0161esasti ornamenti in hrustan\u010daste oblike. Poslikavi namenjena polja v pritli\u010dju so bila prekrita s slikami na platnu, medtem ko so hru\u0161kaste kartu\u0161e v oboku ostale neposlikane.<\/p>\n<p>Notranjost kapele dopolnjuje izjemno bogata umetni\u0161ka oprema. Monumentalni kamniti oltar je delo ljubljanske kamnose\u0161ke delavnice Franca Grumnika, nastal med letoma 1709 in 1720. Krasi ga ve\u010d kot deset celopostavnih marmornih kipov italijanskih baro\u010dnih kiparjev. Osrednja menza, ki jo nosijo \u0161tirje zamor\u010dki, vsebuje kip svetnika v duhovni\u0161ki opravi, ki spominja na njegovo nestrohnjeno telo, hranjeno v Goi. Ob njem stojita angela \u2013 seraf in kerub \u2013 delo Paola Gropellija. Tabernakelj sta leta 1719 dopolnila marmorna angela v ni\u0161ah, leta 1720 pa \u0161e kipa Evrope in Afrike, delo Jacopa Contierija. Na vrhu oltarja stoji angel s trobento, ki ga je ustvaril Angelo Putti.<\/p>\n<p>Kapelo dopolnjuje \u0161est velikih oljnih platen s prizori iz svetnikovega \u017eivljenja (1726), postavljenih v \u0161tukirane okvirje. Avtor slik ni znan, a najverjetneje gre za Daniela Savoya, slikarja iz Dresdna, ki je prav tu sprejel katoli\u0161ko vero. Osrednja oltarna slika <em>Apoteoza sv. Fran\u010di\u0161ka Ksaverja<\/em> je delo Pavla K\u00fchna iz srede 19. stoletja.[\/vc_column_text][\/vc_column][\/vc_row][vc_row type=&#8221;2&#8243; margin_top=&#8221;50px&#8221; margin_bottom=&#8221;-70px&#8221; padding_top=&#8221;60px&#8221; padding_bottom=&#8221;30px&#8221; css=&#8221;.vc_custom_1753614473478{margin-bottom: -70px !important;}&#8221;][vc_column]<style type=\"text\/css\" data-type=\"the7_shortcodes-inline-css\">.gallery-carousel-shortcode.gallery-carousel-shortcode-id-1815f0fde31c42d58ea2df0da5bcc9f0.owl-carousel .owl-nav div {\n  width: 36px;\n  height: 36px;\n  border-radius: 500px;\n}\n.dt-arrow-border-on.gallery-carousel-shortcode.gallery-carousel-shortcode-id-1815f0fde31c42d58ea2df0da5bcc9f0.owl-carousel .owl-nav div:not(:hover):before {\n  border-width: 0px;\n}\n.dt-arrow-hover-border-on.gallery-carousel-shortcode.gallery-carousel-shortcode-id-1815f0fde31c42d58ea2df0da5bcc9f0.owl-carousel .owl-nav div:hover:after {\n  border-width: 0px;\n}\n.gallery-carousel-shortcode.gallery-carousel-shortcode-id-1815f0fde31c42d58ea2df0da5bcc9f0.owl-carousel .owl-nav div.owl-prev {\n  top: 50%;\n  transform: translateY(calc(-50% + 0px));\n  left: -43px;\n}\n@media all and (-ms-high-contrast: none) {\n  .gallery-carousel-shortcode.gallery-carousel-shortcode-id-1815f0fde31c42d58ea2df0da5bcc9f0.owl-carousel .owl-nav div.owl-prev {\n    transform: translateY(-50%);\n    margin-top: 0px;\n  }\n}\n.gallery-carousel-shortcode.gallery-carousel-shortcode-id-1815f0fde31c42d58ea2df0da5bcc9f0.owl-carousel .owl-nav div.owl-prev i {\n  padding: 0px 0px 0px 0px;\n}\n.gallery-carousel-shortcode.gallery-carousel-shortcode-id-1815f0fde31c42d58ea2df0da5bcc9f0.owl-carousel .owl-nav div.owl-next {\n  top: 50%;\n  transform: translateY(calc(-50% + 0px));\n  right: -43px;\n}\n@media all and (-ms-high-contrast: none) {\n  .gallery-carousel-shortcode.gallery-carousel-shortcode-id-1815f0fde31c42d58ea2df0da5bcc9f0.owl-carousel .owl-nav div.owl-next {\n    transform: translateY(-50%);\n    margin-top: 0px;\n  }\n}\n.gallery-carousel-shortcode.gallery-carousel-shortcode-id-1815f0fde31c42d58ea2df0da5bcc9f0.owl-carousel .owl-nav div.owl-next i {\n  padding: 0px 0px 0px 0px;\n}\n.gallery-carousel-shortcode.gallery-carousel-shortcode-id-1815f0fde31c42d58ea2df0da5bcc9f0.owl-carousel .owl-nav i {\n  font-size: 18px;\n}\n.gallery-carousel-shortcode.gallery-carousel-shortcode-id-1815f0fde31c42d58ea2df0da5bcc9f0.owl-carousel .owl-nav div:not(:hover) i,\n.gallery-carousel-shortcode.gallery-carousel-shortcode-id-1815f0fde31c42d58ea2df0da5bcc9f0.owl-carousel .owl-nav div:not(:hover) i:before {\n  color: #ffffff;\n  background: none;\n}\n.gallery-carousel-shortcode.gallery-carousel-shortcode-id-1815f0fde31c42d58ea2df0da5bcc9f0.owl-carousel .owl-nav div:hover i,\n.gallery-carousel-shortcode.gallery-carousel-shortcode-id-1815f0fde31c42d58ea2df0da5bcc9f0.owl-carousel .owl-nav div:hover i:before {\n  color: rgba(255,255,255,0.75);\n  background: none;\n}\n.gallery-carousel-shortcode.gallery-carousel-shortcode-id-1815f0fde31c42d58ea2df0da5bcc9f0 .owl-dots {\n  top: calc(100% + 20px);\n  left: 50%;\n  transform: translateX(calc(-50% + 0px));\n}\n@media all and (-ms-high-contrast: none) {\n  .gallery-carousel-shortcode.gallery-carousel-shortcode-id-1815f0fde31c42d58ea2df0da5bcc9f0 .owl-dots {\n    transform: translateX(-50%);\n    margin-left: 0px;\n  }\n}\n.gallery-carousel-shortcode.gallery-carousel-shortcode-id-1815f0fde31c42d58ea2df0da5bcc9f0 .owl-dot {\n  width: 10px;\n  height: 10px;\n  margin: 0 8px;\n}\n@media screen and (max-width: 778px) {\n  .gallery-carousel-shortcode.gallery-carousel-shortcode-id-1815f0fde31c42d58ea2df0da5bcc9f0.hide-arrows .owl-nav a {\n    display: none;\n  }\n}\n@media screen and (max-width: 778px) {\n  .gallery-carousel-shortcode.gallery-carousel-shortcode-id-1815f0fde31c42d58ea2df0da5bcc9f0.reposition-arrows .owl-nav div.owl-prev {\n    top: 50%;\n    transform: translateY(calc(-50% + 0px));\n    left: 10px;\n  }\n  .gallery-carousel-shortcode.gallery-carousel-shortcode-id-1815f0fde31c42d58ea2df0da5bcc9f0.reposition-arrows .owl-nav div.owl-next {\n    top: 50%;\n    transform: translateY(calc(-50% + 0px));\n    right: 10px;\n  }\n}\n@media screen and (max-width: 778px) and all and (-ms-high-contrast: none) {\n  .gallery-carousel-shortcode.gallery-carousel-shortcode-id-1815f0fde31c42d58ea2df0da5bcc9f0.reposition-arrows .owl-nav div.owl-prev {\n    transform: translateY(-50%);\n    margin-top: 0px;\n  }\n}\n@media screen and (max-width: 778px) and all and (-ms-high-contrast: none) {\n  .gallery-carousel-shortcode.gallery-carousel-shortcode-id-1815f0fde31c42d58ea2df0da5bcc9f0.reposition-arrows .owl-nav div.owl-next {\n    transform: translateY(-50%);\n    margin-top: 0px;\n  }\n}\n.gallery-carousel-shortcode.gallery-carousel-shortcode-id-1815f0fde31c42d58ea2df0da5bcc9f0 figure,\n.gallery-carousel-shortcode.gallery-carousel-shortcode-id-1815f0fde31c42d58ea2df0da5bcc9f0 .rollover,\n.gallery-carousel-shortcode.gallery-carousel-shortcode-id-1815f0fde31c42d58ea2df0da5bcc9f0 img,\n.gallery-carousel-shortcode.gallery-carousel-shortcode-id-1815f0fde31c42d58ea2df0da5bcc9f0 .gallery-rollover {\n  border-radius: 0px;\n}\n.gallery-carousel-shortcode.gallery-carousel-shortcode-id-1815f0fde31c42d58ea2df0da5bcc9f0.enable-bg-rollover .gallery-rollover {\n  background: -webkit-linear-gradient();\n  background: linear-gradient();\n}\n.gallery-carousel-shortcode.gallery-carousel-shortcode-id-1815f0fde31c42d58ea2df0da5bcc9f0.enable-img-shadow .owl-stage-outer {\n  padding: 14px 0;\n}\n.gallery-carousel-shortcode.gallery-carousel-shortcode-id-1815f0fde31c42d58ea2df0da5bcc9f0.enable-bg-rollover.hover-scale figure .rollover:after {\n  background: -webkit-linear-gradient();\n  background: linear-gradient();\n}\n.gallery-carousel-shortcode.gallery-carousel-shortcode-id-1815f0fde31c42d58ea2df0da5bcc9f0.gallery-shortcode .gallery-zoom-ico {\n  width: 44px;\n  height: 44px;\n  line-height: 44px;\n  border-radius: 100px;\n  margin: -22px 0 0 -22px;\n  border-width: 0px;\n}\n.dt-icon-bg-on.gallery-carousel-shortcode.gallery-carousel-shortcode-id-1815f0fde31c42d58ea2df0da5bcc9f0.gallery-shortcode .gallery-zoom-ico {\n  background: rgba(255,255,255,0.3);\n  box-shadow: none;\n}\n.gallery-carousel-shortcode.gallery-carousel-shortcode-id-1815f0fde31c42d58ea2df0da5bcc9f0.gallery-shortcode .gallery-zoom-ico:before,\n.gallery-carousel-shortcode.gallery-carousel-shortcode-id-1815f0fde31c42d58ea2df0da5bcc9f0.gallery-shortcode .gallery-zoom-ico span {\n  font-size: 32px;\n  line-height: 44px;\n  color: #ffffff;\n  background: none;\n}<\/style><div class=\"owl-carousel gallery-carousel-shortcode gallery-shortcode  dt-gallery-container dt-owl-carousel-call gallery-carousel-shortcode-id-1815f0fde31c42d58ea2df0da5bcc9f0 quick-scale-img enable-bg-rollover meta-info-off dt-arrow-border-on dt-arrow-hover-border-on bullets-small-dot-stroke reposition-arrows dt-icon-bg-off arrows-bg-on disable-arrows-hover-bg arrows-hover-bg-on  vc_custom_1755181165649 hover-fade \" data-scroll-mode=\"1\" data-col-num=\"4\" data-wide-col-num=\"4\" data-laptop-col=\"4\" data-h-tablet-columns-num=\"4\" data-v-tablet-columns-num=\"2\" data-phone-columns-num=\"1\" data-col-gap=\"10\" data-stage-padding=\"0\" data-speed=\"600\" data-autoplay=\"false\" data-autoplay_speed=\"6000\" data-arrows=\"true\" data-bullet=\"false\" data-next-icon=\"icon-ar-017-r\" data-prev-icon=\"icon-ar-017-l\" data-img-shadow-size=\"12px\" data-img-shadow-spread=\"3px\"><div data-post-id=\"105\" data-date=\"2025-08-01T11:40:13+02:00\" data-name=\"Chapel1\"><figure class=\"post\"><a href=\"https:\/\/stjames.si\/si\/wp-content\/uploads\/sites\/11\/2025\/08\/Chapel1.jpg\" class=\"rollover dt-pswp-item layzr-bg\" data-large_image_width=\"2000\" data-large_image_height=\"1500\" data-dt-img-description=\"\" title=\"Chapel1\"><img fetchpriority=\"high\" decoding=\"async\" class=\"preload-me owl-lazy-load aspect\" src=\"data:image\/svg+xml,%3Csvg%20xmlns%3D&#39;http%3A%2F%2Fwww.w3.org%2F2000%2Fsvg&#39;%20viewBox%3D&#39;0%200%202000%201500&#39;%2F%3E\" data-src=\"https:\/\/stjames.si\/si\/wp-content\/uploads\/sites\/11\/2025\/08\/Chapel1.jpg\" data-srcset=\"https:\/\/stjames.si\/si\/wp-content\/uploads\/sites\/11\/2025\/08\/Chapel1.jpg 2000w\" loading=\"eager\" style=\"--ratio: 2000 \/ 1500\" sizes=\"(max-width: 2000px) 100vw, 2000px\" alt=\"\" width=\"2000\" height=\"1500\"  \/><span class=\"gallery-rollover\"><span class=\"gallery-zoom-ico icomoon-the7-font-the7-zoom-06\"><span><\/span><\/span><\/span><\/a><\/figure><\/div><div data-post-id=\"106\" data-date=\"2025-08-01T11:40:16+02:00\" data-name=\"Chapel2\"><figure class=\"post\"><a href=\"https:\/\/stjames.si\/si\/wp-content\/uploads\/sites\/11\/2025\/08\/Chapel2.jpg\" class=\"rollover dt-pswp-item layzr-bg\" data-large_image_width=\"2000\" data-large_image_height=\"1500\" data-dt-img-description=\"\" title=\"Chapel2\"><img decoding=\"async\" class=\"preload-me owl-lazy-load aspect\" src=\"data:image\/svg+xml,%3Csvg%20xmlns%3D&#39;http%3A%2F%2Fwww.w3.org%2F2000%2Fsvg&#39;%20viewBox%3D&#39;0%200%202000%201500&#39;%2F%3E\" data-src=\"https:\/\/stjames.si\/si\/wp-content\/uploads\/sites\/11\/2025\/08\/Chapel2.jpg\" data-srcset=\"https:\/\/stjames.si\/si\/wp-content\/uploads\/sites\/11\/2025\/08\/Chapel2.jpg 2000w\" loading=\"eager\" style=\"--ratio: 2000 \/ 1500\" sizes=\"(max-width: 2000px) 100vw, 2000px\" alt=\"\" width=\"2000\" height=\"1500\"  \/><span class=\"gallery-rollover\"><span class=\"gallery-zoom-ico icomoon-the7-font-the7-zoom-06\"><span><\/span><\/span><\/span><\/a><\/figure><\/div><div data-post-id=\"107\" data-date=\"2025-08-01T11:40:19+02:00\" data-name=\"Chapel3\"><figure class=\"post\"><a href=\"https:\/\/stjames.si\/si\/wp-content\/uploads\/sites\/11\/2025\/08\/Chapel3.jpg\" class=\"rollover dt-pswp-item layzr-bg\" data-large_image_width=\"2000\" data-large_image_height=\"1500\" data-dt-img-description=\"\" title=\"Chapel3\"><img decoding=\"async\" class=\"preload-me owl-lazy-load aspect\" src=\"data:image\/svg+xml,%3Csvg%20xmlns%3D&#39;http%3A%2F%2Fwww.w3.org%2F2000%2Fsvg&#39;%20viewBox%3D&#39;0%200%202000%201500&#39;%2F%3E\" data-src=\"https:\/\/stjames.si\/si\/wp-content\/uploads\/sites\/11\/2025\/08\/Chapel3.jpg\" data-srcset=\"https:\/\/stjames.si\/si\/wp-content\/uploads\/sites\/11\/2025\/08\/Chapel3.jpg 2000w\" loading=\"eager\" style=\"--ratio: 2000 \/ 1500\" sizes=\"(max-width: 2000px) 100vw, 2000px\" alt=\"\" width=\"2000\" height=\"1500\"  \/><span class=\"gallery-rollover\"><span class=\"gallery-zoom-ico icomoon-the7-font-the7-zoom-06\"><span><\/span><\/span><\/span><\/a><\/figure><\/div><div data-post-id=\"108\" data-date=\"2025-08-01T11:40:22+02:00\" data-name=\"Chapel4\"><figure class=\"post\"><a href=\"https:\/\/stjames.si\/si\/wp-content\/uploads\/sites\/11\/2025\/08\/Chapel4.jpg\" class=\"rollover dt-pswp-item layzr-bg\" data-large_image_width=\"2000\" data-large_image_height=\"1500\" data-dt-img-description=\"\" title=\"Chapel4\"><img decoding=\"async\" class=\"preload-me owl-lazy-load aspect\" src=\"data:image\/svg+xml,%3Csvg%20xmlns%3D&#39;http%3A%2F%2Fwww.w3.org%2F2000%2Fsvg&#39;%20viewBox%3D&#39;0%200%202000%201500&#39;%2F%3E\" data-src=\"https:\/\/stjames.si\/si\/wp-content\/uploads\/sites\/11\/2025\/08\/Chapel4.jpg\" data-srcset=\"https:\/\/stjames.si\/si\/wp-content\/uploads\/sites\/11\/2025\/08\/Chapel4.jpg 2000w\" loading=\"eager\" style=\"--ratio: 2000 \/ 1500\" sizes=\"(max-width: 2000px) 100vw, 2000px\" alt=\"\" width=\"2000\" height=\"1500\"  \/><span class=\"gallery-rollover\"><span class=\"gallery-zoom-ico icomoon-the7-font-the7-zoom-06\"><span><\/span><\/span><\/span><\/a><\/figure><\/div><div data-post-id=\"775\" data-date=\"2025-08-14T07:55:23+02:00\" data-name=\"IMG_1067\"><figure class=\"post\"><a href=\"https:\/\/stjames.si\/si\/wp-content\/uploads\/sites\/11\/2025\/08\/IMG_1067-e1755181517236.jpeg\" class=\"rollover dt-pswp-item layzr-bg\" data-large_image_width=\"2000\" data-large_image_height=\"1500\" data-dt-img-description=\"\" title=\"IMG_1067\"><img decoding=\"async\" class=\"preload-me owl-lazy-load aspect\" src=\"data:image\/svg+xml,%3Csvg%20xmlns%3D&#39;http%3A%2F%2Fwww.w3.org%2F2000%2Fsvg&#39;%20viewBox%3D&#39;0%200%202000%201500&#39;%2F%3E\" data-src=\"https:\/\/stjames.si\/si\/wp-content\/uploads\/sites\/11\/2025\/08\/IMG_1067-e1755181517236.jpeg\" data-srcset=\"https:\/\/stjames.si\/si\/wp-content\/uploads\/sites\/11\/2025\/08\/IMG_1067-e1755181517236.jpeg 2000w\" loading=\"eager\" style=\"--ratio: 2000 \/ 1500\" sizes=\"(max-width: 2000px) 100vw, 2000px\" alt=\"\" width=\"2000\" height=\"1500\"  \/><span class=\"gallery-rollover\"><span class=\"gallery-zoom-ico icomoon-the7-font-the7-zoom-06\"><span><\/span><\/span><\/span><\/a><\/figure><\/div><\/div>[vc_single_image image=&#8221;142&#8243; img_size=&#8221;full&#8221; alignment=&#8221;center&#8221; css=&#8221;&#8221; image_hovers=&#8221;false&#8221;][\/vc_column][\/vc_row]<\/p>\n<\/div>","protected":false},"excerpt":{"rendered":"<p>[vc_row][vc_column][vc_column_text css=&#8221;&#8221;]Kapela sv. Fran\u010di\u0161ka Ksaverja, prizidana med letoma 1667 in 1670, je edini ohranjeni primer \u0161tuk-baroka v Ljubljani. Osmerokotno zasnovo krasijo razgibana \u0161tukatura, osem kariatid, bogata ornamentika in kupola s&hellip;<\/p>\n","protected":false},"author":1,"featured_media":0,"parent":296,"menu_order":0,"comment_status":"closed","ping_status":"closed","template":"","meta":{"give_campaign_id":0,"footnotes":""},"class_list":["post-354","page","type-page","status-publish","hentry","description-off"],"yoast_head":"<!-- This site is optimized with the Yoast SEO plugin v27.5 - https:\/\/yoast.com\/product\/yoast-seo-wordpress\/ -->\n<title>Kapela svetega Fran\u010di\u0161ka Ksaverija - Cerkev sv. Jakoba - baro\u010dna lepotica v srcu Ljubljane<\/title>\n<meta name=\"robots\" content=\"index, follow, max-snippet:-1, max-image-preview:large, max-video-preview:-1\" \/>\n<link rel=\"canonical\" href=\"https:\/\/stjames.si\/si\/obisci-cerkev\/kapela-svetega-franciska-ksaverija\/\" \/>\n<meta property=\"og:locale\" content=\"sl_SI\" \/>\n<meta property=\"og:type\" content=\"article\" \/>\n<meta property=\"og:title\" content=\"Kapela svetega Fran\u010di\u0161ka Ksaverija - Cerkev sv. Jakoba - baro\u010dna lepotica v srcu Ljubljane\" \/>\n<meta property=\"og:description\" content=\"[vc_row][vc_column][vc_column_text css=&#8221;&#8221;]Kapela sv. Fran\u010di\u0161ka Ksaverja, prizidana med letoma 1667 in 1670, je edini ohranjeni primer \u0161tuk-baroka v Ljubljani. Osmerokotno zasnovo krasijo razgibana \u0161tukatura, osem kariatid, bogata ornamentika in kupola s&hellip;\" \/>\n<meta property=\"og:url\" content=\"https:\/\/stjames.si\/si\/obisci-cerkev\/kapela-svetega-franciska-ksaverija\/\" \/>\n<meta property=\"og:site_name\" content=\"Cerkev sv. Jakoba - baro\u010dna lepotica v srcu Ljubljane\" \/>\n<meta property=\"article:modified_time\" content=\"2026-04-21T19:39:49+00:00\" \/>\n<meta name=\"twitter:card\" content=\"summary_large_image\" \/>\n<meta name=\"twitter:label1\" content=\"Est. reading time\" \/>\n\t<meta name=\"twitter:data1\" content=\"5 minut\" \/>\n<script type=\"application\/ld+json\" class=\"yoast-schema-graph\">{\"@context\":\"https:\\\/\\\/schema.org\",\"@graph\":[{\"@type\":\"WebPage\",\"@id\":\"https:\\\/\\\/stjames.si\\\/si\\\/obisci-cerkev\\\/kapela-svetega-franciska-ksaverija\\\/\",\"url\":\"https:\\\/\\\/stjames.si\\\/si\\\/obisci-cerkev\\\/kapela-svetega-franciska-ksaverija\\\/\",\"name\":\"Kapela svetega Fran\u010di\u0161ka Ksaverija - Cerkev sv. Jakoba - baro\u010dna lepotica v srcu Ljubljane\",\"isPartOf\":{\"@id\":\"https:\\\/\\\/stjames.si\\\/si\\\/#website\"},\"datePublished\":\"2025-08-01T13:00:11+00:00\",\"dateModified\":\"2026-04-21T19:39:49+00:00\",\"breadcrumb\":{\"@id\":\"https:\\\/\\\/stjames.si\\\/si\\\/obisci-cerkev\\\/kapela-svetega-franciska-ksaverija\\\/#breadcrumb\"},\"inLanguage\":\"sl-SI\",\"potentialAction\":[{\"@type\":\"ReadAction\",\"target\":[\"https:\\\/\\\/stjames.si\\\/si\\\/obisci-cerkev\\\/kapela-svetega-franciska-ksaverija\\\/\"]}]},{\"@type\":\"BreadcrumbList\",\"@id\":\"https:\\\/\\\/stjames.si\\\/si\\\/obisci-cerkev\\\/kapela-svetega-franciska-ksaverija\\\/#breadcrumb\",\"itemListElement\":[{\"@type\":\"ListItem\",\"position\":1,\"name\":\"Home\",\"item\":\"https:\\\/\\\/stjames.si\\\/si\\\/\"},{\"@type\":\"ListItem\",\"position\":2,\"name\":\"Obi\u0161\u010di cerkev\",\"item\":\"https:\\\/\\\/stjames.si\\\/si\\\/obisci-cerkev\\\/\"},{\"@type\":\"ListItem\",\"position\":3,\"name\":\"Kapela svetega Fran\u010di\u0161ka Ksaverija\"}]},{\"@type\":\"WebSite\",\"@id\":\"https:\\\/\\\/stjames.si\\\/si\\\/#website\",\"url\":\"https:\\\/\\\/stjames.si\\\/si\\\/\",\"name\":\"Cerkev sv. Jakoba - baro\u010dna lepotica v srcu Ljubljane\",\"description\":\"\",\"potentialAction\":[{\"@type\":\"SearchAction\",\"target\":{\"@type\":\"EntryPoint\",\"urlTemplate\":\"https:\\\/\\\/stjames.si\\\/si\\\/?s={search_term_string}\"},\"query-input\":{\"@type\":\"PropertyValueSpecification\",\"valueRequired\":true,\"valueName\":\"search_term_string\"}}],\"inLanguage\":\"sl-SI\"}]}<\/script>\n<!-- \/ Yoast SEO plugin. -->","yoast_head_json":{"title":"Kapela svetega Fran\u010di\u0161ka Ksaverija - Cerkev sv. Jakoba - baro\u010dna lepotica v srcu Ljubljane","robots":{"index":"index","follow":"follow","max-snippet":"max-snippet:-1","max-image-preview":"max-image-preview:large","max-video-preview":"max-video-preview:-1"},"canonical":"https:\/\/stjames.si\/si\/obisci-cerkev\/kapela-svetega-franciska-ksaverija\/","og_locale":"sl_SI","og_type":"article","og_title":"Kapela svetega Fran\u010di\u0161ka Ksaverija - Cerkev sv. Jakoba - baro\u010dna lepotica v srcu Ljubljane","og_description":"[vc_row][vc_column][vc_column_text css=&#8221;&#8221;]Kapela sv. Fran\u010di\u0161ka Ksaverja, prizidana med letoma 1667 in 1670, je edini ohranjeni primer \u0161tuk-baroka v Ljubljani. Osmerokotno zasnovo krasijo razgibana \u0161tukatura, osem kariatid, bogata ornamentika in kupola s&hellip;","og_url":"https:\/\/stjames.si\/si\/obisci-cerkev\/kapela-svetega-franciska-ksaverija\/","og_site_name":"Cerkev sv. Jakoba - baro\u010dna lepotica v srcu Ljubljane","article_modified_time":"2026-04-21T19:39:49+00:00","twitter_card":"summary_large_image","twitter_misc":{"Est. reading time":"5 minut"},"schema":{"@context":"https:\/\/schema.org","@graph":[{"@type":"WebPage","@id":"https:\/\/stjames.si\/si\/obisci-cerkev\/kapela-svetega-franciska-ksaverija\/","url":"https:\/\/stjames.si\/si\/obisci-cerkev\/kapela-svetega-franciska-ksaverija\/","name":"Kapela svetega Fran\u010di\u0161ka Ksaverija - Cerkev sv. Jakoba - baro\u010dna lepotica v srcu Ljubljane","isPartOf":{"@id":"https:\/\/stjames.si\/si\/#website"},"datePublished":"2025-08-01T13:00:11+00:00","dateModified":"2026-04-21T19:39:49+00:00","breadcrumb":{"@id":"https:\/\/stjames.si\/si\/obisci-cerkev\/kapela-svetega-franciska-ksaverija\/#breadcrumb"},"inLanguage":"sl-SI","potentialAction":[{"@type":"ReadAction","target":["https:\/\/stjames.si\/si\/obisci-cerkev\/kapela-svetega-franciska-ksaverija\/"]}]},{"@type":"BreadcrumbList","@id":"https:\/\/stjames.si\/si\/obisci-cerkev\/kapela-svetega-franciska-ksaverija\/#breadcrumb","itemListElement":[{"@type":"ListItem","position":1,"name":"Home","item":"https:\/\/stjames.si\/si\/"},{"@type":"ListItem","position":2,"name":"Obi\u0161\u010di cerkev","item":"https:\/\/stjames.si\/si\/obisci-cerkev\/"},{"@type":"ListItem","position":3,"name":"Kapela svetega Fran\u010di\u0161ka Ksaverija"}]},{"@type":"WebSite","@id":"https:\/\/stjames.si\/si\/#website","url":"https:\/\/stjames.si\/si\/","name":"Cerkev sv. Jakoba - baro\u010dna lepotica v srcu Ljubljane","description":"","potentialAction":[{"@type":"SearchAction","target":{"@type":"EntryPoint","urlTemplate":"https:\/\/stjames.si\/si\/?s={search_term_string}"},"query-input":{"@type":"PropertyValueSpecification","valueRequired":true,"valueName":"search_term_string"}}],"inLanguage":"sl-SI"}]}},"campaignId":"","_links":{"self":[{"href":"https:\/\/stjames.si\/si\/wp-json\/wp\/v2\/pages\/354","targetHints":{"allow":["GET"]}}],"collection":[{"href":"https:\/\/stjames.si\/si\/wp-json\/wp\/v2\/pages"}],"about":[{"href":"https:\/\/stjames.si\/si\/wp-json\/wp\/v2\/types\/page"}],"author":[{"embeddable":true,"href":"https:\/\/stjames.si\/si\/wp-json\/wp\/v2\/users\/1"}],"replies":[{"embeddable":true,"href":"https:\/\/stjames.si\/si\/wp-json\/wp\/v2\/comments?post=354"}],"version-history":[{"count":6,"href":"https:\/\/stjames.si\/si\/wp-json\/wp\/v2\/pages\/354\/revisions"}],"predecessor-version":[{"id":1061,"href":"https:\/\/stjames.si\/si\/wp-json\/wp\/v2\/pages\/354\/revisions\/1061"}],"up":[{"embeddable":true,"href":"https:\/\/stjames.si\/si\/wp-json\/wp\/v2\/pages\/296"}],"wp:attachment":[{"href":"https:\/\/stjames.si\/si\/wp-json\/wp\/v2\/media?parent=354"}],"curies":[{"name":"wp","href":"https:\/\/api.w.org\/{rel}","templated":true}]}}